{"id":8459,"date":"2020-01-30T11:07:41","date_gmt":"2020-01-30T11:07:41","guid":{"rendered":"https:\/\/terrarara.com.br\/?page_id=8459"},"modified":"2020-01-30T11:08:14","modified_gmt":"2020-01-30T11:08:14","slug":"qual-braco-espiral-da-via-lactea-contem-nosso-sol","status":"publish","type":"page","link":"https:\/\/terrarara.com.br\/?page_id=8459","title":{"rendered":"Qual bra\u00e7o espiral da Via L\u00e1ctea cont\u00e9m nosso sol?"},"content":{"rendered":"\n<div class=\"wp-block-image\"><figure class=\"aligncenter\"><img src=\"https:\/\/en.es-static.us\/upl\/2020\/01\/milky-way-arms-suns-location-orion-cygnus-arm.png\" alt=\"\"\/><figcaption>Concep\u00e7\u00e3o art\u00edstica da gal\u00e1xia Via L\u00e1ctea, visto do norte gal\u00e1ctico distante (a dire\u00e7\u00e3o da constela\u00e7\u00e3o Coma Berenices) via NASA \/ JPL-Caltech \/ R. Hurt \/ Wikimedia Commons.<\/figcaption><\/figure><\/div>\n\n\n\n<hr class=\"wp-block-separator is-style-wide\"\/>\n\n\n\n<p>Nossa Via L\u00e1ctea \u00e9 a ilha das estrelas que chamamos de lar. Se voc\u00ea a imaginou como um disco com bra\u00e7os em espiral emanando do centro, nosso sol est\u00e1 a cerca de um ter\u00e7o do centro at\u00e9 a borda vis\u00edvel. Nosso sistema solar est\u00e1 localizado entre dois proeminentes bra\u00e7os espirais, no que os astr\u00f4nomos pensavam ser uma mera ponte de estrelas, g\u00e1s e nuvens de poeira. <\/p>\n\n\n\n<p>Nas \u00faltimas d\u00e9cadas, os avan\u00e7os da pesquisa revelaram que vivemos em nosso pr\u00f3prio bra\u00e7o espiral da gal\u00e1xia, embora seja relativamente pequeno. Nosso bra\u00e7o espiral \u00e9 formalmente chamado de Bra\u00e7o Orion-Cygnus. Tamb\u00e9m \u00e9 conhecido simplesmente como Bra\u00e7o Orion ou Bra\u00e7o Local, e \u00e0s vezes voc\u00ea ainda ouve os nomes Ponte Orion ou Orion Spur.<\/p>\n\n\n\n<p>A Via L\u00e1ctea \u00e9 uma gal\u00e1xia espiral. De fato, a Via L\u00e1ctea \u00e9 uma gal\u00e1xia espiral barrada, o que significa que possui uma barra central. Ainda n\u00e3o sabemos muito sobre a estrutura da nossa gal\u00e1xia. De acordo com o melhor conhecimento atual, a Via L\u00e1ctea tem cerca de 150.000 a 200.000 anos-luz de di\u00e2metro e cerca de 2.000 anos-luz de espessura e tem 100 a 400 bilh\u00f5es de estrelas. Pode haver quatro bra\u00e7os espirais prim\u00e1rios emanando de sua barra central com um n\u00famero desconhecido de bra\u00e7os menores da ramifica\u00e7\u00e3o.<\/p>\n\n\n\n<p>Onde, dentro dessa vasta estrutura espiral, residem nosso sol e seus planetas? Estamos a cerca de 26.000 anos-luz do centro da gal\u00e1xia, na borda interna do Bra\u00e7o Orion-Cygnus.<\/p>\n\n\n\n<p>\u00c9 ensanduichado por dois bra\u00e7os espirais prim\u00e1rios, os bra\u00e7os Sagit\u00e1rio e Perseu. Os conceitos dos artistas acima e abaixo mostram o Bra\u00e7o Orion-Cygnus, o bra\u00e7o espiral inicial do nosso sol na gal\u00e1xia Via L\u00e1ctea.<\/p>\n\n\n\n<div class=\"wp-block-image\"><figure class=\"aligncenter\"><img src=\"https:\/\/en.es-static.us\/upl\/2020\/01\/Milky_Way_Arms-sketch-with-4-major-arms-and-Orion-arm.png\" alt=\"\"\/><figcaption>Neste diagrama, voc\u00ea pode ver com mais clareza os quatro principais bra\u00e7os espirais da Via L\u00e1ctea. O Bra\u00e7o de Perseu \u00e9 mostrado em ciano e o Bra\u00e7o Carina-Sagit\u00e1rio em rosa. No topo, a localiza\u00e7\u00e3o do sol \u00e9 marcada no bra\u00e7o Orion-Cygnus de cor laranja. Imagem via Rursus \/ Wikimedia Commons.<\/figcaption><\/figure><\/div>\n\n\n\n<hr class=\"wp-block-separator is-style-wide\"\/>\n\n\n\n<p>Pensa-se que o Bra\u00e7o Orion da Via L\u00e1ctea tenha cerca de 3.500 anos-luz de largura. Inicialmente, os astr\u00f4nomos pensaram que tinha cerca de 10.000 anos-luz de comprimento. Um novo estudo &#8211; publicado em 2016 &#8211; sugere mais de 20.000 anos-luz.<\/p>\n\n\n\n<p>Os astr\u00f4nomos continuam a reunir a estrutura da Via L\u00e1ctea medindo meticulosamente as posi\u00e7\u00f5es e dist\u00e2ncias de muitas estrelas e nuvens de g\u00e1s. As dist\u00e2ncias s\u00e3o determinadas a partir de medi\u00e7\u00f5es de paralaxe por telesc\u00f3pios no ch\u00e3o e no espa\u00e7o. Espera-se que um telesc\u00f3pio espacial atualmente operacional, Gaia, forne\u00e7a uma riqueza de novas informa\u00e7\u00f5es para melhor caracterizar a estrutura e o tamanho da Via L\u00e1ctea. De fato, o objetivo declarado de Gaia \u00e9 fornecer um mapa tridimensional de nossa Via L\u00e1ctea.<\/p>\n\n\n\n<div class=\"wp-block-image\"><figure class=\"aligncenter\"><img src=\"https:\/\/en.es-static.us\/upl\/2020\/01\/Orion-arm-labeled-with-astro-objects-in-it.png\" alt=\"\"\/><figcaption>Concep\u00e7\u00e3o art\u00edstica do nosso bairro gal\u00e1ctico. Alguns dos objetos astron\u00f4micos mais conhecidos em nosso c\u00e9u est\u00e3o no Bra\u00e7o de \u00d3rion, incluindo o nosso sol. Imagem via R. Hurt \/ Wikimedia Commons.<\/figcaption><\/figure><\/div>\n\n\n\n<hr class=\"wp-block-separator is-style-wide\"\/>\n\n\n\n<p>O Bra\u00e7o Orion \u00e9 nomeado para a constela\u00e7\u00e3o Orion the Hunter, que \u00e9 uma das constela\u00e7\u00f5es mais proeminentes do inverno no Hemisf\u00e9rio Norte (ver\u00e3o no Hemisf\u00e9rio Sul). Algumas das estrelas mais brilhantes e os objetos celestes mais famosos desta constela\u00e7\u00e3o (Betelgeuse, Rigel, as estrelas do Cintur\u00e3o de \u00d3rion, a Nebulosa de \u00d3rion) s\u00e3o vizinhos do nosso sol, localizados dentro do Bra\u00e7o de \u00d3rion. \u00c9 por isso que vemos tantos objetos brilhantes dentro da constela\u00e7\u00e3o de \u00d3rion &#8211; porque quando olhamos para ela, estamos olhando para o nosso pr\u00f3prio bra\u00e7o espiral local.<\/p>\n\n\n\n<div class=\"wp-block-image\"><figure class=\"aligncenter\"><img src=\"https:\/\/en.es-static.us\/upl\/2020\/01\/UGC_12158-hst-similar-to-milky-way.jpg\" alt=\"\"\/><figcaption>A UGC 12158, mostrado aqui nesta imagem pelo Telesc\u00f3pio Espacial Hubble, \u00e9 uma gal\u00e1xia espiral barrada que, acredita-se, tem uma grande semelhan\u00e7a com a gal\u00e1xia da Via L\u00e1ctea. Imagem via NASA \/ ESA \/ Wikimedia Commons.<\/figcaption><\/figure><\/div>\n\n\n\n<hr class=\"wp-block-separator is-style-wide\"\/>\n\n\n\n<p>Conclus\u00e3o: o sol tem cerca de 1\/3 da dist\u00e2ncia do centro da Via L\u00e1ctea at\u00e9 as bordas externas. Est\u00e1 localizado em um bra\u00e7o espiral menor, entre dois bra\u00e7os grandes, chamado Bra\u00e7o Orion.<\/p>\n\n\n\n<hr class=\"wp-block-separator is-style-wide\"\/>\n\n\n\n<p style=\"text-align:right\"><em>Publicado em 30\/01\/2020<\/em><\/p>\n\n\n\n<p>Artigo original: <\/p>\n\n\n\n<ul><li> <a href=\"https:\/\/earthsky.org\/space\/does-our-sun-reside-in-a-spiral-arm-of-the-milky-way-galaxy\">https:\/\/earthsky.org\/space\/does-our-sun-reside-in-a-spiral-arm-of-the-milky-way-galaxy<\/a>  <\/li><li><a href=\"https:\/\/sci.esa.int\/web\/gaia\">https:\/\/sci.esa.int\/web\/gaia<\/a> <\/li><\/ul>\n\n\n\n<p>Estudo original (base cient\u00edfica):<\/p>\n\n\n\n<ul><li> <a href=\"https:\/\/advances.sciencemag.org\/content\/2\/9\/e1600878\">https:\/\/advances.sciencemag.org\/content\/2\/9\/e1600878<\/a> <\/li><\/ul>\n\n\n\n<hr class=\"wp-block-separator is-style-wide\"\/>\n\n\n\n<p>Achou importante? Compartilhe!<\/p>\n\n\n<div width=\"100%\" style=\"text-align:right;\">\n<a href=\"http:\/\/www.facebook.com\/sharer.php?u=https:\/\/terrarara.com.br\/astrofisica\/galaxias-e-clusters-globulares\/qual-braco-espiral-da-via-lactea-contem-nosso-sol\/\" onclick=\"window.open(this.href, 'mywin','left=50,top=50,width=600,height=350,toolbar=0'); return false;\" data-wpel-link=\"exclude\"><img src=\"https:\/\/terrarara.com.br\/cp_fc.png\"><\/a><br>\n<a href=\"https:\/\/twitter.com\/intent\/tweet?text=Qual bra\u00e7o espiral da Via L\u00e1ctea cont\u00e9m nosso sol?&amp;url=https:\/\/terrarara.com.br\/astrofisica\/galaxias-e-clusters-globulares\/qual-braco-espiral-da-via-lactea-contem-nosso-sol\/\" target=\"_blank\" rel=\"noopener noreferrer\"><img src=\"https:\/\/terrarara.com.br\/cp_tw.png\"><\/a>\n<\/div>\n<hr>\n<p>Assine nossa newsletter e fique informado sobre Astrof\u00edsica, Biof\u00edsica, Geof\u00edsica e outras \u00e1reas. Preencha seu e-mail no espa\u00e7o abaixo e clique em &#8220;OK&#8221;:<\/p>\n<div>\n<form action=\"http:\/\/jagsystem.com\/grava_assinante_sem_sessao.php\" name=\"form_news\" method=\"post\">\n<input type=\"text\" name=\"email\"><input type=\"hidden\" name=\"origem\" value=\"terrarara\"><input type=\"hidden\" name=\"cd_publicacao\" value=\"2\"><input name=\"retorno\" type=\"hidden\" value=\"https:\/\/terrarara.com.br\/astrofisica\/galaxias-e-clusters-globulares\/qual-braco-espiral-da-via-lactea-contem-nosso-sol\/\"><input name=\"submit2\" type=\"submit\" id=\"submit2\" class=\"submit\" value=\"OK\"><br>\n<\/form>\n<\/div>\n<div style=\"position:absolute; width:10%; height:100%; bottom:0px; left:0px;\">\n<iframe loading=\"lazy\" src=\"https:\/\/vendedoradesonhos.com.br\/icones_sites.php\" frameborder=\"0\" height=\"100%\" width=\"100%\"><\/iframe>\n<\/div>\n<div style=\"position:absolute; width:40%; height:70px; top:-70px; left:0px;\">\n<iframe loading=\"lazy\" src=\"https:\/\/vendedoradesonhos.com.br\/oferta_site_esq.php\" frameborder=\"0\" height=\"100%\" width=\"100%\"><\/iframe>\n<\/div>\n<div style=\"position:absolute; width:40%; height:70px; top:-70px; right:0px;\">\n<iframe loading=\"lazy\" src=\"https:\/\/vendedoradesonhos.com.br\/oferta_site_dir.php\" frameborder=\"0\" height=\"100%;\" width=\"100%\"><\/iframe>\n<\/div>","protected":false},"excerpt":{"rendered":"<p>Nossa Via L\u00e1ctea \u00e9 a ilha das estrelas que chamamos de lar. Se voc\u00ea a imaginou como um disco com bra\u00e7os em espiral emanando do centro, nosso sol est\u00e1 a cerca de um ter\u00e7o do centro at\u00e9 a borda vis\u00edvel. Nosso sistema solar est\u00e1 localizado entre dois proeminentes bra\u00e7os espirais, no que os astr\u00f4nomos pensavam &hellip; <\/p>\n<p class=\"link-more\"><a href=\"https:\/\/terrarara.com.br\/?page_id=8459\" class=\"more-link\">Continue lendo<span class=\"screen-reader-text\"> &#8220;Qual bra\u00e7o espiral da Via L\u00e1ctea cont\u00e9m nosso sol?&#8221;<\/span><\/a><\/p>\n","protected":false},"author":1,"featured_media":0,"parent":688,"menu_order":0,"comment_status":"closed","ping_status":"closed","template":"","meta":[],"_links":{"self":[{"href":"https:\/\/terrarara.com.br\/index.php?rest_route=\/wp\/v2\/pages\/8459"}],"collection":[{"href":"https:\/\/terrarara.com.br\/index.php?rest_route=\/wp\/v2\/pages"}],"about":[{"href":"https:\/\/terrarara.com.br\/index.php?rest_route=\/wp\/v2\/types\/page"}],"author":[{"embeddable":true,"href":"https:\/\/terrarara.com.br\/index.php?rest_route=\/wp\/v2\/users\/1"}],"replies":[{"embeddable":true,"href":"https:\/\/terrarara.com.br\/index.php?rest_route=%2Fwp%2Fv2%2Fcomments&post=8459"}],"version-history":[{"count":2,"href":"https:\/\/terrarara.com.br\/index.php?rest_route=\/wp\/v2\/pages\/8459\/revisions"}],"predecessor-version":[{"id":8461,"href":"https:\/\/terrarara.com.br\/index.php?rest_route=\/wp\/v2\/pages\/8459\/revisions\/8461"}],"up":[{"embeddable":true,"href":"https:\/\/terrarara.com.br\/index.php?rest_route=\/wp\/v2\/pages\/688"}],"wp:attachment":[{"href":"https:\/\/terrarara.com.br\/index.php?rest_route=%2Fwp%2Fv2%2Fmedia&parent=8459"}],"curies":[{"name":"wp","href":"https:\/\/api.w.org\/{rel}","templated":true}]}}