{"id":314,"date":"2019-05-25T19:51:37","date_gmt":"2019-05-25T19:51:37","guid":{"rendered":"https:\/\/terrarara.com.br\/?page_id=314"},"modified":"2020-02-07T14:13:09","modified_gmt":"2020-02-07T14:13:09","slug":"como-um-universo-em-expansao-poderia-criar-um-multiverso","status":"publish","type":"page","link":"https:\/\/terrarara.com.br\/?page_id=314","title":{"rendered":"Como um universo em expans\u00e3o poderia criar um multiverso"},"content":{"rendered":"<p><strong>Como um universo em expans\u00e3o poderia criar um multiverso<\/strong><\/p>\n<hr>\n<figure style=\"width: 320px\" class=\"wp-caption aligncenter\"><img loading=\"lazy\" src=\"https:\/\/cdn.mos.cms.futurecdn.net\/zTnSYcnGmSKisunTcLm4hG-320-80.jpg\" alt=\"Uma vis\u00e3o infravermelha da constela\u00e7\u00e3o Carina tomada pelo telesc\u00f3pio WISE (Imagem: \u00a9 NASA \/ JPL-Caltech \/ UCLA)\" width=\"320\" height=\"175\"><figcaption class=\"wp-caption-text\">Uma vis\u00e3o infravermelha da constela\u00e7\u00e3o Carina tomada pelo telesc\u00f3pio WISE (Imagem: \u00a9 NASA \/ JPL-Caltech \/ UCLA)<\/figcaption><\/figure>\n<p>Paul M. Sutter \u00e9 astrof\u00edsico na Universidade do Estado de Ohio, apresentador de &#8220;Ask a Spaceman&#8221; e &#8220;Space Radio&#8221;, e autor de &#8220;Your Place in the Universe&#8221;. Sutter contribuiu com este artigo para Expert Voices: Op-Ed &amp; Insights da Space.com.<\/p>\n<p>\u00c9 um perene favorito de fic\u00e7\u00e3o cient\u00edfica: outros mundos, outros universos, outras possibilidades, al\u00e9m dos limites do cosmos conhecido ou apenas um movimento de um dispositivo m\u00e1gico de dist\u00e2ncia. Talvez os outros mundos sejam estranhamente semelhantes aos seus, exceto por alguma pequena mudan\u00e7a na hist\u00f3ria. Talvez eles sejam radicalmente diferentes, com novos e estranhos e maravilhosos tipos de vida. Talvez eles sejam t\u00e3o diferentes que as regras b\u00e1sicas da f\u00edsica nem se aplicam l\u00e1.<\/p>\n<p>Estou falando, \u00e9 claro, sobre o multiverso &#8211; a possibilidade de que existam outros universos distintos em algum lugar l\u00e1 fora.<\/p>\n<p>Mas eles existem?<\/p>\n<p><strong>Soprando bolhas<\/strong><\/p>\n<p>A ideia do multiverso surge em algumas \u00e1reas diferentes da ci\u00eancia, filosofia e at\u00e9 religi\u00e3o. Dentro da pr\u00f3pria f\u00edsica, a possibilidade de outros mundos aparece na mec\u00e2nica qu\u00e2ntica (especialmente atrav\u00e9s da interpreta\u00e7\u00e3o de &#8220;muitos mundos&#8221;, na qual cada resultado aleat\u00f3rio em uma intera\u00e7\u00e3o se ramifica de novos universos onde cada resultado \u00e9 realizado) e teoria das cordas de dimens\u00f5es extras min\u00fasculas e enroladas levam a diferentes f\u00edsicas em seus pr\u00f3prios universos).<\/p>\n<p>Essas id\u00e9ias s\u00e3o divertidas de falar, mas talvez a rota mais atraente para o multiverso seja atrav\u00e9s da nossa compreens\u00e3o dos primeiros momentos do pr\u00f3prio universo: o per\u00edodo da infla\u00e7\u00e3o.<\/p>\n<p>O melhor que podemos perceber \u00e9 que o universo extremamente primitivo passou por um per\u00edodo de expans\u00e3o incrivelmente r\u00e1pida: a infla\u00e7\u00e3o. Os cientistas teorizam que esta \u00e9poca foi impulsionada por um campo qu\u00e2ntico ex\u00f3tico &#8211; uma energia espumante e borbulhante, assada no v\u00e1cuo do pr\u00f3prio espa\u00e7o-tempo &#8211; que fez com que o universo quase se rasgasse com a intensidade de sua expans\u00e3o. Mas logo esse campo perdeu sua vitalidade e decaiu no enxame de part\u00edculas que hoje habitam o universo atual.<\/p>\n<p>E foi nessa \u00e9poca de infla\u00e7\u00e3o que um multiverso teve uma chance vi\u00e1vel de aparecer. Imagine o universo inicial dominado pela infla\u00e7\u00e3o como um p\u00e3o gigante de p\u00e3o crescente. A hist\u00f3ria que acabei de contar pressup\u00f5e que a infla\u00e7\u00e3o come\u00e7a e p\u00e1ra uniformemente em todo o cosmos; o p\u00e3o inteiro p\u00e1ra de subir no exato mesmo momento.<\/p>\n<p><iframe loading=\"lazy\" src=\"https:\/\/www.youtube.com\/embed\/qQr6dSzAH04\" width=\"903\" height=\"533\" frameborder=\"0\" allowfullscreen=\"allowfullscreen\"><\/iframe><\/p>\n<p>Mas o que quer que tenha impulsionado a infla\u00e7\u00e3o foi um campo qu\u00e2ntico, o que significa que n\u00e3o podemos presumir que as coisas s\u00e3o t\u00e3o simples. Algumas partes do campo eram apenas aleatoriamente mais energ\u00e9ticas que outras, enquanto outras eram mais calmas. Essa \u00e9 apenas a natureza aleat\u00f3ria da vida em um mundo qu\u00e2ntico.<\/p>\n<p>Ent\u00e3o nosso p\u00e3o n\u00e3o \u00e9 exatamente uniforme. Algumas partes dela podem parar de subir, se isolando e se isolando, enquanto o resto do p\u00e3o continua a subir. E como sempre haver\u00e1 alguma parte do bolo subindo mais r\u00e1pido do que a m\u00e9dia, agora voc\u00ea pode imaginar um peda\u00e7o de p\u00e3o que continua a crescer por toda a eternidade, com pequenos peda\u00e7os e bolsos aqui e ali pegando aleatoriamente uma por\u00e7\u00e3o lenta e se beliscando.<\/p>\n<p>Cada um desses bits comprimidos \u00e9 o seu pr\u00f3prio universo \u00fanico, apenas uma bolha de muitos no multiverso. Al\u00e9m disso, os detalhes do fim da infla\u00e7\u00e3o determinam um conjunto de propriedades f\u00edsicas importantes, como a for\u00e7a das for\u00e7as da natureza e as massas das part\u00edculas (os detalhes dependem do modelo particular de infla\u00e7\u00e3o). Estamos falando de coisas como a massa do el\u00e9tron e o n\u00famero de esp\u00e9cies de part\u00edculas. Coisas realmente importantes.<\/p>\n<p>E como cada um desses universos esmagadores acaba com a infla\u00e7\u00e3o de uma forma \u00fanica e especial, cada um dos universos da bolha recebe um conjunto \u00fanico de f\u00edsica.<\/p>\n<p><iframe loading=\"lazy\" src=\"https:\/\/www.youtube.com\/embed\/eDaV6DdRDww\" width=\"903\" height=\"533\" frameborder=\"0\" allowfullscreen=\"allowfullscreen\"><\/iframe><\/p>\n<p><strong>Respostas de interse\u00e7\u00e3o<\/strong><\/p>\n<p>Como todo o p\u00e3o continua a crescer (como sempre h\u00e1 uma parte dele com uma taxa de infla\u00e7\u00e3o mais r\u00e1pida do que a m\u00e9dia), muito rapidamente, voc\u00ea obt\u00e9m um grande n\u00famero de universos borbulhando um em torno do outro. Um multiverso Cada universo \u00e9 essencialmente fechado para sempre dos outros. No entanto, existem alguns casos em que eles podem se cruzar.<\/p>\n<p>Se dois universos se afastam relativamente um ap\u00f3s o outro, e relativamente pr\u00f3ximos um do outro, ent\u00e3o eles podem se cruzar brevemente antes de se inflarem um do outro pelo resto da eternidade. E se o fizerem, essa interse\u00e7\u00e3o pode deixar uma marca no fundo c\u00f3smico de microondas desses universos, a camada f\u00f3ssil restante de luz de quando o universo era infantil, com 380.000 anos de idade.<\/p>\n<p>Imagine duas bolhas de sab\u00e3o se esfregando umas nas outras; essa impress\u00e3o tomar\u00e1 a forma de um c\u00edrculo de apar\u00eancia estranha no c\u00e9u (onde a &#8220;estranheza&#8221; depende de que tipo de universo poder\u00edamos estar se cruzando). Naturalmente, n\u00e3o encontramos vest\u00edgios desse tipo de multiverso.<\/p>\n<p>Sem evid\u00eancias diretas, \u00e9 dif\u00edcil julgar a viabilidade da id\u00e9ia do multiverso a partir da infla\u00e7\u00e3o. Poderia ser um resultado gen\u00e9rico de todas as teorias da infla\u00e7\u00e3o, de modo que, se pudermos encontrar evid\u00eancias mais fortes da infla\u00e7\u00e3o, poder\u00edamos tamb\u00e9m demonstrar a exist\u00eancia do multiverso. Mas agora, n\u00e3o entendemos completamente a mec\u00e2nica da infla\u00e7\u00e3o, ent\u00e3o n\u00e3o h\u00e1 muito o que fazer.<\/p>\n<p>E aqui est\u00e1 outra quest\u00e3o para refletir. Se voc\u00ea mudasse um pouco a f\u00edsica do nosso universo, a vida como a conhecemos seria imposs\u00edvel. Por que nos encontramos em um universo t\u00e3o especial, onde o nosso tipo de vida pode sobreviver? \u00c9 talvez por causa de todas as bolhas no multiverso, \u00e9 claro que nos encontrar\u00edamos em um dos poucos capazes de estimular a intelig\u00eancia? (Ou ent\u00e3o n\u00e3o estar\u00edamos cientes disso.) Ou \u00e9 algo muito mais profundo? Isso \u00e9 mesmo uma quest\u00e3o para a ci\u00eancia?<\/p>\n<p>Talvez outro universo tenha todas as respostas.<\/p>\n<p>Aprenda mais ouvindo o epis\u00f3dio &#8220;N\u00f3s Vivemos no Multiverso?&#8221; no podcast &#8220;Ask a Spaceman&#8221;, dispon\u00edvel no iTunes e na Web em http:\/\/www.askaspaceman.com. Gra\u00e7as a @ProducerEv, Matthew A., Tom S., Taha, Oliver H., Wally H., Christiaan D., Keith G., Alex Z., Murtaza P., Kent L., Gabi P. e Slinkerdeer para o perguntas que levaram a esta pe\u00e7a! Fa\u00e7a sua pr\u00f3pria pergunta no Twitter usando #AskASpaceman ou seguindo Paul @PaulMattSutter e facebook.com\/PaulMattSutter.<\/p>\n<hr>\n<p>Arigo Original:&nbsp;<a href=\"https:\/\/www.space.com\/inflating-universe-could-create-multiverse.html\" target=\"_blank\" rel=\"noopener noreferrer\">https:\/\/www.space.com\/inflating-universe-could-create-multiverse.html<\/a><\/p>\n","protected":false},"excerpt":{"rendered":"<p>Como um universo em expans\u00e3o poderia criar um multiverso Paul M. Sutter \u00e9 astrof\u00edsico na Universidade do Estado de Ohio, apresentador de &#8220;Ask a Spaceman&#8221; e &#8220;Space Radio&#8221;, e autor de &#8220;Your Place in the Universe&#8221;. Sutter contribuiu com este artigo para Expert Voices: Op-Ed &amp; Insights da Space.com. \u00c9 um perene favorito de fic\u00e7\u00e3o &hellip; <\/p>\n<p class=\"link-more\"><a href=\"https:\/\/terrarara.com.br\/?page_id=314\" class=\"more-link\">Continue lendo<span class=\"screen-reader-text\"> &#8220;Como um universo em expans\u00e3o poderia criar um multiverso&#8221;<\/span><\/a><\/p>\n","protected":false},"author":1,"featured_media":0,"parent":1415,"menu_order":0,"comment_status":"closed","ping_status":"closed","template":"","meta":[],"_links":{"self":[{"href":"https:\/\/terrarara.com.br\/index.php?rest_route=\/wp\/v2\/pages\/314"}],"collection":[{"href":"https:\/\/terrarara.com.br\/index.php?rest_route=\/wp\/v2\/pages"}],"about":[{"href":"https:\/\/terrarara.com.br\/index.php?rest_route=\/wp\/v2\/types\/page"}],"author":[{"embeddable":true,"href":"https:\/\/terrarara.com.br\/index.php?rest_route=\/wp\/v2\/users\/1"}],"replies":[{"embeddable":true,"href":"https:\/\/terrarara.com.br\/index.php?rest_route=%2Fwp%2Fv2%2Fcomments&post=314"}],"version-history":[{"count":3,"href":"https:\/\/terrarara.com.br\/index.php?rest_route=\/wp\/v2\/pages\/314\/revisions"}],"predecessor-version":[{"id":8881,"href":"https:\/\/terrarara.com.br\/index.php?rest_route=\/wp\/v2\/pages\/314\/revisions\/8881"}],"up":[{"embeddable":true,"href":"https:\/\/terrarara.com.br\/index.php?rest_route=\/wp\/v2\/pages\/1415"}],"wp:attachment":[{"href":"https:\/\/terrarara.com.br\/index.php?rest_route=%2Fwp%2Fv2%2Fmedia&parent=314"}],"curies":[{"name":"wp","href":"https:\/\/api.w.org\/{rel}","templated":true}]}}