{"id":26637,"date":"2026-04-11T03:37:26","date_gmt":"2026-04-11T03:37:26","guid":{"rendered":"https:\/\/terrarara.com.br\/?page_id=26637"},"modified":"2026-04-11T03:37:26","modified_gmt":"2026-04-11T03:37:26","slug":"astronautas-da-artemis-2-voltam-a-terra-apos-missao-historica-a-lua","status":"publish","type":"page","link":"https:\/\/terrarara.com.br\/?page_id=26637","title":{"rendered":"Astronautas da Artemis 2 voltam \u00e0 Terra ap\u00f3s miss\u00e3o hist\u00f3rica \u00e0 Lua"},"content":{"rendered":"<div class=\"wp-block-image\"><figure><img src=\"https:\/\/vendedoradesonhos.com.br\/img\/sites\/img_volta_artemis_ii.jpg\" alt=\"\" style=\"width:100%\"><figcaption>A c\u00e1psula Orion da miss\u00e3o Artemis 2, com paraquedas acionados, a caminho do pouso no Oceano Pac\u00edfico em 10 de abril de 2026. (Cr\u00e9dito da imagem: NASA)<\/figcaption><\/figure><\/div><hr><\/p><p>\r\n\t<a href=''https:\/\/terrarara.com.br\"s=artemis''>#Artemis<\/a>\u00a0<\/p><p><\/p><p>\r\n\t<!-- audio --><\/p><p>\r\n<button onclick=\"this.nextElementSibling.play()\" style=\"padding:12px 25px; font-size:18px; border:none; border-radius:8px; cursor:pointer;\">Ouvir<\/button><audio src=\"https:\/\/vendedoradesonhos.com.br\/audios\/41928.mp3\" preload=\"none\"><\/audio><\/p><p>\r\n\t<strong>Os quatro astronautas da miss\u00e3o Artemis 2 da NASA retornaram com seguran\u00e7a \u00e0 Terra nesta sexta-feira, 10 de abril de 2026, encerrando a primeira viagem tripulada al\u00e9m da \u00f3rbita terrestre desde o programa Apollo, h\u00e1 mais de 50 anos<\/strong><\/p><p>A c\u00e1psula Orion, batizada de &#8220;Integrity&#8221;, pousou suavemente no Oceano Pac\u00edfico, a cerca de 3.200 km da costa de San Diego, na Calif\u00f3rnia. O pouso foi perfeito, descrito pela NASA como &#8220;um texto livro&#8221;. Ap\u00f3s uma reentrada em alta velocidade &#8211; cerca de 38.600 km\/h &#8220;, a c\u00e1psula foi freada pelos paraquedas e tocou a \u00e1gua exatamente como planejado. Uma equipe de resgate do navio USS John Murtha estava no local para recolher os astronautas, que passaram por avalia\u00e7\u00f5es m\u00e9dicas e foram informados como estando em bom estado de sa\u00fade.\r\n<\/p><p>\r\nA miss\u00e3o come\u00e7ou no dia 1\u00ba de abril de 2026, com o lan\u00e7amento do poderoso foguete SLS da NASA. A bordo estavam o comandante Reid Wiseman, Victor Glover (o primeiro homem negro a deixar a \u00f3rbita da Terra), Christina Koch (a primeira mulher a ir al\u00e9m da \u00f3rbita terrestre) e Jeremy Hansen, da Ag\u00eancia Espacial Canadense (o primeiro n\u00e3o-americano realizando essa fa\u00e7anha). Pela primeira vez, quatro astronautas viajaram juntos para o espa\u00e7o profundo.\r\n<\/p><p>\r\nDurante a viagem, a Orion seguiu uma trajet\u00f3ria de retorno livre, usando a gravidade da Lua para voltar \u00e0 Terra sem necessidade de grandes corre\u00e7\u00f5es de curso. No dia 6 de abril, a nave passou a apenas 6.545 km da superf\u00edcie lunar, do lado oculto do sat\u00e9lite. Os astronautas observaram de perto a bacia Orientale &#8211; uma enorme cratera que nunca havia sido vista iluminada pelo Sol por olhos humanos &#8211; e testemunharam um eclipse solar total causado pela Lua, que durou impressionantes 54 minutos. Nesse momento, a nave quebrou o recorde de dist\u00e2ncia da Terra, chegando a mais de 406 mil quil\u00f4metros, superando a marca da Apollo 13.<\/p><p>\r\nOs tripulantes ficaram emocionados com as imagens. Victor Glover descreveu as paisagens lunares como &#8220;m\u00e1gicas&#8221;, com ilhas de luz e vales que pareciam buracos negros. Jeremy Hansen, ao quebrar o recorde de dist\u00e2ncia, desafiou as novas gera\u00e7\u00f5es a super\u00e1-lo em breve. Reid Wiseman, por sua vez, homenageou a esposa falecida batizando uma cratera lunar com o nome dela, um momento que ele considerou o ponto alto da miss\u00e3o para a equipe.\r\n<\/p><p>\r\nA Artemis 2 serviu como um teste completo da nave Orion e do foguete SLS com humanos a bordo. Apesar de pequenos problemas com o banheiro da nave e de ajustes na reentrada para proteger o escudo t\u00e9rmico, tudo correu conforme o esperado. Os astronautas puderam observar a Lua com olhos humanos, trazendo uma vis\u00e3o mais sutil e detalhada que pode ajudar em futuras descobertas cient\u00edficas.\r\n<\/p><p>\r\nEssa miss\u00e3o marca o retorno da humanidade ao caminho da Lua. Ela prepara o terreno para as pr\u00f3ximas etapas do programa Artemis: a Artemis 3, prevista para 2027, que deve levar astronautas a orbitar a Lua com um m\u00f3dulo de pouso, e miss\u00f5es futuras que incluem o pouso na regi\u00e3o polar sul lunar e, mais adiante, viagens para Marte.\r\n<\/p><p>\r\nCom o sucesso da Artemis 2, a NASA demonstra que est\u00e1 pronta para construir uma presen\u00e7a duradoura na Lua e abrir caminho para explora\u00e7\u00f5es ainda mais ambiciosas no espa\u00e7o profundo. Foi um dia hist\u00f3rico, celebrado como um grande passo para a explora\u00e7\u00e3o humana do Sistema Solar.\r\n<\/p><p>\r\n<hr>\r\n\r\n<p style=\"text-align:right\"><em>Publicado em 11\/04\/2026 03h37<\/em><\/p>\r\n<hr>\r\n<p style=\"text-align:right\"><em><a href=\"https:\/\/terrarara.com.br\/en\/?page_id=3758\">English version<\/a><\/em><\/p>\r\n<hr>\r\n\r\n\t\t\t<hr>\r\n\t\t\t<p>Artigo referencia:<\/p>\r\n\t\t\r\n\t\t\t\r\n\r\n<ul><li><a href=\"https:\/\/www.space.com\/space-exploration\/artemis\/artemis-2-astronauts-return-to-earth-ending-historic-moon-mission\" target=\"_blank\">https:\/\/www.space.com\/space-exploration\/artemis\/artemis-2-astronauts-return-to-earth-ending-historic-moon-mission<\/a><\/li><\/ul>\r\n\r\n\r\n\r\n\r\n<hr class=\"wp-block-separator is-style-wide\"\/>\r\n\r\n<div style=\"position: buttonline;\"><iframe loading=\"lazy\" src=\"https:\/\/vendedoradesonhos.com.br\/rodape_sites.php?arg=41928\" frameborder=\"0\" height=\"420px\" width=\"100%\"><\/iframe><\/div>\r\n<div style=\"position: buttonline;\"><iframe loading=\"lazy\" src=\"https:\/\/vendedoradesonhos.com.br\/comentario_navegacao.php?arg=41928\" frameborder=\"0\" height=\"500px\" width=\"100%\"><\/iframe><\/div>\r\n<div style=\"position:absolute; width:40%; height:70px; top:-70px; left:0px;\"><iframe loading=\"lazy\" src=\"https:\/\/vendedoradesonhos.com.br\/oferta_site_esq.php?arg=41928\" frameborder=\"0\" height=\"100%\" width=\"100%\"><\/iframe><\/div>\r\n<div style=\"position:absolute; width:40%; height:70px; top:-70px; right:0px;\"><iframe loading=\"lazy\" src=\"https:\/\/vendedoradesonhos.com.br\/oferta_site_dir.php?arg=41928\" frameborder=\"0\" height=\"100%;\" width=\"100%\"><\/iframe><\/div>\r\n\r\n\r\n<div class=\"wp-block-image\"><figure><iframe loading=\"lazy\" src=\"https:\/\/vendedoradesonhos.com.br\/oferta_site_central.php\" width=\"100%\" height=\"330\" frameborder=\"0\"><\/iframe><figcaption>{teste}<\/figcaption><\/figure><\/div><hr>","protected":false},"excerpt":{"rendered":"","protected":false},"author":1,"featured_media":0,"parent":4575,"menu_order":0,"comment_status":"closed","ping_status":"closed","template":"","meta":[],"_links":{"self":[{"href":"https:\/\/terrarara.com.br\/index.php?rest_route=\/wp\/v2\/pages\/26637"}],"collection":[{"href":"https:\/\/terrarara.com.br\/index.php?rest_route=\/wp\/v2\/pages"}],"about":[{"href":"https:\/\/terrarara.com.br\/index.php?rest_route=\/wp\/v2\/types\/page"}],"author":[{"embeddable":true,"href":"https:\/\/terrarara.com.br\/index.php?rest_route=\/wp\/v2\/users\/1"}],"replies":[{"embeddable":true,"href":"https:\/\/terrarara.com.br\/index.php?rest_route=%2Fwp%2Fv2%2Fcomments&post=26637"}],"version-history":[{"count":0,"href":"https:\/\/terrarara.com.br\/index.php?rest_route=\/wp\/v2\/pages\/26637\/revisions"}],"up":[{"embeddable":true,"href":"https:\/\/terrarara.com.br\/index.php?rest_route=\/wp\/v2\/pages\/4575"}],"wp:attachment":[{"href":"https:\/\/terrarara.com.br\/index.php?rest_route=%2Fwp%2Fv2%2Fmedia&parent=26637"}],"curies":[{"name":"wp","href":"https:\/\/api.w.org\/{rel}","templated":true}]}}