{"id":26636,"date":"2026-04-10T03:30:28","date_gmt":"2026-04-10T03:30:28","guid":{"rendered":"https:\/\/terrarara.com.br\/?page_id=26636"},"modified":"2026-04-10T03:30:28","modified_gmt":"2026-04-10T03:30:28","slug":"buracos-negros-supermassivos-a-beira-de-uma-colisao","status":"publish","type":"page","link":"https:\/\/terrarara.com.br\/?page_id=26636","title":{"rendered":"Buracos negros supermassivos \u00e0 beira de uma colis\u00e3o"},"content":{"rendered":"<div class=\"wp-block-image\"><figure><img src=\"https:\/\/vendedoradesonhos.com.br\/upload\/1\/sites\/26\/img_41925_1200.jpg\" alt=\"\" style=\"width:100%\"><figcaption>Makarian 501<\/figcaption><\/figure><\/div><hr><\/p><p>\r\n\t<a href=\"https:\/\/doi.org\/10.1093\/mnras\/stag291\" target=\"_blank\">doi.org\/10.1093\/mnras\/stag291<\/a><br><a href=\"https:\/\/vendedoradesonhos.com.br\/credibilidade_estudo.php?c=41925\">Credibilidade<\/a>: <font color=\"#00FFFF\">9<\/font><font color=\"#00FF00\">8<\/font><font color=\"#FFFF00\">9<\/font><br><a href=''https:\/\/terrarara.com.br\"s=buracos negros''>#Buracos negros<\/a>\u00a0<\/p><p><\/p><p>\r\n\t<!-- audio --><\/p><p>\r\n<button onclick=\"this.nextElementSibling.play()\" style=\"padding:12px 25px; font-size:18px; border:none; border-radius:8px; cursor:pointer;\">Ouvir<\/button><audio src=\"https:\/\/vendedoradesonhos.com.br\/audios\/41925.mp3\" preload=\"none\"><\/audio><\/p><p>\r\n\t<strong>A cerca de 500 milh\u00f5es de anos-luz da Terra, uma gal\u00e1xia brilhante chamada Mrk 501 pode estar prestes a nos oferecer um espet\u00e1culo raro: a colis\u00e3o de dois buracos negros supermassivos em uma escala de tempo que os humanos ainda podem acompanhar, possivelmente em menos de um s\u00e9culo<\/strong><\/p><p>Essa gal\u00e1xia \u00e9 um tipo especial chamado blazar, no qual um buraco negro supermassivo no centro ejeta jatos de mat\u00e9ria a velocidades pr\u00f3ximas \u00e0 da luz, apontados quase diretamente para n\u00f3s. Uma an\u00e1lise recente de observa\u00e7\u00f5es de r\u00e1dio de alta resolu\u00e7\u00e3o, feita ao longo de 23 anos, revelou algo surpreendente: o comportamento estranho da luz e dos jatos sugere que n\u00e3o h\u00e1 apenas um, mas dois buracos negros supermassivos no n\u00facleo da gal\u00e1xia, cada um impulsionando seu pr\u00f3prio jato.\r\n<\/p><p>\r\nOs astr\u00f4nomos, liderados por Silke Britzen, do Instituto Max Planck de Radioastronomia na Alemanha, observaram que o jato principal apresenta movimentos complexos, como se oscilasse, e identificaram ind\u00edcios de um segundo jato mais fraco que parece girar em torno do centro. Esses padr\u00f5es s\u00e3o melhor explicados pela presen\u00e7a de um par de buracos negros orbitando um ao outro. Um dos per\u00edodos de varia\u00e7\u00e3o observado \u00e9 de cerca de sete anos, compat\u00edvel com uma oscila\u00e7\u00e3o no sistema, enquanto outro, de aproximadamente 121 dias, pode corresponder ao tempo de \u00f3rbita dos dois objetos.\r\n<\/p><p>\r\nA dist\u00e2ncia entre eles seria extremamente pequena para objetos t\u00e3o gigantescos &#8211; algo entre 250 e 540 vezes a dist\u00e2ncia da Terra ao Sol, ou menos de 0,003 parsecs. Isso os coloca muito pr\u00f3ximos, superando um desafio conhecido como o &#8220;problema do parsec final&#8221;, no qual os buracos negros deveriam ficar &#8220;presos? em \u00f3rbita sem conseguir se aproximar mais. Se essa descoberta se confirmar, ela ajudaria a entender como esses monstros c\u00f3smicos, com massas de milh\u00f5es a bilh\u00f5es de vezes a do Sol, conseguem crescer tanto ao longo do tempo, provavelmente por meio de fus\u00f5es.\r\n<\/p><p>\r\nBuracos negros supermassivos existem no centro da maioria das grandes gal\u00e1xias e, quando as gal\u00e1xias colidem, seus buracos negros centrais tamb\u00e9m s\u00e3o atra\u00eddos um para o outro. No caso de Mrk 501, o par est\u00e1 t\u00e3o pr\u00f3ximo que a fus\u00e3o pode ocorrer em poucas d\u00e9cadas. Embora ainda n\u00e3o seja uma detec\u00e7\u00e3o definitiva &#8211; pois n\u00e3o foi poss\u00edvel imagens diretas dos dois jatos &#8220;, essa \u00e9 atualmente a explica\u00e7\u00e3o mais convincente para o que os telesc\u00f3pios de r\u00e1dio v\u00eam registrando.\r\n<\/p><p>\r\nOs cientistas continuar\u00e3o monitorando a gal\u00e1xia com aten\u00e7\u00e3o, pois, se os buracos negros realmente colidirem, isso representaria a primeira oportunidade de observar ao vivo a fus\u00e3o de buracos negros supermassivos, um evento que libera energia imensa e ajuda a desvendar mist\u00e9rios sobre a evolu\u00e7\u00e3o das gal\u00e1xias e do Universo. \u00c9 um lembrete fascinante de como o cosmos ainda guarda surpresas bem pr\u00f3ximas de n\u00f3s, em termos astron\u00f4micos.\r\n<\/p><p>\r\n<hr>\r\n\r\n<p style=\"text-align:right\"><em>Publicado em 10\/04\/2026 03h30<\/em><\/p>\r\n<hr>\r\n<p style=\"text-align:right\"><em><a href=\"https:\/\/terrarara.com.br\/en\/?page_id=3757\">English version<\/a><\/em><\/p>\r\n<hr>\r\n\r\n\t\t\t<hr>\r\n\t\r\n\t\t\t\r\n\r\n<p>Estudo original: <\/p>\r\n\r\n\r\n\r\n<ul><li><a href=\"https:\/\/doi.org\/10.1093\/mnras\/stag291\" target=\"_blank\">https:\/\/doi.org\/10.1093\/mnras\/stag291<\/a><\/li><\/ul>\r\n\r\n\r\n\r\n<hr class=\"wp-block-separator is-style-wide\"\/>\r\n\r\n<div style=\"position: buttonline;\"><iframe loading=\"lazy\" src=\"https:\/\/vendedoradesonhos.com.br\/rodape_sites.php?arg=41925\" frameborder=\"0\" height=\"420px\" width=\"100%\"><\/iframe><\/div>\r\n<div style=\"position: buttonline;\"><iframe loading=\"lazy\" src=\"https:\/\/vendedoradesonhos.com.br\/comentario_navegacao.php?arg=41925\" frameborder=\"0\" height=\"500px\" width=\"100%\"><\/iframe><\/div>\r\n<div style=\"position:absolute; width:40%; height:70px; top:-70px; left:0px;\"><iframe loading=\"lazy\" src=\"https:\/\/vendedoradesonhos.com.br\/oferta_site_esq.php?arg=41925\" frameborder=\"0\" height=\"100%\" width=\"100%\"><\/iframe><\/div>\r\n<div style=\"position:absolute; width:40%; height:70px; top:-70px; right:0px;\"><iframe loading=\"lazy\" src=\"https:\/\/vendedoradesonhos.com.br\/oferta_site_dir.php?arg=41925\" frameborder=\"0\" height=\"100%;\" width=\"100%\"><\/iframe><\/div>\r\n\r\n<div class=\"wp-block-image\"><figure><iframe loading=\"lazy\" src=\"https:\/\/vendedoradesonhos.com.br\/oferta_site_central.php\" width=\"100%\" height=\"330\" frameborder=\"0\"><\/iframe><figcaption>{teste}<\/figcaption><\/figure><\/div><hr>","protected":false},"excerpt":{"rendered":"","protected":false},"author":1,"featured_media":0,"parent":684,"menu_order":0,"comment_status":"closed","ping_status":"closed","template":"","meta":[],"_links":{"self":[{"href":"https:\/\/terrarara.com.br\/index.php?rest_route=\/wp\/v2\/pages\/26636"}],"collection":[{"href":"https:\/\/terrarara.com.br\/index.php?rest_route=\/wp\/v2\/pages"}],"about":[{"href":"https:\/\/terrarara.com.br\/index.php?rest_route=\/wp\/v2\/types\/page"}],"author":[{"embeddable":true,"href":"https:\/\/terrarara.com.br\/index.php?rest_route=\/wp\/v2\/users\/1"}],"replies":[{"embeddable":true,"href":"https:\/\/terrarara.com.br\/index.php?rest_route=%2Fwp%2Fv2%2Fcomments&post=26636"}],"version-history":[{"count":0,"href":"https:\/\/terrarara.com.br\/index.php?rest_route=\/wp\/v2\/pages\/26636\/revisions"}],"up":[{"embeddable":true,"href":"https:\/\/terrarara.com.br\/index.php?rest_route=\/wp\/v2\/pages\/684"}],"wp:attachment":[{"href":"https:\/\/terrarara.com.br\/index.php?rest_route=%2Fwp%2Fv2%2Fmedia&parent=26636"}],"curies":[{"name":"wp","href":"https:\/\/api.w.org\/{rel}","templated":true}]}}