{"id":26635,"date":"2026-04-08T09:28:55","date_gmt":"2026-04-08T09:28:55","guid":{"rendered":"https:\/\/terrarara.com.br\/?page_id=26635"},"modified":"2026-04-08T09:28:55","modified_gmt":"2026-04-08T09:28:55","slug":"astronomos-descobrem-a-estrela-mais-pura-ja-encontrada","status":"publish","type":"page","link":"https:\/\/terrarara.com.br\/?page_id=26635","title":{"rendered":"Astr\u00f4nomos descobrem a estrela mais pura j\u00e1 encontrada"},"content":{"rendered":"<div class=\"wp-block-image\"><figure><img src=\"https:\/\/vendedoradesonhos.com.br\/upload\/1\/sites\/26\/img_41918_1200.jpg\" alt=\"\" style=\"width:100%\"><figcaption>Uma imigrante ancestral: uma representa\u00e7\u00e3o art\u00edstica (sem escala) da gigante vermelha SDSS J0915-7334, que nasceu perto da Grande Nuvem de Magalh\u00e3es e agora viaja para residir na Via L\u00e1ctea. Cr\u00e9dito: Navid Marvi\/Carnegie Science<\/figcaption><\/figure><\/div><hr><\/p><p>\r\n\t<a href=\"https:\/\/doi.org\/10.1038\/s41550-026-02816-7\" target=\"_blank\">doi.org\/10.1038\/s41550-026-02816-7<\/a><br><a href=\"https:\/\/vendedoradesonhos.com.br\/credibilidade_estudo.php?c=41918\">Credibilidade<\/a>: <font color=\"#00FFFF\">9<\/font><font color=\"#00FF00\">8<\/font><font color=\"#FFFF00\">9<\/font><br><a href=''https:\/\/terrarara.com.br\"s=estrela''>#Estrela<\/a>\u00a0<\/p><p><\/p><p>\r\n\t<!-- audio --><\/p><p>\r\n<button onclick=\"this.nextElementSibling.play()\" style=\"padding:12px 25px; font-size:18px; border:none; border-radius:8px; cursor:pointer;\">Ouvir<\/button><audio src=\"https:\/\/vendedoradesonhos.com.br\/audios\/41918.mp3\" preload=\"none\"><\/audio><\/p><p>\r\n\t<strong>Astr\u00f4nomos identificaram a estrela mais pobre em elementos pesados j\u00e1 observada, um verdadeiro f\u00f3ssil c\u00f3smico que nos permite olhar para os primeiros cap\u00edtulos do Universo<\/strong><\/p><p> Chamada de SDSS J0715-7334, ela faz parte da segunda gera\u00e7\u00e3o de estrelas, formada poucos bilh\u00f5es de anos ap\u00f3s o Big Bang, quando o cosmos ainda era muito jovem.\r\n<\/p><p>\r\nEssa estrela \u00e9 composta quase inteiramente de hidrog\u00eanio e h\u00e9lio, com uma quantidade extremamente baixa de &#8220;metais? &#8211; termo que os astr\u00f4nomos usam para todos os elementos mais pesados que o h\u00e9lio, criados por estrelas ao longo do tempo. Ela possui menos de 0,005% do conte\u00fado de metais do Sol, apenas metade do que tinha o recordista anterior, e n\u00edveis especialmente baixos de ferro e carbono. Na pr\u00e1tica, \u00e9 40 vezes mais pobre em ferro do que a estrela mais pobre em ferro conhecida at\u00e9 ent\u00e3o.\r\n<\/p><p>\r\nLocalizada a cerca de 80 mil anos-luz da Terra, a estrela provavelmente nasceu fora da Via L\u00e1ctea, perto da Grande Nuvem de Magalh\u00e3es, e foi atra\u00edda para nossa gal\u00e1xia mais tarde. Por ter se formado a partir de g\u00e1s primordial quase puro, ela preserva as condi\u00e7\u00f5es qu\u00edmicas do Universo antigo, antes que as primeiras estrelas explodissem e espalhassem elementos pesados pelo espa\u00e7o.\r\n<\/p><p>\r\nA descoberta foi poss\u00edvel gra\u00e7as ao Sloan Digital Sky Survey-V (SDSS-V), um grande projeto que mapeia milh\u00f5es de espectros de estrelas em todo o c\u00e9u. Os dados iniciais vieram de telesc\u00f3pios no Chile e nos Estados Unidos, e as observa\u00e7\u00f5es de confirma\u00e7\u00e3o foram feitas com os telesc\u00f3pios Magellan, no Observat\u00f3rio Las Campanas, no Chile. Usando um espectr\u00f3grafo de alta resolu\u00e7\u00e3o, os pesquisadores analisaram a luz da estrela com grande precis\u00e3o. Informa\u00e7\u00f5es do sat\u00e9lite Gaia, da Ag\u00eancia Espacial Europeia, ajudaram a determinar sua posi\u00e7\u00e3o e origem.\r\n<\/p><p>\r\n\r\n<\/p><p>\r\nO estudo, publicado na revista Nature Astronomy em 3 de abril de 2026, foi liderado pelo astr\u00f4nomo Alexander Ji, da Universidade de Chicago, com participa\u00e7\u00e3o de Juna Kollmeier e de estudantes de gradua\u00e7\u00e3o que viveram a experi\u00eancia completa: desde a coleta de dados at\u00e9 a an\u00e1lise dos resultados.\r\n<\/p><p>\r\nEssas estrelas &#8220;pr\u00edstinas? funcionam como janelas para o amanhecer do Universo. Elas nos ajudam a testar teorias sobre como as primeiras estrelas se formaram, como os elementos qu\u00edmicos foram produzidos e enriquecidos ao longo do tempo, e como ocorreu a nucleoss\u00edntese logo ap\u00f3s o Big Bang. Como n\u00e3o conseguimos observar diretamente as estrelas mais antigas, esses sobreviventes raros s\u00e3o nossos melhores mensageiros do passado c\u00f3smico.\r\n<\/p><p>\r\nEncontrar uma estrela t\u00e3o pura \u00e9 como descobrir uma agulha no palheiro estelar. Projetos como o SDSS-V mostram o poder de grandes levantamentos para revelar objetos excepcionais e envolvem a nova gera\u00e7\u00e3o de cientistas no processo real de descoberta. Essa estrela antiga, imigrante c\u00f3smica agora integrada \u00e0 Via L\u00e1ctea, continua nos contando a hist\u00f3ria de como o Universo passou de um lugar simples, feito basicamente de hidrog\u00eanio e h\u00e9lio, para o rico e diversificado cosmos que vemos hoje.\r\n<\/p><p>\r\n<blockquote class=\"twitter-tweet\" data-media-max-width=\"560\"><p lang=\"pt\" dir=\"ltr\">Astr\u00f4nomos descobrem a estrela mais pura j\u00e1 encontrada<a href=\"https:\/\/twitter.com\/hashtag\/Estrela?src=hash&amp;ref_src=twsrc%5Etfw\">#Estrela<\/a><br><br>Astr\u00f4nomos identificaram a estrela mais pobre em elementos pesados j\u00e1 observada, um verdadeiro f\u00f3ssil c\u00f3smico que nos permite olhar para os primeiros cap\u00edtulos do Universo <a href=\"https:\/\/t.co\/ImOpGQqVAK\">pic.twitter.com\/ImOpGQqVAK<\/a><\/p>&mdash; Terra Rara??????&#x646; (@Terra_Rara) <a href=\"https:\/\/twitter.com\/Terra_Rara\/status\/2041814360033476899?ref_src=twsrc%5Etfw\">April 8, 2026<\/a><\/blockquote> <script async src=\"https:\/\/platform.twitter.com\/widgets.js\" charset=\"utf-8\"><\/script>\r\n<hr>\r\n\r\n<p style=\"text-align:right\"><em>Publicado em 08\/04\/2026 09h28<\/em><\/p>\r\n<hr>\r\n<p style=\"text-align:right\"><em><a href=\"https:\/\/terrarara.com.br\/en\/?page_id=3756\">English version<\/a><\/em><\/p>\r\n<hr>\r\n\r\n\t\t\t<hr>\r\n\t\r\n\t\t\t\r\n\r\n<p>Estudo original: <\/p>\r\n\r\n\r\n\r\n<ul><li><a href=\"https:\/\/doi.org\/10.1038\/s41550-026-02816-7\" target=\"_blank\">https:\/\/doi.org\/10.1038\/s41550-026-02816-7<\/a><\/li><\/ul>\r\n\r\n\r\n\r\n<hr class=\"wp-block-separator is-style-wide\"\/>\r\n\r\n<div style=\"position: buttonline;\"><iframe loading=\"lazy\" src=\"https:\/\/vendedoradesonhos.com.br\/rodape_sites.php?arg=41918\" frameborder=\"0\" height=\"420px\" width=\"100%\"><\/iframe><\/div>\r\n<div style=\"position: buttonline;\"><iframe loading=\"lazy\" src=\"https:\/\/vendedoradesonhos.com.br\/comentario_navegacao.php?arg=41918\" frameborder=\"0\" height=\"500px\" width=\"100%\"><\/iframe><\/div>\r\n<div style=\"position:absolute; width:40%; height:70px; top:-70px; left:0px;\"><iframe loading=\"lazy\" src=\"https:\/\/vendedoradesonhos.com.br\/oferta_site_esq.php?arg=41918\" frameborder=\"0\" height=\"100%\" width=\"100%\"><\/iframe><\/div>\r\n<div style=\"position:absolute; width:40%; height:70px; top:-70px; right:0px;\"><iframe loading=\"lazy\" src=\"https:\/\/vendedoradesonhos.com.br\/oferta_site_dir.php?arg=41918\" frameborder=\"0\" height=\"100%;\" width=\"100%\"><\/iframe><\/div>\r\n\r\n<div class=\"wp-block-image\"><figure><iframe loading=\"lazy\" src=\"https:\/\/vendedoradesonhos.com.br\/oferta_site_central.php\" width=\"100%\" height=\"330\" frameborder=\"0\"><\/iframe><figcaption>{teste}<\/figcaption><\/figure><\/div><hr>","protected":false},"excerpt":{"rendered":"","protected":false},"author":1,"featured_media":0,"parent":693,"menu_order":0,"comment_status":"closed","ping_status":"closed","template":"","meta":[],"_links":{"self":[{"href":"https:\/\/terrarara.com.br\/index.php?rest_route=\/wp\/v2\/pages\/26635"}],"collection":[{"href":"https:\/\/terrarara.com.br\/index.php?rest_route=\/wp\/v2\/pages"}],"about":[{"href":"https:\/\/terrarara.com.br\/index.php?rest_route=\/wp\/v2\/types\/page"}],"author":[{"embeddable":true,"href":"https:\/\/terrarara.com.br\/index.php?rest_route=\/wp\/v2\/users\/1"}],"replies":[{"embeddable":true,"href":"https:\/\/terrarara.com.br\/index.php?rest_route=%2Fwp%2Fv2%2Fcomments&post=26635"}],"version-history":[{"count":0,"href":"https:\/\/terrarara.com.br\/index.php?rest_route=\/wp\/v2\/pages\/26635\/revisions"}],"up":[{"embeddable":true,"href":"https:\/\/terrarara.com.br\/index.php?rest_route=\/wp\/v2\/pages\/693"}],"wp:attachment":[{"href":"https:\/\/terrarara.com.br\/index.php?rest_route=%2Fwp%2Fv2%2Fmedia&parent=26635"}],"curies":[{"name":"wp","href":"https:\/\/api.w.org\/{rel}","templated":true}]}}