{"id":26633,"date":"2026-04-08T03:49:28","date_gmt":"2026-04-08T03:49:28","guid":{"rendered":"https:\/\/terrarara.com.br\/?page_id=26633"},"modified":"2026-04-08T03:49:28","modified_gmt":"2026-04-08T03:49:28","slug":"ondas-gravitacionais-podem-ter-criado-a-materia-escura","status":"publish","type":"page","link":"https:\/\/terrarara.com.br\/?page_id=26633","title":{"rendered":"Ondas gravitacionais podem ter criado a mat\u00e9ria escura"},"content":{"rendered":"<div class=\"wp-block-image\"><figure><img src=\"https:\/\/vendedoradesonhos.com.br\/upload\/1\/sites\/26\/img_41916_1200.jpg\" alt=\"\" style=\"width:100%\"><figcaption>Imagem via <a href=\"https:\/\/www.nasa.gov\/image-article\/dark-matter\/\" target=\"_blank\">NASA<\/a><\/figcaption><\/figure><\/div><hr><\/p><p>\r\n\t<a href=\"https:\/\/doi.org\/10.1103\/lr69-45v8\" target=\"_blank\">doi.org\/10.1103\/lr69-45v8<\/a><br><a href=\"https:\/\/vendedoradesonhos.com.br\/credibilidade_estudo.php?c=41916\">Credibilidade<\/a>: <font color=\"#00FFFF\">9<\/font><font color=\"#00FF00\">8<\/font><font color=\"#FFFF00\">9<\/font><br><a href=''https:\/\/terrarara.com.br\"s=mat\u00e9ria escura''>#mat\u00e9ria escura<\/a>\u00a0<\/p><p><\/p><p>\r\n\t<!-- audio --><\/p><p>\r\n<button onclick=\"this.nextElementSibling.play()\" style=\"padding:12px 25px; font-size:18px; border:none; border-radius:8px; cursor:pointer;\">Ouvir<\/button><audio src=\"https:\/\/vendedoradesonhos.com.br\/audios\/41916.mp3\" preload=\"none\"><\/audio><\/p><p>\r\n\t<strong>Um novo estudo prop\u00f5e uma ideia fascinante: as fracas ondula\u00e7\u00f5es no espa\u00e7o-tempo que surgiram nos primeiros instantes do Universo podem ter sido respons\u00e1veis pela cria\u00e7\u00e3o da mat\u00e9ria escura, um dos maiores mist\u00e9rios da f\u00edsica atual<\/strong><\/p><p>De acordo com a pesquisa liderada pelo professor Joachim Kopp, da Universidade Johannes Gutenberg de Mainz, na Alemanha, em parceria com a Dra. Azadeh Maleknejad, da Universidade de Swansea, no Reino Unido, as chamadas ondas gravitacionais estoc\u00e1sticas &#8211; um tipo de &#8220;ru\u00eddo de fundo? de ondas gravitacionais que preenchia o cosmos logo ap\u00f3s o Big Bang &#8211; teriam se convertido parcialmente em part\u00edculas de mat\u00e9ria escura.\r\n<\/p><p>\r\nPara entender o contexto, vale lembrar que tudo o que vemos no dia a dia &#8211; planetas, estrelas, \u00e1rvores, pessoas &#8211; \u00e9 feito de mat\u00e9ria comum, que representa apenas cerca de 4% do Universo. A mat\u00e9ria escura, invis\u00edvel, corresponde a aproximadamente 23% de tudo o que existe. Ela influencia a forma\u00e7\u00e3o das gal\u00e1xias e das grandes estruturas c\u00f3smicas, mas os cientistas ainda n\u00e3o sabem exatamente do que ela \u00e9 feita.\r\n<\/p><p>\r\nAs ondas gravitacionais s\u00e3o distor\u00e7\u00f5es no tecido do espa\u00e7o-tempo, geralmente geradas por eventos violentos, como a colis\u00e3o de buracos negros. J\u00e1 as ondas estoc\u00e1sticas s\u00e3o mais fracas e surgiram de processos gerais no Universo primordial, como transi\u00e7\u00f5es de fase da mat\u00e9ria quando o cosmos esfriava ou campos magn\u00e9ticos antigos.\r\n<\/p><p>\r\nOs pesquisadores sugerem que essas ondas poderiam ter produzido part\u00edculas leves chamadas f\u00e9rmions (semelhantes a el\u00e9trons ou quarks, mas sem massa ou com massa muito pequena no in\u00edcio). Com o tempo, essas part\u00edculas teriam ganhado massa e se transformado no que hoje conhecemos como mat\u00e9ria escura.\r\n<\/p><p>\r\nEssa \u00e9 uma nova forma de explicar a origem da mat\u00e9ria escura que ainda n\u00e3o havia sido explorada. O estudo, publicado na revista &#8220;Physical Review Letters&#8221;, abre um caminho interessante para pesquisas futuras, incluindo simula\u00e7\u00f5es mais precisas e a investiga\u00e7\u00e3o de outros efeitos que as ondas gravitacionais podem ter causado no Universo jovem.\r\n<\/p><p>\r\nEm resumo, o que antes eram apenas ondula\u00e7\u00f5es invis\u00edveis no espa\u00e7o pode ter ajudado a moldar uma das componentes mais importantes e misteriosas do nosso cosmos.\r\n<\/p><p>\r\n<blockquote class=\"twitter-tweet\" data-media-max-width=\"560\"><p lang=\"pt\" dir=\"ltr\">Ondas gravitacionais podem ter criado a mat\u00e9ria escura<a href=\"https:\/\/twitter.com\/hashtag\/mat%C3%A9riaescura?src=hash&amp;ref_src=twsrc%5Etfw\">#mat\u00e9riaescura<\/a><br><br>Estudo prop\u00f5e que as fracas ondula\u00e7\u00f5es no espa\u00e7o-tempo que surgiram nos primeiros instantes do Universo podem ter sido respons\u00e1veis pela cria\u00e7\u00e3o da mat\u00e9ria escura, um dos maiores mist\u00e9rios da f\u00edsica <a href=\"https:\/\/t.co\/sjArcSsSrK\">pic.twitter.com\/sjArcSsSrK<\/a><\/p>&mdash; Terra Rara??????&#x646; (@Terra_Rara) <a href=\"https:\/\/twitter.com\/Terra_Rara\/status\/2041712265410355582?ref_src=twsrc%5Etfw\">April 8, 2026<\/a><\/blockquote> <script async src=\"https:\/\/platform.twitter.com\/widgets.js\" charset=\"utf-8\"><\/script>\r\n<hr>\r\n\r\n<p style=\"text-align:right\"><em>Publicado em 08\/04\/2026 03h49<\/em><\/p>\r\n<hr>\r\n<p style=\"text-align:right\"><em><a href=\"https:\/\/terrarara.com.br\/en\/?page_id=3754\">English version<\/a><\/em><\/p>\r\n<hr>\r\n\r\n\t\t\t<hr>\r\n\t\r\n\t\t\t\r\n\r\n<p>Estudo original: <\/p>\r\n\r\n\r\n\r\n<ul><li><a href=\"https:\/\/doi.org\/10.1103\/lr69-45v8\" target=\"_blank\">https:\/\/doi.org\/10.1103\/lr69-45v8<\/a><\/li><\/ul>\r\n\r\n\r\n\r\n<hr class=\"wp-block-separator is-style-wide\"\/>\r\n\r\n<div style=\"position: buttonline;\"><iframe loading=\"lazy\" src=\"https:\/\/vendedoradesonhos.com.br\/rodape_sites.php?arg=41916\" frameborder=\"0\" height=\"420px\" width=\"100%\"><\/iframe><\/div>\r\n<div style=\"position: buttonline;\"><iframe loading=\"lazy\" src=\"https:\/\/vendedoradesonhos.com.br\/comentario_navegacao.php?arg=41916\" frameborder=\"0\" height=\"500px\" width=\"100%\"><\/iframe><\/div>\r\n<div style=\"position:absolute; width:40%; height:70px; top:-70px; left:0px;\"><iframe loading=\"lazy\" src=\"https:\/\/vendedoradesonhos.com.br\/oferta_site_esq.php?arg=41916\" frameborder=\"0\" height=\"100%\" width=\"100%\"><\/iframe><\/div>\r\n<div style=\"position:absolute; width:40%; height:70px; top:-70px; right:0px;\"><iframe loading=\"lazy\" src=\"https:\/\/vendedoradesonhos.com.br\/oferta_site_dir.php?arg=41916\" frameborder=\"0\" height=\"100%;\" width=\"100%\"><\/iframe><\/div>\r\n\r\n<div class=\"wp-block-image\"><figure><iframe loading=\"lazy\" src=\"https:\/\/vendedoradesonhos.com.br\/oferta_site_central.php\" width=\"100%\" height=\"330\" frameborder=\"0\"><\/iframe><figcaption>{teste}<\/figcaption><\/figure><\/div><hr>","protected":false},"excerpt":{"rendered":"","protected":false},"author":1,"featured_media":0,"parent":5650,"menu_order":0,"comment_status":"closed","ping_status":"closed","template":"","meta":[],"_links":{"self":[{"href":"https:\/\/terrarara.com.br\/index.php?rest_route=\/wp\/v2\/pages\/26633"}],"collection":[{"href":"https:\/\/terrarara.com.br\/index.php?rest_route=\/wp\/v2\/pages"}],"about":[{"href":"https:\/\/terrarara.com.br\/index.php?rest_route=\/wp\/v2\/types\/page"}],"author":[{"embeddable":true,"href":"https:\/\/terrarara.com.br\/index.php?rest_route=\/wp\/v2\/users\/1"}],"replies":[{"embeddable":true,"href":"https:\/\/terrarara.com.br\/index.php?rest_route=%2Fwp%2Fv2%2Fcomments&post=26633"}],"version-history":[{"count":0,"href":"https:\/\/terrarara.com.br\/index.php?rest_route=\/wp\/v2\/pages\/26633\/revisions"}],"up":[{"embeddable":true,"href":"https:\/\/terrarara.com.br\/index.php?rest_route=\/wp\/v2\/pages\/5650"}],"wp:attachment":[{"href":"https:\/\/terrarara.com.br\/index.php?rest_route=%2Fwp%2Fv2%2Fmedia&parent=26633"}],"curies":[{"name":"wp","href":"https:\/\/api.w.org\/{rel}","templated":true}]}}