{"id":26632,"date":"2026-04-07T02:22:04","date_gmt":"2026-04-07T02:22:04","guid":{"rendered":"https:\/\/terrarara.com.br\/?page_id=26632"},"modified":"2026-04-07T02:22:04","modified_gmt":"2026-04-07T02:22:04","slug":"mensagens-alienigenas-podem-ter-chegado-a-terra-por-que-ainda-nao-as-detectamos","status":"publish","type":"page","link":"https:\/\/terrarara.com.br\/?page_id=26632","title":{"rendered":"Mensagens alien\u00edgenas podem ter chegado \u00e0 terra &#8211; por que ainda n\u00e3o as detectamos?"},"content":{"rendered":"<div class=\"wp-block-image\"><figure><img src=\"https:\/\/vendedoradesonhos.com.br\/img\/sites\/img_msg_aliens.jpg\" alt=\"\" style=\"width:100%\"><figcaption>Mensagens alien\u00edgenas podem ter chegado \u00e0 Terra &#8211; por que os cientistas ainda n\u00e3o as encontraram&#8221;<\/figcaption><\/figure><\/div><hr><\/p><p>\r\n\t<a href=\"https:\/\/doi.org\/10.3847\/1538-3881\/ae394b\" target=\"_blank\">doi.org\/10.3847\/1538-3881\/ae394b<\/a><br><a href=\"https:\/\/vendedoradesonhos.com.br\/credibilidade_estudo.php?c=41910\">Credibilidade<\/a>: <font color=\"#00FFFF\">9<\/font><font color=\"#00FF00\">8<\/font><font color=\"#FFFF00\">9<\/font><br><a href=''https:\/\/terrarara.com.br\"s=tecnoassinaturas''>#Tecnoassinaturas<\/a>\u00a0<\/p><p><\/p><p>\r\n\t<!-- audio --><\/p><p>\r\n<button onclick=\"this.nextElementSibling.play()\" style=\"padding:12px 25px; font-size:18px; border:none; border-radius:8px; cursor:pointer;\">Ouvir<\/button><audio src=\"https:\/\/vendedoradesonhos.com.br\/audios\/41910.mp3\" preload=\"none\"><\/audio><\/p><p>\r\n\t<strong>H\u00e1 d\u00e9cadas, os cientistas vasculham o c\u00e9u em busca de sinais de tecnologia extraterrestre, usando ondas de r\u00e1dio, flashes de luz e emiss\u00f5es infravermelhas<\/strong><\/p><p> Apesar de todo esse esfor\u00e7o, nenhum sinal confirmado foi encontrado. Um novo estudo da EPFL, na Su\u00ed\u00e7a, prop\u00f5e uma explica\u00e7\u00e3o intrigante: \u00e9 poss\u00edvel que mensagens de civiliza\u00e7\u00f5es alien\u00edgenas j\u00e1 tenham passado pela Terra sem que perceb\u00eassemos.\r\n<\/p><p>\r\nO problema n\u00e3o \u00e9 necessariamente que os sinais n\u00e3o existam ou n\u00e3o tenham chegado at\u00e9 n\u00f3s. O que pode estar acontecendo \u00e9 que eles simplesmente escaparam da nossa capacidade de detec\u00e7\u00e3o. Um &#8220;tecnosinal? &#8211; qualquer evid\u00eancia observ\u00e1vel de tecnologia avan\u00e7ada, como transmiss\u00f5es de r\u00e1dio artificiais, pulsos de laser ou calor excessivo de estruturas gigantes &#8211; precisa cumprir duas condi\u00e7\u00f5es para ser descoberto: primeiro, ele tem que chegar \u00e0 Terra; segundo, nossos instrumentos precisam ser capazes de identific\u00e1-lo.\r\n<\/p><p>\r\nMuitas vezes, mesmo quando um sinal chega, ele pode ser fraco demais, durar apenas alguns instantes, estar em uma frequ\u00eancia que n\u00e3o estamos monitorando ou se perder no ru\u00eddo de fundo do espa\u00e7o. Isso significa que, ao longo dos \u00faltimos 60 anos de buscas do SETI (busca por intelig\u00eancia extraterrestre), \u00e9 bem plaus\u00edvel que v\u00e1rios sinais tenham cruzado nossa regi\u00e3o do espa\u00e7o sem serem notados.\r\n<\/p><p>\r\nO f\u00edsico te\u00f3rico Claudio Grimaldi, da EPFL, analisou essa possibilidade usando modelos estat\u00edsticos. Ele calculou quantos sinais precisariam ter passado pela Terra desde 1960 para que tiv\u00e9ssemos uma chance razo\u00e1vel de detectar um agora, e de onde esses sinais provavelmente viriam. O estudo considera tanto sinais que se espalham em todas as dire\u00e7\u00f5es (como o calor desperdi\u00e7ado de megastruturas) quanto feixes mais direcionados, como lasers ou far\u00f3is interestelares.\r\n<\/p><p>\r\nOs resultados s\u00e3o reveladores e um pouco desanimadores para quem esperava uma descoberta r\u00e1pida. Para termos uma boa probabilidade de detectar um tecnosinal vindo de dist\u00e2ncias relativamente pr\u00f3ximas &#8211; algumas centenas ou poucos milhares de anos-luz &#8220;, seria necess\u00e1rio um n\u00famero extremamente alto de sinais j\u00e1 terem passado por n\u00f3s sem serem vistos. Em muitos cen\u00e1rios simulados, esse n\u00famero chega sendo irrealista, maior do que a quantidade de planetas habit\u00e1veis que existiriam nessa regi\u00e3o da Via L\u00e1ctea.\r\n<\/p><p>\r\nA detec\u00e7\u00e3o se torna mais realista apenas quando ampliamos o olhar para dist\u00e2ncias muito maiores. Se os sinais durarem muito tempo e estiverem espalhados pela gal\u00e1xia, ent\u00e3o mensagens vindas de v\u00e1rios milhares de anos-luz de dist\u00e2ncia poderiam ser captadas por n\u00f3s. Mesmo assim, o n\u00famero esperado de sinais detect\u00e1veis em qualquer momento continua sendo muito pequeno.\r\n<\/p><p>\r\nEssa vis\u00e3o muda a estrat\u00e9gia das buscas. Em vez de esperar por sinais fortes e pr\u00f3ximos, o futuro do SETI provavelmente vai depender de observa\u00e7\u00f5es cont\u00ednuas, em larga escala e de longo prazo, cobrindo vastas regi\u00f5es da Via L\u00e1ctea. A aus\u00eancia de detec\u00e7\u00f5es at\u00e9 agora n\u00e3o significa que n\u00e3o haja nada l\u00e1 fora &#8211; pode simplesmente indicar que os sinais s\u00e3o raros, distantes ou que duram muito tempo.\r\n<\/p><p>\r\nEm resumo, mensagens alien\u00edgenas podem realmente ter chegado \u00e0 Terra. O desafio est\u00e1 em aperfei\u00e7oar nossa capacidade de escuta e ter paci\u00eancia para buscar mais longe e por mais tempo. A descoberta, se acontecer, pode exigir uma abordagem mais persistente e abrangente do que imagin\u00e1vamos.\r\n<\/p><p>\r\n<blockquote class=\"twitter-tweet\" data-media-max-width=\"560\"><p lang=\"pt\" dir=\"ltr\">Mensagens alien\u00edgenas podem ter chegado \u00e0 terra &#8211; por que ainda n\u00e3o as detectamos?<a href=\"https:\/\/twitter.com\/hashtag\/Tecnoassinaturas?src=hash&#038;ref_src=twsrc%5Etfw\">#Tecnoassinaturas<\/a><br><br>H\u00e1 d\u00e9cadas, os cientistas vasculham o c\u00e9u em busca de sinais de tecnologia extraterrestre, usando ondas de r\u00e1dio, flashes de luz e emiss\u00f5es infravermelhas.<br><br>V\u00eddeo: <a href=\"https:\/\/t.co\/nnaS4LeWaq\">pic.twitter.com\/nnaS4LeWaq<\/a><\/p>&#8211; Terra Rara&#x646; (@Terra_Rara) <a href=\"https:\/\/twitter.com\/Terra_Rara\/status\/2041344032819888154?ref_src=twsrc%5Etfw\">April 7, 2026<\/a><\/blockquote> <script async src=\"https:\/\/platform.twitter.com\/widgets.js\" charset=\"utf-8\"><\/script>\r\n<hr>\r\n\r\n<p style=\"text-align:right\"><em>Publicado em 07\/04\/2026 02h22<\/em><\/p>\r\n<hr>\r\n<p style=\"text-align:right\"><em><a href=\"https:\/\/terrarara.com.br\/en\/?page_id=3753\">English version<\/a><\/em><\/p>\r\n<hr>\r\n\r\n\t\t\t<hr>\r\n\t\t\t<p>Artigo referencia:<\/p>\r\n\t\t\r\n\t\t\t\r\n\r\n<ul><li><a href=\"https:\/\/scitechdaily.com\/alien-messages-may-have-reached-earth-why-havent-scientists-found-them\/\" target=\"_blank\">https:\/\/scitechdaily.com\/alien-messages-may-have-reached-earth-why-havent-scientists-found-them\/<\/a><\/li><\/ul>\r\n\r\n\r\n\r\n\r\n<hr class=\"wp-block-separator is-style-wide\"\/>\r\n\r\n<div style=\"position: buttonline;\"><iframe loading=\"lazy\" src=\"https:\/\/vendedoradesonhos.com.br\/rodape_sites.php?arg=41910\" frameborder=\"0\" height=\"420px\" width=\"100%\"><\/iframe><\/div>\r\n<div style=\"position: buttonline;\"><iframe loading=\"lazy\" src=\"https:\/\/vendedoradesonhos.com.br\/comentario_navegacao.php?arg=41910\" frameborder=\"0\" height=\"500px\" width=\"100%\"><\/iframe><\/div>\r\n<div style=\"position:absolute; width:40%; height:70px; top:-70px; left:0px;\"><iframe loading=\"lazy\" src=\"https:\/\/vendedoradesonhos.com.br\/oferta_site_esq.php?arg=41910\" frameborder=\"0\" height=\"100%\" width=\"100%\"><\/iframe><\/div>\r\n<div style=\"position:absolute; width:40%; height:70px; top:-70px; right:0px;\"><iframe loading=\"lazy\" src=\"https:\/\/vendedoradesonhos.com.br\/oferta_site_dir.php?arg=41910\" frameborder=\"0\" height=\"100%;\" width=\"100%\"><\/iframe><\/div>\r\n\r\n\r\n<div class=\"wp-block-image\"><figure><iframe loading=\"lazy\" src=\"https:\/\/vendedoradesonhos.com.br\/oferta_site_central.php\" width=\"100%\" height=\"330\" frameborder=\"0\"><\/iframe><figcaption>{teste}<\/figcaption><\/figure><\/div><hr>","protected":false},"excerpt":{"rendered":"","protected":false},"author":1,"featured_media":0,"parent":63,"menu_order":0,"comment_status":"closed","ping_status":"closed","template":"","meta":[],"_links":{"self":[{"href":"https:\/\/terrarara.com.br\/index.php?rest_route=\/wp\/v2\/pages\/26632"}],"collection":[{"href":"https:\/\/terrarara.com.br\/index.php?rest_route=\/wp\/v2\/pages"}],"about":[{"href":"https:\/\/terrarara.com.br\/index.php?rest_route=\/wp\/v2\/types\/page"}],"author":[{"embeddable":true,"href":"https:\/\/terrarara.com.br\/index.php?rest_route=\/wp\/v2\/users\/1"}],"replies":[{"embeddable":true,"href":"https:\/\/terrarara.com.br\/index.php?rest_route=%2Fwp%2Fv2%2Fcomments&post=26632"}],"version-history":[{"count":0,"href":"https:\/\/terrarara.com.br\/index.php?rest_route=\/wp\/v2\/pages\/26632\/revisions"}],"up":[{"embeddable":true,"href":"https:\/\/terrarara.com.br\/index.php?rest_route=\/wp\/v2\/pages\/63"}],"wp:attachment":[{"href":"https:\/\/terrarara.com.br\/index.php?rest_route=%2Fwp%2Fv2%2Fmedia&parent=26632"}],"curies":[{"name":"wp","href":"https:\/\/api.w.org\/{rel}","templated":true}]}}