{"id":26631,"date":"2026-04-06T12:42:19","date_gmt":"2026-04-06T12:42:19","guid":{"rendered":"https:\/\/terrarara.com.br\/?page_id=26631"},"modified":"2026-04-06T12:42:19","modified_gmt":"2026-04-06T12:42:19","slug":"movimentos-misteriosos-a-2900-quilometros-de-profundidade","status":"publish","type":"page","link":"https:\/\/terrarara.com.br\/?page_id=26631","title":{"rendered":"Movimentos misteriosos a 2.900 quil\u00f4metros de profundidade"},"content":{"rendered":"<div class=\"wp-block-image\"><figure><img src=\"https:\/\/vendedoradesonhos.com.br\/img\/sites\/img_nucleo_terra10.jpg\" alt=\"\" style=\"width:100%\"><figcaption>N\u00facleo terrestre<\/figcaption><\/figure><\/div><hr><\/p><p>\r\n\t<a href=\"https:\/\/doi.org\/10.1785\/0320260001\" target=\"_blank\">doi.org\/10.1785\/0320260001<\/a><br><a href=\"https:\/\/vendedoradesonhos.com.br\/credibilidade_estudo.php?c=41906\">Credibilidade<\/a>: <font color=\"#00FFFF\">9<\/font><font color=\"#00FF00\">8<\/font><font color=\"#FFFF00\">9<\/font><br><a href=''https:\/\/terrarara.com.br\"s=n\u00facleo''>#N\u00facleo<\/a>\u00a0<\/p><p><\/p><p>\r\n\t<!-- audio --><\/p><p>\r\n<button onclick=\"this.nextElementSibling.play()\" style=\"padding:12px 25px; font-size:18px; border:none; border-radius:8px; cursor:pointer;\">Ouvir<\/button><audio src=\"https:\/\/vendedoradesonhos.com.br\/audios\/41906.mp3\" preload=\"none\"><\/audio><\/p><p>\r\n\t<strong> Cientistas acabam de revelar, por meio de uma an\u00e1lise global de dados s\u00edsmicos, que o limite inferior do manto terrestre est\u00e1 sofrendo deforma\u00e7\u00f5es generalizadas. <\/p><p>\r\n<\/strong><\/p><p>Essas mudan\u00e7as ocorrem exatamente na fronteira com o n\u00facleo externo do planeta, uma regi\u00e3o extrema onde as rochas enfrentam press\u00f5es e temperaturas inimagin\u00e1veis.\r\n<\/p><p>\r\nPara entender melhor, imagine a estrutura da Terra como uma cebola gigante. No centro est\u00e1 o n\u00facleo, feito principalmente de ferro e n\u00edquel, com uma parte externa l\u00edquida que gera o campo magn\u00e9tico que nos protege. Acima dele fica o manto, uma camada espessa de rochas quentes e semi-s\u00f3lidas que se movem muito lentamente ao longo de milh\u00f5es de anos, como um fluxo de mel grosso. Esse movimento do manto \u00e9 o que impulsiona as placas tect\u00f4nicas na superf\u00edcie, causando terremotos, vulc\u00f5es e a deriva dos continentes.\r\n<\/p><p>\r\nAt\u00e9 agora, os pesquisadores conheciam bem as deforma\u00e7\u00f5es no manto superior, influenciadas diretamente pelo arrasto das placas tect\u00f4nicas. No entanto, o que acontece no manto inferior, bem pr\u00f3ximo ao n\u00facleo, permanecia um mist\u00e9rio em grande escala. Um novo estudo liderado por Jonathan Wolf, da Universidade da Calif\u00f3rnia em Berkeley, mudou isso. A equipe analisou mais de 16 milh\u00f5es de sismogramas &#8211; registros de ondas s\u00edsmicas geradas por terremotos ao redor do mundo &#8220;, vindos de 24 centros de dados diferentes. Foi a maior compila\u00e7\u00e3o desse tipo j\u00e1 feita.\r\n<\/p><p>\r\nEles se concentraram em ondas de cisalhamento que viajam pelo manto, entram no n\u00facleo e retornam. Essas ondas revelam a anisotropia s\u00edsmica, ou seja, varia\u00e7\u00f5es na velocidade das ondas dependendo da dire\u00e7\u00e3o em que viajam. Essa anisotropia funciona como uma esp\u00e9cie de &#8220;impress\u00e3o digital? das rochas, mostrando como o material foi esticado, torcido ou reorganizado por correntes internas.<\/p><p>\r\nOs resultados surpreenderam: em cerca de dois ter\u00e7os das regi\u00f5es analisadas &#8211; que cobrem quase 75% do manto inferior &#8220;, detectou-se anisotropia clara. O mais interessante \u00e9 que essas deforma\u00e7\u00f5es se concentram especialmente em \u00e1reas onde placas tect\u00f4nicas antigas, que afundaram (subduziram) ao longo de milh\u00f5es de anos, se acumularam perto da fronteira com o n\u00facleo. \u00c9 como se &#8220;cemit\u00e9rios? de placas antigas estivessem influenciando o fluxo profundo do manto.\r\n<\/p><p>\r\nOs cientistas ainda investigam as causas exatas. Pode ser uma anisotropia &#8220;f\u00f3ssil&#8221;, preservada desde quando as placas estavam pr\u00f3ximas \u00e0 superf\u00edcie. Ou ent\u00e3o uma deforma\u00e7\u00e3o intensa causada pelo atrito com o n\u00facleo l\u00edquido. Outra possibilidade envolve mudan\u00e7as nos minerais sob press\u00e3o e calor extremos, criando novas estruturas internas nas rochas. Em algumas \u00e1reas, o sinal \u00e9 fraco ou ausente, mas isso n\u00e3o significa aus\u00eancia de movimento &#8211; pode ser apenas dif\u00edcil de detectar com os m\u00e9todos atuais.\r\n<\/p><p>\r\nEssa descoberta \u00e9 importante porque ajuda a entender melhor a circula\u00e7\u00e3o geral do manto terrestre e como ela se conecta aos processos na superf\u00edcie. O fluxo profundo influencia a distribui\u00e7\u00e3o de calor, o que, por sua vez, afeta a din\u00e2mica do n\u00facleo e a estabilidade do campo magn\u00e9tico que nos protege da radia\u00e7\u00e3o solar. Modelos geodin\u00e2micos j\u00e1 previam algo assim, mas agora h\u00e1 evid\u00eancias diretas em escala global.<\/p><p>\r\nJonathan Wolf explicou que, enquanto o manto superior \u00e9 bem mapeado pelo movimento das placas, o inferior ainda precisava de mais luz. &#8220;Queremos chegar a uma compreens\u00e3o em grande escala do fluxo no manto mais profundo&#8221;, disse ele. No futuro, com mais dados e an\u00e1lises de anisotropia em diferentes escalas, os pesquisadores esperam mapear dire\u00e7\u00f5es de fluxo globais com maior precis\u00e3o, como se iluminassem o interior da Terra de v\u00e1rios \u00e2ngulos.\r\n<\/p><p>\r\nO estudo, publicado em 1\u00ba de abril de 2026 na revista &#8220;The Seismic Record&#8221;, representa um tesouro de informa\u00e7\u00f5es para futuras pesquisas sobre o interior profundo do nosso planeta. Embora ainda haja muito a descobrir &#8211; afinal, nunca chegaremos fisicamente a essas profundidades &#8220;, cada avan\u00e7o s\u00edsmico nos aproxima de compreender como a Terra funciona como um sistema din\u00e2mico, vivo e em constante transforma\u00e7\u00e3o.\r\n<\/p><p>\r\nEsses movimentos misteriosos a 1.800 milhas de profundidade nos lembram que, mesmo abaixo dos nossos p\u00e9s, o planeta continua ativo e cheio de surpresas. Com o tempo, esse conhecimento pode melhorar previs\u00f5es sobre fen\u00f4menos geol\u00f3gicos e at\u00e9 ajudar a entender melhor a evolu\u00e7\u00e3o da Terra ao longo de bilh\u00f5es de anos.\r\n<\/p><p>\r\n<hr>\r\n\r\n<p style=\"text-align:right\"><em>Publicado em 06\/04\/2026 12h42<\/em><\/p>\r\n<hr>\r\n<p style=\"text-align:right\"><em><a href=\"https:\/\/terrarara.com.br\/en\/?page_id=3752\">English version<\/a><\/em><\/p>\r\n<hr>\r\n\r\n\t\t\t<hr>\r\n\t\r\n\t\t\t\r\n\r\n<p>Estudo original: <\/p>\r\n\r\n\r\n\r\n<ul><li><a href=\"https:\/\/doi.org\/10.1785\/0320260001\" target=\"_blank\">https:\/\/doi.org\/10.1785\/0320260001<\/a><\/li><\/ul>\r\n\r\n\r\n\r\n<hr class=\"wp-block-separator is-style-wide\"\/>\r\n\r\n<div style=\"position: buttonline;\"><iframe loading=\"lazy\" src=\"https:\/\/vendedoradesonhos.com.br\/rodape_sites.php?arg=41906\" frameborder=\"0\" height=\"420px\" width=\"100%\"><\/iframe><\/div>\r\n<div style=\"position: buttonline;\"><iframe loading=\"lazy\" src=\"https:\/\/vendedoradesonhos.com.br\/comentario_navegacao.php?arg=41906\" frameborder=\"0\" height=\"500px\" width=\"100%\"><\/iframe><\/div>\r\n<div style=\"position:absolute; width:40%; height:70px; top:-70px; left:0px;\"><iframe loading=\"lazy\" src=\"https:\/\/vendedoradesonhos.com.br\/oferta_site_esq.php?arg=41906\" frameborder=\"0\" height=\"100%\" width=\"100%\"><\/iframe><\/div>\r\n<div style=\"position:absolute; width:40%; height:70px; top:-70px; right:0px;\"><iframe loading=\"lazy\" src=\"https:\/\/vendedoradesonhos.com.br\/oferta_site_dir.php?arg=41906\" frameborder=\"0\" height=\"100%;\" width=\"100%\"><\/iframe><\/div>\r\n\r\n<div class=\"wp-block-image\"><figure><iframe loading=\"lazy\" src=\"https:\/\/vendedoradesonhos.com.br\/oferta_site_central.php\" width=\"100%\" height=\"330\" frameborder=\"0\"><\/iframe><figcaption>{teste}<\/figcaption><\/figure><\/div><hr>","protected":false},"excerpt":{"rendered":"","protected":false},"author":1,"featured_media":0,"parent":6883,"menu_order":0,"comment_status":"closed","ping_status":"closed","template":"","meta":[],"_links":{"self":[{"href":"https:\/\/terrarara.com.br\/index.php?rest_route=\/wp\/v2\/pages\/26631"}],"collection":[{"href":"https:\/\/terrarara.com.br\/index.php?rest_route=\/wp\/v2\/pages"}],"about":[{"href":"https:\/\/terrarara.com.br\/index.php?rest_route=\/wp\/v2\/types\/page"}],"author":[{"embeddable":true,"href":"https:\/\/terrarara.com.br\/index.php?rest_route=\/wp\/v2\/users\/1"}],"replies":[{"embeddable":true,"href":"https:\/\/terrarara.com.br\/index.php?rest_route=%2Fwp%2Fv2%2Fcomments&post=26631"}],"version-history":[{"count":0,"href":"https:\/\/terrarara.com.br\/index.php?rest_route=\/wp\/v2\/pages\/26631\/revisions"}],"up":[{"embeddable":true,"href":"https:\/\/terrarara.com.br\/index.php?rest_route=\/wp\/v2\/pages\/6883"}],"wp:attachment":[{"href":"https:\/\/terrarara.com.br\/index.php?rest_route=%2Fwp%2Fv2%2Fmedia&parent=26631"}],"curies":[{"name":"wp","href":"https:\/\/api.w.org\/{rel}","templated":true}]}}