{"id":26629,"date":"2026-04-04T01:39:35","date_gmt":"2026-04-04T01:39:35","guid":{"rendered":"https:\/\/terrarara.com.br\/?page_id=26629"},"modified":"2026-04-04T01:39:35","modified_gmt":"2026-04-04T01:39:35","slug":"uma-nova-descoberta-surpreendente-reescreve-a-origem-da-terra","status":"publish","type":"page","link":"https:\/\/terrarara.com.br\/?page_id=26629","title":{"rendered":"Uma nova descoberta surpreendente reescreve a origem da Terra"},"content":{"rendered":"<div class=\"wp-block-image\"><figure><img src=\"https:\/\/vendedoradesonhos.com.br\/img\/sites\/img_terra_antiga.jpg\" alt=\"\" style=\"width:100%\"><figcaption>Terra antiga<\/figcaption><\/figure><\/div><hr><\/p><p>\r\n\t<a href=\"https:\/\/doi.org\/10.1038\/s41550-026-02824-7\" target=\"_blank\">doi.org\/10.1038\/s41550-026-02824-7<\/a><br><a href=\"https:\/\/vendedoradesonhos.com.br\/credibilidade_estudo.php?c=41895\">Credibilidade<\/a>: <font color=\"#00FFFF\">9<\/font><font color=\"#00FF00\">8<\/font><font color=\"#FFFF00\">9<\/font><br><a href=''https:\/\/terrarara.com.br\"s=terra''>#Terra<\/a>\u00a0<\/p><p><\/p><p>\r\n\t<!-- audio --><\/p><p>\r\n<button onclick=\"this.nextElementSibling.play()\" style=\"padding:12px 25px; font-size:18px; border:none; border-radius:8px; cursor:pointer;\">Ouvir<\/button><audio src=\"https:\/\/vendedoradesonhos.com.br\/audios\/41895.mp3\" preload=\"none\"><\/audio><\/p><p>\r\n\t<strong>Cientistas de Zurique, na Su\u00ed\u00e7a, fizeram uma descoberta que deixou todos realmente espantados<\/strong><\/p><p> Uma an\u00e1lise detalhada de is\u00f3topos em meteoritos est\u00e1 mudando completamente o que se pensava sobre como o nosso planeta se formou.\r\n<\/p><p>\r\nDurante muito tempo, os pesquisadores acreditavam que a Terra havia se formado com uma mistura de materiais vindos de diferentes regi\u00f5es do Sistema Solar. Estimava-se que entre 6% e 40% do material que constitui o nosso planeta teria vindo de \u00e1reas al\u00e9m de J\u00fapiter, na parte externa do Sistema Solar. Essa contribui\u00e7\u00e3o seria respons\u00e1vel por trazer elementos vol\u00e1teis, como a \u00e1gua, que s\u00e3o essenciais para a vida.\r\n<\/p><p>\r\nNo entanto, uma nova pesquisa realizada por Paolo Sossi e Dan Bower, do Instituto Federal de Tecnologia de Zurique (ETH Zurich), chega a uma conclus\u00e3o bem diferente. Usando m\u00e9todos estat\u00edsticos avan\u00e7ados e analisando dez sistemas isot\u00f3picos diferentes em meteoritos &#8211; muito mais do que os estudos anteriores, que geralmente olhavam apenas para dois &#8220;, os cientistas descobriram que a Terra se formou quase inteiramente a partir de material do Sistema Solar interno, pr\u00f3ximo ao Sol.\r\n<\/p><p>\r\nOs c\u00e1lculos mostram que a contribui\u00e7\u00e3o de material da regi\u00e3o externa foi m\u00ednima, provavelmente inferior a 2%, ou at\u00e9 inexistente. &#8220;Nossos c\u00e1lculos deixam claro: o material de constru\u00e7\u00e3o da Terra vem de um \u00fanico reservat\u00f3rio de material&#8221;, explicou Paolo Sossi. Dan Bower completou: &#8220;Ficamos verdadeiramente espantados ao descobrir que a Terra \u00e9 composta inteiramente de material do Sistema Solar interno, diferente de qualquer combina\u00e7\u00e3o conhecida de meteoritos existentes&#8221;.\r\n<\/p><p>\r\nEssa descoberta sugere que n\u00e3o houve uma mistura ampla entre os materiais do interior e do exterior do Sistema Solar durante a forma\u00e7\u00e3o da Terra. J\u00fapiter, com sua enorme gravidade, provavelmente atuou como uma barreira natural, impedindo que a maior parte do material mais distante chegasse at\u00e9 a regi\u00e3o onde nosso planeta se desenvolvia. Assim, a Terra cresceu de forma gradual, acumulando rochas e poeira que estavam pr\u00f3ximas dela em um ambiente relativamente est\u00e1vel.\r\n<\/p><p>\r\nUm ponto importante \u00e9 que isso muda a forma como pensamos sobre a origem da \u00e1gua no nosso planeta. Antes, imaginava-se que a \u00e1gua teria sido &#8220;trazida? por asteroides ou cometas vindos de longe. Agora, os dados indicam que os vol\u00e1teis, incluindo a \u00e1gua, j\u00e1 estavam presentes no material do Sistema Solar interno desde o come\u00e7o.\r\n<\/p><p>\r\nOs pesquisadores observaram que a composi\u00e7\u00e3o da Terra \u00e9 muito semelhante \u00e0 de Marte e do asteroide Vesta, o que sugere que os outros planetas rochosos, como V\u00eanus e Merc\u00fario, possam ter se formado de maneira parecida (embora ainda n\u00e3o tenhamos amostras de rochas desses planetas para confirmar).\r\n<\/p><p>\r\nEssa pesquisa, publicada na revista &#8220;Nature Astronomy&#8221;, foi feita tratando os dados como um &#8220;experimento de ci\u00eancia de dados&#8221;. Os cientistas usaram c\u00e1lculos estat\u00edsticos robustos, baseados apenas nas informa\u00e7\u00f5es dos is\u00f3topos, sem depender de suposi\u00e7\u00f5es f\u00edsicas ainda n\u00e3o totalmente compreendidas.\r\n<\/p><p>\r\nEmbora ainda haja debates acalorados entre os especialistas sobre os detalhes exatos da forma\u00e7\u00e3o dos planetas rochosos, essa descoberta traz uma vis\u00e3o mais simples e clara: a Terra e seus vizinhos se formaram principalmente com materiais locais, em um disco protoplanet\u00e1rio onde as regi\u00f5es interna e externa permaneceram bastante separadas.\r\n<\/p><p>\r\nEssa nova hist\u00f3ria da origem da Terra nos ajuda a entender melhor n\u00e3o s\u00f3 o nosso planeta, mas tamb\u00e9m como outros mundos rochosos se formam em diferentes sistemas estelares. E, como os pr\u00f3prios pesquisadores admitem, as discuss\u00f5es sobre o tema est\u00e3o longe de acabar &#8211; o que torna a ci\u00eancia ainda mais emocionante.\r\n<\/p><p>\r\n<blockquote class=\"twitter-tweet\" data-media-max-width=\"560\"><p lang=\"pt\" dir=\"ltr\">Uma nova descoberta surpreendente reescreve a origem da Terra<a href=\"https:\/\/twitter.com\/hashtag\/Terra?src=hash&amp;ref_src=twsrc%5Etfw\">#Terra<\/a><br><br>Cientistas de Zurique, na Su\u00ed\u00e7a, fizeram uma descoberta que deixou todos realmente espantados<br>Veja em:<a href=\"https:\/\/t.co\/LZHxFPTd7M\">https:\/\/t.co\/LZHxFPTd7M<\/a> <a href=\"https:\/\/t.co\/sCy7Etiz1v\">pic.twitter.com\/sCy7Etiz1v<\/a><\/p>&mdash; Terra Rara??????&#x646; (@Terra_Rara) <a href=\"https:\/\/twitter.com\/Terra_Rara\/status\/2040257757815746788?ref_src=twsrc%5Etfw\">April 4, 2026<\/a><\/blockquote> <script async src=\"https:\/\/platform.twitter.com\/widgets.js\" charset=\"utf-8\"><\/script>\r\n<hr>\r\n\r\n<p style=\"text-align:right\"><em>Publicado em 04\/04\/2026 01h39<\/em><\/p>\r\n<hr>\r\n<p style=\"text-align:right\"><em><a href=\"https:\/\/terrarara.com.br\/en\/?page_id=3750\">English version<\/a><\/em><\/p>\r\n<hr>\r\n\r\n\t\t\t<hr>\r\n\t\r\n\t\t\t\r\n\r\n<p>Estudo original: <\/p>\r\n\r\n\r\n\r\n<ul><li><a href=\"https:\/\/doi.org\/10.1038\/s41550-026-02824-7\" target=\"_blank\">https:\/\/doi.org\/10.1038\/s41550-026-02824-7<\/a><\/li><\/ul>\r\n\r\n\r\n\r\n<hr class=\"wp-block-separator is-style-wide\"\/>\r\n\r\n<div style=\"position: buttonline;\"><iframe loading=\"lazy\" src=\"https:\/\/vendedoradesonhos.com.br\/rodape_sites.php?arg=41895\" frameborder=\"0\" height=\"420px\" width=\"100%\"><\/iframe><\/div>\r\n<div style=\"position: buttonline;\"><iframe loading=\"lazy\" src=\"https:\/\/vendedoradesonhos.com.br\/comentario_navegacao.php?arg=41895\" frameborder=\"0\" height=\"500px\" width=\"100%\"><\/iframe><\/div>\r\n<div style=\"position:absolute; width:40%; height:70px; top:-70px; left:0px;\"><iframe loading=\"lazy\" src=\"https:\/\/vendedoradesonhos.com.br\/oferta_site_esq.php?arg=41895\" frameborder=\"0\" height=\"100%\" width=\"100%\"><\/iframe><\/div>\r\n<div style=\"position:absolute; width:40%; height:70px; top:-70px; right:0px;\"><iframe loading=\"lazy\" src=\"https:\/\/vendedoradesonhos.com.br\/oferta_site_dir.php?arg=41895\" frameborder=\"0\" height=\"100%;\" width=\"100%\"><\/iframe><\/div>\r\n\r\n<div class=\"wp-block-image\"><figure><iframe loading=\"lazy\" src=\"https:\/\/vendedoradesonhos.com.br\/oferta_site_central.php\" width=\"100%\" height=\"330\" frameborder=\"0\"><\/iframe><figcaption>{teste}<\/figcaption><\/figure><\/div><hr>","protected":false},"excerpt":{"rendered":"","protected":false},"author":1,"featured_media":0,"parent":15,"menu_order":0,"comment_status":"closed","ping_status":"closed","template":"","meta":[],"_links":{"self":[{"href":"https:\/\/terrarara.com.br\/index.php?rest_route=\/wp\/v2\/pages\/26629"}],"collection":[{"href":"https:\/\/terrarara.com.br\/index.php?rest_route=\/wp\/v2\/pages"}],"about":[{"href":"https:\/\/terrarara.com.br\/index.php?rest_route=\/wp\/v2\/types\/page"}],"author":[{"embeddable":true,"href":"https:\/\/terrarara.com.br\/index.php?rest_route=\/wp\/v2\/users\/1"}],"replies":[{"embeddable":true,"href":"https:\/\/terrarara.com.br\/index.php?rest_route=%2Fwp%2Fv2%2Fcomments&post=26629"}],"version-history":[{"count":0,"href":"https:\/\/terrarara.com.br\/index.php?rest_route=\/wp\/v2\/pages\/26629\/revisions"}],"up":[{"embeddable":true,"href":"https:\/\/terrarara.com.br\/index.php?rest_route=\/wp\/v2\/pages\/15"}],"wp:attachment":[{"href":"https:\/\/terrarara.com.br\/index.php?rest_route=%2Fwp%2Fv2%2Fmedia&parent=26629"}],"curies":[{"name":"wp","href":"https:\/\/api.w.org\/{rel}","templated":true}]}}