{"id":26628,"date":"2026-04-02T18:28:30","date_gmt":"2026-04-02T18:28:30","guid":{"rendered":"https:\/\/terrarara.com.br\/?page_id=26628"},"modified":"2026-04-02T18:28:30","modified_gmt":"2026-04-02T18:28:30","slug":"marte-antigo-pode-ter-sido-quente-umido-e-possivelmente-habitado","status":"publish","type":"page","link":"https:\/\/terrarara.com.br\/?page_id=26628","title":{"rendered":"Marte antigo pode ter sido quente, \u00damido e possivelmente habitado"},"content":{"rendered":"<div class=\"wp-block-image\"><figure><img src=\"https:\/\/vendedoradesonhos.com.br\/upload\/1\/sites\/26\/img_41890_1200.jpg\" alt=\"\" style=\"width:100%\"><figcaption>Representa\u00e7\u00e3o art\u00edstica de como Marte poderia ficar ao longo do tempo se fossem feitos esfor\u00e7os para criar um campo magn\u00e9tico artificial que enriquecesse sua atmosfera e a tornasse mais hospitaleira para exploradores e cientistas. (NASA)<\/figcaption><\/figure><\/div><hr><\/p><p>\r\n\t<a href=\"https:\/\/doi.org\/10.1038\/s43247-025-02856-3\" target=\"_blank\">doi.org\/10.1038\/s43247-025-02856-3<\/a><br><a href=\"https:\/\/vendedoradesonhos.com.br\/credibilidade_estudo.php?c=41890\">Credibilidade<\/a>: <font color=\"#00FFFF\">9<\/font><font color=\"#00FF00\">8<\/font><font color=\"#FFFF00\">9<\/font><br><a href=''https:\/\/terrarara.com.br\"s=marte''>#Marte<\/a>\u00a0<\/p><p><\/p><p>\r\n\t<!-- audio --><\/p><p>\r\n<button onclick=\"this.nextElementSibling.play()\" style=\"padding:12px 25px; font-size:18px; border:none; border-radius:8px; cursor:pointer;\">Ouvir<\/button><audio src=\"https:\/\/vendedoradesonhos.com.br\/audios\/41890.mp3\" preload=\"none\"><\/audio><\/p><p>\r\n\t<strong>Uma nova pesquisa revela que, h\u00e1 bilh\u00f5es de anos, partes de Marte tiveram um clima quente e \u00famido por longos per\u00edodos, com chuvas intensas e condi\u00e7\u00f5es que poderiam ter favorecido o surgimento da vida<\/strong><\/p><p> Essa descoberta desafia a ideia antiga de que o planeta era, desde o in\u00edcio, frio e coberto de gelo.\r\n<\/p><p>\r\nOs cientistas analisaram minerais de argila encontrados em Marte, especialmente no interior do antigo lago do cratera Jezero, onde o rover Perseverance da NASA pousou em 2021. Esses minerais, conhecidos como caulinita, s\u00e3o ricos em alum\u00ednio e pobres em ferro e magn\u00e9sio. Essa composi\u00e7\u00e3o indica que eles foram formados n\u00e3o por \u00e1gua quente e tempor\u00e1ria (como a de vulc\u00f5es ou impactos de meteoritos), mas por chuvas persistentes e temperaturas moderadas ao longo de milhares ou at\u00e9 milh\u00f5es de anos.\r\n<\/p><p>\r\nNa \u00e9poca chamada Noachiana (entre 4,1 e 3,7 bilh\u00f5es de anos atr\u00e1s), Marte passava por um per\u00edodo de muitos impactos de asteroides, que criaram grandes bacias como Hellas e Argyre. Apesar dessa viol\u00eancia, h\u00e1 evid\u00eancias claras de rios, lagos, deltas e vales esculpidos pela \u00e1gua. Os pesquisadores compararam as argilas marcianas com forma\u00e7\u00f5es semelhantes na Terra de \u00e9pocas em que o clima era quente e \u00famido, como em per\u00edodos de estufa.\r\n<\/p><p>\r\nEmbora o Sol fosse cerca de 30% mais fraco naquela \u00e9poca, uma atmosfera espessa e rica em gases de efeito estufa poderia ter mantido o planeta aquecido o suficiente para permitir \u00e1gua l\u00edquida em abund\u00e2ncia. Os dados do Perseverance sugerem que, pelo menos em algumas regi\u00f5es, Marte viveu intervalos \u00famidos prolongados, possivelmente os mais habit\u00e1veis de toda a sua hist\u00f3ria.\r\n<\/p><p>\r\nEssas condi\u00e7\u00f5es favor\u00e1veis coincidem com a descoberta recente de poss\u00edveis sinais biol\u00f3gicos no mesmo local. Amostras coletadas pelo rover est\u00e3o guardadas para uma futura miss\u00e3o que as traga de volta \u00e0 Terra &#8211; embora essa miss\u00e3o tenha sido cancelada pela NASA, o que pode atrasar as an\u00e1lises por muitos anos.\r\n<\/p><p>\r\nImagina s\u00f3: bilh\u00f5es de anos antes de os primeiros humanos existirem, o que hoje \u00e9 um deserto frio e ventoso pode ter sido um ambiente tropical, com rios correndo e, quem sabe, formas de vida primitivas. Essa nova vis\u00e3o torna Marte ainda mais fascinante e refor\u00e7a a import\u00e2ncia de continuar explorando o planeta vermelho para entender melhor seu passado e o nosso pr\u00f3prio.\r\n<\/p><p>\r\n<iframe loading=\"lazy\" width=\"100%\" height=\"400\" src=\"https:\/\/www.youtube.com\/embed\/N_40yTOvAnw\" title=\"Marte antigo pode ter sido quente, \u00damido e possivelmente habitado\" frameborder=\"0\" allow=\"accelerometer; autoplay; clipboard-write; encrypted-media; gyroscope; picture-in-picture; web-share\" referrerpolicy=\"strict-origin-when-cross-origin\" allowfullscreen><\/iframe>\r\n<hr>\r\n\r\n<p style=\"text-align:right\"><em>Publicado em 02\/04\/2026 18h28<\/em><\/p>\r\n<hr>\r\n<p style=\"text-align:right\"><em><a href=\"https:\/\/terrarara.com.br\/en\/?page_id=3749\">English version<\/a><\/em><\/p>\r\n<hr>\r\n\r\n\t\t\t<hr>\r\n\t\r\n\t\t\t\r\n\r\n<p>Estudo original: <\/p>\r\n\r\n\r\n\r\n<ul><li><a href=\"https:\/\/doi.org\/10.1038\/s43247-025-02856-3\" target=\"_blank\">https:\/\/doi.org\/10.1038\/s43247-025-02856-3<\/a><\/li><\/ul>\r\n\r\n\r\n\r\n<hr class=\"wp-block-separator is-style-wide\"\/>\r\n\r\n<div style=\"position: buttonline;\"><iframe loading=\"lazy\" src=\"https:\/\/vendedoradesonhos.com.br\/rodape_sites.php?arg=41890\" frameborder=\"0\" height=\"420px\" width=\"100%\"><\/iframe><\/div>\r\n<div style=\"position: buttonline;\"><iframe loading=\"lazy\" src=\"https:\/\/vendedoradesonhos.com.br\/comentario_navegacao.php?arg=41890\" frameborder=\"0\" height=\"500px\" width=\"100%\"><\/iframe><\/div>\r\n<div style=\"position:absolute; width:40%; height:70px; top:-70px; left:0px;\"><iframe loading=\"lazy\" src=\"https:\/\/vendedoradesonhos.com.br\/oferta_site_esq.php?arg=41890\" frameborder=\"0\" height=\"100%\" width=\"100%\"><\/iframe><\/div>\r\n<div style=\"position:absolute; width:40%; height:70px; top:-70px; right:0px;\"><iframe loading=\"lazy\" src=\"https:\/\/vendedoradesonhos.com.br\/oferta_site_dir.php?arg=41890\" frameborder=\"0\" height=\"100%;\" width=\"100%\"><\/iframe><\/div>\r\n\r\n<div class=\"wp-block-image\"><figure><iframe loading=\"lazy\" src=\"https:\/\/vendedoradesonhos.com.br\/oferta_site_central.php\" width=\"100%\" height=\"330\" frameborder=\"0\"><\/iframe><figcaption>{teste}<\/figcaption><\/figure><\/div><hr>","protected":false},"excerpt":{"rendered":"","protected":false},"author":1,"featured_media":0,"parent":17,"menu_order":0,"comment_status":"closed","ping_status":"closed","template":"","meta":[],"_links":{"self":[{"href":"https:\/\/terrarara.com.br\/index.php?rest_route=\/wp\/v2\/pages\/26628"}],"collection":[{"href":"https:\/\/terrarara.com.br\/index.php?rest_route=\/wp\/v2\/pages"}],"about":[{"href":"https:\/\/terrarara.com.br\/index.php?rest_route=\/wp\/v2\/types\/page"}],"author":[{"embeddable":true,"href":"https:\/\/terrarara.com.br\/index.php?rest_route=\/wp\/v2\/users\/1"}],"replies":[{"embeddable":true,"href":"https:\/\/terrarara.com.br\/index.php?rest_route=%2Fwp%2Fv2%2Fcomments&post=26628"}],"version-history":[{"count":0,"href":"https:\/\/terrarara.com.br\/index.php?rest_route=\/wp\/v2\/pages\/26628\/revisions"}],"up":[{"embeddable":true,"href":"https:\/\/terrarara.com.br\/index.php?rest_route=\/wp\/v2\/pages\/17"}],"wp:attachment":[{"href":"https:\/\/terrarara.com.br\/index.php?rest_route=%2Fwp%2Fv2%2Fmedia&parent=26628"}],"curies":[{"name":"wp","href":"https:\/\/api.w.org\/{rel}","templated":true}]}}