{"id":26626,"date":"2026-04-01T00:51:42","date_gmt":"2026-04-01T00:51:42","guid":{"rendered":"https:\/\/terrarara.com.br\/?page_id=26626"},"modified":"2026-04-01T00:51:42","modified_gmt":"2026-04-01T00:51:42","slug":"os-ciclos-antigos-do-gelo-da-antartica-controlavam-a-vida-em-oceanos-distantes","status":"publish","type":"page","link":"https:\/\/terrarara.com.br\/?page_id=26626","title":{"rendered":"Os ciclos antigos do gelo da Ant\u00e1rtica controlavam a vida em oceanos distantes"},"content":{"rendered":"<div class=\"wp-block-image\"><figure><img src=\"https:\/\/vendedoradesonhos.com.br\/upload\/1\/sites\/26\/img_41880_1200.jpg\" alt=\"\" style=\"width:100%\"><figcaption>Acima \u00e0 esquerda, Oscar Cavazos (Especialista em Laborat\u00f3rio Marinho, IODP JRSO) junta-se a outros t\u00e9cnicos marinhos na prepara\u00e7\u00e3o do n\u00facleo que ser\u00e1 seccionado na passarela. Cr\u00e9dito: Erick Bravo, IODP JRSO<\/figcaption><\/figure><\/div><hr><\/p><p>\r\n\t<a href=\"https:\/\/doi.org\/10.1073\/pnas.2424082123\" target=\"_blank\">doi.org\/10.1073\/pnas.2424082123<\/a><br><a href=\"https:\/\/vendedoradesonhos.com.br\/credibilidade_estudo.php?c=41880\">Credibilidade<\/a>: <font color=\"#00FFFF\">9<\/font><font color=\"#00FF00\">8<\/font><font color=\"#FFFF00\">9<\/font><br><a href=''https:\/\/terrarara.com.br\"s=ant\u00e1rtica''>#Ant\u00e1rtica<\/a>\u00a0<\/p><p><\/p><p>\r\n\t<!-- audio --><\/p><p>\r\n<button onclick=\"this.nextElementSibling.play()\" style=\"padding:12px 25px; font-size:18px; border:none; border-radius:8px; cursor:pointer;\">Ouvir<\/button><audio src=\"https:\/\/vendedoradesonhos.com.br\/audios\/41880.mp3\" preload=\"none\"><\/audio><\/p><p>\r\n\t<strong>H\u00e1 milh\u00f5es de anos, as varia\u00e7\u00f5es no tamanho da camada de gelo da Ant\u00e1rtica influenciavam diretamente a vida marinha em regi\u00f5es subtropicais, a milhares de quil\u00f4metros de dist\u00e2ncia<\/strong><\/p><p> Um novo estudo revela que um ciclo astron\u00f4mico sutil, relacionado \u00e0 inclina\u00e7\u00e3o da Terra, desempenhava um papel surpreendente ao regular a produtividade biol\u00f3gica nos oceanos mais quentes do planeta.\r\n<\/p><p>\r\nPesquisadores da Universidade de Wisconsin-Madison descobriram que, por volta de 34 milh\u00f5es de anos atr\u00e1s, quando a camada de gelo ant\u00e1rtica come\u00e7ava a se expandir de forma significativa, o chamado ciclo de obliquidade &#8211; que dura cerca de 40 mil anos e afeta o \u00e2ngulo de inclina\u00e7\u00e3o da Terra &#8211; dominava as mudan\u00e7as na circula\u00e7\u00e3o oce\u00e2nica. Esse ciclo, que \u00e9 mais forte nas regi\u00f5es polares, acabou controlando o fluxo de nutrientes que chegavam \u00e0s \u00e1guas subtropicais, alimentando o crescimento de organismos marinhos.\r\n<\/p><p>\r\nOs cientistas chegaram a essa conclus\u00e3o analisando amostras de sedimentos do fundo do mar, coletadas em expedi\u00e7\u00f5es de perfura\u00e7\u00e3o oce\u00e2nica entre 2020 e 2022, a bordo do navio de pesquisa JOIDES Resolution. Esses sedimentos guardam marcas qu\u00edmicas que registram a atividade biol\u00f3gica antiga nos oceanos. Alexandra Villa, que participou da expedi\u00e7\u00e3o e hoje \u00e9 pesquisadora na Alemanha, explica que hoje cerca de tr\u00eas quartos da produtividade marinha nas regi\u00f5es ao norte de 30 graus de latitude sul dependem de nutrientes vindos do Oceano Austral, que circunda a Ant\u00e1rtica. Essas \u00e1guas ricas em nutrientes afundam e depois sobem novamente em latitudes mais baixas, fertilizando a superf\u00edcie do mar.\r\n<\/p><p>\r\nQuando a camada de gelo ant\u00e1rtica cresceu o suficiente para alcan\u00e7ar o Oceano Austral, o ritmo de 40 mil anos das varia\u00e7\u00f5es no gelo passou a influenciar diretamente a distribui\u00e7\u00e3o desses nutrientes, alterando a quantidade de vida nos oceanos subtropicais. Stephen Meyers, professor de geoci\u00eancias e um dos autores principais do estudo, destaca que o sistema clim\u00e1tico da Terra \u00e9 extremamente interconectado: mudan\u00e7as em uma regi\u00e3o polar podem se propagar de formas inesperadas, afetando cadeias alimentares distantes.\r\n<\/p><p>\r\nO artigo, publicado na revista &#8220;Proceedings of the National Academy of Sciences&#8221;, refor\u00e7a a ideia de &#8220;teleconex\u00f5es globais? &#8211; liga\u00e7\u00f5es clim\u00e1ticas que unem partes distantes do planeta. Os pesquisadores observam que, embora outros ciclos astron\u00f4micos costumem ter maior influ\u00eancia em regi\u00f5es pr\u00f3ximas ao Equador, nesse per\u00edodo espec\u00edfico o ciclo de obliquidade se destacou de maneira clara.\r\n<\/p><p>\r\nEssa descoberta ajuda a entender melhor como o clima global funcionava no passado e mostra como pequenas varia\u00e7\u00f5es na inclina\u00e7\u00e3o da Terra podiam reverberar por todo o planeta, regulando a vida nos oceanos atrav\u00e9s da circula\u00e7\u00e3o de nutrientes. O estudo ressalta a din\u00e2mica surpreendente do sistema terrestre e a import\u00e2ncia das conex\u00f5es entre gelo polar, oceanos e vida marinha.\r\n<\/p><p>\r\n<hr>\r\n\r\n<p style=\"text-align:right\"><em>Publicado em 01\/04\/2026 00h51<\/em><\/p>\r\n<hr>\r\n<p style=\"text-align:right\"><em><a href=\"https:\/\/terrarara.com.br\/en\/?page_id=3747\">English version<\/a><\/em><\/p>\r\n<hr>\r\n\r\n\t\t\t<hr>\r\n\t\r\n\t\t\t\r\n\r\n<p>Estudo original: <\/p>\r\n\r\n\r\n\r\n<ul><li><a href=\"https:\/\/doi.org\/10.1073\/pnas.2424082123\" target=\"_blank\">https:\/\/doi.org\/10.1073\/pnas.2424082123<\/a><\/li><\/ul>\r\n\r\n\r\n\r\n<hr class=\"wp-block-separator is-style-wide\"\/>\r\n\r\n<div style=\"position: buttonline;\"><iframe loading=\"lazy\" src=\"https:\/\/vendedoradesonhos.com.br\/rodape_sites.php?arg=41880\" frameborder=\"0\" height=\"420px\" width=\"100%\"><\/iframe><\/div>\r\n<div style=\"position: buttonline;\"><iframe loading=\"lazy\" src=\"https:\/\/vendedoradesonhos.com.br\/comentario_navegacao.php?arg=41880\" frameborder=\"0\" height=\"500px\" width=\"100%\"><\/iframe><\/div>\r\n<div style=\"position:absolute; width:40%; height:70px; top:-70px; left:0px;\"><iframe loading=\"lazy\" src=\"https:\/\/vendedoradesonhos.com.br\/oferta_site_esq.php?arg=41880\" frameborder=\"0\" height=\"100%\" width=\"100%\"><\/iframe><\/div>\r\n<div style=\"position:absolute; width:40%; height:70px; top:-70px; right:0px;\"><iframe loading=\"lazy\" src=\"https:\/\/vendedoradesonhos.com.br\/oferta_site_dir.php?arg=41880\" frameborder=\"0\" height=\"100%;\" width=\"100%\"><\/iframe><\/div>\r\n\r\n<div class=\"wp-block-image\"><figure><iframe loading=\"lazy\" src=\"https:\/\/vendedoradesonhos.com.br\/oferta_site_central.php\" width=\"100%\" height=\"330\" frameborder=\"0\"><\/iframe><figcaption>{teste}<\/figcaption><\/figure><\/div><hr>","protected":false},"excerpt":{"rendered":"","protected":false},"author":1,"featured_media":0,"parent":10,"menu_order":0,"comment_status":"closed","ping_status":"closed","template":"","meta":[],"_links":{"self":[{"href":"https:\/\/terrarara.com.br\/index.php?rest_route=\/wp\/v2\/pages\/26626"}],"collection":[{"href":"https:\/\/terrarara.com.br\/index.php?rest_route=\/wp\/v2\/pages"}],"about":[{"href":"https:\/\/terrarara.com.br\/index.php?rest_route=\/wp\/v2\/types\/page"}],"author":[{"embeddable":true,"href":"https:\/\/terrarara.com.br\/index.php?rest_route=\/wp\/v2\/users\/1"}],"replies":[{"embeddable":true,"href":"https:\/\/terrarara.com.br\/index.php?rest_route=%2Fwp%2Fv2%2Fcomments&post=26626"}],"version-history":[{"count":0,"href":"https:\/\/terrarara.com.br\/index.php?rest_route=\/wp\/v2\/pages\/26626\/revisions"}],"up":[{"embeddable":true,"href":"https:\/\/terrarara.com.br\/index.php?rest_route=\/wp\/v2\/pages\/10"}],"wp:attachment":[{"href":"https:\/\/terrarara.com.br\/index.php?rest_route=%2Fwp%2Fv2%2Fmedia&parent=26626"}],"curies":[{"name":"wp","href":"https:\/\/api.w.org\/{rel}","templated":true}]}}