{"id":26625,"date":"2026-03-29T20:01:58","date_gmt":"2026-03-29T20:01:58","guid":{"rendered":"https:\/\/terrarara.com.br\/?page_id=26625"},"modified":"2026-03-29T20:01:58","modified_gmt":"2026-03-29T20:01:58","slug":"cacadores-de-baleias-antigos-no-brasil-desafiam-ideias-cientificas-antigas","status":"publish","type":"page","link":"https:\/\/terrarara.com.br\/?page_id=26625","title":{"rendered":"Ca\u00e7adores de baleias antigos no Brasil desafiam ideias cient\u00edficas antigas"},"content":{"rendered":"<div class=\"wp-block-image\"><figure><img src=\"https:\/\/vendedoradesonhos.com.br\/upload\/1\/sites\/26\/img_41871_1200.jpg\" alt=\"\" style=\"width:100%\"><figcaption>Comunidades ind\u00edgenas ca\u00e7ando cet\u00e1ceos h\u00e1 5.000 anos. Cr\u00e9dito: Patricia del Amo Mart\u00edn. ICTA-UAB<\/figcaption><\/figure><\/div><hr><\/p><p>\r\n\t<a href=\"https:\/\/doi.org\/10.1038\/s41467-025-67530-w\" target=\"_blank\">doi.org\/10.1038\/s41467-025-67530-w<\/a><br><a href=\"https:\/\/vendedoradesonhos.com.br\/credibilidade_estudo.php?c=41871\">Credibilidade<\/a>: <font color=\"#00FFFF\">9<\/font><font color=\"#00FF00\">8<\/font><font color=\"#FFFF00\">9<\/font><br><a href=''https:\/\/terrarara.com.br\"s=ca\u00e7adores de baleias''>#Ca\u00e7adores de baleias<\/a>\u00a0<\/p><p><\/p><p>\r\n\t<!-- audio --><\/p><p>\r\n<button onclick=\"this.nextElementSibling.play()\" style=\"padding:12px 25px; font-size:18px; border:none; border-radius:8px; cursor:pointer;\">Ouvir<\/button><audio src=\"https:\/\/vendedoradesonhos.com.br\/audios\/41871.mp3\" preload=\"none\"><\/audio><\/p><p>\r\n\t<strong>H\u00e1 cerca de 5 mil anos, comunidades ind\u00edgenas que viviam no sul do Brasil j\u00e1 ca\u00e7avam baleias de grande porte na regi\u00e3o da Ba\u00eda da Babitonga, em Santa Catarina<\/strong><\/p><p> Essa descoberta surpreendente mostra que esses povos usavam ferramentas especializadas e estrat\u00e9gias coordenadas em grupo, mil anos antes do que se acreditava ser o in\u00edcio da ca\u00e7a \u00e0 baleia em grande escala no Hemisf\u00e9rio Norte.\r\n<\/p><p>\r\nOs sambaquis &#8211; grandes montes de conchas constru\u00eddos por essas sociedades costeiras &#8211; guardavam centenas de ossos de baleias com marcas de cortes, indicando que os animais eram abatidos e processados pelos humanos. Entre as esp\u00e9cies identificadas est\u00e3o a baleia-franca-austral, a jubarte, a azul, a sei, a cachalote e at\u00e9 golfinhos. Os pesquisadores encontraram tamb\u00e9m arp\u00f5es de osso de baleia, alguns dos maiores j\u00e1 descobertos na Am\u00e9rica do Sul, e partes desses arp\u00f5es foram achadas at\u00e9 mesmo em contextos de sepultamentos humanos.\r\n<\/p><p>\r\nEssa evid\u00eancia muda uma vis\u00e3o que os cientistas mantinham h\u00e1 muito tempo: a de que as sociedades costeiras da Am\u00e9rica do Sul eram basicamente coletoras de mariscos e pescadoras, sem pr\u00e1ticas avan\u00e7adas de ca\u00e7a a grandes cet\u00e1ceos. Agora, fica claro que os povos sambaqui possu\u00edam conhecimento t\u00e9cnico, organiza\u00e7\u00e3o social e estrat\u00e9gias especializadas para ca\u00e7ar baleias no mar, e n\u00e3o apenas aproveitavam animais encalhados na praia.\r\n<\/p><p>\r\nO estudo, liderado por pesquisadores da ICTA-UAB (Espanha) em parceria com cientistas brasileiros, analisou ossos e ferramentas preservados no Museu Arqueol\u00f3gico de Sambaqui de Joinville. Gra\u00e7as a t\u00e9cnicas avan\u00e7adas de identifica\u00e7\u00e3o molecular, foi poss\u00edvel confirmar as esp\u00e9cies e entender melhor o estilo de vida desses antigos habitantes.\r\n<\/p><p>\r\nAl\u00e9m de revelar uma hist\u00f3ria rica e complexa sobre as sociedades ind\u00edgenas do litoral brasileiro, a pesquisa traz insights importantes sobre o passado dos oceanos. Ela sugere, por exemplo, que algumas baleias, como as jubartes, frequentavam \u00e1guas mais ao sul no passado e que seu retorno recente \u00e0 regi\u00e3o pode ser parte de um processo natural de recoloniza\u00e7\u00e3o.\r\n<\/p><p>\r\nEssa nova perspectiva transforma a imagem dos povos sambaqui: eles n\u00e3o eram apenas coletores, mas tamb\u00e9m ca\u00e7adores de baleias habilidosos, cuja pr\u00e1tica contribuiu para sua presen\u00e7a densa e duradoura ao longo da costa brasileira por milhares de anos. Os resultados foram publicados na revista Nature Communications e destacam o enorme valor das cole\u00e7\u00f5es arqueol\u00f3gicas guardadas em museus, especialmente num momento em que muitos s\u00edtios originais desapareceram por causa do crescimento urbano.\r\n<\/p><p>\r\n<hr>\r\n\r\n<p style=\"text-align:right\"><em>Publicado em 29\/03\/2026 20h01<\/em><\/p>\r\n<hr>\r\n<p style=\"text-align:right\"><em><a href=\"https:\/\/terrarara.com.br\/en\/?page_id=3746\">English version<\/a><\/em><\/p>\r\n<hr>\r\n\r\n\t\t\t<hr>\r\n\t\r\n\t\t\t\r\n\r\n<p>Estudo original: <\/p>\r\n\r\n\r\n\r\n<ul><li><a href=\"https:\/\/doi.org\/10.1038\/s41467-025-67530-w\" target=\"_blank\">https:\/\/doi.org\/10.1038\/s41467-025-67530-w<\/a><\/li><\/ul>\r\n\r\n\r\n\r\n<hr class=\"wp-block-separator is-style-wide\"\/>\r\n\r\n<div style=\"position: buttonline;\"><iframe loading=\"lazy\" src=\"https:\/\/vendedoradesonhos.com.br\/rodape_sites.php?arg=41871\" frameborder=\"0\" height=\"420px\" width=\"100%\"><\/iframe><\/div>\r\n<div style=\"position: buttonline;\"><iframe loading=\"lazy\" src=\"https:\/\/vendedoradesonhos.com.br\/comentario_navegacao.php?arg=41871\" frameborder=\"0\" height=\"500px\" width=\"100%\"><\/iframe><\/div>\r\n<div style=\"position:absolute; width:40%; height:70px; top:-70px; left:0px;\"><iframe loading=\"lazy\" src=\"https:\/\/vendedoradesonhos.com.br\/oferta_site_esq.php?arg=41871\" frameborder=\"0\" height=\"100%\" width=\"100%\"><\/iframe><\/div>\r\n<div style=\"position:absolute; width:40%; height:70px; top:-70px; right:0px;\"><iframe loading=\"lazy\" src=\"https:\/\/vendedoradesonhos.com.br\/oferta_site_dir.php?arg=41871\" frameborder=\"0\" height=\"100%;\" width=\"100%\"><\/iframe><\/div>\r\n\r\n<div class=\"wp-block-image\"><figure><iframe loading=\"lazy\" src=\"https:\/\/vendedoradesonhos.com.br\/oferta_site_central.php\" width=\"100%\" height=\"330\" frameborder=\"0\"><\/iframe><figcaption>{teste}<\/figcaption><\/figure><\/div><hr>","protected":false},"excerpt":{"rendered":"","protected":false},"author":1,"featured_media":0,"parent":9604,"menu_order":0,"comment_status":"closed","ping_status":"closed","template":"","meta":[],"_links":{"self":[{"href":"https:\/\/terrarara.com.br\/index.php?rest_route=\/wp\/v2\/pages\/26625"}],"collection":[{"href":"https:\/\/terrarara.com.br\/index.php?rest_route=\/wp\/v2\/pages"}],"about":[{"href":"https:\/\/terrarara.com.br\/index.php?rest_route=\/wp\/v2\/types\/page"}],"author":[{"embeddable":true,"href":"https:\/\/terrarara.com.br\/index.php?rest_route=\/wp\/v2\/users\/1"}],"replies":[{"embeddable":true,"href":"https:\/\/terrarara.com.br\/index.php?rest_route=%2Fwp%2Fv2%2Fcomments&post=26625"}],"version-history":[{"count":0,"href":"https:\/\/terrarara.com.br\/index.php?rest_route=\/wp\/v2\/pages\/26625\/revisions"}],"up":[{"embeddable":true,"href":"https:\/\/terrarara.com.br\/index.php?rest_route=\/wp\/v2\/pages\/9604"}],"wp:attachment":[{"href":"https:\/\/terrarara.com.br\/index.php?rest_route=%2Fwp%2Fv2%2Fmedia&parent=26625"}],"curies":[{"name":"wp","href":"https:\/\/api.w.org\/{rel}","templated":true}]}}