{"id":26624,"date":"2026-03-29T17:14:31","date_gmt":"2026-03-29T17:14:31","guid":{"rendered":"https:\/\/terrarara.com.br\/?page_id=26624"},"modified":"2026-03-29T17:14:31","modified_gmt":"2026-03-29T17:14:31","slug":"a-nasa-anuncia-plano-ambicioso-para-construir-uma-base-lunar-permanente","status":"publish","type":"page","link":"https:\/\/terrarara.com.br\/?page_id=26624","title":{"rendered":"A nasa anuncia plano ambicioso para construir uma base lunar permanente"},"content":{"rendered":"<div class=\"wp-block-image\"><figure><img src=\"https:\/\/vendedoradesonhos.com.br\/upload\/1\/sites\/26\/img_41870_1200.jpg\" alt=\"\" style=\"width:100%\"><figcaption>Conceito art\u00edstico da Fase 3 da Base Lunar da NASA.  Cr\u00e9dito: NASA<\/figcaption><\/figure><\/div><hr><\/p><p>\r\n\t<a href=''https:\/\/terrarara.com.br\"s=base lunar''>#base lunar<\/a>\u00a0<\/p><p><\/p><p>\r\n\t<!-- audio --><\/p><p>\r\n<button onclick=\"this.nextElementSibling.play()\" style=\"padding:12px 25px; font-size:18px; border:none; border-radius:8px; cursor:pointer;\">Ouvir<\/button><audio src=\"https:\/\/vendedoradesonhos.com.br\/audios\/41870.mp3\" preload=\"none\"><\/audio><\/p><p>\r\n\t<strong>A NASA revelou uma s\u00e9rie de iniciativas importantes para cumprir a Pol\u00edtica Espacial Nacional dos Estados Unidos<\/strong><\/p><p> O principal objetivo \u00e9 retornar \u00e0 Lua ainda durante o mandato do presidente Donald J. Trump, construir uma base lunar e estabelecer uma presen\u00e7a humana duradoura no sat\u00e9lite natural da Terra.\r\n<\/p><p>\r\nDurante o <a href=\"https:\/\/youtu.be\/yIlTwwJv1Ac\" target=\"_blank\">evento chamado &#8220;Ignition&#8221;<\/a>, a ag\u00eancia espacial americana explicou que vai concentrar seus recursos para acelerar o programa Artemis. Isso inclui padronizar o foguete SLS, adicionar mais uma miss\u00e3o em 2027 e realizar pelo menos um pouso tripulado na superf\u00edcie lunar por ano a partir de ent\u00e3o. Depois da miss\u00e3o Artemis V, os astronautas devem pisar na Lua com mais frequ\u00eancia, inicialmente a cada seis meses, usando ve\u00edculos comerciais reutiliz\u00e1veis.\r\n<\/p><p>\r\n<b>Para criar a base lunar, a NASA adotou uma abordagem em tr\u00eas fases claras e progressivas:<\/b>\r\n<\/p><p>\r\nNa primeira fase, chamada &#8220;Construir, Testar e Aprender&#8221;, a ag\u00eancia vai aumentar o ritmo de miss\u00f5es rob\u00f3ticas usando o programa CLPS (servi\u00e7os comerciais de carga lunar). Ser\u00e3o enviados rovers, instrumentos e tecnologias para testar mobilidade, gera\u00e7\u00e3o de energia, comunica\u00e7\u00f5es e opera\u00e7\u00f5es na superf\u00edcie. O objetivo \u00e9 aprender com cada pouso, de forma modular e repet\u00edvel.\r\n<\/p><p>\r\nNa segunda fase, ser\u00e1 criada uma infraestrutura inicial semi-habit\u00e1vel, com log\u00edstica regular para apoiar astronautas por per\u00edodos mais longos. Nessa etapa, entram contribui\u00e7\u00f5es importantes de parceiros internacionais, como o rover pressurizado do Jap\u00e3o (JAXA) e outros equipamentos cient\u00edficos.\r\n<\/p><p>\r\nNa terceira fase, com o apoio de sistemas de pouso humano capazes de transportar carga pesada, a NASA entregar\u00e1 estruturas maiores, incluindo habitats multiprop\u00f3sito (como os propostos pela ag\u00eancia espacial italiana ASI) e ve\u00edculos utilit\u00e1rios (como o canadense). Isso permitir\u00e1 uma presen\u00e7a humana cont\u00ednua, transformando as visitas peri\u00f3dicas em uma base permanente.\r\n<\/p><p><\/p><p>\r\nA ag\u00eancia tamb\u00e9m decidiu pausar o projeto atual da esta\u00e7\u00e3o Gateway em \u00f3rbita lunar para redirecionar esfor\u00e7os e equipamentos para a infraestrutura na superf\u00edcie da Lua. Todo o plano \u00e9 constru\u00eddo em parceria com a ind\u00fastria americana e aliados internacionais, com um investimento estimado em cerca de 20 bilh\u00f5es de d\u00f3lares nos pr\u00f3ximos sete anos.\r\n<\/p><p>\r\nO administrador da NASA, Jared Isaacman, destacou que o retorno \u00e0 Lua e a constru\u00e7\u00e3o da base lunar s\u00e3o essenciais para garantir a lideran\u00e7a dos Estados Unidos no espa\u00e7o, em meio a uma forte competi\u00e7\u00e3o global. Segundo ele, ao alinhar recursos, remover obst\u00e1culos e unir a for\u00e7a de trabalho e a ind\u00fastria, os EUA poder\u00e3o alcan\u00e7ar feitos muito maiores no futuro.\r\n<\/p><p>\r\nEssas iniciativas mostram um foco claro e pr\u00e1tico: aprender passo a passo, construir de forma incremental e criar condi\u00e7\u00f5es para que seres humanos possam viver e trabalhar na Lua de maneira sustent\u00e1vel. A base lunar servir\u00e1 como trampolim para explorar ainda mais o espa\u00e7o, incluindo futuras miss\u00f5es a Marte.\r\n<\/p><p>\r\n<hr>\r\n\r\n<p style=\"text-align:right\"><em>Publicado em 29\/03\/2026 17h14<\/em><\/p>\r\n<hr>\r\n<p style=\"text-align:right\"><em><a href=\"https:\/\/terrarara.com.br\/en\/?page_id=3745\">English version<\/a><\/em><\/p>\r\n<hr>\r\n\r\n\t\t\t<hr>\r\n\t\t\t<p>Artigo referencia:<\/p>\r\n\t\t\r\n\t\t\t\r\n\r\n<ul><li><a href=\"https:\/\/www.nasa.gov\/news-release\/nasa-unveils-initiatives-to-achieve-americas-national-space-policy\/\" target=\"_blank\">https:\/\/www.nasa.gov\/news-release\/nasa-unveils-initiatives-to-achieve-americas-national-space-policy\/<\/a><\/li><\/ul>\r\n\r\n\r\n\r\n\r\n<hr class=\"wp-block-separator is-style-wide\"\/>\r\n\r\n<div style=\"position: buttonline;\"><iframe loading=\"lazy\" src=\"https:\/\/vendedoradesonhos.com.br\/rodape_sites.php?arg=41870\" frameborder=\"0\" height=\"420px\" width=\"100%\"><\/iframe><\/div>\r\n<div style=\"position: buttonline;\"><iframe loading=\"lazy\" src=\"https:\/\/vendedoradesonhos.com.br\/comentario_navegacao.php?arg=41870\" frameborder=\"0\" height=\"500px\" width=\"100%\"><\/iframe><\/div>\r\n<div style=\"position:absolute; width:40%; height:70px; top:-70px; left:0px;\"><iframe loading=\"lazy\" src=\"https:\/\/vendedoradesonhos.com.br\/oferta_site_esq.php?arg=41870\" frameborder=\"0\" height=\"100%\" width=\"100%\"><\/iframe><\/div>\r\n<div style=\"position:absolute; width:40%; height:70px; top:-70px; right:0px;\"><iframe loading=\"lazy\" src=\"https:\/\/vendedoradesonhos.com.br\/oferta_site_dir.php?arg=41870\" frameborder=\"0\" height=\"100%;\" width=\"100%\"><\/iframe><\/div>\r\n\r\n\r\n<div class=\"wp-block-image\"><figure><iframe loading=\"lazy\" src=\"https:\/\/vendedoradesonhos.com.br\/oferta_site_central.php\" width=\"100%\" height=\"330\" frameborder=\"0\"><\/iframe><figcaption>{teste}<\/figcaption><\/figure><\/div><hr>","protected":false},"excerpt":{"rendered":"","protected":false},"author":1,"featured_media":0,"parent":4575,"menu_order":0,"comment_status":"closed","ping_status":"closed","template":"","meta":[],"_links":{"self":[{"href":"https:\/\/terrarara.com.br\/index.php?rest_route=\/wp\/v2\/pages\/26624"}],"collection":[{"href":"https:\/\/terrarara.com.br\/index.php?rest_route=\/wp\/v2\/pages"}],"about":[{"href":"https:\/\/terrarara.com.br\/index.php?rest_route=\/wp\/v2\/types\/page"}],"author":[{"embeddable":true,"href":"https:\/\/terrarara.com.br\/index.php?rest_route=\/wp\/v2\/users\/1"}],"replies":[{"embeddable":true,"href":"https:\/\/terrarara.com.br\/index.php?rest_route=%2Fwp%2Fv2%2Fcomments&post=26624"}],"version-history":[{"count":0,"href":"https:\/\/terrarara.com.br\/index.php?rest_route=\/wp\/v2\/pages\/26624\/revisions"}],"up":[{"embeddable":true,"href":"https:\/\/terrarara.com.br\/index.php?rest_route=\/wp\/v2\/pages\/4575"}],"wp:attachment":[{"href":"https:\/\/terrarara.com.br\/index.php?rest_route=%2Fwp%2Fv2%2Fmedia&parent=26624"}],"curies":[{"name":"wp","href":"https:\/\/api.w.org\/{rel}","templated":true}]}}