{"id":26623,"date":"2026-03-29T00:38:13","date_gmt":"2026-03-29T00:38:13","guid":{"rendered":"https:\/\/terrarara.com.br\/?page_id=26623"},"modified":"2026-03-29T00:38:13","modified_gmt":"2026-03-29T00:38:13","slug":"a-materia-escura-pode-nao-ser-uma-unica-coisa","status":"publish","type":"page","link":"https:\/\/terrarara.com.br\/?page_id=26623","title":{"rendered":"A mat\u00e9ria escura pode n\u00e3o ser uma \u00fanica coisa"},"content":{"rendered":"<div class=\"wp-block-image\"><figure><img src=\"https:\/\/vendedoradesonhos.com.br\/upload\/1\/sites\/26\/img_41868_1200.jpg\" alt=\"\" style=\"width:100%\"><figcaption>Esta imagem composta, capturada usando o Telesc\u00f3pio Espacial Hubble e o Observat\u00f3rio de Raios-X Chandra da NASA, juntamente com o Telesc\u00f3pio Gigante Magalh\u00e3es em terra, mostra o Aglomerado da Bala, um par de aglomerados de gal\u00e1xias que colidiram. A mat\u00e9ria normal \u00e9 mostrada em rosa no aglomerado, enquanto a lente gravitacional revela a mat\u00e9ria escura em azul. Esta observa\u00e7\u00e3o forneceu um dos exemplos diretos mais claros de mat\u00e9ria escura. Raios-X: NASA\/CXC\/CfA\/M.Markevitch, Mapa \u00f3ptico e de lente gravitacional: NASA\/STScI, Magellan\/U.Arizona\/D.Clowe, Mapa de lente gravitacional: ESO WFI<\/figcaption><\/figure><\/div><hr><\/p><p>\r\n\t<a href=\"https:\/\/doi.org\/10.1016\/j.scib.2026.01.077\" target=\"_blank\">doi.org\/10.1016\/j.scib.2026.01.077<\/a><br><a href=\"https:\/\/vendedoradesonhos.com.br\/credibilidade_estudo.php?c=41868\">Credibilidade<\/a>: <font color=\"#00FFFF\">9<\/font><font color=\"#00FF00\">8<\/font><font color=\"#FFFF00\">9<\/font><br><a href=''https:\/\/terrarara.com.br\"s=mat\u00e9ria escura''>#Mat\u00e9ria Escura<\/a>\u00a0<\/p><p><\/p><p>\r\n\t<!-- audio --><\/p><p>\r\n<button onclick=\"this.nextElementSibling.play()\" style=\"padding:12px 25px; font-size:18px; border:none; border-radius:8px; cursor:pointer;\">Ouvir<\/button><audio src=\"https:\/\/vendedoradesonhos.com.br\/audios\/41868.mp3\" preload=\"none\"><\/audio><\/p><p>\r\n\t<strong>A mat\u00e9ria escura \u00e9 um dos grandes enigmas do Universo<\/strong><\/p><p> Ela n\u00e3o emite, n\u00e3o absorve e nem reflete luz, mas exerce uma forte influ\u00eancia gravitacional que ajuda formando e manter as gal\u00e1xias, al\u00e9m de curvar a luz que vem de objetos distantes.\r\n<\/p><p>\r\nDurante d\u00e9cadas, os cientistas trabalharam com o modelo da &#8220;mat\u00e9ria escura fria&#8221;, que imagina part\u00edculas pesadas e lentas interagindo apenas pela gravidade. Esse modelo explica muitas observa\u00e7\u00f5es c\u00f3smicas com sucesso, mas dados mais precisos recentes revelam problemas que ele n\u00e3o consegue resolver completamente.\r\n<\/p><p>\r\nEm algumas gal\u00e1xias an\u00e3s, a mat\u00e9ria escura parece mais &#8220;difusa? do que o esperado, com densidade menor no centro. Ao mesmo tempo, observa\u00e7\u00f5es de lentes gravitacionais fortes mostram aglomerados de mat\u00e9ria escura extremamente compactos e densos, muito mais concentrados do que as previs\u00f5es tradicionais indicam. Essas diferen\u00e7as criam um quebra-cabe\u00e7a dif\u00edcil de encaixar em uma \u00fanica explica\u00e7\u00e3o.\r\n<\/p><p>\r\nAgora, um estudo recente de pesquisadores do Observat\u00f3rio da Montanha Roxa, da Academia Chinesa de Ci\u00eancias, prop\u00f5e uma solu\u00e7\u00e3o interessante: a mat\u00e9ria escura pode n\u00e3o ser feita de um \u00fanico tipo de part\u00edcula, mas de pelo menos duas, com massas diferentes.\r\n<\/p><p>\r\nEles sugerem um modelo chamado &#8220;mat\u00e9ria escura autointeragente de dois componentes&#8221;. Nesse cen\u00e1rio, as part\u00edculas mais pesadas e as mais leves n\u00e3o se limitam a atrair-se pela gravidade: elas tamb\u00e9m colidem diretamente entre si. Com o tempo, ocorre um processo semelhante ao que acontece em aglomerados de estrelas, chamado segrega\u00e7\u00e3o de massa. As part\u00edculas mais pesadas migram para o centro das gal\u00e1xias, enquanto as mais leves se espalham para as regi\u00f5es externas.\r\n<\/p><p>\r\nSimula\u00e7\u00f5es de alta resolu\u00e7\u00e3o e an\u00e1lises te\u00f3ricas mostraram que esse mecanismo consegue explicar as observa\u00e7\u00f5es aparentemente contradit\u00f3rias. Nas gal\u00e1xias menores e mais fracas, ele cria n\u00facleos com densidade mais baixa no centro, combinando com o que os telesc\u00f3pios veem. Em ambientes mais densos, forma regi\u00f5es muito compactas capazes de produzir lentes gravitacionais fortes.\r\n<\/p><p>\r\nAl\u00e9m disso, o modelo aumenta a probabilidade de eventos de lentes em pequena escala, ajudando a resolver outra discrep\u00e2ncia: as observa\u00e7\u00f5es indicam mais estruturas pequenas atuando como &#8220;lentes? do que o modelo tradicional previa.\r\n<\/p><p>\r\nOs autores acreditam que v\u00e1rias anomalias em pequena escala, que pareciam conflitantes, podem na verdade ser sinais de que a mat\u00e9ria escura tem um comportamento interno mais complexo do que imagin\u00e1vamos. Com o avan\u00e7o das pesquisas astron\u00f4micas e das medi\u00e7\u00f5es de lentes gravitacionais, ser\u00e1 poss\u00edvel testar se a mat\u00e9ria escura realmente possui m\u00faltiplos componentes.\r\n<\/p><p>\r\nEsse trabalho, publicado na revista Science Bulletin, representa mais um passo para entender melhor a natureza escondida da maior parte da mat\u00e9ria do Universo.\r\n<\/p><p>\r\n<hr>\r\n\r\n<p style=\"text-align:right\"><em>Publicado em 29\/03\/2026 00h38<\/em><\/p>\r\n<hr>\r\n<p style=\"text-align:right\"><em><a href=\"https:\/\/terrarara.com.br\/en\/?page_id=3744\">English version<\/a><\/em><\/p>\r\n<hr>\r\n\r\n\t\t\t<hr>\r\n\t\r\n\t\t\t\r\n\r\n<p>Estudo original: <\/p>\r\n\r\n\r\n\r\n<ul><li><a href=\"https:\/\/doi.org\/10.1016\/j.scib.2026.01.077\" target=\"_blank\">https:\/\/doi.org\/10.1016\/j.scib.2026.01.077<\/a><\/li><\/ul>\r\n\r\n\r\n\r\n<hr class=\"wp-block-separator is-style-wide\"\/>\r\n\r\n<div style=\"position: buttonline;\"><iframe loading=\"lazy\" src=\"https:\/\/vendedoradesonhos.com.br\/rodape_sites.php?arg=41868\" frameborder=\"0\" height=\"420px\" width=\"100%\"><\/iframe><\/div>\r\n<div style=\"position: buttonline;\"><iframe loading=\"lazy\" src=\"https:\/\/vendedoradesonhos.com.br\/comentario_navegacao.php?arg=41868\" frameborder=\"0\" height=\"500px\" width=\"100%\"><\/iframe><\/div>\r\n<div style=\"position:absolute; width:40%; height:70px; top:-70px; left:0px;\"><iframe loading=\"lazy\" src=\"https:\/\/vendedoradesonhos.com.br\/oferta_site_esq.php?arg=41868\" frameborder=\"0\" height=\"100%\" width=\"100%\"><\/iframe><\/div>\r\n<div style=\"position:absolute; width:40%; height:70px; top:-70px; right:0px;\"><iframe loading=\"lazy\" src=\"https:\/\/vendedoradesonhos.com.br\/oferta_site_dir.php?arg=41868\" frameborder=\"0\" height=\"100%;\" width=\"100%\"><\/iframe><\/div>\r\n\r\n<div class=\"wp-block-image\"><figure><iframe loading=\"lazy\" src=\"https:\/\/vendedoradesonhos.com.br\/oferta_site_central.php\" width=\"100%\" height=\"330\" frameborder=\"0\"><\/iframe><figcaption>{teste}<\/figcaption><\/figure><\/div><hr>","protected":false},"excerpt":{"rendered":"","protected":false},"author":1,"featured_media":0,"parent":5650,"menu_order":0,"comment_status":"closed","ping_status":"closed","template":"","meta":[],"_links":{"self":[{"href":"https:\/\/terrarara.com.br\/index.php?rest_route=\/wp\/v2\/pages\/26623"}],"collection":[{"href":"https:\/\/terrarara.com.br\/index.php?rest_route=\/wp\/v2\/pages"}],"about":[{"href":"https:\/\/terrarara.com.br\/index.php?rest_route=\/wp\/v2\/types\/page"}],"author":[{"embeddable":true,"href":"https:\/\/terrarara.com.br\/index.php?rest_route=\/wp\/v2\/users\/1"}],"replies":[{"embeddable":true,"href":"https:\/\/terrarara.com.br\/index.php?rest_route=%2Fwp%2Fv2%2Fcomments&post=26623"}],"version-history":[{"count":0,"href":"https:\/\/terrarara.com.br\/index.php?rest_route=\/wp\/v2\/pages\/26623\/revisions"}],"up":[{"embeddable":true,"href":"https:\/\/terrarara.com.br\/index.php?rest_route=\/wp\/v2\/pages\/5650"}],"wp:attachment":[{"href":"https:\/\/terrarara.com.br\/index.php?rest_route=%2Fwp%2Fv2%2Fmedia&parent=26623"}],"curies":[{"name":"wp","href":"https:\/\/api.w.org\/{rel}","templated":true}]}}