{"id":26622,"date":"2026-03-28T00:17:13","date_gmt":"2026-03-28T00:17:13","guid":{"rendered":"https:\/\/terrarara.com.br\/?page_id=26622"},"modified":"2026-03-28T00:17:13","modified_gmt":"2026-03-28T00:17:13","slug":"cientistas-encontram-um-espelho-do-nosso-sistema-solar-em-dois-planetas-se-formando","status":"publish","type":"page","link":"https:\/\/terrarara.com.br\/?page_id=26622","title":{"rendered":"Cientistas encontram um &#8216;espelho&#8217; do nosso sistema solar em dois planetas se formando"},"content":{"rendered":"<div class=\"wp-block-image\"><figure><img src=\"https:\/\/vendedoradesonhos.com.br\/upload\/1\/sites\/26\/img_41863_1200.png\" alt=\"\" style=\"width:100%\"><figcaption>A jovem estrela WISPIT 2 vista pelo VLT com dois protoplanetas em forma\u00e7\u00e3o indicados. (Cr\u00e9dito da imagem: ESO\/C. Lawlor, R. F. van Capelleveen et al.)<\/figcaption><\/figure><\/div><hr><\/p><p>\r\n\t<a href=\"https:\/\/doi.org\/10.3847\/2041-8213\/ae4b3b\" target=\"_blank\">doi.org\/10.3847\/2041-8213\/ae4b3b<\/a><br><a href=\"https:\/\/vendedoradesonhos.com.br\/credibilidade_estudo.php?c=41863\">Credibilidade<\/a>: <font color=\"#00FFFF\">9<\/font><font color=\"#00FF00\">8<\/font><font color=\"#FFFF00\">9<\/font><br><a href=''https:\/\/terrarara.com.br\"s=exoplaneta''>#Exoplaneta<\/a>\u00a0<\/p><p><\/p><p>\r\n\t<!-- audio --><\/p><p>\r\n<button onclick=\"this.nextElementSibling.play()\" style=\"padding:12px 25px; font-size:18px; border:none; border-radius:8px; cursor:pointer;\">Ouvir<\/button><audio src=\"https:\/\/vendedoradesonhos.com.br\/audios\/41863.mp3\" preload=\"none\"><\/audio><\/p><p>\r\n\t<strong>Astr\u00f4nomos acabam de fazer uma descoberta fascinante: observaram dois planetas gigantes em processo de forma\u00e7\u00e3o ao redor de uma estrela jovem, criando um sistema que se parece surpreendentemente com o que deve ter sido o nosso Sistema Solar bilh\u00f5es de anos atr\u00e1s<\/strong><\/p><p>A estrela, chamada WISPIT 2 (ou WASP-193 em algumas refer\u00eancias), fica a cerca de 437 anos-luz da Terra. Ela ainda \u00e9 uma &#8220;beb\u00ea? no cosmos, cercada por um enorme disco de g\u00e1s e poeira &#8211; o mesmo tipo de ambiente onde os planetas do nosso Sistema Solar nasceram h\u00e1 mais de 4,5 bilh\u00f5es de anos.\r\n<\/p><p>\r\nDentro desse disco, os cientistas identificaram dois planetas gigantes gasosos que est\u00e3o crescendo ativamente. Eles est\u00e3o abrindo lacunas, an\u00e9is e padr\u00f5es claros no material ao seu redor, exatamente como J\u00fapiter e Saturno provavelmente fizeram quando o nosso Sistema Solar ainda estava se formando. Essa estrutura sugere que os dois mundos est\u00e3o moldando o disco de forma semelhante \u00e0quela que deu origem aos gigantes gasosos do nosso sistema.<\/p><p>\r\nEssa \u00e9 apenas a segunda vez na hist\u00f3ria que os astr\u00f4nomos conseguem observar diretamente m\u00faltiplos planetas se formando ao mesmo tempo ao redor de uma estrela. A observa\u00e7\u00e3o foi poss\u00edvel gra\u00e7as aos instrumentos avan\u00e7ados do Observat\u00f3rio Europeu do Sul (ESO), e o estudo foi publicado na revista The Astrophysical Journal Letters.\r\n<\/p><p>\r\nPara os pesquisadores, o sistema WISPIT 2 funciona como uma verdadeira c\u00e1psula do tempo. Ele oferece um raro &#8220;olhar para o nosso pr\u00f3prio passado&#8221;, permitindo entender melhor como os planetas gigantes se formam e como influenciam o desenvolvimento de todo um sistema planet\u00e1rio. Um dos cientistas chegou a dizer que &#8220;WISPIT 2 \u00e9 o melhor vislumbre que temos at\u00e9 hoje do passado do nosso Sistema Solar&#8221;.\r\n<\/p><p>\r\nEssa descoberta ajuda a ci\u00eancia a responder perguntas antigas sobre a forma\u00e7\u00e3o planet\u00e1ria e mostra que o processo que criou a Terra, J\u00fapiter, Saturno e os outros planetas pode ser mais comum do que imagin\u00e1vamos no Universo. \u00c9 como assistir, em tempo real, ao nascimento de um sistema solar semelhante ao nosso.\r\n<\/p><p>\r\n<hr>\r\n\r\n<p style=\"text-align:right\"><em>Publicado em 28\/03\/2026 00h17<\/em><\/p>\r\n<hr>\r\n<p style=\"text-align:right\"><em><a href=\"https:\/\/terrarara.com.br\/en\/?page_id=3743\">English version<\/a><\/em><\/p>\r\n<hr>\r\n\r\n\t\t\t<hr>\r\n\t\r\n\t\t\t\r\n\r\n<p>Estudo original: <\/p>\r\n\r\n\r\n\r\n<ul><li><a href=\"https:\/\/doi.org\/10.3847\/2041-8213\/ae4b3b\" target=\"_blank\">https:\/\/doi.org\/10.3847\/2041-8213\/ae4b3b<\/a><\/li><\/ul>\r\n\r\n\r\n\r\n<hr class=\"wp-block-separator is-style-wide\"\/>\r\n\r\n<div style=\"position: buttonline;\"><iframe loading=\"lazy\" src=\"https:\/\/vendedoradesonhos.com.br\/rodape_sites.php?arg=41863\" frameborder=\"0\" height=\"420px\" width=\"100%\"><\/iframe><\/div>\r\n<div style=\"position: buttonline;\"><iframe loading=\"lazy\" src=\"https:\/\/vendedoradesonhos.com.br\/comentario_navegacao.php?arg=41863\" frameborder=\"0\" height=\"500px\" width=\"100%\"><\/iframe><\/div>\r\n<div style=\"position:absolute; width:40%; height:70px; top:-70px; left:0px;\"><iframe loading=\"lazy\" src=\"https:\/\/vendedoradesonhos.com.br\/oferta_site_esq.php?arg=41863\" frameborder=\"0\" height=\"100%\" width=\"100%\"><\/iframe><\/div>\r\n<div style=\"position:absolute; width:40%; height:70px; top:-70px; right:0px;\"><iframe loading=\"lazy\" src=\"https:\/\/vendedoradesonhos.com.br\/oferta_site_dir.php?arg=41863\" frameborder=\"0\" height=\"100%;\" width=\"100%\"><\/iframe><\/div>\r\n\r\n<div class=\"wp-block-image\"><figure><iframe loading=\"lazy\" src=\"https:\/\/vendedoradesonhos.com.br\/oferta_site_central.php\" width=\"100%\" height=\"330\" frameborder=\"0\"><\/iframe><figcaption>{teste}<\/figcaption><\/figure><\/div><hr>","protected":false},"excerpt":{"rendered":"","protected":false},"author":1,"featured_media":0,"parent":696,"menu_order":0,"comment_status":"closed","ping_status":"closed","template":"","meta":[],"_links":{"self":[{"href":"https:\/\/terrarara.com.br\/index.php?rest_route=\/wp\/v2\/pages\/26622"}],"collection":[{"href":"https:\/\/terrarara.com.br\/index.php?rest_route=\/wp\/v2\/pages"}],"about":[{"href":"https:\/\/terrarara.com.br\/index.php?rest_route=\/wp\/v2\/types\/page"}],"author":[{"embeddable":true,"href":"https:\/\/terrarara.com.br\/index.php?rest_route=\/wp\/v2\/users\/1"}],"replies":[{"embeddable":true,"href":"https:\/\/terrarara.com.br\/index.php?rest_route=%2Fwp%2Fv2%2Fcomments&post=26622"}],"version-history":[{"count":0,"href":"https:\/\/terrarara.com.br\/index.php?rest_route=\/wp\/v2\/pages\/26622\/revisions"}],"up":[{"embeddable":true,"href":"https:\/\/terrarara.com.br\/index.php?rest_route=\/wp\/v2\/pages\/696"}],"wp:attachment":[{"href":"https:\/\/terrarara.com.br\/index.php?rest_route=%2Fwp%2Fv2%2Fmedia&parent=26622"}],"curies":[{"name":"wp","href":"https:\/\/api.w.org\/{rel}","templated":true}]}}