{"id":26620,"date":"2026-03-26T00:07:02","date_gmt":"2026-03-26T00:07:02","guid":{"rendered":"https:\/\/terrarara.com.br\/?page_id=26620"},"modified":"2026-03-26T00:07:02","modified_gmt":"2026-03-26T00:07:02","slug":"o-misterio-da-estrela-gamma-cassiopeiae-finalmente-resolvido","status":"publish","type":"page","link":"https:\/\/terrarara.com.br\/?page_id=26620","title":{"rendered":"O mist\u00e9rio da estrela Gamma Cassiopeiae finalmente resolvido"},"content":{"rendered":"<div class=\"wp-block-image\"><figure><img src=\"https:\/\/vendedoradesonhos.com.br\/upload\/1\/sites\/26\/img_41851_1200.jpg\" alt=\"\" style=\"width:100%\"><figcaption>Esta ilustra\u00e7\u00e3o art\u00edstica visualiza a estrela massiva gama-Cas e sua companheira an\u00e3 branca, pequena, por\u00e9m densa. Cr\u00e9dito: ESA \/ Y. Naz\u00e9<\/figcaption><\/figure><\/div><hr><\/p><p>\r\n\t<a href=\"https:\/\/doi.org\/10.1051\/0004-6361\/202558284\" target=\"_blank\">doi.org\/10.1051\/0004-6361\/202558284<\/a><br><a href=\"https:\/\/vendedoradesonhos.com.br\/credibilidade_estudo.php?c=41851\">Credibilidade<\/a>: <font color=\"#00FFFF\">9<\/font><font color=\"#00FF00\">8<\/font><font color=\"#FFFF00\">9<\/font><br><a href=''https:\/\/terrarara.com.br\"s=gamma cassiopeiae''>#Gamma Cassiopeiae<\/a>\u00a0<\/p><p><\/p><p>\r\n\t<!-- audio --><\/p><p>\r\n<button onclick=\"this.nextElementSibling.play()\" style=\"padding:12px 25px; font-size:18px; border:none; border-radius:8px; cursor:pointer;\">Ouvir<\/button><audio src=\"https:\/\/vendedoradesonhos.com.br\/audios\/41851.mp3\" preload=\"none\"><\/audio><\/p><p>\r\n\t<strong>A estrela Gamma Cassiopeiae, conhecida como &#8211; Cas, \u00e9 uma das mais brilhantes do c\u00e9u noturno e pode ser vista a olho nu na constela\u00e7\u00e3o de Cassiopeia, formando parte do famoso &#8220;W&#8221;<\/strong><\/p><p> H\u00e1 mais de 50 anos, desde 1976, ela intriga os astr\u00f4nomos por emitir raios X extremamente intensos &#8211; cerca de 40 vezes mais fortes do que os de estrelas semelhantes de grande massa. Esses raios X s\u00e3o gerados por um plasma a temperaturas superiores a 100 milh\u00f5es de graus e variam rapidamente, o que n\u00e3o se encaixava no comportamento esperado de uma estrela comum.\r\n<\/p><p>\r\nGamma Cassiopeiae \u00e9 uma estrela do tipo Be: uma estrela massiva, que gira muito r\u00e1pido e ejeta material periodicamente, formando um disco ao seu redor. Esse disco \u00e9 vis\u00edvel no espectro \u00f3ptico e foi o que chamou aten\u00e7\u00e3o pela primeira vez em 1866, quando ela se tornou a primeira estrela Be identificada. Mas o enigma estava nos raios X: de onde vinham exatamente? Algumas teorias sugeriam que eram produzidos na pr\u00f3pria estrela ou em seu disco, por meio de processos magn\u00e9ticos. Outras apontavam para um poss\u00edvel companheiro invis\u00edvel, como uma an\u00e3 branca, uma estrela de n\u00eautrons ou algo semelhante.\r\n<\/p><p>\r\nDurante d\u00e9cadas, os cientistas observaram o sistema com diferentes telesc\u00f3pios espaciais. Observa\u00e7\u00f5es anteriores j\u00e1 haviam descartado algumas hip\u00f3teses, como a presen\u00e7a de uma estrela de n\u00eautrons ou de uma estrela &#8220;pelada&#8221;. Restava a d\u00favida entre uma origem na pr\u00f3pria estrela Be ou em um companheiro compacto.\r\n<\/p><p>\r\nAgora, o mist\u00e9rio foi finalmente resolvido gra\u00e7as a observa\u00e7\u00f5es precisas feitas pelo telesc\u00f3pio japon\u00eas XRISM, usando o instrumento Resolve &#8211; um microcalor\u00edmetro de alta resolu\u00e7\u00e3o que permite analisar os raios X com grande detalhe. Uma campanha de observa\u00e7\u00e3o realizada em dezembro de 2024, fevereiro e junho de 2025 acompanhou todo o per\u00edodo orbital do sistema, que dura 203 dias.\r\n<\/p><p>\r\nOs novos dados revelaram que os raios X n\u00e3o v\u00eam da estrela principal nem de seu disco, mas de um companheiro pequeno e denso: uma an\u00e3 branca magn\u00e9tica que orbita Gamma Cassiopeiae. O espectro mostrou que as velocidades do plasma quente mudavam conforme o movimento orbital da an\u00e3 branca, e n\u00e3o da estrela Be. Isso \u00e9 a primeira evid\u00eancia direta de que o plasma ultraquente est\u00e1 associado ao companheiro compacto.\r\n<\/p><p>\r\nA an\u00e3 branca possui um campo magn\u00e9tico forte o suficiente para interromper o disco de material que flui da estrela maior. Esse material \u00e9 direcionado para os polos da an\u00e3 branca, onde cai e se aquece violentamente, emitindo os raios X observados. Parte dessa radia\u00e7\u00e3o ainda \u00e9 refletida pela superf\u00edcie da an\u00e3 branca. O alargamento moderado das linhas espectrais (cerca de 200 km\/s) confirma esse cen\u00e1rio de acre\u00e7\u00e3o magn\u00e9tica.\r\n<\/p><p>\r\nEssa descoberta confirma a exist\u00eancia de uma classe de sistemas bin\u00e1rios formada por uma estrela Be e uma an\u00e3 branca magn\u00e9tica, algo que os modelos te\u00f3ricos previam, mas que nunca havia sido observado de forma t\u00e3o clara. Estima-se que cerca de 10% das estrelas Be massivas possam pertencer a esse tipo de sistema.\r\n<\/p><p>\r\nA pesquisa, liderada por Ya\u00ebl Naz\u00e9, da Universidade de Li\u00e8ge, junto com outros cientistas como Masahiro Tsujimoto, Gregor Rauw e Sean J. Gunderson, foi publicada em 24 de mar\u00e7o de 2026 na revista &#8220;Astronomy &#038; Astrophysics&#8221;. Al\u00e9m de resolver um enigma de meio s\u00e9culo, o resultado obriga os astr\u00f4nomos a revisar modelos de evolu\u00e7\u00e3o estelar bin\u00e1ria, especialmente quanto \u00e0 transfer\u00eancia de massa entre as estrelas, e abre novas portas para estudar ondas gravitacionais e outras intera\u00e7\u00f5es em sistemas semelhantes.\r\n<\/p><p>\r\nComo resumiu Ya\u00ebl Naz\u00e9, resolver esse mist\u00e9rio abre caminhos para novas pesquisas nos pr\u00f3ximos anos. O que parecia um segredo escondido por uma estrela brilhante agora revela a dan\u00e7a complexa de duas estrelas invisivelmente ligadas.\r\n<\/p><p>\r\n<hr>\r\n\r\n<p style=\"text-align:right\"><em>Publicado em 26\/03\/2026 00h07<\/em><\/p>\r\n<hr>\r\n<p style=\"text-align:right\"><em><a href=\"https:\/\/terrarara.com.br\/en\/?page_id=3741\">English version<\/a><\/em><\/p>\r\n<hr>\r\n\r\n\t\t\t<hr>\r\n\t\r\n\t\t\t\r\n\r\n<p>Estudo original: <\/p>\r\n\r\n\r\n\r\n<ul><li><a href=\"https:\/\/doi.org\/10.1051\/0004-6361\/202558284\" target=\"_blank\">https:\/\/doi.org\/10.1051\/0004-6361\/202558284<\/a><\/li><\/ul>\r\n\r\n\r\n\r\n<hr class=\"wp-block-separator is-style-wide\"\/>\r\n\r\n<div style=\"position: buttonline;\"><iframe loading=\"lazy\" src=\"https:\/\/vendedoradesonhos.com.br\/rodape_sites.php?arg=41851\" frameborder=\"0\" height=\"420px\" width=\"100%\"><\/iframe><\/div>\r\n<div style=\"position: buttonline;\"><iframe loading=\"lazy\" src=\"https:\/\/vendedoradesonhos.com.br\/comentario_navegacao.php?arg=41851\" frameborder=\"0\" height=\"500px\" width=\"100%\"><\/iframe><\/div>\r\n<div style=\"position:absolute; width:40%; height:70px; top:-70px; left:0px;\"><iframe loading=\"lazy\" src=\"https:\/\/vendedoradesonhos.com.br\/oferta_site_esq.php?arg=41851\" frameborder=\"0\" height=\"100%\" width=\"100%\"><\/iframe><\/div>\r\n<div style=\"position:absolute; width:40%; height:70px; top:-70px; right:0px;\"><iframe loading=\"lazy\" src=\"https:\/\/vendedoradesonhos.com.br\/oferta_site_dir.php?arg=41851\" frameborder=\"0\" height=\"100%;\" width=\"100%\"><\/iframe><\/div>\r\n\r\n<div class=\"wp-block-image\"><figure><iframe loading=\"lazy\" src=\"https:\/\/vendedoradesonhos.com.br\/oferta_site_central.php\" width=\"100%\" height=\"330\" frameborder=\"0\"><\/iframe><figcaption>{teste}<\/figcaption><\/figure><\/div><hr>","protected":false},"excerpt":{"rendered":"","protected":false},"author":1,"featured_media":0,"parent":693,"menu_order":0,"comment_status":"closed","ping_status":"closed","template":"","meta":[],"_links":{"self":[{"href":"https:\/\/terrarara.com.br\/index.php?rest_route=\/wp\/v2\/pages\/26620"}],"collection":[{"href":"https:\/\/terrarara.com.br\/index.php?rest_route=\/wp\/v2\/pages"}],"about":[{"href":"https:\/\/terrarara.com.br\/index.php?rest_route=\/wp\/v2\/types\/page"}],"author":[{"embeddable":true,"href":"https:\/\/terrarara.com.br\/index.php?rest_route=\/wp\/v2\/users\/1"}],"replies":[{"embeddable":true,"href":"https:\/\/terrarara.com.br\/index.php?rest_route=%2Fwp%2Fv2%2Fcomments&post=26620"}],"version-history":[{"count":0,"href":"https:\/\/terrarara.com.br\/index.php?rest_route=\/wp\/v2\/pages\/26620\/revisions"}],"up":[{"embeddable":true,"href":"https:\/\/terrarara.com.br\/index.php?rest_route=\/wp\/v2\/pages\/693"}],"wp:attachment":[{"href":"https:\/\/terrarara.com.br\/index.php?rest_route=%2Fwp%2Fv2%2Fmedia&parent=26620"}],"curies":[{"name":"wp","href":"https:\/\/api.w.org\/{rel}","templated":true}]}}