{"id":26619,"date":"2026-03-25T00:54:33","date_gmt":"2026-03-25T00:54:33","guid":{"rendered":"https:\/\/terrarara.com.br\/?page_id=26619"},"modified":"2026-03-25T00:54:33","modified_gmt":"2026-03-25T00:54:33","slug":"a-era-mais-estranha-do-magnetismo-da-terra","status":"publish","type":"page","link":"https:\/\/terrarara.com.br\/?page_id=26619","title":{"rendered":"A era mais estranha do magnetismo da terra"},"content":{"rendered":"<div class=\"wp-block-image\"><figure><img src=\"https:\/\/vendedoradesonhos.com.br\/upload\/1\/sites\/26\/img_41847_1200.jpg\" alt=\"\" style=\"width:100%\"><figcaption>Imagem via <a href=\"https:\/\/www.nasa.gov\/solar-system\/earth-and-moon-once-shared-a-magnetic-shield-protecting-their-atmospheres\/\" target=\"_blank\">NASA<\/a><\/figcaption><\/figure><\/div><hr><\/p><p>\r\n\t<a href=\"https:\/\/doi.org\/10.1126\/sciadv.ady3258\" target=\"_blank\">doi.org\/10.1126\/sciadv.ady3258<\/a><br><a href=\"https:\/\/vendedoradesonhos.com.br\/credibilidade_estudo.php?c=41847\">Credibilidade<\/a>: <font color=\"#00FFFF\">9<\/font><font color=\"#00FF00\">8<\/font><font color=\"#FFFF00\">9<\/font><br><a href=''https:\/\/terrarara.com.br\"s=ediacarano''>#Ediacarano<\/a>\u00a0<\/p><p><\/p><p>\r\n\t<!-- audio --><\/p><p>\r\n<button onclick=\"this.nextElementSibling.play()\" style=\"padding:12px 25px; font-size:18px; border:none; border-radius:8px; cursor:pointer;\">Ouvir<\/button><audio src=\"https:\/\/vendedoradesonhos.com.br\/audios\/41847.mp3\" preload=\"none\"><\/audio><\/p><p>\r\n\t<strong>H\u00e1 cerca de 630 a 540 milh\u00f5es de anos, durante o per\u00edodo Ediacarano, a Terra viveu uma fase muito diferente do que conhecemos hoje<\/strong><\/p><p> Enquanto, na maior parte da hist\u00f3ria do planeta, as placas tect\u00f4nicas se moviam de forma relativamente est\u00e1vel, o clima permanecia equilibrado e o campo magn\u00e9tico girava suavemente em torno dos polos (com invers\u00f5es ocasionais), o Ediacarano foi marcado por mudan\u00e7as extremas e irregulares nos sinais magn\u00e9ticos preservados nas rochas. Isso intrigou os cientistas por d\u00e9cadas, pois tornava quase imposs\u00edvel reconstruir a posi\u00e7\u00e3o e o movimento dos continentes daquela \u00e9poca usando os registros paleomagn\u00e9ticos.\r\n<\/p><p>\r\nMuitos pesquisadores tentaram explicar esse mist\u00e9rio sugerindo que as placas tect\u00f4nicas teriam se deslocado a velocidades incr\u00edveis ou que o planeta inteiro teria &#8220;virado? em rela\u00e7\u00e3o ao seu eixo de rota\u00e7\u00e3o, um fen\u00f4meno chamado de deriva polar verdadeira. No entanto, uma nova pesquisa publicada na revista &#8220;Science Advances&#8221; prop\u00f5e uma vis\u00e3o diferente: em vez de caos aleat\u00f3rio, aqueles sinais magn\u00e9ticos podem ter seguido um padr\u00e3o global com uma estrutura organizada.\r\n<\/p><p>\r\nUma equipe liderada por cientistas de Yale analisou camadas de rochas vulc\u00e2nicas muito bem preservadas na regi\u00e3o do Anti-Atlas, no Marrocos. Eles coletaram amostras orientadas com cuidado e usaram instrumentos de alta precis\u00e3o para medir as varia\u00e7\u00f5es magn\u00e9ticas camada por camada. Ao contr\u00e1rio de estudos anteriores, que assumiam que o campo magn\u00e9tico da Terra sempre se comportou como hoje, os pesquisadores adotaram uma abordagem nova e detalhada, combinada com data\u00e7\u00f5es precisas fornecidas por outros grupos de Dartmouth, Su\u00ed\u00e7a e Alemanha.\r\n<\/p><p>\r\nOs resultados mostraram que as mudan\u00e7as no campo magn\u00e9tico ocorreram ao longo de milhares de anos &#8211; e n\u00e3o de milh\u00f5es &#8220;, o que descarta as explica\u00e7\u00f5es anteriores de movimentos r\u00e1pidos de placas ou deriva polar. Al\u00e9m disso, as varia\u00e7\u00f5es n\u00e3o eram totalmente aleat\u00f3rias: elas seguiam um padr\u00e3o incomum, mas estruturado. Com base nisso, a equipe desenvolveu um novo m\u00e9todo estat\u00edstico para acompanhar o deslocamento dos polos magn\u00e9ticos, sugerindo que eles se moviam pelo globo de forma mais complexa do que um simples balan\u00e7o ao redor do eixo de rota\u00e7\u00e3o.\r\n<\/p><p>\r\nSegundo o professor David Evans, da Universidade de Yale, &#8220;estamos propondo um modelo que encontra estrutura na variabilidade do campo magn\u00e9tico, em vez de descart\u00e1-la como caos aleat\u00f3rio&#8221;. Esse avan\u00e7o pode finalmente permitir criar mapas confi\u00e1veis dos continentes e oceanos do Ediacarano, conectando os registros geol\u00f3gicos antigos com os mais recentes e oferecendo uma vis\u00e3o cont\u00ednua da hist\u00f3ria da tect\u00f4nica de placas ao longo de bilh\u00f5es de anos.\r\n<\/p><p>\r\nEssa descoberta representa um passo importante para decifrar um dos per\u00edodos mais enigm\u00e1ticos da Terra, ajudando a entender melhor como nosso planeta evoluiu antes do surgimento da vida complexa que conhecemos.\r\n<\/p><p>\r\n<hr>\r\n\r\n<p style=\"text-align:right\"><em>Publicado em 25\/03\/2026 00h54<\/em><\/p>\r\n<hr>\r\n<p style=\"text-align:right\"><em><a href=\"https:\/\/terrarara.com.br\/en\/?page_id=3740\">English version<\/a><\/em><\/p>\r\n<hr>\r\n\r\n\t\t\t<hr>\r\n\t\r\n\t\t\t\r\n\r\n<p>Estudo original: <\/p>\r\n\r\n\r\n\r\n<ul><li><a href=\"https:\/\/doi.org\/10.1126\/sciadv.ady3258\" target=\"_blank\">https:\/\/doi.org\/10.1126\/sciadv.ady3258<\/a><\/li><\/ul>\r\n\r\n\r\n\r\n<hr class=\"wp-block-separator is-style-wide\"\/>\r\n\r\n<div style=\"position: buttonline;\"><iframe loading=\"lazy\" src=\"https:\/\/vendedoradesonhos.com.br\/rodape_sites.php?arg=41847\" frameborder=\"0\" height=\"420px\" width=\"100%\"><\/iframe><\/div>\r\n<div style=\"position: buttonline;\"><iframe loading=\"lazy\" src=\"https:\/\/vendedoradesonhos.com.br\/comentario_navegacao.php?arg=41847\" frameborder=\"0\" height=\"500px\" width=\"100%\"><\/iframe><\/div>\r\n<div style=\"position:absolute; width:40%; height:70px; top:-70px; left:0px;\"><iframe loading=\"lazy\" src=\"https:\/\/vendedoradesonhos.com.br\/oferta_site_esq.php?arg=41847\" frameborder=\"0\" height=\"100%\" width=\"100%\"><\/iframe><\/div>\r\n<div style=\"position:absolute; width:40%; height:70px; top:-70px; right:0px;\"><iframe loading=\"lazy\" src=\"https:\/\/vendedoradesonhos.com.br\/oferta_site_dir.php?arg=41847\" frameborder=\"0\" height=\"100%;\" width=\"100%\"><\/iframe><\/div>\r\n\r\n<div class=\"wp-block-image\"><figure><iframe loading=\"lazy\" src=\"https:\/\/vendedoradesonhos.com.br\/oferta_site_central.php\" width=\"100%\" height=\"330\" frameborder=\"0\"><\/iframe><figcaption>{teste}<\/figcaption><\/figure><\/div><hr>","protected":false},"excerpt":{"rendered":"","protected":false},"author":1,"featured_media":0,"parent":15,"menu_order":0,"comment_status":"closed","ping_status":"closed","template":"","meta":[],"_links":{"self":[{"href":"https:\/\/terrarara.com.br\/index.php?rest_route=\/wp\/v2\/pages\/26619"}],"collection":[{"href":"https:\/\/terrarara.com.br\/index.php?rest_route=\/wp\/v2\/pages"}],"about":[{"href":"https:\/\/terrarara.com.br\/index.php?rest_route=\/wp\/v2\/types\/page"}],"author":[{"embeddable":true,"href":"https:\/\/terrarara.com.br\/index.php?rest_route=\/wp\/v2\/users\/1"}],"replies":[{"embeddable":true,"href":"https:\/\/terrarara.com.br\/index.php?rest_route=%2Fwp%2Fv2%2Fcomments&post=26619"}],"version-history":[{"count":0,"href":"https:\/\/terrarara.com.br\/index.php?rest_route=\/wp\/v2\/pages\/26619\/revisions"}],"up":[{"embeddable":true,"href":"https:\/\/terrarara.com.br\/index.php?rest_route=\/wp\/v2\/pages\/15"}],"wp:attachment":[{"href":"https:\/\/terrarara.com.br\/index.php?rest_route=%2Fwp%2Fv2%2Fmedia&parent=26619"}],"curies":[{"name":"wp","href":"https:\/\/api.w.org\/{rel}","templated":true}]}}