{"id":26618,"date":"2026-03-23T21:04:06","date_gmt":"2026-03-23T21:04:06","guid":{"rendered":"https:\/\/terrarara.com.br\/?page_id=26618"},"modified":"2026-03-23T21:04:06","modified_gmt":"2026-03-23T21:04:06","slug":"rna-curta-que-quase-se-replica-sozinha-pode-explicar-o-surgimento-da-vida","status":"publish","type":"page","link":"https:\/\/terrarara.com.br\/?page_id=26618","title":{"rendered":"RNA curto que quase se replica sozinha pode explicar o surgimento da vida"},"content":{"rendered":"<div class=\"wp-block-image\"><figure><img src=\"https:\/\/vendedoradesonhos.com.br\/upload\/1\/sites\/26\/img_41841_1200.jpg\" alt=\"\" style=\"width:100%\"><figcaption>Representa\u00e7\u00e3o art\u00edstica do QT45 (baseada na previs\u00e3o do AlphaFold3) sobreposta a uma imagem de microscopia do ambiente congelado que auxilia a replica\u00e7\u00e3o do RNA.  Elfy Chiang, imagem de microscopia por James Attwater.<\/figcaption><\/figure><\/div><hr><\/p><p>\r\n\t<a href=\"https:\/\/doi.org\/10.1126\/science.adt2760\" target=\"_blank\">doi.org\/10.1126\/science.adt2760<\/a><br><a href=\"https:\/\/vendedoradesonhos.com.br\/credibilidade_estudo.php?c=41841\">Credibilidade<\/a>: <font color=\"#00FFFF\">9<\/font><font color=\"#00FF00\">9<\/font><font color=\"#FFFF00\">9<\/font><br><a href=''https:\/\/terrarara.com.br\"s=qt45''>#QT45<\/a>\u00a0<\/p><p><\/p><p>\r\n\t<!-- audio --><\/p><p>\r\n<button onclick=\"this.nextElementSibling.play()\" style=\"padding:12px 25px; font-size:18px; border:none; border-radius:8px; cursor:pointer;\">Ouvir<\/button><audio src=\"https:\/\/vendedoradesonhos.com.br\/audios\/41841.mp3\" preload=\"none\"><\/audio><\/p><p>\r\n\t<strong>Uma das grandes teorias sobre como a vida come\u00e7ou na Terra \u00e9 a hip\u00f3tese do mundo de RNA<\/strong><\/p><p> Ela sugere que, no in\u00edcio, antes de existirem c\u00e9lulas complexas com DNA e prote\u00ednas, mol\u00e9culas de RNA foram as primeiras a conseguir copiar a si mesmas, dando origem ao processo de evolu\u00e7\u00e3o.\r\n<\/p><p>\r\nO RNA \u00e9 parecido com o DNA, mas geralmente existe em forma de fita simples. Ele n\u00e3o armazena informa\u00e7\u00f5es t\u00e3o bem quanto o DNA, porque \u00e9 menos est\u00e1vel, mas tem uma vantagem incr\u00edvel: pode se dobrar e funcionar como enzimas, acelerando rea\u00e7\u00f5es qu\u00edmicas. Por isso, h\u00e1 d\u00e9cadas os cientistas imaginam que mol\u00e9culas de RNA capazes de catalisar sua pr\u00f3pria c\u00f3pia poderiam ter sido o ponto de partida da vida.\r\n<\/p><p>\r\nO problema \u00e9 que encontrar ou criar um RNA assim sempre foi muito dif\u00edcil. Os pesquisadores achavam que essas mol\u00e9culas precisariam ser grandes e complexas para se replicar, mas mol\u00e9culas grandes s\u00e3o dif\u00edceis de copiar e improv\u00e1veis de surgir sozinhas na sopa qu\u00edmica da Terra primitiva. Mol\u00e9culas curtas, por outro lado, surgem mais facilmente, mas ningu\u00e9m conseguia provar que elas teriam capacidade suficiente para replica\u00e7\u00e3o.\r\n<\/p><p>\r\nAgora, uma equipe liderada por Philipp Holliger, do Laborat\u00f3rio de Biologia Molecular do Conselho de Pesquisa M\u00e9dica no Reino Unido, mudou isso. Eles criaram um RNA surpreendentemente pequeno, com apenas 45 nucleot\u00eddeos (as &#8220;letras? que formam o RNA), batizado de QT45 &#8211; algo como &#8220;Bem Pequeno 45&#8221;.\r\n<\/p><p>\r\nCome\u00e7aram gerando trilh\u00f5es de sequ\u00eancias aleat\u00f3rias curtas (de 20 a 40 nucleot\u00eddeos) e selecionaram as que conseguiam realizar rea\u00e7\u00f5es b\u00e1sicas, como juntar peda\u00e7os de RNA. Depois, uniram essas sequ\u00eancias promissoras e as submeteram a v\u00e1rias rodadas de evolu\u00e7\u00e3o em laborat\u00f3rio: mudavam partes aleatoriamente e escolhiam as vers\u00f5es que funcionavam melhor.\r\n<\/p><p>\r\nO resultado foi o QT45. Em condi\u00e7\u00f5es especiais &#8211; \u00e1gua alcalina ligeiramente acima do ponto de congelamento, semelhante a ambientes gelados com atividade geot\u00e9rmica, como na Isl\u00e2ndia antiga &#8220;, essa mol\u00e9cula usa uma fita de RNA como molde para construir a fita complementar, juntando pequenos peda\u00e7os de dois ou tr\u00eas nucleot\u00eddeos. Ela consegue fazer uma c\u00f3pia fiel de sua pr\u00f3pria sequ\u00eancia complementar.\r\n<\/p><p>\r\nMais impressionante ainda: o QT45 tamb\u00e9m usa essa fita complementar como molde para produzir c\u00f3pias de si mesmo. Isso significa que, pela primeira vez, um RNA demonstrou as duas rea\u00e7\u00f5es essenciais para a autorreplica\u00e7\u00e3o: fabricar a fita oposta e, a partir dela, recriar a original.\r\n<\/p><p>\r\nPor enquanto, as duas etapas n\u00e3o acontecem ao mesmo tempo no mesmo recipiente, e o processo \u00e9 lento e com baixo rendimento. Mas Holliger explica que isso n\u00e3o surpreende, j\u00e1 que \u00e9 um sistema simples. A equipe planeja continuar evoluindo a mol\u00e9cula em laborat\u00f3rio e testar condi\u00e7\u00f5es como ciclos de congelamento e descongelamento para ver se as duas rea\u00e7\u00f5es podem ocorrer juntas.\r\n<\/p><p>\r\nO mais empolgante, segundo ele, \u00e9 que, uma vez iniciada a replica\u00e7\u00e3o, o sistema se auto-otimiza. Erros na c\u00f3pia geram varia\u00e7\u00f5es, e as que funcionam melhor se multiplicam mais, iniciando uma esp\u00e9cie de sele\u00e7\u00e3o natural molecular.\r\n<\/p><p>\r\nEspecialistas independentes elogiaram o avan\u00e7o. Sabine M\u00fcller, da Universidade de Greifswald, na Alemanha, chamou os resultados de excepcionais e um grande passo rumo a um RNA totalmente autorreplicante. Zachary Adam, da Universidade de Wisconsin-Madison, destacou que encontrar uma sequ\u00eancia de 45 nucleot\u00eddeos com essas capacidades em meio a um n\u00famero imenso de possibilidades mostra como ribozimas polimerases podem ser mais comuns do que se pensava.\r\n<\/p><p>\r\nNo planeta primitivo, mol\u00e9culas como o QT45 poderiam ter se replicado em ambientes com gelo, fontes termais e ciclos de congelamento-descongelamento, criando gradientes de pH favor\u00e1veis. Algum tipo de compartimento &#8211; como bols\u00f5es de \u00e1gua derretida no gelo ou ves\u00edculas formadas por \u00e1cidos graxos &#8211; ajudaria a manter os componentes juntos.\r\n<\/p><p>\r\nEssa descoberta refor\u00e7a a ideia de que a vida pode ter surgido de forma simples, a partir de RNA pequeno e capaz de se copiar, abrindo caminho para formas mais complexas ao longo do tempo.\r\n<\/p><p>\r\n<hr>\r\n\r\n<p style=\"text-align:right\"><em>Publicado em 23\/03\/2026 21h04<\/em><\/p>\r\n<hr>\r\n<p style=\"text-align:right\"><em><a href=\"https:\/\/terrarara.com.br\/en\/?page_id=3739\">English version<\/a><\/em><\/p>\r\n<hr>\r\n\r\n\t\t\t<hr>\r\n\t\r\n\t\t\t\r\n\r\n<p>Estudo original: <\/p>\r\n\r\n\r\n\r\n<ul><li><a href=\"https:\/\/doi.org\/10.1126\/science.adt2760\" target=\"_blank\">https:\/\/doi.org\/10.1126\/science.adt2760<\/a><\/li><\/ul>\r\n\r\n\r\n\r\n<hr class=\"wp-block-separator is-style-wide\"\/>\r\n\r\n<div style=\"position: buttonline;\"><iframe loading=\"lazy\" src=\"https:\/\/vendedoradesonhos.com.br\/rodape_sites.php?arg=41841\" frameborder=\"0\" height=\"420px\" width=\"100%\"><\/iframe><\/div>\r\n<div style=\"position: buttonline;\"><iframe loading=\"lazy\" src=\"https:\/\/vendedoradesonhos.com.br\/comentario_navegacao.php?arg=41841\" frameborder=\"0\" height=\"500px\" width=\"100%\"><\/iframe><\/div>\r\n<div style=\"position:absolute; width:40%; height:70px; top:-70px; left:0px;\"><iframe loading=\"lazy\" src=\"https:\/\/vendedoradesonhos.com.br\/oferta_site_esq.php?arg=41841\" frameborder=\"0\" height=\"100%\" width=\"100%\"><\/iframe><\/div>\r\n<div style=\"position:absolute; width:40%; height:70px; top:-70px; right:0px;\"><iframe loading=\"lazy\" src=\"https:\/\/vendedoradesonhos.com.br\/oferta_site_dir.php?arg=41841\" frameborder=\"0\" height=\"100%;\" width=\"100%\"><\/iframe><\/div>\r\n\r\n<div class=\"wp-block-image\"><figure><iframe loading=\"lazy\" src=\"https:\/\/vendedoradesonhos.com.br\/oferta_site_central.php\" width=\"100%\" height=\"330\" frameborder=\"0\"><\/iframe><figcaption>{teste}<\/figcaption><\/figure><\/div><hr>","protected":false},"excerpt":{"rendered":"","protected":false},"author":1,"featured_media":0,"parent":26,"menu_order":0,"comment_status":"closed","ping_status":"closed","template":"","meta":[],"_links":{"self":[{"href":"https:\/\/terrarara.com.br\/index.php?rest_route=\/wp\/v2\/pages\/26618"}],"collection":[{"href":"https:\/\/terrarara.com.br\/index.php?rest_route=\/wp\/v2\/pages"}],"about":[{"href":"https:\/\/terrarara.com.br\/index.php?rest_route=\/wp\/v2\/types\/page"}],"author":[{"embeddable":true,"href":"https:\/\/terrarara.com.br\/index.php?rest_route=\/wp\/v2\/users\/1"}],"replies":[{"embeddable":true,"href":"https:\/\/terrarara.com.br\/index.php?rest_route=%2Fwp%2Fv2%2Fcomments&post=26618"}],"version-history":[{"count":0,"href":"https:\/\/terrarara.com.br\/index.php?rest_route=\/wp\/v2\/pages\/26618\/revisions"}],"up":[{"embeddable":true,"href":"https:\/\/terrarara.com.br\/index.php?rest_route=\/wp\/v2\/pages\/26"}],"wp:attachment":[{"href":"https:\/\/terrarara.com.br\/index.php?rest_route=%2Fwp%2Fv2%2Fmedia&parent=26618"}],"curies":[{"name":"wp","href":"https:\/\/api.w.org\/{rel}","templated":true}]}}