{"id":26616,"date":"2026-03-23T01:30:13","date_gmt":"2026-03-23T01:30:13","guid":{"rendered":"https:\/\/terrarara.com.br\/?page_id=26616"},"modified":"2026-03-23T01:30:13","modified_gmt":"2026-03-23T01:30:13","slug":"novo-modelo-conecta-pico-de-carbono-13-ao-grande-evento-de-oxidacao","status":"publish","type":"page","link":"https:\/\/terrarara.com.br\/?page_id=26616","title":{"rendered":"Novo modelo conecta pico de carbono-13 ao grande evento de oxida\u00e7\u00e3o"},"content":{"rendered":"<div class=\"wp-block-image\"><figure><img src=\"https:\/\/vendedoradesonhos.com.br\/upload\/1\/sites\/26\/img_41839_1200.jpg\" alt=\"\" style=\"width:100%\"><figcaption>Stacey Edmonsond, candidata a doutorado na Universidade de Victoria (UVic), examina um afloramento na Calif\u00f3rnia que \u00e9 semelhante, por\u00e9m muito mais jovem, \u00e0s rochas descritas em seu recente artigo publicado nos Anais da Academia Nacional de Ci\u00eancias (Proceedings of the National Academy of Sciences). Cr\u00e9dito: Kai Tawil-Morsink<\/figcaption><\/figure><\/div><hr><\/p><p>\r\n\t<a href=\"https:\/\/doi.org\/10.1073\/pnas.2512767123\" target=\"_blank\">doi.org\/10.1073\/pnas.2512767123<\/a><br><a href=\"https:\/\/vendedoradesonhos.com.br\/credibilidade_estudo.php?c=41839\">Credibilidade<\/a>: <font color=\"#00FFFF\">9<\/font><font color=\"#00FF00\">8<\/font><font color=\"#FFFF00\">9<\/font><br><a href=''https:\/\/terrarara.com.br\"s=oxida\u00e7\u00e3o''>#oxida\u00e7\u00e3o<\/a>\u00a0<\/p><p><\/p><p>\r\n\t<!-- audio --><\/p><p>\r\n<button onclick=\"this.nextElementSibling.play()\" style=\"padding:12px 25px; font-size:18px; border:none; border-radius:8px; cursor:pointer;\">Ouvir<\/button><audio src=\"https:\/\/vendedoradesonhos.com.br\/audios\/41839.mp3\" preload=\"none\"><\/audio><\/p><p>\r\n\t<strong>Pesquisadores desenvolveram um novo modelo estat\u00edstico que esclarece um mist\u00e9rio importante da hist\u00f3ria antiga da Terra<\/strong><\/p><p> Eles mostraram que um aumento significativo na propor\u00e7\u00e3o de carbono-13 em rela\u00e7\u00e3o ao carbono-12 nos oceanos antigos, conhecido como Excurs\u00e3o Lomagundi-Jatuli, foi menor do que se pensava anteriormente e ocorreu por volta de 2,45 bilh\u00f5es de anos atr\u00e1s.\r\n<\/p><p>\r\nEsse per\u00edodo coincide exatamente com o Grande Evento de Oxida\u00e7\u00e3o, quando a quantidade de oxig\u00eanio na atmosfera terrestre subiu de praticamente zero para n\u00edveis capazes de sustentar formas de vida mais complexas. Na mesma \u00e9poca, o planeta passou por glacia\u00e7\u00f5es globais intensas.\r\n<\/p><p>\r\nPor muito tempo, cientistas observaram nas rochas carbon\u00e1ticas antigas, formadas no fundo dos mares pr\u00e9-hist\u00f3ricos, uma anomalia: uma quantidade maior de carbono-13 do que o esperado. Isso indicava que algo alterou drasticamente o ciclo do carbono na Terra. No entanto, havia incerteza sobre o tamanho real desse pico, seu momento exato e como ele se relacionava com o surgimento do oxig\u00eanio atmosf\u00e9rico.\r\n<\/p><p>\r\nO novo modelo, criado com poucos pressupostos e analisando dados globais de v\u00e1rias fontes, revela que o aumento na propor\u00e7\u00e3o de carbono-13 foi mais modesto e aconteceu mais cedo do que se imaginava. As mudan\u00e7as no ciclo do carbono, incluindo maior sepultamento de carbonatos ricos em carbono-13, come\u00e7aram ao mesmo tempo que o oxig\u00eanio passou a se acumular na atmosfera e que o planeta enfrentou eras glaciais em escala mundial.\r\n<\/p><p>\r\nAntes desse evento, organismos fotossintetizantes unicelulares j\u00e1 produziam oxig\u00eanio e mat\u00e9ria org\u00e2nica, mas rea\u00e7\u00f5es qu\u00edmicas, como as causadas por vulc\u00f5es e intemperismo de rochas, consumiam esse oxig\u00eanio rapidamente, impedindo seu ac\u00famulo. Com o tempo, o aumento na atividade biol\u00f3gica e altera\u00e7\u00f5es no ciclo do carbono favoreceram o sepultamento de carbono org\u00e2nico, permitindo que o oxig\u00eanio escapasse para a atmosfera e se acumulasse.\r\n<\/p><p>\r\nEssa descoberta melhora a compreens\u00e3o de como o ciclo do carbono e o aumento do oxig\u00eanio estiveram interligados no passado distante da Terra. Ela mostra que grandes transforma\u00e7\u00f5es biogeoqu\u00edmicas ocorreram simultaneamente, preparando o ambiente para a evolu\u00e7\u00e3o de vida mais complexa e multicelular. O estudo destaca a raridade de transi\u00e7\u00f5es planet\u00e1rias como essa no universo e ajuda a desvendar um dos cap\u00edtulos mais importantes da hist\u00f3ria geol\u00f3gica e biol\u00f3gica do nosso planeta.\r\n<\/p><p>\r\nA pesquisa foi liderada por Stacey Edmonsond, estudante de doutorado na Universidade de Victoria, no Canad\u00e1, em colabora\u00e7\u00e3o com o professor Blake Dyer, e publicada na revista Proceedings of the National Academy of Sciences.\r\n<\/p><p>\r\n<hr>\r\n\r\n<p style=\"text-align:right\"><em>Publicado em 23\/03\/2026 01h30<\/em><\/p>\r\n<hr>\r\n<p style=\"text-align:right\"><em><a href=\"https:\/\/terrarara.com.br\/en\/?page_id=3737\">English version<\/a><\/em><\/p>\r\n<hr>\r\n\r\n\t\t\t<hr>\r\n\t\r\n\t\t\t\r\n\r\n<p>Estudo original: <\/p>\r\n\r\n\r\n\r\n<ul><li><a href=\"https:\/\/doi.org\/10.1073\/pnas.2512767123\" target=\"_blank\">https:\/\/doi.org\/10.1073\/pnas.2512767123<\/a><\/li><\/ul>\r\n\r\n\r\n\r\n<hr class=\"wp-block-separator is-style-wide\"\/>\r\n\r\n<div style=\"position: buttonline;\"><iframe loading=\"lazy\" src=\"https:\/\/vendedoradesonhos.com.br\/rodape_sites.php?arg=41839\" frameborder=\"0\" height=\"420px\" width=\"100%\"><\/iframe><\/div>\r\n<div style=\"position: buttonline;\"><iframe loading=\"lazy\" src=\"https:\/\/vendedoradesonhos.com.br\/comentario_navegacao.php?arg=41839\" frameborder=\"0\" height=\"500px\" width=\"100%\"><\/iframe><\/div>\r\n<div style=\"position:absolute; width:40%; height:70px; top:-70px; left:0px;\"><iframe loading=\"lazy\" src=\"https:\/\/vendedoradesonhos.com.br\/oferta_site_esq.php?arg=41839\" frameborder=\"0\" height=\"100%\" width=\"100%\"><\/iframe><\/div>\r\n<div style=\"position:absolute; width:40%; height:70px; top:-70px; right:0px;\"><iframe loading=\"lazy\" src=\"https:\/\/vendedoradesonhos.com.br\/oferta_site_dir.php?arg=41839\" frameborder=\"0\" height=\"100%;\" width=\"100%\"><\/iframe><\/div>\r\n\r\n<div class=\"wp-block-image\"><figure><iframe loading=\"lazy\" src=\"https:\/\/vendedoradesonhos.com.br\/oferta_site_central.php\" width=\"100%\" height=\"330\" frameborder=\"0\"><\/iframe><figcaption>{teste}<\/figcaption><\/figure><\/div><hr>","protected":false},"excerpt":{"rendered":"","protected":false},"author":1,"featured_media":0,"parent":15,"menu_order":0,"comment_status":"closed","ping_status":"closed","template":"","meta":[],"_links":{"self":[{"href":"https:\/\/terrarara.com.br\/index.php?rest_route=\/wp\/v2\/pages\/26616"}],"collection":[{"href":"https:\/\/terrarara.com.br\/index.php?rest_route=\/wp\/v2\/pages"}],"about":[{"href":"https:\/\/terrarara.com.br\/index.php?rest_route=\/wp\/v2\/types\/page"}],"author":[{"embeddable":true,"href":"https:\/\/terrarara.com.br\/index.php?rest_route=\/wp\/v2\/users\/1"}],"replies":[{"embeddable":true,"href":"https:\/\/terrarara.com.br\/index.php?rest_route=%2Fwp%2Fv2%2Fcomments&post=26616"}],"version-history":[{"count":0,"href":"https:\/\/terrarara.com.br\/index.php?rest_route=\/wp\/v2\/pages\/26616\/revisions"}],"up":[{"embeddable":true,"href":"https:\/\/terrarara.com.br\/index.php?rest_route=\/wp\/v2\/pages\/15"}],"wp:attachment":[{"href":"https:\/\/terrarara.com.br\/index.php?rest_route=%2Fwp%2Fv2%2Fmedia&parent=26616"}],"curies":[{"name":"wp","href":"https:\/\/api.w.org\/{rel}","templated":true}]}}