{"id":26615,"date":"2026-03-23T00:19:27","date_gmt":"2026-03-23T00:19:27","guid":{"rendered":"https:\/\/terrarara.com.br\/?page_id=26615"},"modified":"2026-03-23T00:19:27","modified_gmt":"2026-03-23T00:19:27","slug":"astronomos-descobrem-estrela-extremamente-rara-do-universo-primordial","status":"publish","type":"page","link":"https:\/\/terrarara.com.br\/?page_id=26615","title":{"rendered":"Astr\u00f4nomos descobrem estrela extremamente rara do universo primordial"},"content":{"rendered":"<div class=\"wp-block-image\"><figure><img src=\"https:\/\/vendedoradesonhos.com.br\/upload\/1\/sites\/26\/img_41838_1200.png\" alt=\"\" style=\"width:100%\"><figcaption>Estrelas na t\u00eanue gal\u00e1xia an\u00e3 Pictor II, lar de PicII-503, uma estrela de segunda gera\u00e7\u00e3o com defici\u00eancia de ferro. (Cr\u00e9dito da imagem: CTIO\/NOIRLab\/DOE\/NSF\/AURA. Processamento da imagem: T.A. Rector (Universidade do Alasca em Anchorage\/NSF NOIRLab), M. Zamani e D. de Martin (NSF NOIRLab). Agradecimentos: Investigador Principal: Anirudh Chiti, Alex Drlica-Wagner)<\/figcaption><\/figure><\/div><hr><\/p><p>\r\n\t<a href=\"https:\/\/doi.org\/10.1038\/s41550-026-02802-z\" target=\"_blank\">doi.org\/10.1038\/s41550-026-02802-z<\/a><br><a href=\"https:\/\/vendedoradesonhos.com.br\/credibilidade_estudo.php?c=41838\">Credibilidade<\/a>: <font color=\"#00FFFF\">9<\/font><font color=\"#00FF00\">8<\/font><font color=\"#FFFF00\">9<\/font><br><a href=''https:\/\/terrarara.com.br\"s=universo''>#Universo<\/a>\u00a0<\/p><p><\/p><p>\r\n\t<!-- audio --><\/p><p>\r\n<button onclick=\"this.nextElementSibling.play()\" style=\"padding:12px 25px; font-size:18px; border:none; border-radius:8px; cursor:pointer;\">Ouvir<\/button><audio src=\"https:\/\/vendedoradesonhos.com.br\/audios\/41838.mp3\" preload=\"none\"><\/audio><\/p><p>\r\n\t<strong>Uma equipe de astr\u00f4nomos identificou uma das estrelas mais primitivas e quimicamente puras j\u00e1 registradas, um verdadeiro f\u00f3ssil vivo do universo antigo<\/strong><\/p><p> Chamada de PicII-503, essa estrela apresenta uma quantidade de ferro incrivelmente baixa: apenas 1\/40.000 da que existe no Sol. Essa caracter\u00edstica a coloca entre os objetos mais pobres em metais pesados conhecidos, aproximando-se do que se espera das primeiras estrelas que surgiram ap\u00f3s o Big Bang.\r\n<\/p><p>\r\nO que torna PicII-503 especialmente valiosa \u00e9 o fato de ela preservar, de forma clara e sem ambiguidades, a assinatura qu\u00edmica dos primeiros astros que existiram no cosmos. Essas estrelas da chamada Popula\u00e7\u00e3o III eram compostas quase exclusivamente de hidrog\u00eanio e h\u00e9lio, os \u00fanicos elementos produzidos no Big Bang. Quando elas explodiram como supernovas, espalharam elementos mais pesados &#8211; como carbono, oxig\u00eanio e ferro &#8211; pelo espa\u00e7o, enriquecendo o material que daria origem \u00e0s gera\u00e7\u00f5es seguintes de estrelas.\r\n<\/p><p>\r\nA maioria das estrelas muito antigas que encontramos hoje carrega sinais misturados, resultado de v\u00e1rias gera\u00e7\u00f5es de enriquecimento. No entanto, PicII-503 se destaca por mostrar de maneira evidente os produtos de apenas uma ou poucas supernovas primordiais, sem contamina\u00e7\u00e3o significativa de processos posteriores. Isso a transforma em uma janela direta para entender como foram os primeiros eventos de nucleoss\u00edntese no universo.\r\n<\/p><p>\r\nCuriosamente, a descoberta ocorreu em uma gal\u00e1xia an\u00e3 ultrafraca, um tipo de sistema estelar pequeno e pouco luminoso que orbita nossa Via L\u00e1ctea e que tende a preservar objetos muito antigos. PicII-503 representa o exemplo mais claro e extremo de uma estrela de segunda gera\u00e7\u00e3o encontrada nesse ambiente, com o menor teor de ferro j\u00e1 medido em uma gal\u00e1xia an\u00e3 ultrafraca.\r\n<\/p><p>\r\nOs pesquisadores destacam que encontrar uma estrela que guarda de forma t\u00e3o n\u00edtida os elementos pesados produzidos pelas primeiras estrelas estava no limite do que consideravam poss\u00edvel, dada a raridade extrema desses objetos. Essa descoberta abre uma oportunidade \u00fanica para estudar a produ\u00e7\u00e3o inicial de elementos qu\u00edmicos em sistemas primordiais, ajudando a reconstruir as condi\u00e7\u00f5es do universo em seus primeiros momentos.\r\n<\/p><p>\r\n<hr>\r\n\r\n<p style=\"text-align:right\"><em>Publicado em 23\/03\/2026 00h19<\/em><\/p>\r\n<hr>\r\n<p style=\"text-align:right\"><em><a href=\"https:\/\/terrarara.com.br\/en\/?page_id=3736\">English version<\/a><\/em><\/p>\r\n<hr>\r\n\r\n\t\t\t<hr>\r\n\t\r\n\t\t\t\r\n\r\n<p>Estudo original: <\/p>\r\n\r\n\r\n\r\n<ul><li><a href=\"https:\/\/doi.org\/10.1038\/s41550-026-02802-z\" target=\"_blank\">https:\/\/doi.org\/10.1038\/s41550-026-02802-z<\/a><\/li><\/ul>\r\n\r\n\r\n\r\n<hr class=\"wp-block-separator is-style-wide\"\/>\r\n\r\n<div style=\"position: buttonline;\"><iframe loading=\"lazy\" src=\"https:\/\/vendedoradesonhos.com.br\/rodape_sites.php?arg=41838\" frameborder=\"0\" height=\"420px\" width=\"100%\"><\/iframe><\/div>\r\n<div style=\"position: buttonline;\"><iframe loading=\"lazy\" src=\"https:\/\/vendedoradesonhos.com.br\/comentario_navegacao.php?arg=41838\" frameborder=\"0\" height=\"500px\" width=\"100%\"><\/iframe><\/div>\r\n<div style=\"position:absolute; width:40%; height:70px; top:-70px; left:0px;\"><iframe loading=\"lazy\" src=\"https:\/\/vendedoradesonhos.com.br\/oferta_site_esq.php?arg=41838\" frameborder=\"0\" height=\"100%\" width=\"100%\"><\/iframe><\/div>\r\n<div style=\"position:absolute; width:40%; height:70px; top:-70px; right:0px;\"><iframe loading=\"lazy\" src=\"https:\/\/vendedoradesonhos.com.br\/oferta_site_dir.php?arg=41838\" frameborder=\"0\" height=\"100%;\" width=\"100%\"><\/iframe><\/div>\r\n\r\n<div class=\"wp-block-image\"><figure><iframe loading=\"lazy\" src=\"https:\/\/vendedoradesonhos.com.br\/oferta_site_central.php\" width=\"100%\" height=\"330\" frameborder=\"0\"><\/iframe><figcaption>{teste}<\/figcaption><\/figure><\/div><hr>","protected":false},"excerpt":{"rendered":"","protected":false},"author":1,"featured_media":0,"parent":691,"menu_order":0,"comment_status":"closed","ping_status":"closed","template":"","meta":[],"_links":{"self":[{"href":"https:\/\/terrarara.com.br\/index.php?rest_route=\/wp\/v2\/pages\/26615"}],"collection":[{"href":"https:\/\/terrarara.com.br\/index.php?rest_route=\/wp\/v2\/pages"}],"about":[{"href":"https:\/\/terrarara.com.br\/index.php?rest_route=\/wp\/v2\/types\/page"}],"author":[{"embeddable":true,"href":"https:\/\/terrarara.com.br\/index.php?rest_route=\/wp\/v2\/users\/1"}],"replies":[{"embeddable":true,"href":"https:\/\/terrarara.com.br\/index.php?rest_route=%2Fwp%2Fv2%2Fcomments&post=26615"}],"version-history":[{"count":0,"href":"https:\/\/terrarara.com.br\/index.php?rest_route=\/wp\/v2\/pages\/26615\/revisions"}],"up":[{"embeddable":true,"href":"https:\/\/terrarara.com.br\/index.php?rest_route=\/wp\/v2\/pages\/691"}],"wp:attachment":[{"href":"https:\/\/terrarara.com.br\/index.php?rest_route=%2Fwp%2Fv2%2Fmedia&parent=26615"}],"curies":[{"name":"wp","href":"https:\/\/api.w.org\/{rel}","templated":true}]}}