{"id":26614,"date":"2026-03-22T09:32:48","date_gmt":"2026-03-22T09:32:48","guid":{"rendered":"https:\/\/terrarara.com.br\/?page_id=26614"},"modified":"2026-03-22T09:32:48","modified_gmt":"2026-03-22T09:32:48","slug":"o-oxigenio-escuro-no-fundo-do-mar","status":"publish","type":"page","link":"https:\/\/terrarara.com.br\/?page_id=26614","title":{"rendered":"O &#8216;oxig\u00eanio escuro&#8217; no fundo do mar"},"content":{"rendered":"<div class=\"wp-block-image\"><figure><img src=\"https:\/\/vendedoradesonhos.com.br\/upload\/1\/sites\/26\/img_41836_1200.jpeg\" alt=\"\" style=\"width:100%\"><figcaption>Scientists discover &#8221;black oxygen&#8221; at the bottom of the Pacific, which could rewrite the origin of life on Earth.<\/figcaption><\/figure><\/div><hr><\/p><p>\r\n\t<a href=\"https:\/\/doi.org\/10.3389\/fmars.2025.1721853\" target=\"_blank\">doi.org\/10.3389\/fmars.2025.1721853<\/a><br><a href=\"https:\/\/vendedoradesonhos.com.br\/credibilidade_estudo.php?c=41836\">Credibilidade<\/a>: <font color=\"#00FFFF\">9<\/font><font color=\"#00FF00\">8<\/font><font color=\"#FFFF00\">9<\/font><br><a href=''https:\/\/terrarara.com.br\"s=ocanos''>#Ocanos<\/a>\u00a0<\/p><p><\/p><p>\r\n\t<!-- audio --><\/p><p>\r\n<button onclick=\"this.nextElementSibling.play()\" style=\"padding:12px 25px; font-size:18px; border:none; border-radius:8px; cursor:pointer;\">Ouvir<\/button><audio src=\"https:\/\/vendedoradesonhos.com.br\/audios\/41836.mp3\" preload=\"none\"><\/audio><\/p><p>\r\n\t<strong><\/p><p>\r\nUma descoberta anunciada em 2024, que prometia revolucionar o entendimento da vida nos oceanos, est\u00e1 agora sob forte questionamento por cientistas especializados<\/strong><\/p><p> O estudo original, publicado na revista Nature Geoscience, afirmava que os famosos n\u00f3dulos polimet\u00e1licos &#8211; aquelas forma\u00e7\u00f5es rochosas ricas em metais como mangan\u00eas, cobalto e n\u00edquel, espalhadas pelo fundo do Oceano Pac\u00edfico na zona Clarion-Clipperton, a milhares de metros de profundidade &#8211; estariam produzindo oxig\u00eanio no completo escuro, sem qualquer ajuda da luz solar ou de organismos vivos. Chamaram esse fen\u00f4meno de &#8220;oxig\u00eanio escuro&#8221;.\r\n<\/p><p>\r\nA ideia era fascinante: esses n\u00f3dulos atuariam como uma esp\u00e9cie de bateria natural, gerando diferen\u00e7a de potencial el\u00e9trico entre seus componentes met\u00e1licos e, com isso, quebrando mol\u00e9culas de \u00e1gua por um processo chamado eletr\u00f3lise, liberando oxig\u00eanio (e supostamente hidrog\u00eanio). Se confirmada, a descoberta mudaria conceitos b\u00e1sicos sobre como o oxig\u00eanio chega ao fundo do mar, onde tradicionalmente se pensava que s\u00f3 havia consumo por bact\u00e9rias e animais, e ainda levantaria discuss\u00f5es sobre as origens da vida na Terra primitiva. Al\u00e9m disso, como esses n\u00f3dulos s\u00e3o alvos de minera\u00e7\u00e3o submarina para extrair materiais usados em baterias e tecnologias verdes, o achado sugeria que retirar esses &#8220;batatas? do fundo poderia prejudicar ecossistemas de forma mais grave do que se imaginava.\r\n<\/p><p>\r\nMas, em dezembro de 2025, um artigo de opini\u00e3o publicado na Frontiers in Marine Science, assinado por ocean\u00f3grafos, geoqu\u00edmicos e especialistas em eletroqu\u00edmica, desmontou a tese com argumentos pesados. Eles apontam falhas graves nos experimentos: as c\u00e2maras usadas para medir o oxig\u00eanio no fundo do mar n\u00e3o foram adequadamente ventiladas ao chegar l\u00e1, o que pode ter prendido bolhas de ar ou oxig\u00eanio dissolvido da descida, liberando-os depois e falsificando os resultados. As concentra\u00e7\u00f5es iniciais de oxig\u00eanio dentro das c\u00e2maras variavam muito e j\u00e1 eram mais altas do que na \u00e1gua ao redor, algo que quebra regras b\u00e1sicas de experimentos desse tipo.\r\n<\/p><p>\r\nO golpe mais forte, por\u00e9m, vem da f\u00edsica: a explica\u00e7\u00e3o dada viola as leis da termodin\u00e2mica. Separar \u00e1gua em oxig\u00eanio e hidrog\u00eanio exige uma quantidade enorme de energia &#8211; \u00e9 uma rea\u00e7\u00e3o que &#8220;sobe a ladeira? energeticamente e n\u00e3o acontece espontaneamente sem uma fonte clara e potente de energia. Os cr\u00edticos destacam que nenhum mecanismo real foi demonstrado para fornecer essa energia, e o estudo nem mediu hidrog\u00eanio, que deveria aparecer em quantidades proporcionais se fosse eletr\u00f3lise de verdade. Em resumo, a hip\u00f3tese sugere que energia estaria surgindo do nada, o que \u00e9 imposs\u00edvel segundo s\u00e9culos de f\u00edsica e qu\u00edmica estabelecidas.\r\n<\/p><p>\r\nOutros estudos anteriores, feitos com m\u00e9todos semelhantes em \u00e1reas com n\u00f3dulos, sempre registraram apenas consumo de oxig\u00eanio, nunca produ\u00e7\u00e3o. Dados n\u00e3o publicados do pr\u00f3prio grupo original mostram aumento de oxig\u00eanio mesmo em testes sem n\u00f3dulos, refor\u00e7ando a suspeita de que tudo se trata de um erro experimental, provavelmente bolhas ou falhas nos sensores.\r\n<\/p><p>\r\nOs autores do estudo original, liderados pelo professor Andrew Sweetman, afirmam que est\u00e3o preparando evid\u00eancias adicionais e que uma resposta formal est\u00e1 em revis\u00e3o na Nature Geoscience. Eles tamb\u00e9m anunciaram uma nova expedi\u00e7\u00e3o ao local em 2026, com equipamentos mais avan\u00e7ados, para tentar esclarecer de vez o que est\u00e1 acontecendo. Enquanto isso, os cr\u00edticos defendem que o artigo deveria ser retirado da literatura cient\u00edfica por falta de rigor e por propor algo fisicamente invi\u00e1vel.\r\n<\/p><p>\r\nA discuss\u00e3o segue acalorada. Por ora, a ideia de que o fundo do oceano produz oxig\u00eanio &#8220;no escuro? gra\u00e7as a n\u00f3dulos met\u00e1licos enfrenta s\u00e9rias obje\u00e7\u00f5es e, para muitos especialistas, parece mais um artefato de medi\u00e7\u00e3o do que uma verdadeira revolu\u00e7\u00e3o cient\u00edfica.\r\n<\/p><p>\r\n<hr>\r\n\r\n<p style=\"text-align:right\"><em>Publicado em 22\/03\/2026 09h32<\/em><\/p>\r\n<hr>\r\n<p style=\"text-align:right\"><em><a href=\"https:\/\/terrarara.com.br\/en\/?page_id=3735\">English version<\/a><\/em><\/p>\r\n<hr>\r\n\r\n\t\t\t<hr>\r\n\t\r\n\t\t\t\r\n\r\n<p>Estudo original: <\/p>\r\n\r\n\r\n\r\n<ul><li><a href=\"https:\/\/doi.org\/10.3389\/fmars.2025.1721853\" target=\"_blank\">https:\/\/doi.org\/10.3389\/fmars.2025.1721853<\/a><\/li><\/ul>\r\n\r\n\r\n\r\n<hr class=\"wp-block-separator is-style-wide\"\/>\r\n\r\n<div style=\"position: buttonline;\"><iframe loading=\"lazy\" src=\"https:\/\/vendedoradesonhos.com.br\/rodape_sites.php?arg=41836\" frameborder=\"0\" height=\"420px\" width=\"100%\"><\/iframe><\/div>\r\n<div style=\"position: buttonline;\"><iframe loading=\"lazy\" src=\"https:\/\/vendedoradesonhos.com.br\/comentario_navegacao.php?arg=41836\" frameborder=\"0\" height=\"500px\" width=\"100%\"><\/iframe><\/div>\r\n<div style=\"position:absolute; width:40%; height:70px; top:-70px; left:0px;\"><iframe loading=\"lazy\" src=\"https:\/\/vendedoradesonhos.com.br\/oferta_site_esq.php?arg=41836\" frameborder=\"0\" height=\"100%\" width=\"100%\"><\/iframe><\/div>\r\n<div style=\"position:absolute; width:40%; height:70px; top:-70px; right:0px;\"><iframe loading=\"lazy\" src=\"https:\/\/vendedoradesonhos.com.br\/oferta_site_dir.php?arg=41836\" frameborder=\"0\" height=\"100%;\" width=\"100%\"><\/iframe><\/div>\r\n\r\n<div class=\"wp-block-image\"><figure><iframe loading=\"lazy\" src=\"https:\/\/vendedoradesonhos.com.br\/oferta_site_central.php\" width=\"100%\" height=\"330\" frameborder=\"0\"><\/iframe><figcaption>{teste}<\/figcaption><\/figure><\/div><hr>","protected":false},"excerpt":{"rendered":"","protected":false},"author":1,"featured_media":0,"parent":6887,"menu_order":0,"comment_status":"closed","ping_status":"closed","template":"","meta":[],"_links":{"self":[{"href":"https:\/\/terrarara.com.br\/index.php?rest_route=\/wp\/v2\/pages\/26614"}],"collection":[{"href":"https:\/\/terrarara.com.br\/index.php?rest_route=\/wp\/v2\/pages"}],"about":[{"href":"https:\/\/terrarara.com.br\/index.php?rest_route=\/wp\/v2\/types\/page"}],"author":[{"embeddable":true,"href":"https:\/\/terrarara.com.br\/index.php?rest_route=\/wp\/v2\/users\/1"}],"replies":[{"embeddable":true,"href":"https:\/\/terrarara.com.br\/index.php?rest_route=%2Fwp%2Fv2%2Fcomments&post=26614"}],"version-history":[{"count":0,"href":"https:\/\/terrarara.com.br\/index.php?rest_route=\/wp\/v2\/pages\/26614\/revisions"}],"up":[{"embeddable":true,"href":"https:\/\/terrarara.com.br\/index.php?rest_route=\/wp\/v2\/pages\/6887"}],"wp:attachment":[{"href":"https:\/\/terrarara.com.br\/index.php?rest_route=%2Fwp%2Fv2%2Fmedia&parent=26614"}],"curies":[{"name":"wp","href":"https:\/\/api.w.org\/{rel}","templated":true}]}}