{"id":26613,"date":"2026-03-21T08:02:18","date_gmt":"2026-03-21T08:02:18","guid":{"rendered":"https:\/\/terrarara.com.br\/?page_id=26613"},"modified":"2026-03-21T08:02:18","modified_gmt":"2026-03-21T08:02:18","slug":"o-rover-curiosity-revela-enxofre-puro-ao-quebrar-uma-rocha-em-marte","status":"publish","type":"page","link":"https:\/\/terrarara.com.br\/?page_id=26613","title":{"rendered":"O rover curiosity revela enxofre puro ao quebrar uma rocha em marte"},"content":{"rendered":"<div class=\"wp-block-image\"><figure><img src=\"https:\/\/vendedoradesonhos.com.br\/upload\/1\/sites\/26\/img_41834_1200.jpg\" alt=\"\" style=\"width:100%\"><figcaption>Um acidente em Marte revelou o conte\u00fado surpreendente de uma rocha aparentemente comum. (NASA\/JPL-Caltech\/MSSS)<\/figcaption><\/figure><\/div><hr><\/p><p>\r\n\t<a href=''https:\/\/terrarara.com.br\"s=curiosity''>#Curiosity<\/a>\u00a0<\/p><p><\/p><p>\r\n\t<!-- audio --><\/p><p>\r\n<button onclick=\"this.nextElementSibling.play()\" style=\"padding:12px 25px; font-size:18px; border:none; border-radius:8px; cursor:pointer;\">Ouvir<\/button><audio src=\"https:\/\/vendedoradesonhos.com.br\/audios\/41834.mp3\" preload=\"none\"><\/audio><\/p><p>\r\n\t<strong>Em maio de 2024, o rover Curiosity, da NASA, passou acidentalmente por cima de uma rocha fr\u00e1gil no canal Gediz Vallis, em Marte, e a esmagou com seu peso de quase 900 quilos<\/strong><\/p><p> O que parecia uma pedra comum se abriu, revelando um tesouro inesperado: cristais amarelos brilhantes de enxofre elementar puro, conhecido como brimstone.\r\n<\/p><p>\r\nEssa foi a primeira vez que enxofre na forma elementar pura foi encontrado no planeta vermelho. Embora compostos de enxofre, como os sulfatos, sejam comuns em Marte e indiquem a presen\u00e7a antiga de \u00e1gua que evaporou deixando sais para tr\u00e1s, o enxofre puro exige condi\u00e7\u00f5es muito espec\u00edficas que n\u00e3o se esperava existirem naquela regi\u00e3o. Cientistas ficaram surpresos porque, segundo o conhecimento atual sobre a geologia marciana, algo assim simplesmente n\u00e3o deveria estar ali.\r\n<\/p><p>\r\nAshwin Vasavada, cientista do projeto Curiosity no Laborat\u00f3rio de Propuls\u00e3o a Jato da NASA, comparou a descoberta encontrando um o\u00e1sis no meio do deserto. Ele destacou que esses achados inesperados s\u00e3o o que torna a explora\u00e7\u00e3o planet\u00e1ria t\u00e3o empolgante, pois for\u00e7am os pesquisadores a repensar o que sabem sobre o passado do planeta.\r\n<\/p><p>\r\nO enxofre \u00e9 um elemento essencial para a vida como a conhecemos na Terra, pois ajuda formando amino\u00e1cidos necess\u00e1rios para prote\u00ednas. Embora essa descoberta n\u00e3o prove a exist\u00eancia de vida em Marte &#8211; algo que ainda n\u00e3o foi encontrado &#8220;, ela refor\u00e7a evid\u00eancias de que o planeta teve qu\u00edmica, \u00e1gua e condi\u00e7\u00f5es que poderiam ter sido habit\u00e1veis bilh\u00f5es de anos atr\u00e1s. O canal Gediz Vallis \u00e9 um antigo leito de rio, cheio de marcas deixadas por fluxos de \u00e1gua no passado distante.\r\n<\/p><p>\r\nAp\u00f3s o acidente, o rover usou instrumentos em seu bra\u00e7o para confirmar que os cristais eram mesmo enxofre elementar. Rochas semelhantes, com apar\u00eancia comum por fora, est\u00e3o espalhadas pela \u00e1rea, sugerindo que o enxofre puro pode ser mais abundante ali do que se pensava. Agora, os cientistas precisam explicar como esse material se formou, o que pode exigir novas modelagens da hist\u00f3ria geol\u00f3gica de Marte.\r\n<\/p><p>\r\nO Curiosity continua sua jornada pelo canal, coletando dados e perfurando rochas &#8211; j\u00e1 s\u00e3o mais de 40 amostras analisadas at\u00e9 agora &#8220;, em busca de mais surpresas que ajudem a desvendar os mist\u00e9rios do planeta vermelho.\r\n<\/p><p>\r\n<blockquote class=\"twitter-tweet\" data-media-max-width=\"560\"><p lang=\"pt\" dir=\"ltr\">O rover curiosity revela enxofre puro ao quebrar uma rocha em marte<a href=\"https:\/\/twitter.com\/hashtag\/Curiosity?src=hash&amp;ref_src=twsrc%5Etfw\">#Curiosity<\/a><br><br>Em maio de 2024, o rover Curiosity passou acidentalmente por cima de uma rocha fr\u00e1gil no canal Gediz Vallis, em Marte, e a esmagou com seu peso de quase 900 quilos<br>Veja em:<a href=\"https:\/\/t.co\/JS0qC8iHY6\">https:\/\/t.co\/JS0qC8iHY6<\/a> <a href=\"https:\/\/t.co\/6c74FftjQz\">pic.twitter.com\/6c74FftjQz<\/a><\/p>&mdash; Jo\u00e3o Ant\u00f4nio Garcia?????? (@JoaoAntGarcia) <a href=\"https:\/\/twitter.com\/JoaoAntGarcia\/status\/2035299953761812781?ref_src=twsrc%5Etfw\">March 21, 2026<\/a><\/blockquote> <script async src=\"https:\/\/platform.twitter.com\/widgets.js\" charset=\"utf-8\"><\/script>\r\n<hr>\r\n\r\n<p style=\"text-align:right\"><em>Publicado em 21\/03\/2026 08h02<\/em><\/p>\r\n<hr>\r\n<p style=\"text-align:right\"><em><a href=\"https:\/\/terrarara.com.br\/en\/?page_id=3734\">English version<\/a><\/em><\/p>\r\n<hr>\r\n\r\n\t\t\t<hr>\r\n\t\t\t<p>Artigo referencia:<\/p>\r\n\t\t\r\n\t\t\t\r\n\r\n<ul><li><a href=\"https:\/\/www.sciencealert.com\/curiosity-cracked-open-a-rock-on-mars-and-revealed-a-huge-surprise\" target=\"_blank\">https:\/\/www.sciencealert.com\/curiosity-cracked-open-a-rock-on-mars-and-revealed-a-huge-surprise<\/a><\/li><\/ul>\r\n\r\n\r\n\r\n\r\n<hr class=\"wp-block-separator is-style-wide\"\/>\r\n\r\n<div style=\"position: buttonline;\"><iframe loading=\"lazy\" src=\"https:\/\/vendedoradesonhos.com.br\/rodape_sites.php?arg=41834\" frameborder=\"0\" height=\"420px\" width=\"100%\"><\/iframe><\/div>\r\n<div style=\"position: buttonline;\"><iframe loading=\"lazy\" src=\"https:\/\/vendedoradesonhos.com.br\/comentario_navegacao.php?arg=41834\" frameborder=\"0\" height=\"500px\" width=\"100%\"><\/iframe><\/div>\r\n<div style=\"position:absolute; width:40%; height:70px; top:-70px; left:0px;\"><iframe loading=\"lazy\" src=\"https:\/\/vendedoradesonhos.com.br\/oferta_site_esq.php?arg=41834\" frameborder=\"0\" height=\"100%\" width=\"100%\"><\/iframe><\/div>\r\n<div style=\"position:absolute; width:40%; height:70px; top:-70px; right:0px;\"><iframe loading=\"lazy\" src=\"https:\/\/vendedoradesonhos.com.br\/oferta_site_dir.php?arg=41834\" frameborder=\"0\" height=\"100%;\" width=\"100%\"><\/iframe><\/div>\r\n\r\n\r\n<div class=\"wp-block-image\"><figure><iframe loading=\"lazy\" src=\"https:\/\/vendedoradesonhos.com.br\/oferta_site_central.php\" width=\"100%\" height=\"330\" frameborder=\"0\"><\/iframe><figcaption>{teste}<\/figcaption><\/figure><\/div><hr>","protected":false},"excerpt":{"rendered":"","protected":false},"author":1,"featured_media":0,"parent":17,"menu_order":0,"comment_status":"closed","ping_status":"closed","template":"","meta":[],"_links":{"self":[{"href":"https:\/\/terrarara.com.br\/index.php?rest_route=\/wp\/v2\/pages\/26613"}],"collection":[{"href":"https:\/\/terrarara.com.br\/index.php?rest_route=\/wp\/v2\/pages"}],"about":[{"href":"https:\/\/terrarara.com.br\/index.php?rest_route=\/wp\/v2\/types\/page"}],"author":[{"embeddable":true,"href":"https:\/\/terrarara.com.br\/index.php?rest_route=\/wp\/v2\/users\/1"}],"replies":[{"embeddable":true,"href":"https:\/\/terrarara.com.br\/index.php?rest_route=%2Fwp%2Fv2%2Fcomments&post=26613"}],"version-history":[{"count":0,"href":"https:\/\/terrarara.com.br\/index.php?rest_route=\/wp\/v2\/pages\/26613\/revisions"}],"up":[{"embeddable":true,"href":"https:\/\/terrarara.com.br\/index.php?rest_route=\/wp\/v2\/pages\/17"}],"wp:attachment":[{"href":"https:\/\/terrarara.com.br\/index.php?rest_route=%2Fwp%2Fv2%2Fmedia&parent=26613"}],"curies":[{"name":"wp","href":"https:\/\/api.w.org\/{rel}","templated":true}]}}