{"id":26611,"date":"2026-03-19T23:45:09","date_gmt":"2026-03-19T23:45:09","guid":{"rendered":"https:\/\/terrarara.com.br\/?page_id=26611"},"modified":"2026-03-19T23:45:09","modified_gmt":"2026-03-19T23:45:09","slug":"o-misterio-do-asteroide-de-metal","status":"publish","type":"page","link":"https:\/\/terrarara.com.br\/?page_id=26611","title":{"rendered":"O mist\u00e9rio do asteroide de metal"},"content":{"rendered":"<div class=\"wp-block-image\"><figure><img src=\"https:\/\/vendedoradesonhos.com.br\/upload\/1\/sites\/26\/img_41827_1200.jpg\" alt=\"\" style=\"width:100%\"><figcaption>Uma cratera gigante pode revelar se Psyche \u00e9 o n\u00facleo de um planeta perdido ou uma fus\u00e3o c\u00f3smica. Cr\u00e9dito: NASA<\/figcaption><\/figure><\/div><hr><\/p><p>\r\n\t<a href=\"https:\/\/doi.org\/10.1029\/2025JE009231\" target=\"_blank\">doi.org\/10.1029\/2025JE009231<\/a><br><a href=\"https:\/\/vendedoradesonhos.com.br\/credibilidade_estudo.php?c=41827\">Credibilidade<\/a>: <font color=\"#00FFFF\">9<\/font><font color=\"#00FF00\">8<\/font><font color=\"#FFFF00\">9<\/font><br><a href=''https:\/\/terrarara.com.br\"s=psyche''>#Psyche<\/a>\u00a0<\/p><p><\/p><p>\r\n\t<!-- audio --><\/p><p>\r\n<button onclick=\"this.nextElementSibling.play()\" style=\"padding:12px 25px; font-size:18px; border:none; border-radius:8px; cursor:pointer;\">Ouvir<\/button><audio src=\"https:\/\/vendedoradesonhos.com.br\/audios\/41827.mp3\" preload=\"none\"><\/audio><\/p><p>\r\n\t<strong>O asteroide 16 Psyche, localizado no cintur\u00e3o principal entre Marte e J\u00fapiter, intriga os cientistas h\u00e1 mais de 200 anos<\/strong><\/p><p> Com cerca de 226 quil\u00f4metros de di\u00e2metro, ele \u00e9 o maior objeto rico em metal conhecido nessa regi\u00e3o, algo raro, j\u00e1 que menos de 10% dos asteroides do cintur\u00e3o apresentam tanta quantidade de metal.\r\n<\/p><p>\r\nMuitos pesquisadores acreditam que Psyche pode ser o n\u00facleo exposto de um planeta primitivo que foi destru\u00eddo por violentos impactos no in\u00edcio do Sistema Solar, perdendo suas camadas externas rochosas. Outras hip\u00f3teses sugerem que ele sempre foi muito rico em metal desde o come\u00e7o ou que se formou a partir de colis\u00f5es repetidas que misturaram rocha e metal de maneira uniforme. Cada uma dessas possibilidades conta uma hist\u00f3ria diferente sobre como os planetas rochosos, como a Terra, se formaram.\r\n<\/p><p>\r\nPara ajudar a desvendar esse enigma, cientistas da Universidade do Arizona realizaram simula\u00e7\u00f5es detalhadas da forma\u00e7\u00e3o de uma grande cratera pr\u00f3xima ao polo norte do asteroide. Essa cratera, com aproximadamente 48 quil\u00f4metros de largura e 5 quil\u00f4metros de profundidade, pode revelar pistas sobre o que existe no interior de Psyche. As simula\u00e7\u00f5es testaram diferentes composi\u00e7\u00f5es internas &#8211; uma com n\u00facleo met\u00e1lico coberto por uma fina camada rochosa e outra com metal e rocha bem misturados &#8211; e mostraram que a porosidade, ou seja, a quantidade de espa\u00e7os vazios dentro do asteroide, influencia muito o formato da cratera e a maneira como o material \u00e9 ejetado durante um impacto.\r\n<\/p><p>\r\nSe houver bastante porosidade, o asteroide absorve melhor a energia da colis\u00e3o, criando crateras mais profundas e \u00edngremes, com menos detritos espalhados pela superf\u00edcie. Esses detalhes, combinados com observa\u00e7\u00f5es reais, v\u00e3o ajudar a distinguir qual modelo interno se encaixa melhor na realidade.\r\n<\/p><p>\r\nA miss\u00e3o Psyche da NASA, lan\u00e7ada em 2023, chegar\u00e1 ao asteroide em 2029 e passar\u00e1 cerca de dois anos orbitando-o. A espa\u00e7onave est\u00e1 equipada com instrumentos para mapear a superf\u00edcie, medir o campo gravitacional e magn\u00e9tico e analisar a composi\u00e7\u00e3o qu\u00edmica. Junto com as previs\u00f5es das simula\u00e7\u00f5es, esses dados devem finalmente esclarecer se Psyche \u00e9 realmente um n\u00facleo planet\u00e1rio exposto ou um corpo mais complexo e misto.\r\n<\/p><p>\r\nEssa explora\u00e7\u00e3o \u00e9 comparada pelos cientistas a investigar uma pizzaria abandonada: mesmo sem ver os cozinheiros, os fornos, restos de massa e coberturas revelam como as pizzas eram feitas. Da mesma forma, estudar Psyche pode nos dar uma janela \u00fanica para entender processos que aconteceram bilh\u00f5es de anos atr\u00e1s na forma\u00e7\u00e3o dos planetas &#8211; algo que n\u00e3o conseguimos observar diretamente nos n\u00facleos da Terra, de Marte ou de V\u00eanus. Quando a espa\u00e7onave chegar, equipes de ge\u00f3logos, geoqu\u00edmicos e modeladores trabalhar\u00e3o juntos para interpretar tudo o que virem, e esse trabalho preparat\u00f3rio j\u00e1 est\u00e1 dando uma grande vantagem para desvendar os segredos desse mundo met\u00e1lico.\r\n<\/p><p>\r\n<hr>\r\n\r\n<p style=\"text-align:right\"><em>Publicado em 19\/03\/2026 23h45<\/em><\/p>\r\n<hr>\r\n<p style=\"text-align:right\"><em><a href=\"https:\/\/terrarara.com.br\/en\/?page_id=3732\">English version<\/a><\/em><\/p>\r\n<hr>\r\n\r\n\t\t\t<hr>\r\n\t\r\n\t\t\t\r\n\r\n<p>Estudo original: <\/p>\r\n\r\n\r\n\r\n<ul><li><a href=\"https:\/\/doi.org\/10.1029\/2025JE009231\" target=\"_blank\">https:\/\/doi.org\/10.1029\/2025JE009231<\/a><\/li><\/ul>\r\n\r\n\r\n\r\n<hr class=\"wp-block-separator is-style-wide\"\/>\r\n\r\n<div style=\"position: buttonline;\"><iframe loading=\"lazy\" src=\"https:\/\/vendedoradesonhos.com.br\/rodape_sites.php?arg=41827\" frameborder=\"0\" height=\"420px\" width=\"100%\"><\/iframe><\/div>\r\n<div style=\"position: buttonline;\"><iframe loading=\"lazy\" src=\"https:\/\/vendedoradesonhos.com.br\/comentario_navegacao.php?arg=41827\" frameborder=\"0\" height=\"500px\" width=\"100%\"><\/iframe><\/div>\r\n<div style=\"position:absolute; width:40%; height:70px; top:-70px; left:0px;\"><iframe loading=\"lazy\" src=\"https:\/\/vendedoradesonhos.com.br\/oferta_site_esq.php?arg=41827\" frameborder=\"0\" height=\"100%\" width=\"100%\"><\/iframe><\/div>\r\n<div style=\"position:absolute; width:40%; height:70px; top:-70px; right:0px;\"><iframe loading=\"lazy\" src=\"https:\/\/vendedoradesonhos.com.br\/oferta_site_dir.php?arg=41827\" frameborder=\"0\" height=\"100%;\" width=\"100%\"><\/iframe><\/div>\r\n\r\n<div class=\"wp-block-image\"><figure><iframe loading=\"lazy\" src=\"https:\/\/vendedoradesonhos.com.br\/oferta_site_central.php\" width=\"100%\" height=\"330\" frameborder=\"0\"><\/iframe><figcaption>{teste}<\/figcaption><\/figure><\/div><hr>","protected":false},"excerpt":{"rendered":"","protected":false},"author":1,"featured_media":0,"parent":4563,"menu_order":0,"comment_status":"closed","ping_status":"closed","template":"","meta":[],"_links":{"self":[{"href":"https:\/\/terrarara.com.br\/index.php?rest_route=\/wp\/v2\/pages\/26611"}],"collection":[{"href":"https:\/\/terrarara.com.br\/index.php?rest_route=\/wp\/v2\/pages"}],"about":[{"href":"https:\/\/terrarara.com.br\/index.php?rest_route=\/wp\/v2\/types\/page"}],"author":[{"embeddable":true,"href":"https:\/\/terrarara.com.br\/index.php?rest_route=\/wp\/v2\/users\/1"}],"replies":[{"embeddable":true,"href":"https:\/\/terrarara.com.br\/index.php?rest_route=%2Fwp%2Fv2%2Fcomments&post=26611"}],"version-history":[{"count":0,"href":"https:\/\/terrarara.com.br\/index.php?rest_route=\/wp\/v2\/pages\/26611\/revisions"}],"up":[{"embeddable":true,"href":"https:\/\/terrarara.com.br\/index.php?rest_route=\/wp\/v2\/pages\/4563"}],"wp:attachment":[{"href":"https:\/\/terrarara.com.br\/index.php?rest_route=%2Fwp%2Fv2%2Fmedia&parent=26611"}],"curies":[{"name":"wp","href":"https:\/\/api.w.org\/{rel}","templated":true}]}}