{"id":26610,"date":"2026-03-19T03:18:36","date_gmt":"2026-03-19T03:18:36","guid":{"rendered":"https:\/\/terrarara.com.br\/?page_id=26610"},"modified":"2026-03-19T03:18:36","modified_gmt":"2026-03-19T03:18:36","slug":"misterio-do-lado-oculto-da-lua-explicado-por-impacto-gigante-antigo","status":"publish","type":"page","link":"https:\/\/terrarara.com.br\/?page_id=26610","title":{"rendered":"Mist\u00e9rio do lado oculto da lua explicado por impacto gigante antigo"},"content":{"rendered":"<div class=\"wp-block-image\"><figure><img src=\"https:\/\/vendedoradesonhos.com.br\/upload\/1\/sites\/26\/img_41822_1200.jpg\" alt=\"\" style=\"width:100%\"><figcaption>Ilustra\u00e7\u00e3o esquem\u00e1tica de como o impacto formador da bacia SPA modificou a crosta e o manto lunar, levando \u00e0 perda de vol\u00e1teis durante o evento. Cr\u00e9dito da imagem: Prof. Hengci Tian<\/figcaption><\/figure><\/div><hr><\/p><p>\r\n\t<a href=\"https:\/\/doi.org\/10.1073\/pnas.2515408123\" target=\"_blank\">doi.org\/10.1073\/pnas.2515408123<\/a><br><a href=\"https:\/\/vendedoradesonhos.com.br\/credibilidade_estudo.php?c=41822\">Credibilidade<\/a>: <font color=\"#00FFFF\">9<\/font><font color=\"#00FF00\">8<\/font><font color=\"#FFFF00\">9<\/font><br><a href=''https:\/\/terrarara.com.br\"s=lua''>#Lua<\/a>\u00a0<\/p><p><\/p><p>\r\n\t<!-- audio --><\/p><p>\r\n<button onclick=\"this.nextElementSibling.play()\" style=\"padding:12px 25px; font-size:18px; border:none; border-radius:8px; cursor:pointer;\">Ouvir<\/button><audio src=\"https:\/\/vendedoradesonhos.com.br\/audios\/41822.mp3\" preload=\"none\"><\/audio><\/p><p>\r\n\t<strong><\/p><p>\r\nUma das maiores diferen\u00e7as entre os dois lados da Lua sempre intrigou os cientistas: o lado que vemos da Terra (lado pr\u00f3ximo) tem vastas plan\u00edcies escuras formadas por lava solidificada, sinal de intensa atividade vulc\u00e2nica no passado, enquanto o lado oculto (o &#8220;far side&#8221;) apresenta muito menos dessas regi\u00f5es escuras e quase n\u00e3o mostra tra\u00e7os de vulcanismo expressivo<\/strong><\/p><p><\/p><p>\r\nAgora, an\u00e1lises recentes de rochas lunares trazidas pela miss\u00e3o chinesa Chang&#8221;e-6, que coletou amostras diretamente da enorme Bacia do P\u00f3lo Sul-Aitken &#8211; uma das maiores cicatrizes de impacto do Sistema Solar &#8220;, trouxeram uma explica\u00e7\u00e3o convincente para esse contraste.\r\n<\/p><p>\r\nPesquisadores da Academia Chinesa de Ci\u00eancias examinaram com muita precis\u00e3o os is\u00f3topos de pot\u00e1ssio presentes nessas rochas bas\u00e1lticas. O pot\u00e1ssio \u00e9 um elemento que evapora facilmente em temperaturas extremas, e sua composi\u00e7\u00e3o isot\u00f3pica funciona como uma esp\u00e9cie de term\u00f4metro natural dos eventos violentos do passado.\r\n<\/p><p>\r\nAs amostras da Chang&#8221;e-6 mostraram is\u00f3topos de pot\u00e1ssio mais &#8220;pesados&#8221; do que os encontrados nas rochas coletadas pelas miss\u00f5es Apollo e em meteoritos lunares, que representam o manto m\u00e9dio da Lua. Depois de descartarem causas menores, como irradia\u00e7\u00e3o c\u00f3smica ou contamina\u00e7\u00e3o, os cientistas conclu\u00edram que o respons\u00e1vel por essa assinatura especial foi o gigantesco impacto que formou a pr\u00f3pria Bacia do P\u00f3lo Sul-Aitken, h\u00e1 bilh\u00f5es de anos.\r\n<\/p><p>\r\nEsse choque colossal liberou energia t\u00e3o imensa que vaporizou e expulsou grandes quantidades de elementos vol\u00e1teis, incluindo pot\u00e1ssio, da regi\u00e3o afetada. Com menos desses elementos no interior, a produ\u00e7\u00e3o de magma diminuiu drasticamente no lado oculto da Lua, reduzindo ou at\u00e9 interrompendo a atividade vulc\u00e2nica ali.\r\n<\/p><p>\r\nSimula\u00e7\u00f5es computacionais refor\u00e7am a ideia: o impacto escavou material profundo da crosta e possivelmente do manto, ao mesmo tempo em que gerou calor suficiente para agitar o interior lunar por convec\u00e7\u00e3o. Assim, uma \u00fanica colis\u00e3o massiva n\u00e3o apenas abriu uma cratera gigantesca, mas tamb\u00e9m alterou a evolu\u00e7\u00e3o qu\u00edmica e t\u00e9rmica do interior da Lua, deixando marcas permanentes que explicam por que os dois lados do nosso sat\u00e9lite parecem t\u00e3o diferentes.\r\n<\/p><p>\r\nEsse estudo, publicado na revista Proceedings of the National Academy of Sciences, mostra como eventos catastr\u00f3ficos do passado distante continuam a revelar segredos sobre a hist\u00f3ria da Lua e de outros corpos planet\u00e1rios.\r\n<\/p><p>\r\n<blockquote class=\"twitter-tweet\" data-media-max-width=\"560\"><p lang=\"pt\" dir=\"ltr\">Mist\u00e9rio do lado oculto da lua explicado por impacto gigante antigo<a href=\"https:\/\/twitter.com\/hashtag\/Lua?src=hash&amp;ref_src=twsrc%5Etfw\">#Lua<\/a><br><br>O lado que vemos da Terra tem vastas plan\u00edcies escuras formadas por lava solidificada, sinal de intensa atividade vulc\u00e2nica no passado, enquanto o lado oculto apresenta muito menos dessas regi\u00f5es escuras: <a href=\"https:\/\/t.co\/u9hBJF1Ef8\">pic.twitter.com\/u9hBJF1Ef8<\/a><\/p>&mdash; Jo\u00e3o Ant\u00f4nio Garcia?????? (@JoaoAntGarcia) <a href=\"https:\/\/twitter.com\/JoaoAntGarcia\/status\/2034460044872253826?ref_src=twsrc%5Etfw\">March 19, 2026<\/a><\/blockquote> <script async src=\"https:\/\/platform.twitter.com\/widgets.js\" charset=\"utf-8\"><\/script>\r\n<hr>\r\n\r\n<p style=\"text-align:right\"><em>Publicado em 19\/03\/2026 03h18<\/em><\/p>\r\n<hr>\r\n<p style=\"text-align:right\"><em><a href=\"https:\/\/terrarara.com.br\/en\/?page_id=3731\">English version<\/a><\/em><\/p>\r\n<hr>\r\n\r\n\t\t\t<hr>\r\n\t\r\n\t\t\t\r\n\r\n<p>Estudo original: <\/p>\r\n\r\n\r\n\r\n<ul><li><a href=\"https:\/\/doi.org\/10.1073\/pnas.2515408123\" target=\"_blank\">https:\/\/doi.org\/10.1073\/pnas.2515408123<\/a><\/li><\/ul>\r\n\r\n\r\n\r\n<hr class=\"wp-block-separator is-style-wide\"\/>\r\n\r\n<div style=\"position: buttonline;\"><iframe loading=\"lazy\" src=\"https:\/\/vendedoradesonhos.com.br\/rodape_sites.php?arg=41822\" frameborder=\"0\" height=\"420px\" width=\"100%\"><\/iframe><\/div>\r\n<div style=\"position: buttonline;\"><iframe loading=\"lazy\" src=\"https:\/\/vendedoradesonhos.com.br\/comentario_navegacao.php?arg=41822\" frameborder=\"0\" height=\"500px\" width=\"100%\"><\/iframe><\/div>\r\n<div style=\"position:absolute; width:40%; height:70px; top:-70px; left:0px;\"><iframe loading=\"lazy\" src=\"https:\/\/vendedoradesonhos.com.br\/oferta_site_esq.php?arg=41822\" frameborder=\"0\" height=\"100%\" width=\"100%\"><\/iframe><\/div>\r\n<div style=\"position:absolute; width:40%; height:70px; top:-70px; right:0px;\"><iframe loading=\"lazy\" src=\"https:\/\/vendedoradesonhos.com.br\/oferta_site_dir.php?arg=41822\" frameborder=\"0\" height=\"100%;\" width=\"100%\"><\/iframe><\/div>\r\n\r\n<div class=\"wp-block-image\"><figure><iframe loading=\"lazy\" src=\"https:\/\/vendedoradesonhos.com.br\/oferta_site_central.php\" width=\"100%\" height=\"330\" frameborder=\"0\"><\/iframe><figcaption>{teste}<\/figcaption><\/figure><\/div><hr>","protected":false},"excerpt":{"rendered":"","protected":false},"author":1,"featured_media":0,"parent":38,"menu_order":0,"comment_status":"closed","ping_status":"closed","template":"","meta":[],"_links":{"self":[{"href":"https:\/\/terrarara.com.br\/index.php?rest_route=\/wp\/v2\/pages\/26610"}],"collection":[{"href":"https:\/\/terrarara.com.br\/index.php?rest_route=\/wp\/v2\/pages"}],"about":[{"href":"https:\/\/terrarara.com.br\/index.php?rest_route=\/wp\/v2\/types\/page"}],"author":[{"embeddable":true,"href":"https:\/\/terrarara.com.br\/index.php?rest_route=\/wp\/v2\/users\/1"}],"replies":[{"embeddable":true,"href":"https:\/\/terrarara.com.br\/index.php?rest_route=%2Fwp%2Fv2%2Fcomments&post=26610"}],"version-history":[{"count":0,"href":"https:\/\/terrarara.com.br\/index.php?rest_route=\/wp\/v2\/pages\/26610\/revisions"}],"up":[{"embeddable":true,"href":"https:\/\/terrarara.com.br\/index.php?rest_route=\/wp\/v2\/pages\/38"}],"wp:attachment":[{"href":"https:\/\/terrarara.com.br\/index.php?rest_route=%2Fwp%2Fv2%2Fmedia&parent=26610"}],"curies":[{"name":"wp","href":"https:\/\/api.w.org\/{rel}","templated":true}]}}