{"id":26609,"date":"2026-03-18T02:29:55","date_gmt":"2026-03-18T02:29:55","guid":{"rendered":"https:\/\/terrarara.com.br\/?page_id=26609"},"modified":"2026-03-18T02:29:55","modified_gmt":"2026-03-18T02:29:55","slug":"astronomos-encontram-evidencias-de-uma-colisao-catastrofica-entre-dois-planetas-distantes","status":"publish","type":"page","link":"https:\/\/terrarara.com.br\/?page_id=26609","title":{"rendered":"Astr\u00f4nomos encontram evid\u00eancias de uma colis\u00e3o catastr\u00f3fica entre dois planetas distantes"},"content":{"rendered":"<div class=\"wp-block-image\"><figure><img src=\"https:\/\/vendedoradesonhos.com.br\/upload\/1\/sites\/26\/img_41818_1200.png\" alt=\"\" style=\"width:100%\"><figcaption>Uma ilustra\u00e7\u00e3o mostra dois planetas colidindo ao redor da estrela Gaia20ehk. (Cr\u00e9dito da imagem: Andy Tzanidakis)<\/figcaption><\/figure><\/div><hr><\/p><p>\r\n\t<a href=\"https:\/\/doi.org\/10.3847\/2041-8213\/ae3ddc\" target=\"_blank\">doi.org\/10.3847\/2041-8213\/ae3ddc<\/a><br><a href=\"https:\/\/vendedoradesonhos.com.br\/credibilidade_estudo.php?c=41818\">Credibilidade<\/a>: <font color=\"#00FFFF\">9<\/font><font color=\"#00FF00\">8<\/font><font color=\"#FFFF00\">9<\/font><br><a href=''https:\/\/terrarara.com.br\"s=exoplaneta''>#Exoplaneta<\/a>\u00a0<\/p><p><\/p><p>\r\n\t<!-- audio --><\/p><p>\r\n<button onclick=\"this.nextElementSibling.play()\" style=\"padding:12px 25px; font-size:18px; border:none; border-radius:8px; cursor:pointer;\">Ouvir<\/button><audio src=\"https:\/\/vendedoradesonhos.com.br\/audios\/41818.mp3\" preload=\"none\"><\/audio><\/p><p>\r\n\t<strong><\/p><p>\r\nAstr\u00f4nomos descobriram algo extraordin\u00e1rio em um sistema estelar localizado a cerca de 11 mil anos-luz da Terra: fortes ind\u00edcios de que dois planetas colidiram de forma violenta, gerando uma enorme quantidade de poeira e rochas quentes que ainda hoje afetam a luz da estrela ao redor da qual orbitavam<\/strong><\/p><p>\r\nA estrela, chamada Gaia20ehk, \u00e9 semelhante ao nosso Sol e, por muito tempo, brilhava de maneira est\u00e1vel e previs\u00edvel. No entanto, ao analisar dados antigos de telesc\u00f3pios, o estudante de astronomia Anastasios Tzanidakis, da Universidade de Washington, notou algo estranho. A partir de 2016, a luz da estrela apresentou tr\u00eas quedas de brilho, e por volta de 2021 o comportamento ficou completamente irregular e intenso &#8211; algo que estrelas como o Sol simplesmente n\u00e3o fazem.\r\n<\/p><p>\r\nOs pesquisadores perceberam que essas varia\u00e7\u00f5es eram causadas por grandes quantidades de rochas e poeira passando na frente da estrela, bloqueando parte de sua luz vis\u00edvel. Ao mesmo tempo, observa\u00e7\u00f5es no infravermelho mostravam o oposto: um aumento forte de brilho, indicando que o material estava muito quente e brilhando por conta pr\u00f3pria. Isso sugere que, inicialmente, os dois planetas se aproximavam em uma espiral, sofrendo impactos rasantes que produziam pouco calor. Depois veio a colis\u00e3o catastr\u00f3fica principal, que liberou energia suficiente para aquecer toda aquela mat\u00e9ria.\r\n<\/p><p>\r\nEsse tipo de evento \u00e9 raro de ser observado em tempo real. Os sistemas planet\u00e1rios se formam a partir de discos de g\u00e1s e poeira ao redor de estrelas jovens, e nos primeiros milh\u00f5es de anos o ambiente \u00e9 ca\u00f3tico: planetas e protoplanetas colidem com frequ\u00eancia, se destroem ou s\u00e3o ejetados. Com o tempo, o sistema se estabiliza. Captar uma colis\u00e3o assim exige sorte &#8211; o debris precisa estar alinhado entre n\u00f3s e a estrela, e os telesc\u00f3pios precisam estar observando no momento certo. No caso de Gaia20ehk, v\u00e1rios instrumentos diferentes registraram o fen\u00f4meno exatamente quando a luz da colis\u00e3o chegou at\u00e9 n\u00f3s.\r\n<\/p><p>\r\nO que torna essa descoberta ainda mais fascinante \u00e9 sua semelhan\u00e7a com um evento que provavelmente aconteceu no nosso pr\u00f3prio Sistema Solar h\u00e1 cerca de 4,5 bilh\u00f5es de anos. Naquela \u00e9poca, um corpo do tamanho de Marte, chamado Teia, colidiu com a Terra jovem, ejetando material que mais tarde se uniu para formar a Lua. Aqui, o disco de debris orbita a estrela a mais ou menos a mesma dist\u00e2ncia que a Terra est\u00e1 do Sol (uma unidade astron\u00f4mica). Com o tempo &#8211; talvez em alguns milh\u00f5es de anos &#8220;, parte dessa poeira e rochas pode esfriar e se agrupar, formando algo parecido com um planeta e seu sat\u00e9lite.\r\n<\/p><p>\r\nOs cientistas destacam que a Lua desempenha pap\u00e9is importantes para a vida na Terra: ela ajuda protegendo o planeta de asteroides, cria mar\u00e9s que misturam qu\u00edmica e biologia nos oceanos e pode at\u00e9 influenciar a atividade tect\u00f4nica. Entender com que frequ\u00eancia colis\u00f5es como essa ocorrem em outras estrelas \u00e9 fundamental para a astrobiologia &#8211; ou seja, para sabermos qu\u00e3o comuns s\u00e3o mundos habit\u00e1veis como o nosso.\r\n<\/p><p>\r\nEssa observa\u00e7\u00e3o, publicada na revista &#8220;The Astrophysical Journal Letters&#8221;, mostra como o universo ainda nos reserva surpresas. No futuro, o novo Observat\u00f3rio Vera C. Rubin, no Chile, deve detectar at\u00e9 cerca de cem eventos semelhantes na pr\u00f3xima d\u00e9cada, permitindo que os astr\u00f4nomos estudem em detalhes como os planetas se formam e evoluem. Por enquanto, o caso de Gaia20ehk nos d\u00e1 um raro vislumbre ao vivo de um processo violento que ajudou a moldar o nosso pr\u00f3prio lar no cosmos.\r\n<\/p><p>\r\n<hr>\r\n\r\n<p style=\"text-align:right\"><em>Publicado em 18\/03\/2026 02h29<\/em><\/p>\r\n<hr>\r\n<p style=\"text-align:right\"><em><a href=\"https:\/\/terrarara.com.br\/en\/?page_id=3730\">English version<\/a><\/em><\/p>\r\n<hr>\r\n\r\n\t\t\t<hr>\r\n\t\r\n\t\t\t\r\n\r\n<p>Estudo original: <\/p>\r\n\r\n\r\n\r\n<ul><li><a href=\"https:\/\/doi.org\/10.3847\/2041-8213\/ae3ddc\" target=\"_blank\">https:\/\/doi.org\/10.3847\/2041-8213\/ae3ddc<\/a><\/li><\/ul>\r\n\r\n\r\n\r\n<hr class=\"wp-block-separator is-style-wide\"\/>\r\n\r\n<div style=\"position: buttonline;\"><iframe loading=\"lazy\" src=\"https:\/\/vendedoradesonhos.com.br\/rodape_sites.php?arg=41818\" frameborder=\"0\" height=\"420px\" width=\"100%\"><\/iframe><\/div>\r\n<div style=\"position: buttonline;\"><iframe loading=\"lazy\" src=\"https:\/\/vendedoradesonhos.com.br\/comentario_navegacao.php?arg=41818\" frameborder=\"0\" height=\"500px\" width=\"100%\"><\/iframe><\/div>\r\n<div style=\"position:absolute; width:40%; height:70px; top:-70px; left:0px;\"><iframe loading=\"lazy\" src=\"https:\/\/vendedoradesonhos.com.br\/oferta_site_esq.php?arg=41818\" frameborder=\"0\" height=\"100%\" width=\"100%\"><\/iframe><\/div>\r\n<div style=\"position:absolute; width:40%; height:70px; top:-70px; right:0px;\"><iframe loading=\"lazy\" src=\"https:\/\/vendedoradesonhos.com.br\/oferta_site_dir.php?arg=41818\" frameborder=\"0\" height=\"100%;\" width=\"100%\"><\/iframe><\/div>\r\n\r\n<div class=\"wp-block-image\"><figure><iframe loading=\"lazy\" src=\"https:\/\/vendedoradesonhos.com.br\/oferta_site_central.php\" width=\"100%\" height=\"330\" frameborder=\"0\"><\/iframe><figcaption>{teste}<\/figcaption><\/figure><\/div><hr>","protected":false},"excerpt":{"rendered":"","protected":false},"author":1,"featured_media":0,"parent":696,"menu_order":0,"comment_status":"closed","ping_status":"closed","template":"","meta":[],"_links":{"self":[{"href":"https:\/\/terrarara.com.br\/index.php?rest_route=\/wp\/v2\/pages\/26609"}],"collection":[{"href":"https:\/\/terrarara.com.br\/index.php?rest_route=\/wp\/v2\/pages"}],"about":[{"href":"https:\/\/terrarara.com.br\/index.php?rest_route=\/wp\/v2\/types\/page"}],"author":[{"embeddable":true,"href":"https:\/\/terrarara.com.br\/index.php?rest_route=\/wp\/v2\/users\/1"}],"replies":[{"embeddable":true,"href":"https:\/\/terrarara.com.br\/index.php?rest_route=%2Fwp%2Fv2%2Fcomments&post=26609"}],"version-history":[{"count":0,"href":"https:\/\/terrarara.com.br\/index.php?rest_route=\/wp\/v2\/pages\/26609\/revisions"}],"up":[{"embeddable":true,"href":"https:\/\/terrarara.com.br\/index.php?rest_route=\/wp\/v2\/pages\/696"}],"wp:attachment":[{"href":"https:\/\/terrarara.com.br\/index.php?rest_route=%2Fwp%2Fv2%2Fmedia&parent=26609"}],"curies":[{"name":"wp","href":"https:\/\/api.w.org\/{rel}","templated":true}]}}