{"id":26608,"date":"2026-03-17T01:51:56","date_gmt":"2026-03-17T01:51:56","guid":{"rendered":"https:\/\/terrarara.com.br\/?page_id=26608"},"modified":"2026-03-17T01:51:56","modified_gmt":"2026-03-17T01:51:56","slug":"marte-influencia-os-ciclos-climaticos-da-terra","status":"publish","type":"page","link":"https:\/\/terrarara.com.br\/?page_id=26608","title":{"rendered":"Marte influencia os ciclos clim\u00e1ticos da terra"},"content":{"rendered":"<div class=\"wp-block-image\"><figure><img src=\"https:\/\/vendedoradesonhos.com.br\/upload\/1\/sites\/26\/img_41814_1200.jpg\" alt=\"\" style=\"width:100%\"><figcaption>Marte. Imagem via <a href=\"https:\/\/www.jpl.nasa.gov\/images\/pia01590-a-closer-hubble-encounter-with-mars-tharsis\/\" target=\"_blank\">NASA &#8211; JPL<\/a><\/figcaption><\/figure><\/div><hr><\/p><p>\r\n\t<a href=\"https:\/\/doi.org\/10.1088\/1538-3873\/ae2800\" target=\"_blank\">doi.org\/10.1088\/1538-3873\/ae2800<\/a><br><a href=\"https:\/\/vendedoradesonhos.com.br\/credibilidade_estudo.php?c=41814\">Credibilidade<\/a>: <font color=\"#00FFFF\">9<\/font><font color=\"#00FF00\">8<\/font><font color=\"#FFFF00\">9<\/font><br><a href=''https:\/\/terrarara.com.br\"s=marte''>#Marte<\/a>\u00a0<\/p><p><\/p><p>\r\n\t<!-- audio --><\/p><p>\r\n<button onclick=\"this.nextElementSibling.play()\" style=\"padding:12px 25px; font-size:18px; border:none; border-radius:8px; cursor:pointer;\">Ouvir<\/button><audio src=\"https:\/\/vendedoradesonhos.com.br\/audios\/41814.mp3\" preload=\"none\"><\/audio><\/p><p>\r\n\t<strong>Uma pesquisa recente revela uma descoberta surpreendente: mesmo sendo bem menor e mais distante, Marte exerce uma influ\u00eancia gravitacional importante sobre a \u00f3rbita e o clima do nosso planeta ao longo de milhares e milh\u00f5es de anos<\/strong><\/p><p>Os ciclos clim\u00e1ticos da Terra, conhecidos como ciclos de Milankovitch, determinam as mudan\u00e7as lentas na forma da \u00f3rbita, na inclina\u00e7\u00e3o do eixo e no momento em que o planeta se aproxima mais do Sol. Essas varia\u00e7\u00f5es controlam quanto calor solar chega a diferentes regi\u00f5es e ajudam a explicar as grandes eras glaciais que ocorreram v\u00e1rias vezes na hist\u00f3ria da Terra.\r\n<\/p><p>\r\nCientistas da Universidade da Calif\u00f3rnia em Riverside, liderados pelo professor Stephen Kane, realizaram simula\u00e7\u00f5es computacionais do sistema solar para entender melhor esse processo. Eles descobriram que, se Marte fosse removido das simula\u00e7\u00f5es, alguns dos ciclos clim\u00e1ticos mais importantes desapareciam completamente &#8211; especialmente o ciclo de cerca de 100 mil anos, que marca as transi\u00e7\u00f5es entre per\u00edodos glaciais e interglaciais, e outro de aproximadamente 2,3 milh\u00f5es de anos. J\u00e1 um ciclo mais longo, de 430 mil anos, continuava existindo mesmo sem Marte.\r\n<\/p><p>\r\nAl\u00e9m disso, ao aumentar artificialmente a massa de Marte nos modelos, os ciclos ficavam mais curtos, mostrando que o planeta vermelho tem um efeito real e mensur\u00e1vel. Apesar de ser apenas um d\u00e9cimo da massa da Terra e estar muito longe, Marte &#8220;bate acima do seu peso? porque sua posi\u00e7\u00e3o mais afastada do Sol faz com que sua gravidade afete a Terra de forma desproporcional, ajudando inclusive a estabilizar a inclina\u00e7\u00e3o do eixo terrestre (atualmente em torno de 23,5 graus), o que evita varia\u00e7\u00f5es extremas no clima.\r\n<\/p><p>\r\nEsses resultados mostram que Marte contribui para moldar os ritmos clim\u00e1ticos que influenciaram a evolu\u00e7\u00e3o da vida no planeta, incluindo mudan\u00e7as em paisagens, expans\u00e3o de savanas e at\u00e9 aspectos da hist\u00f3ria humana. O estudo sugere ainda que, em outros sistemas planet\u00e1rios, planetas distantes podem desempenhar pap\u00e9is semelhantes na estabilidade clim\u00e1tica de mundos parecidos com a Terra.\r\n<\/p><p>\r\nA pesquisa foi publicada em dezembro de 2025 na revista &#8220;Publications of the Astronomical Society of the Pacific&#8221;<hr>\r\n\r\n<p style=\"text-align:right\"><em>Publicado em 17\/03\/2026 01h51<\/em><\/p>\r\n<hr>\r\n<p style=\"text-align:right\"><em><a href=\"https:\/\/terrarara.com.br\/en\/?page_id=3729\">English version<\/a><\/em><\/p>\r\n<hr>\r\n\r\n\t\t\t<hr>\r\n\t\r\n\t\t\t\r\n\r\n<p>Estudo original: <\/p>\r\n\r\n\r\n\r\n<ul><li><a href=\"https:\/\/doi.org\/10.1088\/1538-3873\/ae2800\" target=\"_blank\">https:\/\/doi.org\/10.1088\/1538-3873\/ae2800<\/a><\/li><\/ul>\r\n\r\n\r\n\r\n<hr class=\"wp-block-separator is-style-wide\"\/>\r\n\r\n<div style=\"position: buttonline;\"><iframe loading=\"lazy\" src=\"https:\/\/vendedoradesonhos.com.br\/rodape_sites.php?arg=41814\" frameborder=\"0\" height=\"420px\" width=\"100%\"><\/iframe><\/div>\r\n<div style=\"position: buttonline;\"><iframe loading=\"lazy\" src=\"https:\/\/vendedoradesonhos.com.br\/comentario_navegacao.php?arg=41814\" frameborder=\"0\" height=\"500px\" width=\"100%\"><\/iframe><\/div>\r\n<div style=\"position:absolute; width:40%; height:70px; top:-70px; left:0px;\"><iframe loading=\"lazy\" src=\"https:\/\/vendedoradesonhos.com.br\/oferta_site_esq.php?arg=41814\" frameborder=\"0\" height=\"100%\" width=\"100%\"><\/iframe><\/div>\r\n<div style=\"position:absolute; width:40%; height:70px; top:-70px; right:0px;\"><iframe loading=\"lazy\" src=\"https:\/\/vendedoradesonhos.com.br\/oferta_site_dir.php?arg=41814\" frameborder=\"0\" height=\"100%;\" width=\"100%\"><\/iframe><\/div>\r\n\r\n<div class=\"wp-block-image\"><figure><iframe loading=\"lazy\" src=\"https:\/\/vendedoradesonhos.com.br\/oferta_site_central.php\" width=\"100%\" height=\"330\" frameborder=\"0\"><\/iframe><figcaption>{teste}<\/figcaption><\/figure><\/div><hr>","protected":false},"excerpt":{"rendered":"","protected":false},"author":1,"featured_media":0,"parent":68,"menu_order":0,"comment_status":"closed","ping_status":"closed","template":"","meta":[],"_links":{"self":[{"href":"https:\/\/terrarara.com.br\/index.php?rest_route=\/wp\/v2\/pages\/26608"}],"collection":[{"href":"https:\/\/terrarara.com.br\/index.php?rest_route=\/wp\/v2\/pages"}],"about":[{"href":"https:\/\/terrarara.com.br\/index.php?rest_route=\/wp\/v2\/types\/page"}],"author":[{"embeddable":true,"href":"https:\/\/terrarara.com.br\/index.php?rest_route=\/wp\/v2\/users\/1"}],"replies":[{"embeddable":true,"href":"https:\/\/terrarara.com.br\/index.php?rest_route=%2Fwp%2Fv2%2Fcomments&post=26608"}],"version-history":[{"count":0,"href":"https:\/\/terrarara.com.br\/index.php?rest_route=\/wp\/v2\/pages\/26608\/revisions"}],"up":[{"embeddable":true,"href":"https:\/\/terrarara.com.br\/index.php?rest_route=\/wp\/v2\/pages\/68"}],"wp:attachment":[{"href":"https:\/\/terrarara.com.br\/index.php?rest_route=%2Fwp%2Fv2%2Fmedia&parent=26608"}],"curies":[{"name":"wp","href":"https:\/\/api.w.org\/{rel}","templated":true}]}}