{"id":26606,"date":"2026-03-15T00:21:33","date_gmt":"2026-03-15T00:21:33","guid":{"rendered":"https:\/\/terrarara.com.br\/?page_id=26606"},"modified":"2026-03-15T00:21:33","modified_gmt":"2026-03-15T00:21:33","slug":"uma-teia-cosmica-oculta-revelada-no-universo-jovem","status":"publish","type":"page","link":"https:\/\/terrarara.com.br\/?page_id=26606","title":{"rendered":"Uma teia c\u00f3smica oculta revelada no universo jovem"},"content":{"rendered":"<div class=\"wp-block-image\"><figure><img src=\"https:\/\/vendedoradesonhos.com.br\/upload\/1\/sites\/26\/img_41804_1200.jpg\" alt=\"\" style=\"width:100%\"><figcaption>Se\u00e7\u00e3o do Mapa de Intensidade de Linhas criado a partir do mapeamento da distribui\u00e7\u00e3o e concentra\u00e7\u00e3o de hidrog\u00eanio excitado (atrav\u00e9s do comprimento de onda Lyman-alfa) no universo h\u00e1 dez bilh\u00f5es de anos. As estrelas marcam onde o HETDEX encontrou gal\u00e1xias. A imagem inserida simula a estrutura presente neste mapa ap\u00f3s um zoom e a remo\u00e7\u00e3o do ru\u00eddo de fundo dos dados. Cr\u00e9dito: Maja Lujan Niemeyer\/Instituto Max Planck de Astrof\u00edsica\/HETDEX, Chris Byrohl\/Universidade de Stanford\/HETDEX.<\/figcaption><\/figure><\/div><hr><\/p><p>\r\n\t<a href=\"https:\/\/doi.org\/10.3847\/1538-4357\/ae3a98\" target=\"_blank\">doi.org\/10.3847\/1538-4357\/ae3a98<\/a><br><a href=\"https:\/\/vendedoradesonhos.com.br\/credibilidade_estudo.php?c=41804\">Credibilidade<\/a>: <font color=\"#00FFFF\">9<\/font><font color=\"#00FF00\">8<\/font><font color=\"#FFFF00\">9<\/font><br><a href=''https:\/\/terrarara.com.br\"s=universo''>#Universo<\/a>\u00a0<\/p><p><\/p><p>\r\n\t<!-- audio --><\/p><p>\r\n<button onclick=\"this.nextElementSibling.play()\" style=\"padding:12px 25px; font-size:18px; border:none; border-radius:8px; cursor:pointer;\">Ouvir<\/button><audio src=\"https:\/\/vendedoradesonhos.com.br\/audios\/41804.mp3\" preload=\"none\"><\/audio><\/p><p>\r\n\t<strong>Astr\u00f4nomos conseguiram mapear, pela primeira vez com grande detalhe, uma vasta estrutura invis\u00edvel formada por gal\u00e1xias fracas e nuvens de g\u00e1s no universo primordial<\/strong><\/p><p> Essa teia c\u00f3smica escondida existia entre 9 e 11 bilh\u00f5es de anos atr\u00e1s, numa \u00e9poca em que o universo tinha apenas cerca de 2,5 a 4,5 bilh\u00f5es de anos de idade.\r\n<\/p><p>\r\nAt\u00e9 agora, os cientistas conseguiam observar principalmente as gal\u00e1xias mais brilhantes e ativas daquela fase distante, que emitem luz intensa devido \u00e0 forma\u00e7\u00e3o acelerada de estrelas. No entanto, a maior parte das gal\u00e1xias menores e das nuvens de g\u00e1s difuso permanecia invis\u00edvel, porque sua luz \u00e9 muito fraca.\r\n<\/p><p>\r\nUsando dados do projeto HETDEX, realizado com o Hobby-Eberly Telescope, a equipe aplicou uma t\u00e9cnica chamada mapeamento de intensidade de linha. Em vez de ca\u00e7ar gal\u00e1xias uma a uma, eles mediram o brilho coletivo da luz Lyman-alpha &#8211; emitida pelo hidrog\u00eanio energizado &#8211; em grandes \u00e1reas do c\u00e9u. \u00c9 como olhar de cima para uma cidade \u00e0 noite: os m\u00e9todos tradicionais mostram apenas as metr\u00f3poles iluminadas, enquanto essa abordagem captura tamb\u00e9m a luz difusa dos bairros, vilarejos e estradas, revelando o conjunto inteiro.\r\n<\/p><p>\r\nO levantamento analisou uma quantidade imensa de informa\u00e7\u00f5es &#8211; centenas de milh\u00f5es de espectros coletados em uma regi\u00e3o equivalente a mais de 2.000 luas cheias no c\u00e9u. Embora o HETDEX tenha sido projetado principalmente para estudar energia escura por meio das gal\u00e1xias mais brilhantes, os pesquisadores usaram o restante dos dados (cerca de 95%) para detectar esse brilho sutil. Com a ajuda de supercomputadores, eles criaram um mapa tridimensional que destaca tanto as regi\u00f5es ao redor das gal\u00e1xias conhecidas quanto os espa\u00e7os entre elas, antes considerados praticamente vazios.\r\n<\/p><p>\r\n<div class=\"wp-block-image\"><figure><img src=\"https:\/\/vendedoradesonhos.com.br\/upload\/1\/sites\/26\/img_41804b_1200.jpg\" alt=\"\" style=\"width:100%\"><figcaption>Exemplo de um espectro criado pela combina\u00e7\u00e3o estat\u00edstica dos espectros de 50.000 emissores Lyman-alfa do primeiro Cat\u00e1logo P\u00fablico de Fontes HETDEX. O comprimento de onda associado ao Lyman-alfa aparece como um pico acentuado, tornando-o uma ferramenta particularmente \u00fatil para identificar a localiza\u00e7\u00e3o de gal\u00e1xias brilhantes no universo primordial. Cr\u00e9dito: HETDEX<\/figcaption><\/figure><\/div><hr><\/p><p>O resultado mostra uma estrutura em forma de teia muito mais rica e complexa do que se imaginava, com filamentos de mat\u00e9ria conectando gal\u00e1xias pequenas e nuvens de g\u00e1s. Essa descoberta oferece uma vis\u00e3o muito mais completa de como as gal\u00e1xias se formaram e evolu\u00edram nos primeiros bilh\u00f5es de anos do universo, al\u00e9m de permitir testar se as simula\u00e7\u00f5es computacionais atuais descrevem corretamente a f\u00edsica daquela \u00e9poca.\r\n<\/p><p>\r\nOs cientistas agora pretendem cruzar esse mapa com outros levantamentos que observam elementos diferentes, como mon\u00f3xido de carbono, para entender melhor os ambientes onde as estrelas nasciam. Esse trabalho marca o in\u00edcio de uma nova fase de explora\u00e7\u00e3o do cosmos, usando t\u00e9cnicas que revelam o que antes estava escondido, e abre portas para futuras observa\u00e7\u00f5es ainda mais precisas.\r\n<\/p><p>\r\n<hr>\r\n\r\n<p style=\"text-align:right\"><em>Publicado em 15\/03\/2026 00h21<\/em><\/p>\r\n<hr>\r\n<p style=\"text-align:right\"><em><a href=\"https:\/\/terrarara.com.br\/en\/?page_id=3727\">English version<\/a><\/em><\/p>\r\n<hr>\r\n\r\n\t\t\t<hr>\r\n\t\r\n\t\t\t\r\n\r\n<p>Estudo original: <\/p>\r\n\r\n\r\n\r\n<ul><li><a href=\"https:\/\/doi.org\/10.3847\/1538-4357\/ae3a98\" target=\"_blank\">https:\/\/doi.org\/10.3847\/1538-4357\/ae3a98<\/a><\/li><\/ul>\r\n\r\n\r\n\r\n<hr class=\"wp-block-separator is-style-wide\"\/>\r\n\r\n<div style=\"position: buttonline;\"><iframe loading=\"lazy\" src=\"https:\/\/vendedoradesonhos.com.br\/rodape_sites.php?arg=41804\" frameborder=\"0\" height=\"420px\" width=\"100%\"><\/iframe><\/div>\r\n<div style=\"position: buttonline;\"><iframe loading=\"lazy\" src=\"https:\/\/vendedoradesonhos.com.br\/comentario_navegacao.php?arg=41804\" frameborder=\"0\" height=\"500px\" width=\"100%\"><\/iframe><\/div>\r\n<div style=\"position:absolute; width:40%; height:70px; top:-70px; left:0px;\"><iframe loading=\"lazy\" src=\"https:\/\/vendedoradesonhos.com.br\/oferta_site_esq.php?arg=41804\" frameborder=\"0\" height=\"100%\" width=\"100%\"><\/iframe><\/div>\r\n<div style=\"position:absolute; width:40%; height:70px; top:-70px; right:0px;\"><iframe loading=\"lazy\" src=\"https:\/\/vendedoradesonhos.com.br\/oferta_site_dir.php?arg=41804\" frameborder=\"0\" height=\"100%;\" width=\"100%\"><\/iframe><\/div>\r\n\r\n<div class=\"wp-block-image\"><figure><iframe loading=\"lazy\" src=\"https:\/\/vendedoradesonhos.com.br\/oferta_site_central.php\" width=\"100%\" height=\"330\" frameborder=\"0\"><\/iframe><figcaption>{teste}<\/figcaption><\/figure><\/div><hr>","protected":false},"excerpt":{"rendered":"","protected":false},"author":1,"featured_media":0,"parent":691,"menu_order":0,"comment_status":"closed","ping_status":"closed","template":"","meta":[],"_links":{"self":[{"href":"https:\/\/terrarara.com.br\/index.php?rest_route=\/wp\/v2\/pages\/26606"}],"collection":[{"href":"https:\/\/terrarara.com.br\/index.php?rest_route=\/wp\/v2\/pages"}],"about":[{"href":"https:\/\/terrarara.com.br\/index.php?rest_route=\/wp\/v2\/types\/page"}],"author":[{"embeddable":true,"href":"https:\/\/terrarara.com.br\/index.php?rest_route=\/wp\/v2\/users\/1"}],"replies":[{"embeddable":true,"href":"https:\/\/terrarara.com.br\/index.php?rest_route=%2Fwp%2Fv2%2Fcomments&post=26606"}],"version-history":[{"count":0,"href":"https:\/\/terrarara.com.br\/index.php?rest_route=\/wp\/v2\/pages\/26606\/revisions"}],"up":[{"embeddable":true,"href":"https:\/\/terrarara.com.br\/index.php?rest_route=\/wp\/v2\/pages\/691"}],"wp:attachment":[{"href":"https:\/\/terrarara.com.br\/index.php?rest_route=%2Fwp%2Fv2%2Fmedia&parent=26606"}],"curies":[{"name":"wp","href":"https:\/\/api.w.org\/{rel}","templated":true}]}}