{"id":26605,"date":"2026-03-14T09:15:57","date_gmt":"2026-03-14T09:15:57","guid":{"rendered":"https:\/\/terrarara.com.br\/?page_id=26605"},"modified":"2026-03-14T09:15:57","modified_gmt":"2026-03-14T09:15:57","slug":"nascimento-de-um-magnetar-presenciado-pela-primeira-vez","status":"publish","type":"page","link":"https:\/\/terrarara.com.br\/?page_id=26605","title":{"rendered":"O nascimento de um magnetar \u00e9 presenciado pela primeira vez"},"content":{"rendered":"<div class=\"wp-block-image\"><figure><img src=\"https:\/\/vendedoradesonhos.com.br\/upload\/1\/sites\/26\/img_41802_1200.jpg\" alt=\"\" style=\"width:100%\"><figcaption>Imagem via <a href=\"https:\/\/www.eso.org\/public\/portugal\/images\/eso2313a\/\" target=\"_blank\">ESO<\/a><\/figcaption><\/figure><\/div><hr><\/p><p>\r\n\t<a href=\"https:\/\/doi.org\/10.1038\/s41586-026-10151-0\" target=\"_blank\">doi.org\/10.1038\/s41586-026-10151-0<\/a><br><a href=\"https:\/\/vendedoradesonhos.com.br\/credibilidade_estudo.php?c=41802\">Credibilidade<\/a>: <font color=\"#00FFFF\">9<\/font><font color=\"#00FF00\">8<\/font><font color=\"#FFFF00\">9<\/font><br><a href=''https:\/\/terrarara.com.br\"s=magnetar''>#Magnetar<\/a>\u00a0<\/p><p><\/p><p>\r\n\t<!-- audio --><\/p><p>\r\n<button onclick=\"this.nextElementSibling.play()\" style=\"padding:12px 25px; font-size:18px; border:none; border-radius:8px; cursor:pointer;\">Ouvir<\/button><audio src=\"https:\/\/vendedoradesonhos.com.br\/audios\/41802.mp3\" preload=\"none\"><\/audio><\/p><p>\r\n\t<strong>Astr\u00f4nomos conseguiram, pela primeira vez, observar diretamente o nascimento de um magnetar durante uma explos\u00e3o colossal de supernova<\/strong><\/p><p> Isso aconteceu com a supernova chamada SN 2024afav, detectada em dezembro de 2024, quando uma estrela cerca de 25 vezes mais massiva que o Sol chegou ao fim da vida, a aproximadamente um bilh\u00e3o de anos-luz da Terra.\r\n<\/p><p>\r\nEssa explos\u00e3o foi um exemplo de supernova superluminosa, ou seja, pelo menos dez vezes mais brilhante do que as supernovas comuns de estrelas grandes. Uma rede global de 27 telesc\u00f3pios do Observat\u00f3rio Las Cumbres acompanhou o evento por mais de 200 dias, registrando com detalhe a varia\u00e7\u00e3o de brilho.\r\n<\/p><p>\r\nO que deixou os cientistas especialmente intrigados foram algumas ondula\u00e7\u00f5es estranhas e peculiares na curva de luz da supernova &#8211; uma esp\u00e9cie de &#8220;pio? ou chirp que acelerava com o tempo. Ap\u00f3s meses de an\u00e1lise, incluindo c\u00e1lculos baseados na teoria da relatividade geral de Einstein, a equipe concluiu que essas caracter\u00edsticas s\u00f3 podiam ser explicadas pela presen\u00e7a de um magnetar rec\u00e9m-nascido no centro da explos\u00e3o.\r\n<\/p><p>\r\nUm magnetar \u00e9 um tipo especial de estrela de n\u00eautrons: uma esfera superdensa, do tamanho aproximado de uma cidade grande, que gira extremamente r\u00e1pido e possui um dos campos magn\u00e9ticos mais intensos conhecidos no universo &#8211; centenas ou at\u00e9 milhares de vezes mais forte que o de uma estrela de n\u00eautrons comum. Esse campo magn\u00e9tico poderoso age como uma esp\u00e9cie de bateria c\u00f3smica, acelerando part\u00edculas carregadas e injetando energia enorme no material ejetado pela supernova, o que torna o brilho muito mais intenso e duradouro.\r\n<\/p><p>\r\nEssa descoberta confirma uma ideia que os astr\u00f4nomos debatiam h\u00e1 anos: muitos desses eventos superluminosos s\u00e3o impulsionados exatamente por magnetares rec\u00e9m-formados. O que antes parecia quase uma explica\u00e7\u00e3o te\u00f3rica m\u00e1gica agora ganhou evid\u00eancia direta e s\u00f3lida, gra\u00e7as \u00e0 observa\u00e7\u00e3o dessa supernova em particular.\r\n<\/p><p>\r\nO estudo foi publicado na revista Nature em mar\u00e7o de 2026 e representa um avan\u00e7o importante para entender como algumas das explos\u00f5es mais violentas e brilhantes do cosmos realmente funcionam.\r\n<\/p><p>\r\n<blockquote class=\"twitter-tweet\" data-media-max-width=\"560\"><p lang=\"pt\" dir=\"ltr\">O nascimento de um magnetar \u00e9 presenciado pela primeira vez<a href=\"https:\/\/twitter.com\/hashtag\/Magnetar?src=hash&#038;ref_src=twsrc%5Etfw\">#Magnetar<\/a><br><br>Astr\u00f4nomos conseguiram, pela primeira vez, observar diretamente o nascimento de um magnetar durante uma explos\u00e3o colossal de supernova <a href=\"https:\/\/t.co\/UEuqzhdcjJ\">pic.twitter.com\/UEuqzhdcjJ<\/a><\/p>&#8211; Terra Rara&#x646; (@Terra_Rara) <a href=\"https:\/\/twitter.com\/Terra_Rara\/status\/2032772142060765538?ref_src=twsrc%5Etfw\">March 14, 2026<\/a><\/blockquote> <script async src=\"https:\/\/platform.twitter.com\/widgets.js\" charset=\"utf-8\"><\/script>\r\n<hr>\r\n\r\n<p style=\"text-align:right\"><em>Publicado em 14\/03\/2026 09h15<\/em><\/p>\r\n<hr>\r\n<p style=\"text-align:right\"><em><a href=\"https:\/\/terrarara.com.br\/en\/?page_id=3726\">English version<\/a><\/em><\/p>\r\n<hr>\r\n\r\n\t\t\t<hr>\r\n\t\r\n\t\t\t\r\n\r\n<p>Estudo original: <\/p>\r\n\r\n\r\n\r\n<ul><li><a href=\"https:\/\/doi.org\/10.1038\/s41586-026-10151-0\" target=\"_blank\">https:\/\/doi.org\/10.1038\/s41586-026-10151-0<\/a><\/li><\/ul>\r\n\r\n\r\n\r\n<hr class=\"wp-block-separator is-style-wide\"\/>\r\n\r\n<div style=\"position: buttonline;\"><iframe loading=\"lazy\" src=\"https:\/\/vendedoradesonhos.com.br\/rodape_sites.php?arg=41802\" frameborder=\"0\" height=\"420px\" width=\"100%\"><\/iframe><\/div>\r\n<div style=\"position: buttonline;\"><iframe loading=\"lazy\" src=\"https:\/\/vendedoradesonhos.com.br\/comentario_navegacao.php?arg=41802\" frameborder=\"0\" height=\"500px\" width=\"100%\"><\/iframe><\/div>\r\n<div style=\"position:absolute; width:40%; height:70px; top:-70px; left:0px;\"><iframe loading=\"lazy\" src=\"https:\/\/vendedoradesonhos.com.br\/oferta_site_esq.php?arg=41802\" frameborder=\"0\" height=\"100%\" width=\"100%\"><\/iframe><\/div>\r\n<div style=\"position:absolute; width:40%; height:70px; top:-70px; right:0px;\"><iframe loading=\"lazy\" src=\"https:\/\/vendedoradesonhos.com.br\/oferta_site_dir.php?arg=41802\" frameborder=\"0\" height=\"100%;\" width=\"100%\"><\/iframe><\/div>\r\n\r\n<div class=\"wp-block-image\"><figure><iframe loading=\"lazy\" src=\"https:\/\/vendedoradesonhos.com.br\/oferta_site_central.php\" width=\"100%\" height=\"330\" frameborder=\"0\"><\/iframe><figcaption>{teste}<\/figcaption><\/figure><\/div><hr>","protected":false},"excerpt":{"rendered":"","protected":false},"author":1,"featured_media":0,"parent":674,"menu_order":0,"comment_status":"closed","ping_status":"closed","template":"","meta":[],"_links":{"self":[{"href":"https:\/\/terrarara.com.br\/index.php?rest_route=\/wp\/v2\/pages\/26605"}],"collection":[{"href":"https:\/\/terrarara.com.br\/index.php?rest_route=\/wp\/v2\/pages"}],"about":[{"href":"https:\/\/terrarara.com.br\/index.php?rest_route=\/wp\/v2\/types\/page"}],"author":[{"embeddable":true,"href":"https:\/\/terrarara.com.br\/index.php?rest_route=\/wp\/v2\/users\/1"}],"replies":[{"embeddable":true,"href":"https:\/\/terrarara.com.br\/index.php?rest_route=%2Fwp%2Fv2%2Fcomments&post=26605"}],"version-history":[{"count":0,"href":"https:\/\/terrarara.com.br\/index.php?rest_route=\/wp\/v2\/pages\/26605\/revisions"}],"up":[{"embeddable":true,"href":"https:\/\/terrarara.com.br\/index.php?rest_route=\/wp\/v2\/pages\/674"}],"wp:attachment":[{"href":"https:\/\/terrarara.com.br\/index.php?rest_route=%2Fwp%2Fv2%2Fmedia&parent=26605"}],"curies":[{"name":"wp","href":"https:\/\/api.w.org\/{rel}","templated":true}]}}