{"id":26604,"date":"2026-03-14T02:30:38","date_gmt":"2026-03-14T02:30:38","guid":{"rendered":"https:\/\/terrarara.com.br\/?page_id=26604"},"modified":"2026-03-14T02:30:38","modified_gmt":"2026-03-14T02:30:38","slug":"nova-especie-gigante-de-dinossauro-descoberta-no-brasil","status":"publish","type":"page","link":"https:\/\/terrarara.com.br\/?page_id=26604","title":{"rendered":"Nova esp\u00e9cie gigante de dinossauro descoberta no Brasil \u00e9 parente de outro, descoberto na Espanha"},"content":{"rendered":"<div class=\"wp-block-image\"><figure><img src=\"https:\/\/vendedoradesonhos.com.br\/img\/sites\/img_dinossauro11.jpg\" alt=\"\" style=\"width:100%\"><figcaption>Um funcion\u00e1rio trabalha no s\u00edtio arqueol\u00f3gico onde foram encontrados ossos de dinossauro em Davin\u00f3polis, estado do Maranh\u00e3o, Brasil, em 28 de abril de 2021. Giovani de Toledo Viecili<\/figcaption><\/figure><\/div><hr><\/p><p>\r\n\t<a href=\"https:\/\/doi.org\/10.1080\/14772019.2025.2601579\" target=\"_blank\">doi.org\/10.1080\/14772019.2025.2601579<\/a><br><a href=\"https:\/\/vendedoradesonhos.com.br\/credibilidade_estudo.php?c=41801\">Credibilidade<\/a>: <font color=\"#00FFFF\">9<\/font><font color=\"#00FF00\">8<\/font><font color=\"#FFFF00\">9<\/font><br><a href=''https:\/\/terrarara.com.br\"s=dinossauro''>#Dinossauro<\/a>\u00a0<\/p><p><\/p><p>\r\n\t<!-- audio --><\/p><p>\r\n<button onclick=\"this.nextElementSibling.play()\" style=\"padding:12px 25px; font-size:18px; border:none; border-radius:8px; cursor:pointer;\">Ouvir<\/button><audio src=\"https:\/\/vendedoradesonhos.com.br\/audios\/41801.mp3\" preload=\"none\"><\/audio><\/p><p>\r\n\t<strong>Cientistas brasileiros identificaram uma nova esp\u00e9cie de dinossauro gigante que viveu h\u00e1 cerca de 120 milh\u00f5es de anos<\/strong><\/p><p> Chamado Dasosaurus tocantinensis, esse animal \u00e9 um dos maiores j\u00e1 encontrados no pa\u00eds e pertence ao grupo dos saur\u00f3podes, aqueles dinossauros de pesco\u00e7o longo que se alimentavam de plantas.\r\n<\/p><p>\r\nOs f\u00f3sseis foram descobertos em 2021, durante obras de infraestrutura perto da cidade de Davin\u00f3polis, no Maranh\u00e3o, no nordeste do Brasil. A pesquisa foi liderada por Elver Mayer, da Universidade Federal do Vale do S\u00e3o Francisco, com participa\u00e7\u00e3o de outros paleont\u00f3logos, como Leonardo Kerber.\r\n<\/p><p>\r\nEntre as pe\u00e7as encontradas est\u00e1 um f\u00eamur de cerca de 1,5 metro de comprimento. Com base nisso, os especialistas estimam que o animal chegava a aproximadamente 20 metros de extens\u00e3o total &#8211; algo equivalente ao comprimento de dois \u00f4nibus articulados juntos.\r\n<\/p><p>\r\nO nome Dasosaurus tocantinensis faz refer\u00eancia \u00e0 regi\u00e3o onde os restos foram achados, incluindo o rio Tocantins, que passa perto do local. O estudo foi publicado recentemente na revista cient\u00edfica Journal of Systematic Palaeontology.\r\n<\/p><p>\r\nO que torna essa descoberta ainda mais interessante \u00e9 a liga\u00e7\u00e3o com a Europa pr\u00e9-hist\u00f3rica. An\u00e1lises mostraram que esse dinossauro \u00e9 parente pr\u00f3ximo de outra esp\u00e9cie, o Garumbatitan morellensis, descoberto na Espanha. Isso indica que, naquela \u00e9poca, existiam rotas terrestres conectando partes da Am\u00e9rica do Sul, da \u00c1frica e da Europa &#8211; antes que o Oceano Atl\u00e2ntico se abrisse completamente e separasse esses continentes.\r\n<\/p><p>\r\nEssa conex\u00e3o permitiu que grupos de dinossauros herb\u00edvoros gigantes se espalhassem entre esses territ\u00f3rios h\u00e1 cerca de 130 milh\u00f5es de anos. A nova esp\u00e9cie ajuda a entender melhor como esses animais migraram e como os continentes estavam unidos no passado distante.\r\n<\/p><p>\r\n<hr>\r\n\r\n<p style=\"text-align:right\"><em>Publicado em 14\/03\/2026 02h30<\/em><\/p>\r\n<hr>\r\n<p style=\"text-align:right\"><em><a href=\"https:\/\/terrarara.com.br\/en\/?page_id=3725\">English version<\/a><\/em><\/p>\r\n<hr>\r\n\r\n\t\t\t<hr>\r\n\t\r\n\t\t\t\r\n\r\n<p>Estudo original: <\/p>\r\n\r\n\r\n\r\n<ul><li><a href=\"https:\/\/doi.org\/10.1080\/14772019.2025.2601579\" target=\"_blank\">https:\/\/doi.org\/10.1080\/14772019.2025.2601579<\/a><\/li><\/ul>\r\n\r\n\r\n\r\n<hr class=\"wp-block-separator is-style-wide\"\/>\r\n\r\n<div style=\"position: buttonline;\"><iframe loading=\"lazy\" src=\"https:\/\/vendedoradesonhos.com.br\/rodape_sites.php?arg=41801\" frameborder=\"0\" height=\"420px\" width=\"100%\"><\/iframe><\/div>\r\n<div style=\"position: buttonline;\"><iframe loading=\"lazy\" src=\"https:\/\/vendedoradesonhos.com.br\/comentario_navegacao.php?arg=41801\" frameborder=\"0\" height=\"500px\" width=\"100%\"><\/iframe><\/div>\r\n<div style=\"position:absolute; width:40%; height:70px; top:-70px; left:0px;\"><iframe loading=\"lazy\" src=\"https:\/\/vendedoradesonhos.com.br\/oferta_site_esq.php?arg=41801\" frameborder=\"0\" height=\"100%\" width=\"100%\"><\/iframe><\/div>\r\n<div style=\"position:absolute; width:40%; height:70px; top:-70px; right:0px;\"><iframe loading=\"lazy\" src=\"https:\/\/vendedoradesonhos.com.br\/oferta_site_dir.php?arg=41801\" frameborder=\"0\" height=\"100%;\" width=\"100%\"><\/iframe><\/div>\r\n\r\n<div class=\"wp-block-image\"><figure><iframe loading=\"lazy\" src=\"https:\/\/vendedoradesonhos.com.br\/oferta_site_central.php\" width=\"100%\" height=\"330\" frameborder=\"0\"><\/iframe><figcaption>{teste}<\/figcaption><\/figure><\/div><hr>","protected":false},"excerpt":{"rendered":"","protected":false},"author":1,"featured_media":0,"parent":62,"menu_order":0,"comment_status":"closed","ping_status":"closed","template":"","meta":[],"_links":{"self":[{"href":"https:\/\/terrarara.com.br\/index.php?rest_route=\/wp\/v2\/pages\/26604"}],"collection":[{"href":"https:\/\/terrarara.com.br\/index.php?rest_route=\/wp\/v2\/pages"}],"about":[{"href":"https:\/\/terrarara.com.br\/index.php?rest_route=\/wp\/v2\/types\/page"}],"author":[{"embeddable":true,"href":"https:\/\/terrarara.com.br\/index.php?rest_route=\/wp\/v2\/users\/1"}],"replies":[{"embeddable":true,"href":"https:\/\/terrarara.com.br\/index.php?rest_route=%2Fwp%2Fv2%2Fcomments&post=26604"}],"version-history":[{"count":0,"href":"https:\/\/terrarara.com.br\/index.php?rest_route=\/wp\/v2\/pages\/26604\/revisions"}],"up":[{"embeddable":true,"href":"https:\/\/terrarara.com.br\/index.php?rest_route=\/wp\/v2\/pages\/62"}],"wp:attachment":[{"href":"https:\/\/terrarara.com.br\/index.php?rest_route=%2Fwp%2Fv2%2Fmedia&parent=26604"}],"curies":[{"name":"wp","href":"https:\/\/api.w.org\/{rel}","templated":true}]}}