{"id":26603,"date":"2026-03-13T09:39:26","date_gmt":"2026-03-13T09:39:26","guid":{"rendered":"https:\/\/terrarara.com.br\/?page_id=26603"},"modified":"2026-03-13T09:39:26","modified_gmt":"2026-03-13T09:39:26","slug":"dna-escondido-nas-plantas-revela-um-segredo-evolutivo-de-400-milhoes-de-anos","status":"publish","type":"page","link":"https:\/\/terrarara.com.br\/?page_id=26603","title":{"rendered":"DNA  escondido nas plantas revela um segredo evolutivo de 400 milh\u00f5es de anos"},"content":{"rendered":"<div class=\"wp-block-image\"><figure><img src=\"https:\/\/vendedoradesonhos.com.br\/img\/sites\/img_dna21.jpg\" alt=\"\" style=\"width:100%\"><figcaption>Imagem via <a href=\"https:\/\/unsplash.com\/pt-br\/fotografias\/um-close-up-de-uma-estrutura-azul-e-roxa-8o_LkMpo8ug\" target=\"_blank\">Unsplash<\/a><\/figcaption><\/figure><\/div><hr><\/p><p>\r\n\t<a href=\"https:\/\/doi.org\/10.1126\/science.adt8983\" target=\"_blank\">doi.org\/10.1126\/science.adt8983<\/a><br><a href=\"https:\/\/vendedoradesonhos.com.br\/credibilidade_estudo.php?c=41799\">Credibilidade<\/a>: <font color=\"#00FFFF\">9<\/font><font color=\"#00FF00\">9<\/font><font color=\"#FFFF00\">9<\/font><br><a href=''https:\/\/terrarara.com.br\"s=dna''>#DNA<\/a>\u00a0<\/p><p><\/p><p>\r\n\t<!-- audio --><\/p><p>\r\n<button onclick=\"this.nextElementSibling.play()\" style=\"padding:12px 25px; font-size:18px; border:none; border-radius:8px; cursor:pointer;\">Ouvir<\/button><audio src=\"https:\/\/vendedoradesonhos.com.br\/audios\/41799.mp3\" preload=\"none\"><\/audio><\/p><p>\r\n\t<strong>Cientistas acabam de descobrir algo impressionante no DNA das plantas: uma camada escondida de sequ\u00eancias regulat\u00f3rias que permaneceu praticamente inalterada por mais de 400 milh\u00f5es de anos<\/strong><\/p><p> Essas partes do DNA funcionam como antigos &#8220;interruptores? que controlam quando e como os genes s\u00e3o ativados ou desligados, e elas formam uma esp\u00e9cie de blueprint evolutivo que sobreviveu a eras geol\u00f3gicas inteiras.\r\n<\/p><p>\r\nPor muito tempo, os pesquisadores acreditavam que, ao contr\u00e1rio dos animais, as plantas n\u00e3o conservavam por tanto tempo essas regi\u00f5es regulat\u00f3rias do DNA &#8211; aquelas que n\u00e3o codificam prote\u00ednas diretamente, mas orquestram o funcionamento dos genes. As plantas t\u00eam genomas que se expandem muito, com duplica\u00e7\u00f5es e rearranjos frequentes, o que tornava dif\u00edcil detectar padr\u00f5es antigos. Mas uma nova abordagem mudou tudo.\r\n<\/p><p>\r\nUma equipe internacional, liderada pelo laborat\u00f3rio Cold Spring Harbor (CSHL), pela Universidade Hebraica de Jerusal\u00e9m e pelo Sainsbury Laboratory em Cambridge, desenvolveu uma ferramenta computacional chamada Conservatory. Ela analisa n\u00e3o s\u00f3 a sequ\u00eancia de letras do DNA, mas principalmente a ordem e a organiza\u00e7\u00e3o dos genes ao redor dessas regi\u00f5es regulat\u00f3rias, mesmo quando as dist\u00e2ncias f\u00edsicas mudam bastante devido a rearranjos gen\u00f4micos.\r\n<\/p><p>\r\nAo comparar 314 genomas de 284 esp\u00e9cies diferentes de plantas &#8211; incluindo muitas culturas agr\u00edcolas e seus parentes selvagens, coletados em jardins bot\u00e2nicos e herb\u00e1rios &#8220;, os cientistas identificaram mais de 2,3 milh\u00f5es dessas sequ\u00eancias conservadas n\u00e3o codificantes (chamadas CNSs). Algumas delas remontam a antes da separa\u00e7\u00e3o entre as plantas com flores (angiospermas) e seus ancestrais sem flores, h\u00e1 mais de 400 milh\u00f5es de anos.\r\n<\/p><p>\r\nO mais surpreendente \u00e9 que essas sequ\u00eancias antigas n\u00e3o s\u00f3 sobreviveram: elas servem de base para novas regula\u00e7\u00f5es. Quando genes se duplicam &#8211; algo comum nas plantas para permitir crescimento e adapta\u00e7\u00e3o &#8220;, partes dessas CNSs antigas s\u00e3o modificadas e ganham fun\u00e7\u00f5es novas, ajudando a explicar como as plantas evolu\u00edram genomas t\u00e3o complexos e diversificados.\r\n<\/p><p>\r\nPara confirmar que essas regi\u00f5es realmente importam, os pesquisadores editaram geneticamente algumas delas e viram que alter\u00e1-las afeta o desenvolvimento normal da planta, provando seu papel essencial.\r\n<\/p><p>\r\nEssa descoberta abre uma janela nova para entender a evolu\u00e7\u00e3o da vida ao longo de centenas de milh\u00f5es de anos. Ela mostra que, apesar de todas as mudan\u00e7as dr\u00e1sticas no genoma das plantas, h\u00e1 uma ordem profunda que persiste. Al\u00e9m disso, cria um atlas completo dessas sequ\u00eancias regulat\u00f3rias antigas, que pode ser usado para melhorar plantas cultivadas &#8211; por exemplo, ajustando genes para torn\u00e1-las mais resistentes \u00e0 seca, pragas ou escassez de alimentos, de forma mais precisa e eficiente.\r\n<\/p><p>\r\nEm resumo, o que parecia ser &#8220;lixo? ou aleat\u00f3rio no DNA das plantas era, na verdade, um tesouro escondido de instru\u00e7\u00f5es evolutivas que atravessaram eras. Os cientistas est\u00e3o animados: \u00e9 como encontrar um manual antigo que ainda funciona perfeitamente hoje, revelando segredos sobre como a vida vegetal se tornou t\u00e3o variada e resiliente no nosso planeta.\r\n<\/p><p>\r\n<blockquote class=\"twitter-tweet\" data-media-max-width=\"560\"><p lang=\"pt\" dir=\"ltr\">DNA escondido nas plantas revela um segredo evolutivo de 400 milh\u00f5es de anos<a href=\"https:\/\/twitter.com\/hashtag\/DNA?src=hash&amp;ref_src=twsrc%5Etfw\">#DNA<\/a><br><br>Cientistas acabam de descobrir algo impressionante no DNA das plantas: uma camada escondida de sequ\u00eancias regulat\u00f3rias que permaneceu praticamente inalterada por mais de 400 milh\u00f5es de anos <a href=\"https:\/\/t.co\/kHAoMqbu1m\">pic.twitter.com\/kHAoMqbu1m<\/a><\/p>&mdash; Terra Rara??????&#x646; (@Terra_Rara) <a href=\"https:\/\/twitter.com\/Terra_Rara\/status\/2033021739635028181?ref_src=twsrc%5Etfw\">March 15, 2026<\/a><\/blockquote> <script async src=\"https:\/\/platform.twitter.com\/widgets.js\" charset=\"utf-8\"><\/script>\r\n<hr>\r\n\r\n<p style=\"text-align:right\"><em>Publicado em 13\/03\/2026 09h39<\/em><\/p>\r\n<hr>\r\n<p style=\"text-align:right\"><em><a href=\"https:\/\/terrarara.com.br\/en\/?page_id=3724\">English version<\/a><\/em><\/p>\r\n<hr>\r\n\r\n\t\t\t<hr>\r\n\t\r\n\t\t\t\r\n\r\n<p>Estudo original: <\/p>\r\n\r\n\r\n\r\n<ul><li><a href=\"https:\/\/doi.org\/10.1126\/science.adt8983\" target=\"_blank\">https:\/\/doi.org\/10.1126\/science.adt8983<\/a><\/li><\/ul>\r\n\r\n\r\n\r\n<hr class=\"wp-block-separator is-style-wide\"\/>\r\n\r\n<div style=\"position: buttonline;\"><iframe loading=\"lazy\" src=\"https:\/\/vendedoradesonhos.com.br\/rodape_sites.php?arg=41799\" frameborder=\"0\" height=\"420px\" width=\"100%\"><\/iframe><\/div>\r\n<div style=\"position: buttonline;\"><iframe loading=\"lazy\" src=\"https:\/\/vendedoradesonhos.com.br\/comentario_navegacao.php?arg=41799\" frameborder=\"0\" height=\"500px\" width=\"100%\"><\/iframe><\/div>\r\n<div style=\"position:absolute; width:40%; height:70px; top:-70px; left:0px;\"><iframe loading=\"lazy\" src=\"https:\/\/vendedoradesonhos.com.br\/oferta_site_esq.php?arg=41799\" frameborder=\"0\" height=\"100%\" width=\"100%\"><\/iframe><\/div>\r\n<div style=\"position:absolute; width:40%; height:70px; top:-70px; right:0px;\"><iframe loading=\"lazy\" src=\"https:\/\/vendedoradesonhos.com.br\/oferta_site_dir.php?arg=41799\" frameborder=\"0\" height=\"100%;\" width=\"100%\"><\/iframe><\/div>\r\n\r\n<div class=\"wp-block-image\"><figure><iframe loading=\"lazy\" src=\"https:\/\/vendedoradesonhos.com.br\/oferta_site_central.php\" width=\"100%\" height=\"330\" frameborder=\"0\"><\/iframe><figcaption>{teste}<\/figcaption><\/figure><\/div><hr>","protected":false},"excerpt":{"rendered":"","protected":false},"author":1,"featured_media":0,"parent":26,"menu_order":0,"comment_status":"closed","ping_status":"closed","template":"","meta":[],"_links":{"self":[{"href":"https:\/\/terrarara.com.br\/index.php?rest_route=\/wp\/v2\/pages\/26603"}],"collection":[{"href":"https:\/\/terrarara.com.br\/index.php?rest_route=\/wp\/v2\/pages"}],"about":[{"href":"https:\/\/terrarara.com.br\/index.php?rest_route=\/wp\/v2\/types\/page"}],"author":[{"embeddable":true,"href":"https:\/\/terrarara.com.br\/index.php?rest_route=\/wp\/v2\/users\/1"}],"replies":[{"embeddable":true,"href":"https:\/\/terrarara.com.br\/index.php?rest_route=%2Fwp%2Fv2%2Fcomments&post=26603"}],"version-history":[{"count":0,"href":"https:\/\/terrarara.com.br\/index.php?rest_route=\/wp\/v2\/pages\/26603\/revisions"}],"up":[{"embeddable":true,"href":"https:\/\/terrarara.com.br\/index.php?rest_route=\/wp\/v2\/pages\/26"}],"wp:attachment":[{"href":"https:\/\/terrarara.com.br\/index.php?rest_route=%2Fwp%2Fv2%2Fmedia&parent=26603"}],"curies":[{"name":"wp","href":"https:\/\/api.w.org\/{rel}","templated":true}]}}