{"id":26599,"date":"2026-03-11T21:51:30","date_gmt":"2026-03-11T21:51:30","guid":{"rendered":"https:\/\/terrarara.com.br\/?page_id=26599"},"modified":"2026-03-11T21:51:30","modified_gmt":"2026-03-11T21:51:30","slug":"a-via-lactea-esta-imersa-em-uma-gigantesca-panqueca-de-materia-escura","status":"publish","type":"page","link":"https:\/\/terrarara.com.br\/?page_id=26599","title":{"rendered":"A via l\u00e1ctea est\u00e1 imersa em uma gigantesca &#8216;panqueca&#8217; de mat\u00e9ria escura"},"content":{"rendered":"<div class=\"wp-block-image\"><figure><img src=\"https:\/\/vendedoradesonhos.com.br\/upload\/1\/sites\/26\/img_41789_1200.jpg\" alt=\"\" style=\"width:100%\"><figcaption>Uma simula\u00e7\u00e3o da folha c\u00f3smica vista de lado, com vazios acima e abaixo. (Wempe et al., Nat. Astron., 2026)<\/figcaption><\/figure><\/div><hr><\/p><p>\r\n\t<a href=\"https:\/\/doi.org\/10.1038\/s41550-025-02770-w\" target=\"_blank\">doi.org\/10.1038\/s41550-025-02770-w<\/a><br><a href=\"https:\/\/vendedoradesonhos.com.br\/credibilidade_estudo.php?c=41789\">Credibilidade<\/a>: <font color=\"#00FFFF\">9<\/font><font color=\"#00FF00\">8<\/font><font color=\"#FFFF00\">9<\/font><br><a href=''https:\/\/terrarara.com.br\"s=via l\u00e1ctea''>#Via L\u00e1ctea<\/a>\u00a0<\/p><p><\/p><p>\r\n\t<!-- audio --><\/p><p>\r\n<button onclick=\"this.nextElementSibling.play()\" style=\"padding:12px 25px; font-size:18px; border:none; border-radius:8px; cursor:pointer;\">Ouvir<\/button><audio src=\"https:\/\/vendedoradesonhos.com.br\/audios\/41789.mp3\" preload=\"none\"><\/audio><\/p><p>\r\n\t<strong><\/p><p>\r\nAstr\u00f4nomos descobriram algo fascinante sobre o nosso lugar no Universo: a Via L\u00e1ctea n\u00e3o flutua simplesmente em um vazio c\u00f3smico imenso e isolado<\/strong><\/p><p> Na verdade, nossa gal\u00e1xia est\u00e1 completamente envolvida por uma enorme estrutura achatada de mat\u00e9ria escura, parecida com uma panqueca gigante &#8211; e n\u00f3s somos como um pequeno mirtilo dentro dela.\r\n<\/p><p>\r\nEssa revela\u00e7\u00e3o veio de uma equipe liderada pelo astr\u00f4nomo Ewoud Wempe, da Universidade de Groningen, na Holanda. Eles usaram simula\u00e7\u00f5es computacionais muito detalhadas do Universo primordial, baseadas em dados do fundo c\u00f3smico de micro-ondas (a &#8220;luz? mais antiga que conseguimos observar), e compararam os resultados com os movimentos reais de gal\u00e1xias pr\u00f3ximas.\r\n<\/p><p>\r\nAo analisar como 31 gal\u00e1xias isoladas se movem no espa\u00e7o ao nosso redor, os pesquisadores conseguiram recriar com precis\u00e3o as velocidades da Via L\u00e1ctea e da gal\u00e1xia de Andr\u00f4meda. A \u00fanica configura\u00e7\u00e3o que funcionou perfeitamente nas simula\u00e7\u00f5es foi uma em que a mat\u00e9ria escura &#8211; aquela massa invis\u00edvel que n\u00e3o emite nem reflete luz &#8211; est\u00e1 concentrada em uma esp\u00e9cie de folha ou disco achatado. Essa &#8220;panqueca? tem densidade que aumenta conforme se afasta do nosso Grupo Local (o pequeno conjunto de gal\u00e1xias onde estamos), e deixa grandes vazios profundos acima e abaixo desse plano.<\/p><p>\r\n<div class=\"wp-block-image\"><figure><img src=\"https:\/\/vendedoradesonhos.com.br\/upload\/1\/sites\/26\/img_41789b_1200.jpg\" alt=\"\" style=\"width:100%\"><figcaption>Diagrama das velocidades peculiares no espa\u00e7o local. (Wempe et al., Nat. Astron., 2026)<\/figcaption><\/figure><\/div><hr><\/p><p><\/p><p>\r\nEssa estrutura explica tr\u00eas caracter\u00edsticas estranhas do nosso pedacinho de Universo que intrigavam os cientistas h\u00e1 anos:\r\n<\/p><p>\r\n&#8211; A Local Sheet (Folha Local), uma disposi\u00e7\u00e3o quase plana de gal\u00e1xias onde o nosso Grupo Local est\u00e1 inserido;\r\n<\/p><p>\r\n&#8211; O Local Void (Vazio Local), uma regi\u00e3o gigantesca quase sem gal\u00e1xias logo ao lado;\r\n<\/p><p>\r\n&#8211; O chamado &#8220;quiet Hubble flow&#8221;, ou seja, a expans\u00e3o do Universo acontece de forma surpreendentemente suave e calma bem aqui perto de n\u00f3s, sem grandes perturba\u00e7\u00f5es gravitacionais.\r\n<\/p><p>\r\nModelos anteriores tinham dificuldade para explicar esses pontos ao mesmo tempo, especialmente porque a massa combinada da Via L\u00e1ctea e de Andr\u00f4meda parecia insuficiente para justificar a calma observada. Agora, com a geometria em forma de folha, tudo se encaixa: a atra\u00e7\u00e3o gravitacional puxa a mat\u00e9ria para os lados, criando o vazio acima e abaixo, enquanto a configura\u00e7\u00e3o plana reduz o &#8220;pux\u00e3o? para dentro, deixando o fluxo de expans\u00e3o mais tranquilo.\r\n<\/p><p>\r\nO mais interessante \u00e9 que essa descoberta n\u00e3o exige nenhuma f\u00edsica nova ou ex\u00f3tica. Folhas e estruturas planas de mat\u00e9ria escura j\u00e1 s\u00e3o previstas pelo modelo padr\u00e3o cosmol\u00f3gico (chamado &#8220;CDM). O que a pesquisa mostra \u00e9 que, no nosso caso espec\u00edfico, o ambiente local se formou exatamente desse jeito.\r\n<\/p><p>\r\nComo resumiu Ewoud Wempe: eles est\u00e3o explorando todas as configura\u00e7\u00f5es poss\u00edveis do Universo primordial que poderiam ter levado ao Grupo Local que conhecemos hoje, e agora t\u00eam um modelo que combina perfeitamente com o que a cosmologia prev\u00ea e com o que observamos na nossa vizinhan\u00e7a c\u00f3smica.\r\n<\/p><p>\r\nEssa nova vis\u00e3o ajuda a entender melhor como gal\u00e1xias se formam e se organizam dentro da imensa teia c\u00f3smica, e refor\u00e7a a ideia de que a mat\u00e9ria escura, mesmo sendo invis\u00edvel, molda ativamente a arquitetura do Universo &#8211; inclusive o nosso cantinho dele.\r\n<\/p><p>\r\n<blockquote class=\"twitter-tweet\" data-media-max-width=\"560\"><p lang=\"pt\" dir=\"ltr\">A via l\u00e1ctea est\u00e1 imersa em uma gigantesca &quot;panqueca&quot; de mat\u00e9ria escura<a href=\"https:\/\/twitter.com\/hashtag\/ViaL%C3%A1ctea?src=hash&amp;ref_src=twsrc%5Etfw\">#ViaL\u00e1ctea<\/a><br><br>Astr\u00f4nomos descobriram algo fascinante sobre o nosso lugar no Universo: a Via L\u00e1ctea n\u00e3o flutua simplesmente em um vazio c\u00f3smico imenso e isolado<br><br>DOI: 10.1038\/s41550-025-02770-w <a href=\"https:\/\/t.co\/1W94kHWY18\">pic.twitter.com\/1W94kHWY18<\/a><\/p>&mdash; Terra Rara??????&#x646; (@Terra_Rara) <a href=\"https:\/\/twitter.com\/Terra_Rara\/status\/2031911819002905006?ref_src=twsrc%5Etfw\">March 12, 2026<\/a><\/blockquote> <script async src=\"https:\/\/platform.twitter.com\/widgets.js\" charset=\"utf-8\"><\/script>\r\n<hr>\r\n\r\n<p style=\"text-align:right\"><em>Publicado em 11\/03\/2026 21h51<\/em><\/p>\r\n<hr>\r\n<p style=\"text-align:right\"><em><a href=\"https:\/\/terrarara.com.br\/en\/?page_id=3720\">English version<\/a><\/em><\/p>\r\n<hr>\r\n\r\n\t\t\t<hr>\r\n\t\r\n\t\t\t\r\n\r\n<p>Estudo original: <\/p>\r\n\r\n\r\n\r\n<ul><li><a href=\"https:\/\/doi.org\/10.1038\/s41550-025-02770-w\" target=\"_blank\">https:\/\/doi.org\/10.1038\/s41550-025-02770-w<\/a><\/li><\/ul>\r\n\r\n\r\n\r\n<hr class=\"wp-block-separator is-style-wide\"\/>\r\n\r\n<div style=\"position: buttonline;\"><iframe loading=\"lazy\" src=\"https:\/\/vendedoradesonhos.com.br\/rodape_sites.php?arg=41789\" frameborder=\"0\" height=\"420px\" width=\"100%\"><\/iframe><\/div>\r\n<div style=\"position: buttonline;\"><iframe loading=\"lazy\" src=\"https:\/\/vendedoradesonhos.com.br\/comentario_navegacao.php?arg=41789\" frameborder=\"0\" height=\"500px\" width=\"100%\"><\/iframe><\/div>\r\n<div style=\"position:absolute; width:40%; height:70px; top:-70px; left:0px;\"><iframe loading=\"lazy\" src=\"https:\/\/vendedoradesonhos.com.br\/oferta_site_esq.php?arg=41789\" frameborder=\"0\" height=\"100%\" width=\"100%\"><\/iframe><\/div>\r\n<div style=\"position:absolute; width:40%; height:70px; top:-70px; right:0px;\"><iframe loading=\"lazy\" src=\"https:\/\/vendedoradesonhos.com.br\/oferta_site_dir.php?arg=41789\" frameborder=\"0\" height=\"100%;\" width=\"100%\"><\/iframe><\/div>\r\n\r\n<div class=\"wp-block-image\"><figure><iframe loading=\"lazy\" src=\"https:\/\/vendedoradesonhos.com.br\/oferta_site_central.php\" width=\"100%\" height=\"330\" frameborder=\"0\"><\/iframe><figcaption>{teste}<\/figcaption><\/figure><\/div><hr>","protected":false},"excerpt":{"rendered":"","protected":false},"author":1,"featured_media":0,"parent":5,"menu_order":0,"comment_status":"closed","ping_status":"closed","template":"","meta":[],"_links":{"self":[{"href":"https:\/\/terrarara.com.br\/index.php?rest_route=\/wp\/v2\/pages\/26599"}],"collection":[{"href":"https:\/\/terrarara.com.br\/index.php?rest_route=\/wp\/v2\/pages"}],"about":[{"href":"https:\/\/terrarara.com.br\/index.php?rest_route=\/wp\/v2\/types\/page"}],"author":[{"embeddable":true,"href":"https:\/\/terrarara.com.br\/index.php?rest_route=\/wp\/v2\/users\/1"}],"replies":[{"embeddable":true,"href":"https:\/\/terrarara.com.br\/index.php?rest_route=%2Fwp%2Fv2%2Fcomments&post=26599"}],"version-history":[{"count":0,"href":"https:\/\/terrarara.com.br\/index.php?rest_route=\/wp\/v2\/pages\/26599\/revisions"}],"up":[{"embeddable":true,"href":"https:\/\/terrarara.com.br\/index.php?rest_route=\/wp\/v2\/pages\/5"}],"wp:attachment":[{"href":"https:\/\/terrarara.com.br\/index.php?rest_route=%2Fwp%2Fv2%2Fmedia&parent=26599"}],"curies":[{"name":"wp","href":"https:\/\/api.w.org\/{rel}","templated":true}]}}