{"id":26598,"date":"2026-03-11T00:50:01","date_gmt":"2026-03-11T00:50:01","guid":{"rendered":"https:\/\/terrarara.com.br\/?page_id=26598"},"modified":"2026-03-11T00:50:01","modified_gmt":"2026-03-11T00:50:01","slug":"e-o-universo-infinito-a-surpreendente-verdade-sobre-a-geometria-cosmica","status":"publish","type":"page","link":"https:\/\/terrarara.com.br\/?page_id=26598","title":{"rendered":"\u00c9 o universo infinito? a surpreendente verdade sobre a geometria c\u00f3smica"},"content":{"rendered":"<div class=\"wp-block-image\"><figure><img src=\"https:\/\/vendedoradesonhos.com.br\/img\/sites\/img_universo7.jpg\" alt=\"\" style=\"width:100%\"><figcaption>Imagem via 3a#https:\/\/science.nasa.gov\/missions\/webb\/nasa-webb-pushes-boundaries-of-observable-universe-closer-to-big-bang\/&#8221; target=&#8221;_blank&#8221;>NASA<\/a><\/figcaption><\/figure><\/div><hr><\/p><p>\r\n\t<a href=\"https:\/\/doi.org\/10.1051\/0004-6361\/201833910\" target=\"_blank\">doi.org\/10.1051\/0004-6361\/201833910<\/a><br><a href=\"https:\/\/vendedoradesonhos.com.br\/credibilidade_estudo.php?c=41787\">Credibilidade<\/a>: <font color=\"#00FFFF\">9<\/font><font color=\"#00FF00\">8<\/font><font color=\"#FFFF00\">9<\/font><br><a href=''https:\/\/terrarara.com.br\"s=universo''>#Universo<\/a>\u00a0<\/p><p><\/p><p>\r\n\t<!-- audio --><\/p><p>\r\n<button onclick=\"this.nextElementSibling.play()\" style=\"padding:12px 25px; font-size:18px; border:none; border-radius:8px; cursor:pointer;\">Ouvir<\/button><audio src=\"https:\/\/vendedoradesonhos.com.br\/audios\/41787.mp3\" preload=\"none\"><\/audio><\/p><p>\r\n\t<strong>As medi\u00e7\u00f5es do universo primordial revelam que o espa\u00e7o parece plano em toda a parte que conseguimos observar<\/strong><\/p><p> No entanto, al\u00e9m do nosso horizonte c\u00f3smico, o universo pode se curvar, formar loops ou se conectar de formas inesperadas, deixando em aberto a quest\u00e3o definitiva sobre seu tamanho e sua verdadeira forma.\r\n<\/p><p>\r\nQuando olhamos para o c\u00e9u com telesc\u00f3pios poderosos, vemos gal\u00e1xias, estrelas e estruturas que se estendem at\u00e9 onde a luz conseguiu viajar desde o Big Bang. Esse \u00e9 o nosso universo observ\u00e1vel, uma bolha imensa com dezenas de bilh\u00f5es de anos-luz de di\u00e2metro. Os astr\u00f4nomos assumem que o cosmos continua al\u00e9m dessa fronteira, com mais gal\u00e1xias e mat\u00e9ria se estendendo para fora. Mas surge uma pergunta profunda: qual \u00e9 o tamanho total do universo, incluindo as regi\u00f5es que nunca poderemos ver?\r\n<\/p><p>\r\nA verdade \u00e9 que talvez nunca saibamos a resposta completa. Tudo o que podemos fazer \u00e9 especular com base no que a ci\u00eancia j\u00e1 descobriu. O universo pode ser infinito, estendendo-se para sempre sem fim. Ou pode ser finito, mas sem nenhuma borda, algo que parece paradoxal \u00e0 primeira vista.\r\n<\/p><p>\r\nPense na superf\u00edcie da Terra: ela \u00e9 finita, mas n\u00e3o tem borda se voc\u00ea caminhar apenas sobre ela. Voc\u00ea pode andar em c\u00edrculos para sempre sem cair de um limite. A Terra consegue isso porque \u00e9 curva. No universo acontece algo parecido. Se o espa\u00e7o for curvo de maneira adequada, ele pode ser finito e, ao mesmo tempo, n\u00e3o possuir extremidades.\r\n<\/p><p>\r\nPara descobrir se o espa\u00e7o \u00e9 curvo ou plano, os cientistas usam ferramentas matem\u00e1ticas simples, semelhantes \u00e0s que medem a curvatura da Terra. Em um espa\u00e7o perfeitamente plano, os \u00e2ngulos internos de um tri\u00e2ngulo sempre somam exatamente 180 graus, e linhas paralelas nunca se encontram. J\u00e1 em superf\u00edcies curvas, os \u00e2ngulos de um tri\u00e2ngulo podem somar mais ou menos que 180 graus, e paralelas acabam se cruzando.\r\n<\/p><p>\r\nOs astr\u00f4nomos aplicam esses mesmos testes no cosmos inteiro. Eles observam a luz que vem do universo muito jovem, liberada quando o cosmos esfriou e deixou de ser um plasma quente. Essa luz forma o chamado fundo c\u00f3smico de micro-ondas, uma radia\u00e7\u00e3o que preenche todo o espa\u00e7o e traz impress\u00f5es do universo primordial.\r\n<\/p><p>\r\nOs c\u00e1lculos mostram que deveriam existir pequenas varia\u00e7\u00f5es de temperatura nesse fundo c\u00f3smico. E de fato existem. Al\u00e9m disso, \u00e9 poss\u00edvel prever o tamanho esperado dessas varia\u00e7\u00f5es. Se o universo fosse curvo, a luz teria viajado por caminhos curvados durante bilh\u00f5es de anos, alterando o tamanho aparente dessas manchas. Ao comparar as previs\u00f5es com as observa\u00e7\u00f5es reais, os cientistas descobriram que as manchas t\u00eam exatamente o tamanho esperado para um universo plano.\r\n<\/p><p>\r\nIsso significa que, na escala do que podemos ver, o espa\u00e7o \u00e9 plano como uma folha de papel. Mas ser\u00e1 que isso prova que o universo \u00e9 infinito? N\u00e3o necessariamente. Imagine tentar medir a curvatura da Terra olhando apenas para o seu quintal: os tri\u00e2ngulos seriam pequenos demais e as linhas paralelas curtas demais para revelar qualquer curvatura. Da mesma forma, nosso universo observ\u00e1vel pode ser apenas um pedacinho pequeno de algo muito maior, onde tudo parece plano localmente, mas o conjunto inteiro poderia se curvar em escalas gigantescas.\r\n<\/p><p>\r\nOutra possibilidade fascinante \u00e9 que o universo seja geometricamente plano, mas topologicamente fechado em alguma dimens\u00e3o. Pegue uma folha de papel plana e dobre-a at\u00e9 transformar em um cilindro: os tri\u00e2ngulos continuam com \u00e2ngulos somando 180 graus e as paralelas n\u00e3o se cruzam, mas agora o espa\u00e7o tem uma dimens\u00e3o que se enrola sobre si mesma. Existem v\u00e1rias formas assim &#8211; como cilindros, toros (donuts), fitas de M\u00f6bius e outras estruturas mais ex\u00f3ticas &#8211; que mant\u00eam a geometria plana, mas fecham o espa\u00e7o em loops.\r\n<\/p><p>\r\nEm tr\u00eas dimens\u00f5es, a matem\u00e1tica conhece pelo menos 17 topologias diferentes que s\u00e3o planas geometricamente. Os cientistas j\u00e1 procuraram sinais dessas formas enroladas, como padr\u00f5es repetidos no fundo c\u00f3smico de micro-ondas ou gal\u00e1xias que aparecessem em lados opostos do c\u00e9u. At\u00e9 agora, nada foi encontrado, o que sugere que o universo \u00e9 plano e simples, sem enrolamentos detect\u00e1veis.\r\n<\/p><p>\r\nMesmo assim, a quest\u00e3o permanece aberta. Devido \u00e0 expans\u00e3o acelerada do universo, regi\u00f5es muito distantes se afastam mais r\u00e1pido que a luz, tornando imposs\u00edvel observ\u00e1-las algum dia. Curvaturas ou enrolamentos em escalas maiores que o nosso horizonte podem existir para sempre al\u00e9m do nosso alcance.\r\n<\/p><p>\r\nPortanto, o universo pode ser infinito, indo e indo sem parar. Ou pode ser finito, curvado ou enrolado de maneiras que nunca veremos. A geometria c\u00f3smica nos mostra um espa\u00e7o plano no que conseguimos estudar, mas a forma e o tamanho definitivos continuam sendo um dos maiores mist\u00e9rios da ci\u00eancia.\r\n<\/p><p>\r\n<blockquote class=\"twitter-tweet\" data-media-max-width=\"560\"><p lang=\"pt\" dir=\"ltr\">\u00c9 o universo infinito? a surpreendente verdade sobre a geometria c\u00f3smica<a href=\"https:\/\/twitter.com\/hashtag\/Universo?src=hash&amp;ref_src=twsrc%5Etfw\">#Universo<\/a><br><br>As medi\u00e7\u00f5es do universo primordial revelam que o espa\u00e7o parece plano em toda a parte que conseguimos observar<br>Veja em: <a href=\"https:\/\/t.co\/TN3YSGte3s\">pic.twitter.com\/TN3YSGte3s<\/a><\/p>&mdash; Terra Rara??????&#x646; (@Terra_Rara) <a href=\"https:\/\/twitter.com\/Terra_Rara\/status\/2031558799610216670?ref_src=twsrc%5Etfw\">March 11, 2026<\/a><\/blockquote> <script async src=\"https:\/\/platform.twitter.com\/widgets.js\" charset=\"utf-8\"><\/script>\r\n<hr>\r\n\r\n<p style=\"text-align:right\"><em>Publicado em 11\/03\/2026 00h50<\/em><\/p>\r\n<hr>\r\n<p style=\"text-align:right\"><em><a href=\"https:\/\/terrarara.com.br\/en\/?page_id=3719\">English version<\/a><\/em><\/p>\r\n<hr>\r\n\r\n\t\t\t<hr>\r\n\t\r\n\t\t\t\r\n\r\n<p>Estudo original: <\/p>\r\n\r\n\r\n\r\n<ul><li><a href=\"https:\/\/doi.org\/10.1051\/0004-6361\/201833910\" target=\"_blank\">https:\/\/doi.org\/10.1051\/0004-6361\/201833910<\/a><\/li><\/ul>\r\n\r\n\r\n\r\n<hr class=\"wp-block-separator is-style-wide\"\/>\r\n\r\n<div style=\"position: buttonline;\"><iframe loading=\"lazy\" src=\"https:\/\/vendedoradesonhos.com.br\/rodape_sites.php?arg=41787\" frameborder=\"0\" height=\"420px\" width=\"100%\"><\/iframe><\/div>\r\n<div style=\"position: buttonline;\"><iframe loading=\"lazy\" src=\"https:\/\/vendedoradesonhos.com.br\/comentario_navegacao.php?arg=41787\" frameborder=\"0\" height=\"500px\" width=\"100%\"><\/iframe><\/div>\r\n<div style=\"position:absolute; width:40%; height:70px; top:-70px; left:0px;\"><iframe loading=\"lazy\" src=\"https:\/\/vendedoradesonhos.com.br\/oferta_site_esq.php?arg=41787\" frameborder=\"0\" height=\"100%\" width=\"100%\"><\/iframe><\/div>\r\n<div style=\"position:absolute; width:40%; height:70px; top:-70px; right:0px;\"><iframe loading=\"lazy\" src=\"https:\/\/vendedoradesonhos.com.br\/oferta_site_dir.php?arg=41787\" frameborder=\"0\" height=\"100%;\" width=\"100%\"><\/iframe><\/div>\r\n\r\n<div class=\"wp-block-image\"><figure><iframe loading=\"lazy\" src=\"https:\/\/vendedoradesonhos.com.br\/oferta_site_central.php\" width=\"100%\" height=\"330\" frameborder=\"0\"><\/iframe><figcaption>{teste}<\/figcaption><\/figure><\/div><hr>","protected":false},"excerpt":{"rendered":"","protected":false},"author":1,"featured_media":0,"parent":1415,"menu_order":0,"comment_status":"closed","ping_status":"closed","template":"","meta":[],"_links":{"self":[{"href":"https:\/\/terrarara.com.br\/index.php?rest_route=\/wp\/v2\/pages\/26598"}],"collection":[{"href":"https:\/\/terrarara.com.br\/index.php?rest_route=\/wp\/v2\/pages"}],"about":[{"href":"https:\/\/terrarara.com.br\/index.php?rest_route=\/wp\/v2\/types\/page"}],"author":[{"embeddable":true,"href":"https:\/\/terrarara.com.br\/index.php?rest_route=\/wp\/v2\/users\/1"}],"replies":[{"embeddable":true,"href":"https:\/\/terrarara.com.br\/index.php?rest_route=%2Fwp%2Fv2%2Fcomments&post=26598"}],"version-history":[{"count":0,"href":"https:\/\/terrarara.com.br\/index.php?rest_route=\/wp\/v2\/pages\/26598\/revisions"}],"up":[{"embeddable":true,"href":"https:\/\/terrarara.com.br\/index.php?rest_route=\/wp\/v2\/pages\/1415"}],"wp:attachment":[{"href":"https:\/\/terrarara.com.br\/index.php?rest_route=%2Fwp%2Fv2%2Fmedia&parent=26598"}],"curies":[{"name":"wp","href":"https:\/\/api.w.org\/{rel}","templated":true}]}}