{"id":26597,"date":"2026-03-10T01:33:20","date_gmt":"2026-03-10T01:33:20","guid":{"rendered":"https:\/\/terrarara.com.br\/?page_id=26597"},"modified":"2026-03-10T01:33:20","modified_gmt":"2026-03-10T01:33:20","slug":"misteriosos-pequenos-pontos-vermelhos-do-james-webb-podem-ser-as-primeiras-estrelas-do-universo-prestes-a-colapsar","status":"publish","type":"page","link":"https:\/\/terrarara.com.br\/?page_id=26597","title":{"rendered":"Misteriosos pequenos pontos vermelhos do James Webb podem ser as primeiras estrelas do universo prestes a colapsar"},"content":{"rendered":"<div class=\"wp-block-image\"><figure><img src=\"https:\/\/vendedoradesonhos.com.br\/upload\/1\/sites\/26\/img_41783_1200.jpg\" alt=\"\" style=\"width:100%\"><figcaption>Uma amostra de <\/figcaption><\/figure><\/div><hr><\/p><p>\r\n\t<a href=\"https:\/\/doi.org\/10.3847\/1538-4357\/ae32f3\" target=\"_blank\">doi.org\/10.3847\/1538-4357\/ae32f3<\/a><br><a href=\"https:\/\/vendedoradesonhos.com.br\/credibilidade_estudo.php?c=41783\">Credibilidade<\/a>: <font color=\"#00FFFF\">9<\/font><font color=\"#00FF00\">8<\/font><font color=\"#FFFF00\">9<\/font><br><a href=''https:\/\/terrarara.com.br\"s=pequenos pontos vermelhos''>#pequenos pontos vermelhos<\/a>\u00a0<\/p><p><\/p><p>\r\n\t<!-- audio --><\/p><p>\r\n<button onclick=\"this.nextElementSibling.play()\" style=\"padding:12px 25px; font-size:18px; border:none; border-radius:8px; cursor:pointer;\">Ouvir<\/button><audio src=\"https:\/\/vendedoradesonhos.com.br\/audios\/41783.mp3\" preload=\"none\"><\/audio><\/p><p>\r\n\t<strong>O Telesc\u00f3pio Espacial James Webb tem revelado surpresas impressionantes sobre os prim\u00f3rdios do universo, e uma das mais intrigantes s\u00e3o os chamados &#8220;pequenos pontos vermelhos? (little red dots)<\/strong><\/p><p> Esses objetos aparecem como pontinhos compactos e extremamente brilhantes em imagens profundas do cosmos distante, captados quando o universo tinha entre cerca de 650 milh\u00f5es e 1,8 bilh\u00e3o de anos de idade &#8211; ou seja, poucos centenas de milh\u00f5es de anos ap\u00f3s o Big Bang.\r\n<\/p><p>\r\nDiferentemente de gal\u00e1xias comuns, esses pontos s\u00e3o min\u00fasculos, muito menores do que as gal\u00e1xias t\u00edpicas que conhecemos hoje. Eles brilham com uma intensidade extraordin\u00e1ria e apresentam uma cor avermelhada marcante, causada por um padr\u00e3o caracter\u00edstico nos seus espectros: um &#8220;mergulho em V? que faz a luz parecer mais vermelha. Al\u00e9m disso, n\u00e3o emitem raios X detect\u00e1veis, algo que normalmente esperar\u00edamos de buracos negros supermassivos ativos, e seus espectros mostram poucas linhas de elementos qu\u00edmicos pesados (metais), contendo basicamente hidrog\u00eanio e h\u00e9lio &#8211; exatamente o que se espera de material primordial, ainda n\u00e3o enriquecido por estrelas anteriores.\r\n<\/p><p>\r\nPor muito tempo, cientistas debateram o que esses objetos poderiam ser. Uma hip\u00f3tese forte era que se tratavam de gal\u00e1xias pequenas hospedando buracos negros supermassivos j\u00e1 em crescimento nos primeiros tempos do cosmos. Outra ideia considerava o colapso direto de enormes nuvens de g\u00e1s virgem formando buracos negros sem passar pela fase estelar. No entanto, uma nova pesquisa sugere uma explica\u00e7\u00e3o ainda mais fascinante: esses pontos vermelhos podem ser, na verdade, estrelas gigantescas da primeira gera\u00e7\u00e3o &#8211; as chamadas estrelas de Popula\u00e7\u00e3o III &#8211; com massas incrivelmente altas, de milhares at\u00e9 quase um milh\u00e3o de vezes a massa do Sol.\r\n<\/p><p>\r\nEssas estrelas primordiais seriam formadas inteiramente de g\u00e1s composto quase s\u00f3 de hidrog\u00eanio e h\u00e9lio, sem metais pesados. Por causa do tamanho colossal, elas queimariam combust\u00edvel de forma extremamente r\u00e1pida e intensa, brilhando com for\u00e7a descomunal, mas tendo uma vida curt\u00edssima: em alguns casos extremos, apenas alguns milhares ou dezenas de milhares de anos. Modelos te\u00f3ricos recentes, desenvolvidos por astr\u00f4nomos como Devesh Nandal e Avi Loeb, conseguem reproduzir com boa precis\u00e3o o brilho observado, a cor vermelha e o formato do espectro desses objetos. O &#8220;mergulho em V&#8221;, por exemplo, seria causado pela pr\u00f3pria atmosfera dessas estrelas supermassivas ou pela perda de material que forma uma esp\u00e9cie de casca ao redor delas, e n\u00e3o necessariamente por poeira bloqueando a luz.\r\n<\/p><p>\r\nSe essa hip\u00f3tese estiver correta, esses pequenos pontos vermelhos representariam os \u00faltimos momentos de vida dessas estrelas-monstro, exatamente quando elas est\u00e3o \u00e0 beira do colapso gravitacional total para dar origem a buracos negros supermassivos. Elas seriam, portanto, uma esp\u00e9cie de &#8220;pais? dos primeiros buracos negros gigantes que hoje encontramos no centro das gal\u00e1xias. A aus\u00eancia de raios X e de linhas qu\u00edmicas fortes refor\u00e7a essa ideia, j\u00e1 que estrelas de Popula\u00e7\u00e3o III puras n\u00e3o teriam atividade de disco de acre\u00e7\u00e3o como buracos negros ativos.\r\n<\/p><p>\r\nApesar do entusiasmo com o modelo, h\u00e1 desafios. Essas estrelas vivem t\u00e3o pouco que seria dif\u00edcil explicar por que o James Webb detectou centenas delas em diferentes regi\u00f5es do c\u00e9u. Por isso, muitos astr\u00f4nomos continuam considerando a possibilidade de buracos negros em forma\u00e7\u00e3o direta. Para resolver o mist\u00e9rio de vez, ser\u00e3o necess\u00e1rias observa\u00e7\u00f5es futuras mais detalhadas: medi\u00e7\u00f5es precisas em r\u00e1dio (com telesc\u00f3pios como o futuro Square Kilometre Array) para captar sinais que poeira poderia esconder, ou an\u00e1lises espectrosc\u00f3picas refinadas que diferenciem assinaturas qu\u00edmicas, como a presen\u00e7a de nitrog\u00eanio (mais esperada em estrelas massivas) ou de n\u00e9on (mais comum em buracos negros ativos).\r\n<\/p><p>\r\nDe qualquer forma, esses enigm\u00e1ticos pontinhos vermelhos est\u00e3o ajudando a ci\u00eancia a desvendar como as primeiras estrelas e os primeiros buracos negros surgiram e moldaram o universo jovem. O James Webb continua provando que o cosmos primordial guarda segredos bem mais estranhos e interessantes do que imagin\u00e1vamos.\r\n<\/p><p>\r\n<blockquote class=\"twitter-tweet\" data-media-max-width=\"560\"><p lang=\"pt\" dir=\"ltr\">Misteriosos pequenos pontos vermelhos do James Webb podem ser as primeiras estrelas do universo prestes a colapsar<br><br>O James Webb tem revelado surpresas impressionantes sobre os prim\u00f3rdios do universo, e uma das mais intrigantes s\u00e3o os chamados &#8220;pequenos pontos vermelhos&#8221;: <a href=\"https:\/\/t.co\/EKQZo0OFyg\">pic.twitter.com\/EKQZo0OFyg<\/a><\/p>&mdash; Terra Rara??????&#x646; (@Terra_Rara) <a href=\"https:\/\/twitter.com\/Terra_Rara\/status\/2031189935495995717?ref_src=twsrc%5Etfw\">March 10, 2026<\/a><\/blockquote> <script async src=\"https:\/\/platform.twitter.com\/widgets.js\" charset=\"utf-8\"><\/script>\r\n<hr>\r\n\r\n<p style=\"text-align:right\"><em>Publicado em 10\/03\/2026 01h33<\/em><\/p>\r\n<hr>\r\n<p style=\"text-align:right\"><em><a href=\"https:\/\/terrarara.com.br\/en\/?page_id=3718\">English version<\/a><\/em><\/p>\r\n<hr>\r\n\r\n\t\t\t<hr>\r\n\t\r\n\t\t\t\r\n\r\n<p>Estudo original: <\/p>\r\n\r\n\r\n\r\n<ul><li><a href=\"https:\/\/doi.org\/10.3847\/1538-4357\/ae32f3\" target=\"_blank\">https:\/\/doi.org\/10.3847\/1538-4357\/ae32f3<\/a><\/li><\/ul>\r\n\r\n\r\n\r\n<hr class=\"wp-block-separator is-style-wide\"\/>\r\n\r\n<div style=\"position: buttonline;\"><iframe loading=\"lazy\" src=\"https:\/\/vendedoradesonhos.com.br\/rodape_sites.php?arg=41783\" frameborder=\"0\" height=\"420px\" width=\"100%\"><\/iframe><\/div>\r\n<div style=\"position: buttonline;\"><iframe loading=\"lazy\" src=\"https:\/\/vendedoradesonhos.com.br\/comentario_navegacao.php?arg=41783\" frameborder=\"0\" height=\"500px\" width=\"100%\"><\/iframe><\/div>\r\n<div style=\"position:absolute; width:40%; height:70px; top:-70px; left:0px;\"><iframe loading=\"lazy\" src=\"https:\/\/vendedoradesonhos.com.br\/oferta_site_esq.php?arg=41783\" frameborder=\"0\" height=\"100%\" width=\"100%\"><\/iframe><\/div>\r\n<div style=\"position:absolute; width:40%; height:70px; top:-70px; right:0px;\"><iframe loading=\"lazy\" src=\"https:\/\/vendedoradesonhos.com.br\/oferta_site_dir.php?arg=41783\" frameborder=\"0\" height=\"100%;\" width=\"100%\"><\/iframe><\/div>\r\n\r\n<div class=\"wp-block-image\"><figure><iframe loading=\"lazy\" src=\"https:\/\/vendedoradesonhos.com.br\/oferta_site_central.php\" width=\"100%\" height=\"330\" frameborder=\"0\"><\/iframe><figcaption>{teste}<\/figcaption><\/figure><\/div><hr>","protected":false},"excerpt":{"rendered":"","protected":false},"author":1,"featured_media":0,"parent":691,"menu_order":0,"comment_status":"closed","ping_status":"closed","template":"","meta":[],"_links":{"self":[{"href":"https:\/\/terrarara.com.br\/index.php?rest_route=\/wp\/v2\/pages\/26597"}],"collection":[{"href":"https:\/\/terrarara.com.br\/index.php?rest_route=\/wp\/v2\/pages"}],"about":[{"href":"https:\/\/terrarara.com.br\/index.php?rest_route=\/wp\/v2\/types\/page"}],"author":[{"embeddable":true,"href":"https:\/\/terrarara.com.br\/index.php?rest_route=\/wp\/v2\/users\/1"}],"replies":[{"embeddable":true,"href":"https:\/\/terrarara.com.br\/index.php?rest_route=%2Fwp%2Fv2%2Fcomments&post=26597"}],"version-history":[{"count":0,"href":"https:\/\/terrarara.com.br\/index.php?rest_route=\/wp\/v2\/pages\/26597\/revisions"}],"up":[{"embeddable":true,"href":"https:\/\/terrarara.com.br\/index.php?rest_route=\/wp\/v2\/pages\/691"}],"wp:attachment":[{"href":"https:\/\/terrarara.com.br\/index.php?rest_route=%2Fwp%2Fv2%2Fmedia&parent=26597"}],"curies":[{"name":"wp","href":"https:\/\/api.w.org\/{rel}","templated":true}]}}