{"id":26596,"date":"2026-03-08T00:06:38","date_gmt":"2026-03-08T00:06:38","guid":{"rendered":"https:\/\/terrarara.com.br\/?page_id=26596"},"modified":"2026-03-08T00:06:38","modified_gmt":"2026-03-08T00:06:38","slug":"o-que-realmente-esta-acontecendo-em-venus-cientistas-revelam-padroes-surpreendentes","status":"publish","type":"page","link":"https:\/\/terrarara.com.br\/?page_id=26596","title":{"rendered":"O que realmente est\u00e1 acontecendo em V\u00eanus? Cientistas revelam padr\u00f5es surpreendentes"},"content":{"rendered":"<div class=\"wp-block-image\"><figure><img src=\"https:\/\/vendedoradesonhos.com.br\/upload\/1\/sites\/26\/img_41778_1200.jpg\" alt=\"\" style=\"width:100%\"><figcaption>V\u00eanus &#8211; Imagem via <a href=\"https:\/\/science.nasa.gov\/photojournal\/venus-from-mariner-10\/\" target=\"_blank\">NASA<\/a><\/figcaption><\/figure><\/div><hr><\/p><p>\r\n\t<a href=\"https:\/\/doi.org\/10.1029\/2025JE009133\" target=\"_blank\">doi.org\/10.1029\/2025JE009133<\/a><br><a href=\"https:\/\/vendedoradesonhos.com.br\/credibilidade_estudo.php?c=41778\">Credibilidade<\/a>: <font color=\"#00FFFF\">9<\/font><font color=\"#00FF00\">8<\/font><font color=\"#FFFF00\">9<\/font><br><a href=''https:\/\/terrarara.com.br\"s=v\u00eanus''>#V\u00eanus<\/a>\u00a0<\/p><p><\/p><p>\r\n\t<!-- audio --><\/p><p>\r\n<button onclick=\"this.nextElementSibling.play()\" style=\"padding:12px 25px; font-size:18px; border:none; border-radius:8px; cursor:pointer;\">Ouvir<\/button><audio src=\"https:\/\/vendedoradesonhos.com.br\/audios\/41778.mp3\" preload=\"none\"><\/audio><\/p><p>\r\n\t<strong>V\u00eanus, o planeta mais pr\u00f3ximo da Terra e muitas vezes chamado de seu &#8220;irm\u00e3o g\u00eameo&#8221;, esconde sua superf\u00edcie sob uma espessa camada de nuvens que torna extremamente dif\u00edcil observ\u00e1-la diretamente<\/strong><\/p><p> Por d\u00e9cadas, as poucas informa\u00e7\u00f5es sobre o que acontece no solo vieram de miss\u00f5es antigas, como as sondas Venera sovi\u00e9ticas, que conseguiram pousar e medir condi\u00e7\u00f5es extremas: temperaturas acima de 460 \u00b0C, press\u00e3o esmagadora e ventos fracos perto do ch\u00e3o. Agora, uma pesquisa recente est\u00e1 come\u00e7ando a esclarecer melhor o comportamento do vento na superf\u00edcie, as varia\u00e7\u00f5es de temperatura e o movimento de poeira, ajudando preparando futuras miss\u00f5es de pouso.\r\n<\/p><p>\r\nLiderada por Maxence Lef\u00e8vre, da Sorbonne, na Fran\u00e7a, a equipe usou os dados escassos dispon\u00edveis &#8211; como velocidades de vento pr\u00f3ximas de 1 metro por segundo registradas pelas Venera &#8211; para criar um modelo regional detalhado. Em vez de tratar o planeta inteiro de forma uniforme, eles dividiram V\u00eanus em zonas diferentes: terras altas, plan\u00edcies, regi\u00f5es tropicais e polos. Esse enfoque revelou padr\u00f5es inesperados e surpreendentes.\r\n<\/p><p>\r\nUm dos achados mais interessantes \u00e9 que os ventos regionais ajudam a estabilizar as temperaturas nas montanhas. No ciclo dia-noite de V\u00eanus, que dura cerca de 117 dias terrestres, o solo se aquece durante o &#8220;dia? longo e esfria \u00e0 noite por radia\u00e7\u00e3o infravermelha. Nas regi\u00f5es tropicais, surgem ventos ascendentes (anab\u00e1ticos) durante o dia, subindo as encostas aquecidas, e descendentes (catab\u00e1ticos) \u00e0 noite, descendo das alturas frias. Nos polos, o vento catab\u00e1tico flui constantemente para baixo. Nas terras altas, esses ventos descendentes se comprimem ao descer, aquecendo o ar por compress\u00e3o adiab\u00e1tica &#8211; um processo semelhante ao que ocorre nas montanhas da Terra. Esse aquecimento compensa exatamente o resfriamento noturno, fazendo com que a temperatura varie menos de 1 Kelvin entre dia e noite nas regi\u00f5es montanhosas. J\u00e1 nas plan\u00edcies baixas, sem esse efeito, a varia\u00e7\u00e3o chega a cerca de 4 Kelvin.<\/p><p>\r\n<div class=\"wp-block-image\"><figure><img src=\"https:\/\/vendedoradesonhos.com.br\/upload\/1\/sites\/26\/img_41778b_1200.jpg\" alt=\"\" style=\"width:100%\"><figcaption>Superf\u00edcie de V\u00eanus, vista pela sonda Venera 13. Cr\u00e9dito: Venera 13\/Don P. Mitchell<\/figcaption><\/figure><\/div><hr><\/p><p>Outro aspecto surpreendente \u00e9 o transporte de poeira. Embora os ventos na superf\u00edcie sejam lentos em compara\u00e7\u00e3o com os da Terra ou de Marte, a atmosfera densa de V\u00eanus exige muita energia para movimentar as part\u00edculas. O modelo mostra que esses ventos conseguem levantar areia fina de at\u00e9 75 micr\u00f4metros em certas \u00e1reas, como o planalto de Alpha Regio, perto do equador. Cerca de 45% dessa regi\u00e3o pode ser afetada por tempestades de poeira que variam ao longo do dia, o que representa um desafio real para sondas que pretendem pousar ali.\r\n<\/p><p>\r\nEsses padr\u00f5es mostram que V\u00eanus n\u00e3o \u00e9 um mundo est\u00e1tico e uniforme como se imaginava. Os ventos atuam como um regulador clim\u00e1tico na superf\u00edcie, influenciando temperatura e poeira de forma regional, algo parecido com os padr\u00f5es meteorol\u00f3gicos da Terra, mas em condi\u00e7\u00f5es extremas. O estudo, publicado em outubro de 2025 no Journal of Geophysical Research: Planets, \u00e9 especialmente \u00fatil para planejar miss\u00f5es futuras, como a DaVINCI da NASA, que deve pousar em Alpha Regio, al\u00e9m de EnVision e Veritas. Entender melhor esses ventos, as varia\u00e7\u00f5es t\u00e9rmicas e o risco de poeira ajuda a projetar equipamentos mais resistentes e a escolher locais de pouso mais seguros.\r\n<\/p><p>\r\nEssa pesquisa demonstra como, mesmo com dados limitados de d\u00e9cadas atr\u00e1s, modelos inteligentes conseguem revelar segredos escondidos de V\u00eanus, iluminando um pouco mais o ambiente hostil e fascinante desse planeta vizinho.\r\n<\/p><p>\r\n<hr>\r\n\r\n<p style=\"text-align:right\"><em>Publicado em 08\/03\/2026 00h06<\/em><\/p>\r\n<hr>\r\n<p style=\"text-align:right\"><em><a href=\"https:\/\/terrarara.com.br\/en\/?page_id=3717\">English version<\/a><\/em><\/p>\r\n<hr>\r\n\r\n\t\t\t<hr>\r\n\t\r\n\t\t\t\r\n\r\n<p>Estudo original: <\/p>\r\n\r\n\r\n\r\n<ul><li><a href=\"https:\/\/doi.org\/10.1029\/2025JE009133\" target=\"_blank\">https:\/\/doi.org\/10.1029\/2025JE009133<\/a><\/li><\/ul>\r\n\r\n\r\n\r\n<hr class=\"wp-block-separator is-style-wide\"\/>\r\n\r\n<div style=\"position: buttonline;\"><iframe loading=\"lazy\" src=\"https:\/\/vendedoradesonhos.com.br\/rodape_sites.php?arg=41778\" frameborder=\"0\" height=\"420px\" width=\"100%\"><\/iframe><\/div>\r\n<div style=\"position: buttonline;\"><iframe loading=\"lazy\" src=\"https:\/\/vendedoradesonhos.com.br\/comentario_navegacao.php?arg=41778\" frameborder=\"0\" height=\"500px\" width=\"100%\"><\/iframe><\/div>\r\n<div style=\"position:absolute; width:40%; height:70px; top:-70px; left:0px;\"><iframe loading=\"lazy\" src=\"https:\/\/vendedoradesonhos.com.br\/oferta_site_esq.php?arg=41778\" frameborder=\"0\" height=\"100%\" width=\"100%\"><\/iframe><\/div>\r\n<div style=\"position:absolute; width:40%; height:70px; top:-70px; right:0px;\"><iframe loading=\"lazy\" src=\"https:\/\/vendedoradesonhos.com.br\/oferta_site_dir.php?arg=41778\" frameborder=\"0\" height=\"100%;\" width=\"100%\"><\/iframe><\/div>\r\n\r\n<div class=\"wp-block-image\"><figure><iframe loading=\"lazy\" src=\"https:\/\/vendedoradesonhos.com.br\/oferta_site_central.php\" width=\"100%\" height=\"330\" frameborder=\"0\"><\/iframe><figcaption>{teste}<\/figcaption><\/figure><\/div><hr>","protected":false},"excerpt":{"rendered":"","protected":false},"author":1,"featured_media":0,"parent":32,"menu_order":0,"comment_status":"closed","ping_status":"closed","template":"","meta":[],"_links":{"self":[{"href":"https:\/\/terrarara.com.br\/index.php?rest_route=\/wp\/v2\/pages\/26596"}],"collection":[{"href":"https:\/\/terrarara.com.br\/index.php?rest_route=\/wp\/v2\/pages"}],"about":[{"href":"https:\/\/terrarara.com.br\/index.php?rest_route=\/wp\/v2\/types\/page"}],"author":[{"embeddable":true,"href":"https:\/\/terrarara.com.br\/index.php?rest_route=\/wp\/v2\/users\/1"}],"replies":[{"embeddable":true,"href":"https:\/\/terrarara.com.br\/index.php?rest_route=%2Fwp%2Fv2%2Fcomments&post=26596"}],"version-history":[{"count":0,"href":"https:\/\/terrarara.com.br\/index.php?rest_route=\/wp\/v2\/pages\/26596\/revisions"}],"up":[{"embeddable":true,"href":"https:\/\/terrarara.com.br\/index.php?rest_route=\/wp\/v2\/pages\/32"}],"wp:attachment":[{"href":"https:\/\/terrarara.com.br\/index.php?rest_route=%2Fwp%2Fv2%2Fmedia&parent=26596"}],"curies":[{"name":"wp","href":"https:\/\/api.w.org\/{rel}","templated":true}]}}