{"id":26595,"date":"2026-03-07T22:24:26","date_gmt":"2026-03-07T22:24:26","guid":{"rendered":"https:\/\/terrarara.com.br\/?page_id=26595"},"modified":"2026-03-07T22:24:26","modified_gmt":"2026-03-07T22:24:26","slug":"cientistas-finalmente-desvendam-o-misterio-das-listras-de-zebra-do-pulsar-do-caranguejo-apos-20-anos","status":"publish","type":"page","link":"https:\/\/terrarara.com.br\/?page_id=26595","title":{"rendered":"Cientistas finalmente desvendam o mist\u00e9rio das &#8216;listras de zebra&#8217; do Pulsar do Caranguejo ap\u00f3s 20 anos"},"content":{"rendered":"<div class=\"wp-block-image\"><figure><img src=\"https:\/\/vendedoradesonhos.com.br\/upload\/1\/sites\/26\/img_41777_1200.jpg\" alt=\"\" style=\"width:100%\"><figcaption>A maioria das emiss\u00f5es de r\u00e1dio de pulsares s\u00e3o espectralmente mais amplas e ruidosas &#8211; n\u00e3o t\u00e3o bem definidas quanto as do Pulsar da Nebulosa do Caranguejo. Imagem da NASA da Nebulosa do Caranguejo vista pelo Telesc\u00f3pio Espacial James Webb. Cr\u00e9dito: NASA, ESA, CSA, STScI, Tea Temim (Universidade de Princeton)<\/figcaption><\/figure><\/div><hr><\/p><p>\r\n\t<a href=\"https:\/\/doi.org\/10.48550\/arXiv.2602.16955\" target=\"_blank\">doi.org\/10.48550\/arXiv.2602.16955<\/a><br><a href=\"https:\/\/vendedoradesonhos.com.br\/credibilidade_estudo.php?c=41777\">Credibilidade<\/a>: <font color=\"#00FFFF\">8<\/font><font color=\"#00FF00\">8<\/font><font color=\"#FFFF00\">8<\/font><br><a href=''https:\/\/terrarara.com.br\"s=pulsar do caranguejo''>#Pulsar do Caranguejo<\/a>\u00a0<\/p><p><\/p><p>\r\n\t<!-- audio --><\/p><p>\r\n<button onclick=\"this.nextElementSibling.play()\" style=\"padding:12px 25px; font-size:18px; border:none; border-radius:8px; cursor:pointer;\">Ouvir<\/button><audio src=\"https:\/\/vendedoradesonhos.com.br\/audios\/41777.mp3\" preload=\"none\"><\/audio><\/p><p>\r\n\t<strong>O Pulsar do Caranguejo \u00e9 um dos objetos mais fascinantes do c\u00e9u<\/strong><\/p><p> Ele \u00e9 o que sobrou de uma estrela massiva que explodiu em uma supernova impressionante no ano 1054, observada por astr\u00f4nomos chineses e japoneses na \u00e9poca. Hoje, esse remanescente superdenso &#8211; uma estrela de n\u00eautrons que gira muito r\u00e1pido &#8211; fica no centro da famosa Nebulosa do Caranguejo, a cerca de 6.500 anos-luz da Terra.\r\n<\/p><p>\r\nComo um farol c\u00f3smico, o pulsar emite feixes intensos de radia\u00e7\u00e3o que varrem o espa\u00e7o enquanto a estrela gira. Quando esses feixes passam pela Terra, detectamos pulsos regulares de r\u00e1dio. Na maioria dos pulsares, esses sinais s\u00e3o largos e um pouco bagun\u00e7ados no espectro de frequ\u00eancias. Mas o Pulsar do Caranguejo tem algo \u00fanico: em certas faixas de alta frequ\u00eancia, seu sinal aparece dividido em listras brilhantes e uniformemente espa\u00e7adas, separadas por lacunas completamente escuras, como as listras pretas e brancas de uma zebra. Esse padr\u00e3o estranho intrigava os cientistas h\u00e1 mais de duas d\u00e9cadas.\r\n<\/p><p>\r\nPor muito tempo ningu\u00e9m conseguia explicar por que apenas esse pulsar mostrava um espectro t\u00e3o limpo e listrado, com bandas brilhantes alternando com nada, sem emiss\u00f5es intermedi\u00e1rias. Em 2024, o astrof\u00edsico te\u00f3rico Mikhail Medvedev, da Universidade do Kansas, deu um grande passo ao mostrar que o plasma (o g\u00e1s carregado de part\u00edculas) presente na magnetosfera do pulsar causava difra\u00e7\u00e3o nas ondas de r\u00e1dio, criando um padr\u00e3o de interfer\u00eancia que gerava essas listras.\r\n<\/p><p>\r\nAgora, em um refinamento recente do modelo (publicado em 2026), Medvedev descobriu que faltava uma pe\u00e7a essencial do quebra-cabe\u00e7a: a gravidade. A estrela de n\u00eautrons \u00e9 t\u00e3o densa e compacta que sua gravidade intensa curva o espa\u00e7o-tempo ao seu redor, agindo como uma lente que focaliza a luz (efeito de lente gravitacional, previsto por Einstein).\r\n<\/p><p>\r\nEnquanto o plasma na magnetosfera funciona como uma lente desfocante &#8211; espalhando os raios de luz &#8220;, a gravidade age no sentido oposto, puxando-os para dentro e focalizando-os. Quando esses dois efeitos competem e se equilibram, surgem caminhos espec\u00edficos pelos quais as ondas de r\u00e1dio viajam. Em algumas frequ\u00eancias, os sinais que chegam por caminhos ligeiramente diferentes se refor\u00e7am (est\u00e3o em fase), produzindo as listras brilhantes. Em outras frequ\u00eancias, eles se cancelam (est\u00e3o fora de fase), criando as lacunas escuras perfeitas.\r\n<\/p><p>\r\nEssa &#8220;briga c\u00f3smica? entre plasma e gravidade forma um interfer\u00f4metro natural no espa\u00e7o, explicando n\u00e3o s\u00f3 a exist\u00eancia das listras, mas tamb\u00e9m o alto contraste observado, algo que o modelo anterior n\u00e3o conseguia reproduzir com tanta fidelidade.\r\n<\/p><p>\r\nA descoberta representa um avan\u00e7o importante na compreens\u00e3o de como as estrelas de n\u00eautrons emitem radia\u00e7\u00e3o e de como for\u00e7as extremas &#8211; plasma superdenso e gravidade relativ\u00edstica &#8211; interagem em ambientes t\u00e3o violentos. Ela tamb\u00e9m abre portas para usar esse padr\u00e3o como uma ferramenta sens\u00edvel para estudar o interior desses objetos compactos e a distribui\u00e7\u00e3o de mat\u00e9ria ao seu redor, algo muito dif\u00edcil de observar diretamente.\r\n<\/p><p>\r\nDepois de 20 anos de mist\u00e9rio, o padr\u00e3o de zebra do Pulsar do Caranguejo finalmente ganhou uma explica\u00e7\u00e3o s\u00f3lida e elegante, mostrando mais uma vez como a combina\u00e7\u00e3o de observa\u00e7\u00f5es, teoria e f\u00edsica fundamental pode revelar segredos do universo.\r\n<\/p><p>\r\n<blockquote class=\"twitter-tweet\" data-media-max-width=\"560\"><p lang=\"pt\" dir=\"ltr\">Cientistas finalmente desvendam o mist\u00e9rio das ?listras de zebra? do Pulsar do Caranguejo ap\u00f3s 20 anos<a href=\"https:\/\/twitter.com\/hashtag\/PulsardoCaranguejo?src=hash&#038;ref_src=twsrc%5Etfw\">#PulsardoCaranguejo<\/a><br><br>O Pulsar do Caranguejo \u00e9 um dos objetos mais fascinantes do c\u00e9u <a href=\"https:\/\/t.co\/OUXrUQjJZb\">pic.twitter.com\/OUXrUQjJZb<\/a><\/p>&#8211; Terra Rara&#x646; (@Terra_Rara) <a href=\"https:\/\/twitter.com\/Terra_Rara\/status\/2030446666449314286?ref_src=twsrc%5Etfw\">March 8, 2026<\/a><\/blockquote> <script async src=\"https:\/\/platform.twitter.com\/widgets.js\" charset=\"utf-8\"><\/script>\r\n<hr>\r\n\r\n<p style=\"text-align:right\"><em>Publicado em 07\/03\/2026 22h24<\/em><\/p>\r\n<hr>\r\n<p style=\"text-align:right\"><em><a href=\"https:\/\/terrarara.com.br\/en\/?page_id=3716\">English version<\/a><\/em><\/p>\r\n<hr>\r\n\r\n\t\t\t<hr>\r\n\t\r\n\t\t\t\r\n\r\n<p>Estudo original: <\/p>\r\n\r\n\r\n\r\n<ul><li><a href=\"https:\/\/doi.org\/10.48550\/arXiv.2602.16955\" target=\"_blank\">https:\/\/doi.org\/10.48550\/arXiv.2602.16955<\/a><\/li><\/ul>\r\n\r\n\r\n\r\n<hr class=\"wp-block-separator is-style-wide\"\/>\r\n\r\n<div style=\"position: buttonline;\"><iframe loading=\"lazy\" src=\"https:\/\/vendedoradesonhos.com.br\/rodape_sites.php?arg=41777\" frameborder=\"0\" height=\"420px\" width=\"100%\"><\/iframe><\/div>\r\n<div style=\"position: buttonline;\"><iframe loading=\"lazy\" src=\"https:\/\/vendedoradesonhos.com.br\/comentario_navegacao.php?arg=41777\" frameborder=\"0\" height=\"500px\" width=\"100%\"><\/iframe><\/div>\r\n<div style=\"position:absolute; width:40%; height:70px; top:-70px; left:0px;\"><iframe loading=\"lazy\" src=\"https:\/\/vendedoradesonhos.com.br\/oferta_site_esq.php?arg=41777\" frameborder=\"0\" height=\"100%\" width=\"100%\"><\/iframe><\/div>\r\n<div style=\"position:absolute; width:40%; height:70px; top:-70px; right:0px;\"><iframe loading=\"lazy\" src=\"https:\/\/vendedoradesonhos.com.br\/oferta_site_dir.php?arg=41777\" frameborder=\"0\" height=\"100%;\" width=\"100%\"><\/iframe><\/div>\r\n\r\n<div class=\"wp-block-image\"><figure><iframe loading=\"lazy\" src=\"https:\/\/vendedoradesonhos.com.br\/oferta_site_central.php\" width=\"100%\" height=\"330\" frameborder=\"0\"><\/iframe><figcaption>{teste}<\/figcaption><\/figure><\/div><hr>","protected":false},"excerpt":{"rendered":"","protected":false},"author":1,"featured_media":0,"parent":674,"menu_order":0,"comment_status":"closed","ping_status":"closed","template":"","meta":[],"_links":{"self":[{"href":"https:\/\/terrarara.com.br\/index.php?rest_route=\/wp\/v2\/pages\/26595"}],"collection":[{"href":"https:\/\/terrarara.com.br\/index.php?rest_route=\/wp\/v2\/pages"}],"about":[{"href":"https:\/\/terrarara.com.br\/index.php?rest_route=\/wp\/v2\/types\/page"}],"author":[{"embeddable":true,"href":"https:\/\/terrarara.com.br\/index.php?rest_route=\/wp\/v2\/users\/1"}],"replies":[{"embeddable":true,"href":"https:\/\/terrarara.com.br\/index.php?rest_route=%2Fwp%2Fv2%2Fcomments&post=26595"}],"version-history":[{"count":0,"href":"https:\/\/terrarara.com.br\/index.php?rest_route=\/wp\/v2\/pages\/26595\/revisions"}],"up":[{"embeddable":true,"href":"https:\/\/terrarara.com.br\/index.php?rest_route=\/wp\/v2\/pages\/674"}],"wp:attachment":[{"href":"https:\/\/terrarara.com.br\/index.php?rest_route=%2Fwp%2Fv2%2Fmedia&parent=26595"}],"curies":[{"name":"wp","href":"https:\/\/api.w.org\/{rel}","templated":true}]}}