{"id":26593,"date":"2026-03-06T01:32:27","date_gmt":"2026-03-06T01:32:27","guid":{"rendered":"https:\/\/terrarara.com.br\/?page_id=26593"},"modified":"2026-03-06T01:32:27","modified_gmt":"2026-03-06T01:32:27","slug":"os-vazios-cosmicos-nao-sao-vazios-eles-estao-cheios-de-algo-muito-mais-estranho","status":"publish","type":"page","link":"https:\/\/terrarara.com.br\/?page_id=26593","title":{"rendered":"Os vazios c\u00f3smicos n\u00e3o s\u00e3o vazios. eles est\u00e3o cheios de algo muito mais estranho"},"content":{"rendered":"<div class=\"wp-block-image\"><figure><img src=\"https:\/\/vendedoradesonhos.com.br\/img\/sites\/img_vazio_cosmico.jpg\" alt=\"\" style=\"width:100%\"><figcaption>Imagm via <a href=\"https:\/\/science.nasa.gov\/missions\/hubble\/hubble-views-a-lonely-galaxy\/\" target=\"_blank\">NASA<\/a><\/figcaption><\/figure><\/div><hr><\/p><p>\r\n\t<a href=\"https:\/\/doi.org\/10.1111\/j.1365-2966.2012.21478.x\" target=\"_blank\">doi.org\/10.1111\/j.1365-2966.2012.21478.x<\/a><br><a href=\"https:\/\/vendedoradesonhos.com.br\/credibilidade_estudo.php?c=41770\">Credibilidade<\/a>: <font color=\"#00FFFF\">9<\/font><font color=\"#00FF00\">5<\/font><font color=\"#FFFF00\">9<\/font><br><a href=''https:\/\/terrarara.com.br\"s=vazios c\u00f3smicos''>#Vazios c\u00f3smicos<\/a>\u00a0<\/p><p><\/p><p>\r\n\t<!-- audio --><\/p><p>\r\n<button onclick=\"this.nextElementSibling.play()\" style=\"padding:12px 25px; font-size:18px; border:none; border-radius:8px; cursor:pointer;\">Ouvir<\/button><audio src=\"https:\/\/vendedoradesonhos.com.br\/audios\/41770.mp3\" preload=\"none\"><\/audio><\/p><p>\r\n\t<strong>\u00c0 primeira vista, os vazios c\u00f3smicos parecem os lugares mais desertos e vazios que existem no universo<\/strong><\/p><p> S\u00e3o regi\u00f5es imensas, com muito pouca mat\u00e9ria, estrelas, gal\u00e1xias ou radia\u00e7\u00e3o. Se voc\u00ea removesse tudo isso &#8211; toda a mat\u00e9ria normal, neutrinos, mat\u00e9ria escura, raios c\u00f3smicos e luz &#8220;, o que sobraria? Muita gente pensaria: nada. Mas isso n\u00e3o \u00e9 verdade.\r\n<\/p><p>\r\nMesmo nesses espa\u00e7os aparentemente desertos, o &#8220;nada? n\u00e3o \u00e9 realmente nada. A f\u00edsica moderna, especialmente a teoria qu\u00e2ntica de campos, mostra que o espa\u00e7o vazio est\u00e1 cheio de algo fundamental e estranho: campos qu\u00e2nticos e a chamada energia do v\u00e1cuo.\r\n<\/p><p>\r\nNa f\u00edsica qu\u00e2ntica, as part\u00edculas que conhecemos (el\u00e9trons, quarks, neutrinos etc.) n\u00e3o s\u00e3o as coisas mais b\u00e1sicas. Elas s\u00e3o apenas &#8220;excita\u00e7\u00f5es? ou vibra\u00e7\u00f5es em campos que existem em todos os lugares do universo, desde o Big Bang. Esses campos est\u00e3o por toda parte, mesmo onde n\u00e3o h\u00e1 part\u00edculas. \u00c9 como se o espa\u00e7o fosse um oceano invis\u00edvel e calmo, mas ainda assim cheio de um tipo de energia de fundo.\r\n<\/p><p>\r\nPor causa de um princ\u00edpio famoso da mec\u00e2nica qu\u00e2ntica (o princ\u00edpio da incerteza de Heisenberg), esse &#8220;v\u00e1cuo? nunca pode ter energia exatamente zero. Sempre h\u00e1 uma energia m\u00ednima, flutuante. Quando os f\u00edsicos calculam essa energia teoricamente, os n\u00fameros saem muito grandes (\u00e0s vezes at\u00e9 infinitos), mas as observa\u00e7\u00f5es mostram que, na pr\u00e1tica, ela \u00e9 pequena &#8211; por\u00e9m n\u00e3o zero.\r\n<\/p><p>\r\nEssa energia do v\u00e1cuo \u00e9 o que chamamos de energia escura. Ela \u00e9 a respons\u00e1vel por fazer o universo expandir cada vez mais r\u00e1pido, um fen\u00f4meno descoberto h\u00e1 algumas d\u00e9cadas e que ainda intriga os cientistas.\r\n<\/p><p>\r\nEm lugares cheios de mat\u00e9ria, como planetas, estrelas, gal\u00e1xias ou aglomerados de gal\u00e1xias, a energia escura quase n\u00e3o faz diferen\u00e7a. A gravidade e a quantidade enorme de mat\u00e9ria dominam tudo. Se a energia escura desaparecesse de repente, a vida na Terra continuaria exatamente igual: a bola seguiria a mesma trajet\u00f3ria, o micro-ondas esquentaria o alimento no mesmo tempo. Nada mudaria no dia a dia nem nas gal\u00e1xias.<\/p><p>\r\nMas nos vazios c\u00f3smicos \u00e9 diferente. Essas regi\u00f5es gigantes t\u00eam t\u00e3o pouca mat\u00e9ria que a energia escura se torna a for\u00e7a principal. \u00c9 l\u00e1, no meio desses &#8220;desertos? c\u00f3smicos, que a energia escura realmente age, empurrando o espa\u00e7o para se expandir mais r\u00e1pido.\r\n<\/p><p>\r\nNa verdade, os vazios n\u00e3o s\u00e3o apenas \u00e1reas vazias que surgiram por acaso. Eles est\u00e3o ativamente crescendo e empurrando as estruturas do universo (como filamentos, paredes e gal\u00e1xias) para longe uns dos outros. Com o passar dos bilh\u00f5es de anos (provavelmente entre 5 e 20 bilh\u00f5es de anos no futuro), os vazios v\u00e3o continuar se expandindo tanto que v\u00e3o literalmente &#8220;desmontar? a teia c\u00f3smica que vemos hoje. As grandes estruturas bonitas do universo s\u00e3o tempor\u00e1rias &#8211; e os vazios s\u00e3o os respons\u00e1veis por esse processo.\r\n<\/p><p>\r\nEnt\u00e3o, sim: os vazios s\u00e3o vazios de mat\u00e9ria. \u00c9 exatamente por isso que os conseguimos detectar e estudar. Mas, justamente por serem pobres em mat\u00e9ria, eles ficam &#8220;cheios? de energia escura. S\u00e3o os \u00fanicos lugares onde essa energia consegue dominar e fazer o universo se expandir aceleradamente.\r\n<\/p><p>\r\nN\u00e3o importa para onde voc\u00ea v\u00e1 no cosmos &#8211; seja no centro de uma gal\u00e1xia brilhante ou no cora\u00e7\u00e3o do vazio mais profundo &#8220;, voc\u00ea nunca estar\u00e1 completamente sozinho. O espa\u00e7o em si est\u00e1 sempre vibrando com esses campos qu\u00e2nticos e carregado dessa energia misteriosa que molda o destino do universo inteiro.\r\n<\/p><p>\r\n<blockquote class=\"twitter-tweet\" data-media-max-width=\"560\"><p lang=\"pt\" dir=\"ltr\">Os vazios c\u00f3smicos n\u00e3o s\u00e3o vazios. eles est\u00e3o cheios de algo muito mais estranho<a href=\"https:\/\/twitter.com\/hashtag\/Vaziosc%C3%B3smicos?src=hash&amp;ref_src=twsrc%5Etfw\">#Vaziosc\u00f3smicos<\/a><br><br>\u00c0 primeira vista, os vazios c\u00f3smicos parecem os lugares mais desertos e vazios que existem no universo <a href=\"https:\/\/t.co\/FocwkHCwMS\">pic.twitter.com\/FocwkHCwMS<\/a><\/p>&mdash; Terra Rara??????&#x646; (@Terra_Rara) <a href=\"https:\/\/twitter.com\/Terra_Rara\/status\/2029747427293495429?ref_src=twsrc%5Etfw\">March 6, 2026<\/a><\/blockquote> <script async src=\"https:\/\/platform.twitter.com\/widgets.js\" charset=\"utf-8\"><\/script>\r\n<hr>\r\n\r\n<p style=\"text-align:right\"><em>Publicado em 06\/03\/2026 01h32<\/em><\/p>\r\n<hr>\r\n<p style=\"text-align:right\"><em><a href=\"https:\/\/terrarara.com.br\/en\/?page_id=3714\">English version<\/a><\/em><\/p>\r\n<hr>\r\n\r\n\t\t\t<hr>\r\n\t\r\n\t\t\t\r\n\r\n<p>Estudo original: <\/p>\r\n\r\n\r\n\r\n<ul><li><a href=\"https:\/\/doi.org\/10.1111\/j.1365-2966.2012.21478.x\" target=\"_blank\">https:\/\/doi.org\/10.1111\/j.1365-2966.2012.21478.x<\/a><\/li><\/ul>\r\n\r\n\r\n\r\n<hr class=\"wp-block-separator is-style-wide\"\/>\r\n\r\n<div style=\"position: buttonline;\"><iframe loading=\"lazy\" src=\"https:\/\/vendedoradesonhos.com.br\/rodape_sites.php?arg=41770\" frameborder=\"0\" height=\"420px\" width=\"100%\"><\/iframe><\/div>\r\n<div style=\"position: buttonline;\"><iframe loading=\"lazy\" src=\"https:\/\/vendedoradesonhos.com.br\/comentario_navegacao.php?arg=41770\" frameborder=\"0\" height=\"500px\" width=\"100%\"><\/iframe><\/div>\r\n<div style=\"position:absolute; width:40%; height:70px; top:-70px; left:0px;\"><iframe loading=\"lazy\" src=\"https:\/\/vendedoradesonhos.com.br\/oferta_site_esq.php?arg=41770\" frameborder=\"0\" height=\"100%\" width=\"100%\"><\/iframe><\/div>\r\n<div style=\"position:absolute; width:40%; height:70px; top:-70px; right:0px;\"><iframe loading=\"lazy\" src=\"https:\/\/vendedoradesonhos.com.br\/oferta_site_dir.php?arg=41770\" frameborder=\"0\" height=\"100%;\" width=\"100%\"><\/iframe><\/div>\r\n\r\n<div class=\"wp-block-image\"><figure><iframe loading=\"lazy\" src=\"https:\/\/vendedoradesonhos.com.br\/oferta_site_central.php\" width=\"100%\" height=\"330\" frameborder=\"0\"><\/iframe><figcaption>{teste}<\/figcaption><\/figure><\/div><hr>","protected":false},"excerpt":{"rendered":"","protected":false},"author":1,"featured_media":0,"parent":1415,"menu_order":0,"comment_status":"closed","ping_status":"closed","template":"","meta":[],"_links":{"self":[{"href":"https:\/\/terrarara.com.br\/index.php?rest_route=\/wp\/v2\/pages\/26593"}],"collection":[{"href":"https:\/\/terrarara.com.br\/index.php?rest_route=\/wp\/v2\/pages"}],"about":[{"href":"https:\/\/terrarara.com.br\/index.php?rest_route=\/wp\/v2\/types\/page"}],"author":[{"embeddable":true,"href":"https:\/\/terrarara.com.br\/index.php?rest_route=\/wp\/v2\/users\/1"}],"replies":[{"embeddable":true,"href":"https:\/\/terrarara.com.br\/index.php?rest_route=%2Fwp%2Fv2%2Fcomments&post=26593"}],"version-history":[{"count":0,"href":"https:\/\/terrarara.com.br\/index.php?rest_route=\/wp\/v2\/pages\/26593\/revisions"}],"up":[{"embeddable":true,"href":"https:\/\/terrarara.com.br\/index.php?rest_route=\/wp\/v2\/pages\/1415"}],"wp:attachment":[{"href":"https:\/\/terrarara.com.br\/index.php?rest_route=%2Fwp%2Fv2%2Fmedia&parent=26593"}],"curies":[{"name":"wp","href":"https:\/\/api.w.org\/{rel}","templated":true}]}}