{"id":26592,"date":"2026-03-04T06:47:13","date_gmt":"2026-03-04T06:47:13","guid":{"rendered":"https:\/\/terrarara.com.br\/?page_id=26592"},"modified":"2026-03-04T06:47:13","modified_gmt":"2026-03-04T06:47:13","slug":"microbios-sobrevivem-a-impactos-cosmicos-a-possibilidade-de-vida-viajando-de-marte-para-outros-planetas","status":"publish","type":"page","link":"https:\/\/terrarara.com.br\/?page_id=26592","title":{"rendered":"Micr\u00f3bios sobrevivem a impactos c\u00f3smicos: a possibilidade de vida viajando de marte para outros planetas"},"content":{"rendered":"<div class=\"wp-block-image\"><figure><img src=\"https:\/\/vendedoradesonhos.com.br\/upload\/1\/sites\/26\/img_41763_1200.jpg\" alt=\"\" style=\"width:100%\"><figcaption>Ao recriar o violento choque do impacto de um asteroide, cientistas descobriram que uma bact\u00e9ria notoriamente resistente pode sobreviver \u00e0s for\u00e7as esmagadoras que poderiam lan\u00e7\u00e1-la para fora de Marte. A descoberta refor\u00e7a a ideia de que a vida pode viajar de carona entre planetas ap\u00f3s grandes colis\u00f5es c\u00f3smicas. Imagem via <a href=\"https:\/\/science.nasa.gov\/photojournal\/giant-impacts-on-ancient-mars-artists-concept\/\" target=\"_blank\">NASA<\/a><\/figcaption><\/figure><\/div><hr><\/p><p>\r\n\t<a href=\"https:\/\/doi.org\/10.1093\/pnasnexus\/pgag018\" target=\"_blank\">doi.org\/10.1093\/pnasnexus\/pgag018<\/a><br><a href=\"https:\/\/vendedoradesonhos.com.br\/credibilidade_estudo.php?c=41763\">Credibilidade<\/a>: <font color=\"#00FFFF\">9<\/font><font color=\"#00FF00\">8<\/font><font color=\"#FFFF00\">9<\/font><br><a href=''https:\/\/terrarara.com.br\"s=marte''>#Marte<\/a>\u00a0<\/p><p><\/p><p>\r\n\t<!-- audio --><\/p><p>\r\n<button onclick=\"this.nextElementSibling.play()\" style=\"padding:12px 25px; font-size:18px; border:none; border-radius:8px; cursor:pointer;\">Ouvir<\/button><audio src=\"https:\/\/vendedoradesonhos.com.br\/audios\/41763.mp3\" preload=\"none\"><\/audio><\/p><p>\r\n\t<strong>A superf\u00edcie de Marte e da Lua est\u00e1 cheia de crateras enormes, marcas deixadas por asteroides que colidiram violentamente com esses corpos celestes ao longo de bilh\u00f5es de anos<\/strong><\/p><p> Essas explos\u00f5es n\u00e3o apenas mudaram a apar\u00eancia dos planetas, mas tamb\u00e9m podem ter desempenhado um papel surpreendente na hist\u00f3ria da vida: lan\u00e7ar peda\u00e7os de rocha com microrganismos vivos para o espa\u00e7o, permitindo que a vida viaje de um mundo para outro.\r\n<\/p><p>\r\nEssa ideia, conhecida como panspermia litosf\u00e9rica, sugere que, em colis\u00f5es muito fortes, fragmentos da crosta planet\u00e1ria s\u00e3o ejetados com tanta velocidade que escapam da gravidade do planeta. Se esses fragmentos contiverem micr\u00f3bios resistentes, eles poderiam vagar pelo espa\u00e7o dentro da rocha protetora e, eventualmente, cair em outro planeta &#8211; como a Terra &#8211; trazendo consigo formas de vida de origem distante.\r\n<\/p><p>\r\nPara descobrir se isso \u00e9 realmente poss\u00edvel, pesquisadores da Universidade Johns Hopkins, liderados pela estudante de engenharia mec\u00e2nica Lily Zhao e pelo professor K. T. Ramesh, decidiram testar experimentalmente o que acontece com micr\u00f3bios durante um impacto desses. Eles escolheram uma bact\u00e9ria extraordin\u00e1ria chamada &#8220;Deinococcus radiodurans&#8221;, famosa por ser uma das criaturas mais duronas conhecidas. Ela sobrevive a doses de radia\u00e7\u00e3o milhares de vezes maiores do que matariam humanos, resiste a secura total, frio extremo e at\u00e9 v\u00e1cuo espacial. Por isso, \u00e9 considerada um modelo ideal para imaginar como vida poderia aguentar condi\u00e7\u00f5es hostis em Marte ou durante uma viagem interplanet\u00e1ria.\r\n<\/p><p>\r\nNo laborat\u00f3rio, a equipe simulou o choque brutal de um asteroide. Colocaram as bact\u00e9rias entre duas placas de a\u00e7o bem resistentes, formando uma esp\u00e9cie de sandu\u00edche, e depois acertaram esse conjunto com uma terceira placa lan\u00e7ada a alta velocidade &#8211; at\u00e9 cerca de 480 km\/h. Essa batida gerou ondas de press\u00e3o alt\u00edssimas, chegando a 3 gigapascals, o equivalente a 30 mil vezes a press\u00e3o atmosf\u00e9rica normal da Terra. Para compara\u00e7\u00e3o, a press\u00e3o no fundo da Fossa das Marianas, o ponto mais profundo dos oceanos, \u00e9 apenas cerca de um d\u00e9cimo disso.\r\n<\/p><p>\r\nOs resultados foram impressionantes. Em press\u00f5es de 1,4 gigapascal, praticamente todas as bact\u00e9rias sobreviveram sem nenhum dano vis\u00edvel nas c\u00e9lulas. Mesmo subindo para 2,4 gigapascals &#8211; um n\u00edvel extremo &#8220;, cerca de 60% delas continuaram vivas. Algumas c\u00e9lulas mostraram membranas rompidas e danos internos, mas a estrutura refor\u00e7ada da parede celular dessa bact\u00e9ria parece ter feito a diferen\u00e7a, oferecendo uma prote\u00e7\u00e3o muito maior do que se imaginava antes.\r\n<\/p><p>\r\nDepois do impacto, os cientistas analisaram a atividade dos genes das sobreviventes. Descobriram que elas entraram rapidamente em &#8220;modo de emerg\u00eancia&#8221;: ativaram mecanismos de reparo do DNA e de outras estruturas celulares danificadas. Em poucas horas, priorizaram consertar o que foi afetado, demonstrando uma capacidade impressionante de recupera\u00e7\u00e3o ap\u00f3s um trauma t\u00e3o violento.\r\n<\/p><p>\r\nO estudo, publicado em 3 de mar\u00e7o de 2026 na revista &#8220;PNAS Nexus&#8221;, mostra que microrganismos extrem\u00f3filos como a &#8220;Deinococcus radiodurans&#8221; suportam for\u00e7as muito mais intensas do que pesquisas anteriores indicavam. Isso fortalece bastante a hip\u00f3tese de que vida microbiana poderia ser lan\u00e7ada de Marte durante impactos antigos e viajar pelo espa\u00e7o protegida dentro de meteoritos. Sabemos que dezenas de meteoritos encontrados na Terra vieram de Marte &#8211; eles foram ejetados h\u00e1 milh\u00f5es ou bilh\u00f5es de anos e acabaram caindo aqui. Se algum deles carregasse micr\u00f3bios vi\u00e1veis, a transfer\u00eancia de vida entre planetas deixa de ser mera especula\u00e7\u00e3o e passa sendo uma possibilidade cient\u00edfica real.\r\n<\/p><p>\r\nEssa descoberta tamb\u00e9m nos faz refletir sobre a origem da pr\u00f3pria vida na Terra. Talvez alguns dos primeiros microrganismos que habitaram nosso planeta tenham chegado em rochas marcianas, ou talvez a vida que possa existir (ou ter existido) em Marte tenha uma conex\u00e3o ancestral com a nossa. As colis\u00f5es c\u00f3smicas, que por muito tempo vimos apenas como eventos destrutivos, podem ter sido, ao mesmo tempo, pontes que conectaram mundos distantes e ajudaram a espalhar a vida pelo Sistema Solar.\r\n<\/p><p>\r\nEm resumo, experimentos como esse mostram os limites incr\u00edveis da resili\u00eancia biol\u00f3gica e abrem portas para repensarmos como a vida pode se mover pelo cosmos &#8211; n\u00e3o apenas por acaso, mas carregada pela for\u00e7a bruta de impactos que moldaram os planetas que conhecemos hoje.\r\n<\/p><p>\r\n<blockquote class=\"twitter-tweet\" data-media-max-width=\"560\"><p lang=\"pt\" dir=\"ltr\">Micr\u00f3bios sobrevivem a impactos c\u00f3smicos: a possibilidade de vida viajando de marte para outros planetas<a href=\"https:\/\/twitter.com\/hashtag\/Marte?src=hash&amp;ref_src=twsrc%5Etfw\">#Marte<\/a><br><br>A superf\u00edcie de Marte e da Lua est\u00e1 cheia de crateras, marcas deixadas por asteroides que colidiram violentamente com esses corpos celestes ao longo de bilh\u00f5es de anos <a href=\"https:\/\/t.co\/46AiHoTXcE\">pic.twitter.com\/46AiHoTXcE<\/a><\/p>&mdash; Terra Rara??????&#x646; (@Terra_Rara) <a href=\"https:\/\/twitter.com\/Terra_Rara\/status\/2029151553538416861?ref_src=twsrc%5Etfw\">March 4, 2026<\/a><\/blockquote> <script async src=\"https:\/\/platform.twitter.com\/widgets.js\" charset=\"utf-8\"><\/script>\r\n<hr>\r\n\r\n<p style=\"text-align:right\"><em>Publicado em 04\/03\/2026 06h47<\/em><\/p>\r\n<hr>\r\n<p style=\"text-align:right\"><em><a href=\"https:\/\/terrarara.com.br\/en\/?page_id=3713\">English version<\/a><\/em><\/p>\r\n<hr>\r\n\r\n\t\t\t<hr>\r\n\t\r\n\t\t\t\r\n\r\n<p>Estudo original: <\/p>\r\n\r\n\r\n\r\n<ul><li><a href=\"https:\/\/doi.org\/10.1093\/pnasnexus\/pgag018\" target=\"_blank\">https:\/\/doi.org\/10.1093\/pnasnexus\/pgag018<\/a><\/li><\/ul>\r\n\r\n\r\n\r\n<hr class=\"wp-block-separator is-style-wide\"\/>\r\n\r\n<div style=\"position: buttonline;\"><iframe loading=\"lazy\" src=\"https:\/\/vendedoradesonhos.com.br\/rodape_sites.php?arg=41763\" frameborder=\"0\" height=\"420px\" width=\"100%\"><\/iframe><\/div>\r\n<div style=\"position: buttonline;\"><iframe loading=\"lazy\" src=\"https:\/\/vendedoradesonhos.com.br\/comentario_navegacao.php?arg=41763\" frameborder=\"0\" height=\"500px\" width=\"100%\"><\/iframe><\/div>\r\n<div style=\"position:absolute; width:40%; height:70px; top:-70px; left:0px;\"><iframe loading=\"lazy\" src=\"https:\/\/vendedoradesonhos.com.br\/oferta_site_esq.php?arg=41763\" frameborder=\"0\" height=\"100%\" width=\"100%\"><\/iframe><\/div>\r\n<div style=\"position:absolute; width:40%; height:70px; top:-70px; right:0px;\"><iframe loading=\"lazy\" src=\"https:\/\/vendedoradesonhos.com.br\/oferta_site_dir.php?arg=41763\" frameborder=\"0\" height=\"100%;\" width=\"100%\"><\/iframe><\/div>\r\n\r\n<div class=\"wp-block-image\"><figure><iframe loading=\"lazy\" src=\"https:\/\/vendedoradesonhos.com.br\/oferta_site_central.php\" width=\"100%\" height=\"330\" frameborder=\"0\"><\/iframe><figcaption>{teste}<\/figcaption><\/figure><\/div><hr>","protected":false},"excerpt":{"rendered":"","protected":false},"author":1,"featured_media":0,"parent":17,"menu_order":0,"comment_status":"closed","ping_status":"closed","template":"","meta":[],"_links":{"self":[{"href":"https:\/\/terrarara.com.br\/index.php?rest_route=\/wp\/v2\/pages\/26592"}],"collection":[{"href":"https:\/\/terrarara.com.br\/index.php?rest_route=\/wp\/v2\/pages"}],"about":[{"href":"https:\/\/terrarara.com.br\/index.php?rest_route=\/wp\/v2\/types\/page"}],"author":[{"embeddable":true,"href":"https:\/\/terrarara.com.br\/index.php?rest_route=\/wp\/v2\/users\/1"}],"replies":[{"embeddable":true,"href":"https:\/\/terrarara.com.br\/index.php?rest_route=%2Fwp%2Fv2%2Fcomments&post=26592"}],"version-history":[{"count":0,"href":"https:\/\/terrarara.com.br\/index.php?rest_route=\/wp\/v2\/pages\/26592\/revisions"}],"up":[{"embeddable":true,"href":"https:\/\/terrarara.com.br\/index.php?rest_route=\/wp\/v2\/pages\/17"}],"wp:attachment":[{"href":"https:\/\/terrarara.com.br\/index.php?rest_route=%2Fwp%2Fv2%2Fmedia&parent=26592"}],"curies":[{"name":"wp","href":"https:\/\/api.w.org\/{rel}","templated":true}]}}