{"id":26591,"date":"2026-03-04T01:07:35","date_gmt":"2026-03-04T01:07:35","guid":{"rendered":"https:\/\/terrarara.com.br\/?page_id=26591"},"modified":"2026-03-04T01:07:35","modified_gmt":"2026-03-04T01:07:35","slug":"galaxia-fantasma-quase-inteiramente-feita-de-materia-escura","status":"publish","type":"page","link":"https:\/\/terrarara.com.br\/?page_id=26591","title":{"rendered":"Gal\u00e1xia fantasma quase inteiramente feita de mat\u00e9ria escura"},"content":{"rendered":"<div class=\"wp-block-image\"><figure><img src=\"https:\/\/vendedoradesonhos.com.br\/upload\/1\/sites\/26\/img_41762_1200.jpg\" alt=\"\" style=\"width:100%\"><figcaption>A gal\u00e1xia CDG-2, de baixo brilho superficial, dentro do c\u00edrculo vermelho tracejado \u00e0 direita, \u00e9 dominada por mat\u00e9ria escura e cont\u00e9m apenas uma dispers\u00e3o esparsa de estrelas. A imagem completa do Telesc\u00f3pio Espacial Hubble da NASA est\u00e1 \u00e0 esquerda. Cr\u00e9dito: NASA, ESA, Dayi Li (UToronto); Processamento de imagem: Joseph DePasquale (STScI)<\/figcaption><\/figure><\/div><hr><\/p><p>\r\n\t<a href=\"https:\/\/doi.org\/10.3847\/2041-8213\/adddab\" target=\"_blank\">doi.org\/10.3847\/2041-8213\/adddab<\/a><br><a href=\"https:\/\/vendedoradesonhos.com.br\/credibilidade_estudo.php?c=41762\">Credibilidade<\/a>: <font color=\"#00FFFF\">9<\/font><font color=\"#00FF00\">8<\/font><font color=\"#FFFF00\">9<\/font><br><a href=''https:\/\/terrarara.com.br\"s=mat\u00e9ria escura''>#Mat\u00e9ria Escura<\/a>\u00a0<\/p><p><\/p><p>\r\n\t<!-- audio --><\/p><p>\r\n<button onclick=\"this.nextElementSibling.play()\" style=\"padding:12px 25px; font-size:18px; border:none; border-radius:8px; cursor:pointer;\">Ouvir<\/button><audio src=\"https:\/\/vendedoradesonhos.com.br\/audios\/41762.mp3\" preload=\"none\"><\/audio><\/p><p>\r\n\t<strong><\/p><p>\r\nAstr\u00f4nomos acabam de descobrir uma das gal\u00e1xias mais estranhas e misteriosas j\u00e1 encontradas: uma verdadeira &#8220;gal\u00e1xia fantasma&#8221; chamada CDG-2, situada a cerca de 300 milh\u00f5es de anos-luz da Terra, dentro do famoso aglomerado de gal\u00e1xias de Perseus<\/strong><\/p><p><\/p><p>\r\nO que torna essa gal\u00e1xia t\u00e3o especial \u00e9 o fato de ser composta quase totalmente por mat\u00e9ria escura. Cerca de 99% de toda a sua massa &#8211; considerando tanto a parte vis\u00edvel quanto a invis\u00edvel &#8211; \u00e9 mat\u00e9ria escura, aquela subst\u00e2ncia misteriosa que n\u00e3o emite nem reflete luz e que s\u00f3 conseguimos detectar pelos efeitos gravitacionais que ela provoca.\r\n<\/p><p>\r\nA quantidade de estrelas presentes na CDG-2 \u00e9 t\u00e3o pequena que a luz total que ela emite equivale \u00e0 de aproximadamente 6 milh\u00f5es de estrelas semelhantes ao nosso Sol. Para se ter uma ideia, isso \u00e9 extremamente fraco para uma gal\u00e1xia. Quatro aglomerados globulares &#8211; aqueles grupos densos e esf\u00e9ricos de estrelas antigos &#8211; s\u00e3o respons\u00e1veis por cerca de 16% dessa pouca luz vis\u00edvel. Esses aglomerados foram a pista principal para encontrar a gal\u00e1xia.\r\n<\/p><p>\r\nNormalmente, gal\u00e1xias s\u00e3o descobertas pelo brilho das suas estrelas ou pelo g\u00e1s que emitem. No caso da CDG-2, os astr\u00f4nomos usaram um m\u00e9todo diferente e inteligente. Liderados por David Li, da Universidade de Toronto, eles procuraram padr\u00f5es estat\u00edsticos em grupos de aglomerados globulares, como se seguissem migalhas c\u00f3smicas. Esses aglomerados s\u00e3o mais resistentes e dif\u00edceis de destruir, mesmo quando uma gal\u00e1xia sofre fortes intera\u00e7\u00f5es gravitacionais com vizinhas. Provavelmente, foi exatamente isso que aconteceu: as gal\u00e1xias maiores do aglomerado de Perseus arrancaram o g\u00e1s hidrog\u00eanio da CDG-2 ao longo do tempo. Sem esse g\u00e1s, quase n\u00e3o se formam novas estrelas, deixando a gal\u00e1xia extremamente t\u00eanue e quase invis\u00edvel.\r\n<\/p><p>\r\nPara confirmar a descoberta, a equipe usou observa\u00e7\u00f5es de alta qualidade vindas de telesc\u00f3pios poderosos: o Hubble da NASA, o observat\u00f3rio espacial Euclid da Ag\u00eancia Espacial Europeia e o Telesc\u00f3pio Subaru, no Hava\u00ed. Essas imagens revelaram um fraco brilho difuso ao redor dos quatro aglomerados, provando que ali realmente existe uma gal\u00e1xia escondida.\r\n<\/p><p>\r\nEssa \u00e9 a primeira vez que uma gal\u00e1xia foi detectada exclusivamente pela sua popula\u00e7\u00e3o de aglomerados globulares, sem depender do brilho direto das estrelas. A pesquisa, publicada na revista The Astrophysical Journal Letters em junho de 2025, abre caminho para encontrar outros objetos parecidos no universo.\r\n<\/p><p>\r\nDescobertas como essa ajudam os cientistas a entender melhor a mat\u00e9ria escura e como as gal\u00e1xias se formam e evoluem em ambientes densos como aglomerados. No futuro, telesc\u00f3pios ainda mais avan\u00e7ados, como o Nancy Grace Roman da NASA e o Observat\u00f3rio Vera C. Rubin, junto com t\u00e9cnicas de intelig\u00eancia artificial, devem revelar muitas outras gal\u00e1xias fantasmas que at\u00e9 agora escaparam das nossas observa\u00e7\u00f5es.\r\n<\/p><p>\r\n<blockquote class=\"twitter-tweet\" data-media-max-width=\"560\"><p lang=\"pt\" dir=\"ltr\">Gal\u00e1xia fantasma quase inteiramente feita de mat\u00e9ria escura<a href=\"https:\/\/twitter.com\/hashtag\/Mat%C3%A9riaEscura?src=hash&amp;ref_src=twsrc%5Etfw\">#Mat\u00e9riaEscura<\/a><br><br>Astr\u00f4nomos acabam de descobrir uma das gal\u00e1xias mais estranhas e misteriosas j\u00e1 encontradas: uma verdadeira &quot;gal\u00e1xia fantasma&quot; chamada CDG-2, situada a cerca de 300 milh\u00f5es de anos-luz da Terra: <a href=\"https:\/\/t.co\/Q1S2MTracy\">pic.twitter.com\/Q1S2MTracy<\/a><\/p>&mdash; Terra Rara??????&#x646; (@Terra_Rara) <a href=\"https:\/\/twitter.com\/Terra_Rara\/status\/2029053628179239149?ref_src=twsrc%5Etfw\">March 4, 2026<\/a><\/blockquote> <script async src=\"https:\/\/platform.twitter.com\/widgets.js\" charset=\"utf-8\"><\/script>\r\n<hr>\r\n\r\n<p style=\"text-align:right\"><em>Publicado em 04\/03\/2026 01h07<\/em><\/p>\r\n<hr>\r\n<p style=\"text-align:right\"><em><a href=\"https:\/\/terrarara.com.br\/en\/?page_id=3712\">English version<\/a><\/em><\/p>\r\n<hr>\r\n\r\n\t\t\t<hr>\r\n\t\r\n\t\t\t\r\n\r\n<p>Estudo original: <\/p>\r\n\r\n\r\n\r\n<ul><li><a href=\"https:\/\/doi.org\/10.3847\/2041-8213\/adddab\" target=\"_blank\">https:\/\/doi.org\/10.3847\/2041-8213\/adddab<\/a><\/li><\/ul>\r\n\r\n\r\n\r\n<hr class=\"wp-block-separator is-style-wide\"\/>\r\n\r\n<div style=\"position: buttonline;\"><iframe loading=\"lazy\" src=\"https:\/\/vendedoradesonhos.com.br\/rodape_sites.php?arg=41762\" frameborder=\"0\" height=\"420px\" width=\"100%\"><\/iframe><\/div>\r\n<div style=\"position: buttonline;\"><iframe loading=\"lazy\" src=\"https:\/\/vendedoradesonhos.com.br\/comentario_navegacao.php?arg=41762\" frameborder=\"0\" height=\"500px\" width=\"100%\"><\/iframe><\/div>\r\n<div style=\"position:absolute; width:40%; height:70px; top:-70px; left:0px;\"><iframe loading=\"lazy\" src=\"https:\/\/vendedoradesonhos.com.br\/oferta_site_esq.php?arg=41762\" frameborder=\"0\" height=\"100%\" width=\"100%\"><\/iframe><\/div>\r\n<div style=\"position:absolute; width:40%; height:70px; top:-70px; right:0px;\"><iframe loading=\"lazy\" src=\"https:\/\/vendedoradesonhos.com.br\/oferta_site_dir.php?arg=41762\" frameborder=\"0\" height=\"100%;\" width=\"100%\"><\/iframe><\/div>\r\n\r\n<div class=\"wp-block-image\"><figure><iframe loading=\"lazy\" src=\"https:\/\/vendedoradesonhos.com.br\/oferta_site_central.php\" width=\"100%\" height=\"330\" frameborder=\"0\"><\/iframe><figcaption>{teste}<\/figcaption><\/figure><\/div><hr>","protected":false},"excerpt":{"rendered":"","protected":false},"author":1,"featured_media":0,"parent":5650,"menu_order":0,"comment_status":"closed","ping_status":"closed","template":"","meta":[],"_links":{"self":[{"href":"https:\/\/terrarara.com.br\/index.php?rest_route=\/wp\/v2\/pages\/26591"}],"collection":[{"href":"https:\/\/terrarara.com.br\/index.php?rest_route=\/wp\/v2\/pages"}],"about":[{"href":"https:\/\/terrarara.com.br\/index.php?rest_route=\/wp\/v2\/types\/page"}],"author":[{"embeddable":true,"href":"https:\/\/terrarara.com.br\/index.php?rest_route=\/wp\/v2\/users\/1"}],"replies":[{"embeddable":true,"href":"https:\/\/terrarara.com.br\/index.php?rest_route=%2Fwp%2Fv2%2Fcomments&post=26591"}],"version-history":[{"count":0,"href":"https:\/\/terrarara.com.br\/index.php?rest_route=\/wp\/v2\/pages\/26591\/revisions"}],"up":[{"embeddable":true,"href":"https:\/\/terrarara.com.br\/index.php?rest_route=\/wp\/v2\/pages\/5650"}],"wp:attachment":[{"href":"https:\/\/terrarara.com.br\/index.php?rest_route=%2Fwp%2Fv2%2Fmedia&parent=26591"}],"curies":[{"name":"wp","href":"https:\/\/api.w.org\/{rel}","templated":true}]}}