{"id":26590,"date":"2026-03-02T23:34:57","date_gmt":"2026-03-02T23:34:57","guid":{"rendered":"https:\/\/terrarara.com.br\/?page_id=26590"},"modified":"2026-03-02T23:34:57","modified_gmt":"2026-03-02T23:34:57","slug":"o-misterio-do-nariz-gigante-do-triceratops-finalmente-foi-resolvido","status":"publish","type":"page","link":"https:\/\/terrarara.com.br\/?page_id=26590","title":{"rendered":"O mist\u00e9rio do nariz gigante do triceratops finalmente foi resolvido."},"content":{"rendered":"<div class=\"wp-block-image\"><figure><img src=\"https:\/\/vendedoradesonhos.com.br\/img\/sites\/img_triceratops.jpg\" alt=\"\" style=\"width:100%\"><figcaption>Imagem via <a href=\"https:\/\/pt.wikipedia.org\/wiki\/Triceratops\" target=\"_blank\">Wikipedia<\/a><\/figcaption><\/figure><\/div><hr><\/p><p>\r\n\t<a href=\"https:\/\/doi.org\/10.1002\/ar.70150\" target=\"_blank\">doi.org\/10.1002\/ar.70150<\/a><br><a href=\"https:\/\/vendedoradesonhos.com.br\/credibilidade_estudo.php?c=41758\">Credibilidade<\/a>: <font color=\"#00FFFF\">9<\/font><font color=\"#00FF00\">8<\/font><font color=\"#FFFF00\">9<\/font><br><a href=''https:\/\/terrarara.com.br\"s=triceratops''>#Triceratops<\/a>\u00a0<\/p><p><\/p><p>\r\n\t<!-- audio --><\/p><p>\r\n<button onclick=\"this.nextElementSibling.play()\" style=\"padding:12px 25px; font-size:18px; border:none; border-radius:8px; cursor:pointer;\">Ouvir<\/button><audio src=\"https:\/\/vendedoradesonhos.com.br\/audios\/41758.mp3\" preload=\"none\"><\/audio><\/p><p>\r\n\t<strong><\/p><p>\r\nPor muito tempo, os cientistas se perguntavam por que o Triceratops, um dos dinossauros mais famosos com seus tr\u00eas chifres impressionantes, tinha uma cavidade nasal t\u00e3o enorme em compara\u00e7\u00e3o com a maioria dos animais<\/strong><\/p><p> Essa parte do cr\u00e2nio parecia desproporcionalmente grande, e ningu\u00e9m entendia bem qual era a fun\u00e7\u00e3o principal daquela estrutura t\u00e3o espa\u00e7osa.\r\n<\/p><p>\r\nAgora, uma pesquisa recente da Universidade de T\u00f3quio trouxe respostas claras. Os cientistas, liderados pelo pesquisador Seishiro Tada, usaram tomografias computadorizadas (os famosos exames de imagem em 3D) em cr\u00e2nios fossilizados do Triceratops. Eles reconstru\u00edram a anatomia interna, comparando com r\u00e9pteis e aves que vivem hoje, e at\u00e9 montaram pe\u00e7as impressas em 3D dos f\u00f3sseis como se fosse um quebra-cabe\u00e7a para entender melhor como tudo se encaixava.\r\n<\/p><p>\r\nO que descobriram \u00e9 fascinante: o nariz do Triceratops n\u00e3o servia apenas para sentir cheiros. Ele era bem mais sofisticado do que se imaginava. Devido ao formato do cr\u00e2nio, que bloqueava os caminhos normais usados por outros r\u00e9pteis, os nervos e vasos sangu\u00edneos precisaram ser &#8220;roteados? de maneira diferente, passando pela regi\u00e3o nasal para conseguir chegar ao focinho enorme. Isso mostra uma adapta\u00e7\u00e3o evolutiva para sustentar aquele tamanho exagerado.\r\n<\/p><p>\r\nMais importante ainda, dentro dessa cavidade nasal gigante havia estruturas especiais chamadas turbinatos respirat\u00f3rios &#8211; finas l\u00e2minas \u00f3sseas enroladas que aumentam muito a superf\u00edcie de contato entre o ar que entra e o sangue. Essas estruturas, comuns em aves (nossos parentes mais pr\u00f3ximos dos dinossauros) e mam\u00edferos, ajudam a regular a temperatura e a umidade do corpo. O ar inspirado \u00e9 aquecido ou resfriado, e a umidade \u00e9 conservada, evitando que o animal perca muita \u00e1gua ou sofra com varia\u00e7\u00f5es extremas de calor.\r\n<\/p><p>\r\nNo caso do Triceratops, com sua cabe\u00e7a maci\u00e7a (que representava uma boa parte do corpo), esse sistema funcionava como um verdadeiro radiador biol\u00f3gico integrado. Ele ajudava a dissipar o calor excessivo gerado pelo tamanho do cr\u00e2nio, protegendo o c\u00e9rebro e os sentidos de superaquecimento, especialmente em momentos de esfor\u00e7o f\u00edsico, como fugir de predadores ou lutar com outros indiv\u00edduos.\r\n<\/p><p>\r\nEmbora o Triceratops n\u00e3o fosse um animal de sangue quente como n\u00f3s ou as aves modernas, esse nariz avan\u00e7ado permitia um controle t\u00e9rmico bem melhor do que o de r\u00e9pteis comuns. A pesquisa preencheu uma lacuna importante no entendimento da anatomia dos dinossauros de chifre, mostrando que o &#8220;narig\u00e3o? n\u00e3o era mero detalhe decorativo, mas uma solu\u00e7\u00e3o inteligente da evolu\u00e7\u00e3o para lidar com as demandas de um corpo gigante e uma cabe\u00e7a pesada.\r\n<\/p><p>\r\nEssa descoberta, publicada recentemente, muda nossa vis\u00e3o sobre como esses animais incr\u00edveis viviam e se adaptaram ao mundo de milh\u00f5es de anos atr\u00e1s. O Triceratops, afinal, usava seu nariz gigante como um sistema de ar-condicionado natural para manter a cabe\u00e7a fresca e funcional.\r\n<\/p><p>\r\n<blockquote class=\"twitter-tweet\" data-media-max-width=\"560\"><p lang=\"pt\" dir=\"ltr\">O mist\u00e9rio do nariz gigante do triceratops finalmente foi resolvido.<a href=\"https:\/\/twitter.com\/hashtag\/Triceratops?src=hash&amp;ref_src=twsrc%5Etfw\">#Triceratops<\/a><br><br>Por muito tempo, os cientistas se perguntavam por que o Triceratops tinha uma cavidade nasal t\u00e3o enorme em compara\u00e7\u00e3o com a maioria dos animais <a href=\"https:\/\/t.co\/jT3bsyIIQn\">pic.twitter.com\/jT3bsyIIQn<\/a><\/p>&mdash; Terra Rara??????&#x646; (@Terra_Rara) <a href=\"https:\/\/twitter.com\/Terra_Rara\/status\/2028643400275161319?ref_src=twsrc%5Etfw\">March 3, 2026<\/a><\/blockquote> <script async src=\"https:\/\/platform.twitter.com\/widgets.js\" charset=\"utf-8\"><\/script>\r\n<hr>\r\n\r\n<p style=\"text-align:right\"><em>Publicado em 02\/03\/2026 23h34<\/em><\/p>\r\n<hr>\r\n<p style=\"text-align:right\"><em><a href=\"https:\/\/terrarara.com.br\/en\/?page_id=3711\">English version<\/a><\/em><\/p>\r\n<hr>\r\n\r\n\t\t\t<hr>\r\n\t\r\n\t\t\t\r\n\r\n<p>Estudo original: <\/p>\r\n\r\n\r\n\r\n<ul><li><a href=\"https:\/\/doi.org\/10.1002\/ar.70150\" target=\"_blank\">https:\/\/doi.org\/10.1002\/ar.70150<\/a><\/li><\/ul>\r\n\r\n\r\n\r\n<hr class=\"wp-block-separator is-style-wide\"\/>\r\n\r\n<div style=\"position: buttonline;\"><iframe loading=\"lazy\" src=\"https:\/\/vendedoradesonhos.com.br\/rodape_sites.php?arg=41758\" frameborder=\"0\" height=\"420px\" width=\"100%\"><\/iframe><\/div>\r\n<div style=\"position: buttonline;\"><iframe loading=\"lazy\" src=\"https:\/\/vendedoradesonhos.com.br\/comentario_navegacao.php?arg=41758\" frameborder=\"0\" height=\"500px\" width=\"100%\"><\/iframe><\/div>\r\n<div style=\"position:absolute; width:40%; height:70px; top:-70px; left:0px;\"><iframe loading=\"lazy\" src=\"https:\/\/vendedoradesonhos.com.br\/oferta_site_esq.php?arg=41758\" frameborder=\"0\" height=\"100%\" width=\"100%\"><\/iframe><\/div>\r\n<div style=\"position:absolute; width:40%; height:70px; top:-70px; right:0px;\"><iframe loading=\"lazy\" src=\"https:\/\/vendedoradesonhos.com.br\/oferta_site_dir.php?arg=41758\" frameborder=\"0\" height=\"100%;\" width=\"100%\"><\/iframe><\/div>\r\n\r\n<div class=\"wp-block-image\"><figure><iframe loading=\"lazy\" src=\"https:\/\/vendedoradesonhos.com.br\/oferta_site_central.php\" width=\"100%\" height=\"330\" frameborder=\"0\"><\/iframe><figcaption>{teste}<\/figcaption><\/figure><\/div><hr>","protected":false},"excerpt":{"rendered":"","protected":false},"author":1,"featured_media":0,"parent":62,"menu_order":0,"comment_status":"closed","ping_status":"closed","template":"","meta":[],"_links":{"self":[{"href":"https:\/\/terrarara.com.br\/index.php?rest_route=\/wp\/v2\/pages\/26590"}],"collection":[{"href":"https:\/\/terrarara.com.br\/index.php?rest_route=\/wp\/v2\/pages"}],"about":[{"href":"https:\/\/terrarara.com.br\/index.php?rest_route=\/wp\/v2\/types\/page"}],"author":[{"embeddable":true,"href":"https:\/\/terrarara.com.br\/index.php?rest_route=\/wp\/v2\/users\/1"}],"replies":[{"embeddable":true,"href":"https:\/\/terrarara.com.br\/index.php?rest_route=%2Fwp%2Fv2%2Fcomments&post=26590"}],"version-history":[{"count":0,"href":"https:\/\/terrarara.com.br\/index.php?rest_route=\/wp\/v2\/pages\/26590\/revisions"}],"up":[{"embeddable":true,"href":"https:\/\/terrarara.com.br\/index.php?rest_route=\/wp\/v2\/pages\/62"}],"wp:attachment":[{"href":"https:\/\/terrarara.com.br\/index.php?rest_route=%2Fwp%2Fv2%2Fmedia&parent=26590"}],"curies":[{"name":"wp","href":"https:\/\/api.w.org\/{rel}","templated":true}]}}