{"id":26589,"date":"2026-02-28T01:34:46","date_gmt":"2026-02-28T01:34:46","guid":{"rendered":"https:\/\/terrarara.com.br\/?page_id=26589"},"modified":"2026-02-28T01:34:46","modified_gmt":"2026-02-28T01:34:46","slug":"o-telescopio-james-webb-revela-uma-quimica-organica-surpreendentemente-rica-alem-da-via-lactea","status":"publish","type":"page","link":"https:\/\/terrarara.com.br\/?page_id=26589","title":{"rendered":"O telesc\u00f3pio James Webb revela uma qu\u00edmica org\u00e2nica surpreendentemente rica al\u00e9m da Via L\u00e1ctea"},"content":{"rendered":"<div class=\"wp-block-image\"><figure><img src=\"https:\/\/vendedoradesonhos.com.br\/upload\/1\/sites\/26\/img_41751_1200.png\" alt=\"\" style=\"width:100%\"><figcaption>Imagem em cores falsas da James Webb NIRCam de IRAS07251-0248 (Cr\u00e9dito da imagem: Arquivo Mikulski para Telesc\u00f3pios Espaciais, Instituto de Ci\u00eancia do Telesc\u00f3pio Espacial, Associa\u00e7\u00e3o de Universidades para Pesquisa em Astronomia, Inc., NASA.)<\/figcaption><\/figure><\/div><hr><\/p><p>\r\n\t<a href=\"https:\/\/doi.org\/10.1038\/s41550-025-02750-0\" target=\"_blank\">doi.org\/10.1038\/s41550-025-02750-0<\/a><br><a href=\"https:\/\/vendedoradesonhos.com.br\/credibilidade_estudo.php?c=41751\">Credibilidade<\/a>: <font color=\"#00FFFF\">9<\/font><font color=\"#00FF00\">8<\/font><font color=\"#FFFF00\">9<\/font><br><a href=''https:\/\/terrarara.com.br\"s=mol\u00e9culas org\u00e2nicas''>#mol\u00e9culas org\u00e2nicas<\/a>\u00a0<\/p><p><\/p><p>\r\n\t<!-- audio --><\/p><p>\r\n<button onclick=\"this.nextElementSibling.play()\" style=\"padding:12px 25px; font-size:18px; border:none; border-radius:8px; cursor:pointer;\">Ouvir<\/button><audio src=\"https:\/\/vendedoradesonhos.com.br\/audios\/41751.mp3\" preload=\"none\"><\/audio><\/p><p>\r\n\t<strong>Astr\u00f4nomos usando o poderoso Telesc\u00f3pio Espacial James Webb (James Webb) acabam de descobrir uma quantidade impressionante de mol\u00e9culas org\u00e2nicas pequenas em um lugar muito extremo do universo: o n\u00facleo profundamente escondido de uma gal\u00e1xia pr\u00f3xima, chamada IRAS 07251&#8243;0248<\/strong><\/p><p> Essa gal\u00e1xia \u00e9 do tipo ultraluminosa infravermelha, o que significa que ela brilha intensamente na luz infravermelha por causa de enormes quantidades de g\u00e1s e poeira que envolvem seu centro, escondendo-o da vista da maioria dos telesc\u00f3pios comuns.\r\n<\/p><p>\r\nO que torna essa descoberta especial \u00e9 que o James Webb conseguiu &#8220;ver&#8221; atrav\u00e9s dessa cortina de poeira gra\u00e7as \u00e0 sua capacidade de observar no infravermelho. Usando os instrumentos NIRSpec e MIRI, os cientistas analisaram a luz entre 3 e 28 micr\u00f4metros e identificaram assinaturas qu\u00edmicas claras de v\u00e1rias mol\u00e9culas no g\u00e1s, em gelos e em gr\u00e3os de poeira. Entre elas est\u00e3o o benzeno (C&#8221;H&#8221;), o metano (CH&#8221;), o acetileno (C&#8221;H&#8221;), o diacetileno (C&#8221;H&#8221;), o triacetileno (C&#8221;H&#8221;) e, pela primeira vez fora da nossa Via L\u00e1ctea, o radical metila (CH&#8221;), uma mol\u00e9cula de carbono muito reativa.\r\n<\/p><p>\r\nO que mais surpreendeu a equipe foi que a quantidade dessas mol\u00e9culas \u00e9 muito maior do que qualquer modelo te\u00f3rico previa. Parece que raios c\u00f3smicos &#8211; part\u00edculas de alta energia que atravessam o espa\u00e7o &#8211; est\u00e3o batendo em gr\u00e3os ricos em carbono e em hidrocarbonetos arom\u00e1ticos polic\u00edclicos (os famosos PAHs), fragmentando essas estruturas e liberando uma cascata de compostos org\u00e2nicos. Em vez de temperaturas extremas ou turbul\u00eancia do g\u00e1s destru\u00edrem tudo, esses raios c\u00f3smicos acabam alimentando uma qu\u00edmica intensa e cont\u00ednua, transformando o n\u00facleo da gal\u00e1xia em uma verdadeira f\u00e1brica c\u00f3smica de mol\u00e9culas org\u00e2nicas.\r\n<\/p><p>\r\nEmbora essas mol\u00e9culas pequenas n\u00e3o sejam vida em si, elas s\u00e3o blocos de constru\u00e7\u00e3o fundamentais para a qu\u00edmica prebi\u00f3tica &#8211; os processos que, em condi\u00e7\u00f5es certas, podem levar \u00e0 forma\u00e7\u00e3o de amino\u00e1cidos, nucleot\u00eddeos e outras subst\u00e2ncias essenciais para a origem da vida. Isso sugere que n\u00facleos gal\u00e1cticos obscurecidos como esse podem desempenhar um papel importante na evolu\u00e7\u00e3o qu\u00edmica das gal\u00e1xias inteiras, espalhando ingredientes org\u00e2nicos pelo cosmos.\r\n<\/p><p>\r\nA pesquisa, liderada pelo Centro de Astrobiologia (CAB) na Espanha e com contribui\u00e7\u00f5es importantes da Universidade de Oxford para os modelos te\u00f3ricos, foi publicada na revista Nature Astronomy. Os resultados mostram que, mesmo em ambientes hostis e extremos, a qu\u00edmica do carbono pode ser surpreendentemente rica e ativa.\r\n<\/p><p>\r\nEssa descoberta abre novas portas para entender como mol\u00e9culas complexas surgem e se espalham no universo, e refor\u00e7a o quanto o James Webb est\u00e1 revolucionando nosso conhecimento sobre os ingredientes b\u00e1sicos da vida em lugares distantes e escondidos do espa\u00e7o.\r\n<\/p><p>\r\n<blockquote class=\"twitter-tweet\" data-media-max-width=\"560\"><p lang=\"pt\" dir=\"ltr\">O telesc\u00f3pio James Webb revela uma qu\u00edmica org\u00e2nica surpreendentemente rica al\u00e9m da Via L\u00e1ctea<a href=\"https:\/\/twitter.com\/hashtag\/mol%C3%A9culasorg%C3%A2nicas?src=hash&amp;ref_src=twsrc%5Etfw\">#mol\u00e9culasorg\u00e2nicas<\/a><br><br>Astr\u00f4nomos descobrem uma quantidade impressionante de mol\u00e9culas org\u00e2nicas pequenas em um lugar muito extremo do universo: o n\u00facleo de uma gal\u00e1xia pr\u00f3xima <a href=\"https:\/\/t.co\/Dqk8RKH8DU\">pic.twitter.com\/Dqk8RKH8DU<\/a><\/p>&mdash; Terra Rara??????&#x646; (@Terra_Rara) <a href=\"https:\/\/twitter.com\/Terra_Rara\/status\/2027569535763554463?ref_src=twsrc%5Etfw\">February 28, 2026<\/a><\/blockquote> <script async src=\"https:\/\/platform.twitter.com\/widgets.js\" charset=\"utf-8\"><\/script>\r\n<hr>\r\n\r\n<p style=\"text-align:right\"><em>Publicado em 28\/02\/2026 01h34<\/em><\/p>\r\n<hr>\r\n<p style=\"text-align:right\"><em><a href=\"https:\/\/terrarara.com.br\/en\/?page_id=3710\">English version<\/a><\/em><\/p>\r\n<hr>\r\n\r\n\t\t\t<hr>\r\n\t\r\n\t\t\t\r\n\r\n<p>Estudo original: <\/p>\r\n\r\n\r\n\r\n<ul><li><a href=\"https:\/\/doi.org\/10.1038\/s41550-025-02750-0\" target=\"_blank\">https:\/\/doi.org\/10.1038\/s41550-025-02750-0<\/a><\/li><\/ul>\r\n\r\n\r\n\r\n<hr class=\"wp-block-separator is-style-wide\"\/>\r\n\r\n<div style=\"position: buttonline;\"><iframe loading=\"lazy\" src=\"https:\/\/vendedoradesonhos.com.br\/rodape_sites.php?arg=41751\" frameborder=\"0\" height=\"420px\" width=\"100%\"><\/iframe><\/div>\r\n<div style=\"position: buttonline;\"><iframe loading=\"lazy\" src=\"https:\/\/vendedoradesonhos.com.br\/comentario_navegacao.php?arg=41751\" frameborder=\"0\" height=\"500px\" width=\"100%\"><\/iframe><\/div>\r\n<div style=\"position:absolute; width:40%; height:70px; top:-70px; left:0px;\"><iframe loading=\"lazy\" src=\"https:\/\/vendedoradesonhos.com.br\/oferta_site_esq.php?arg=41751\" frameborder=\"0\" height=\"100%\" width=\"100%\"><\/iframe><\/div>\r\n<div style=\"position:absolute; width:40%; height:70px; top:-70px; right:0px;\"><iframe loading=\"lazy\" src=\"https:\/\/vendedoradesonhos.com.br\/oferta_site_dir.php?arg=41751\" frameborder=\"0\" height=\"100%;\" width=\"100%\"><\/iframe><\/div>\r\n\r\n<div class=\"wp-block-image\"><figure><iframe loading=\"lazy\" src=\"https:\/\/vendedoradesonhos.com.br\/oferta_site_central.php\" width=\"100%\" height=\"330\" frameborder=\"0\"><\/iframe><figcaption>{teste}<\/figcaption><\/figure><\/div><hr>","protected":false},"excerpt":{"rendered":"","protected":false},"author":1,"featured_media":0,"parent":1415,"menu_order":0,"comment_status":"closed","ping_status":"closed","template":"","meta":[],"_links":{"self":[{"href":"https:\/\/terrarara.com.br\/index.php?rest_route=\/wp\/v2\/pages\/26589"}],"collection":[{"href":"https:\/\/terrarara.com.br\/index.php?rest_route=\/wp\/v2\/pages"}],"about":[{"href":"https:\/\/terrarara.com.br\/index.php?rest_route=\/wp\/v2\/types\/page"}],"author":[{"embeddable":true,"href":"https:\/\/terrarara.com.br\/index.php?rest_route=\/wp\/v2\/users\/1"}],"replies":[{"embeddable":true,"href":"https:\/\/terrarara.com.br\/index.php?rest_route=%2Fwp%2Fv2%2Fcomments&post=26589"}],"version-history":[{"count":0,"href":"https:\/\/terrarara.com.br\/index.php?rest_route=\/wp\/v2\/pages\/26589\/revisions"}],"up":[{"embeddable":true,"href":"https:\/\/terrarara.com.br\/index.php?rest_route=\/wp\/v2\/pages\/1415"}],"wp:attachment":[{"href":"https:\/\/terrarara.com.br\/index.php?rest_route=%2Fwp%2Fv2%2Fmedia&parent=26589"}],"curies":[{"name":"wp","href":"https:\/\/api.w.org\/{rel}","templated":true}]}}