{"id":26588,"date":"2026-02-27T23:21:44","date_gmt":"2026-02-27T23:21:44","guid":{"rendered":"https:\/\/terrarara.com.br\/?page_id=26588"},"modified":"2026-02-27T23:21:44","modified_gmt":"2026-02-27T23:21:44","slug":"a-maior-imagem-ja-feita-pelo-alma-revela-uma-quimica-escondida-no-coracao-da-via-lactea","status":"publish","type":"page","link":"https:\/\/terrarara.com.br\/?page_id=26588","title":{"rendered":"A maior imagem j\u00e1 feita pelo alma revela uma qu\u00edmica escondida no cora\u00e7\u00e3o da Via L\u00e1ctea"},"content":{"rendered":"<div class=\"wp-block-image\"><figure><img src=\"https:\/\/vendedoradesonhos.com.br\/upload\/1\/sites\/26\/img_41750_1200.jpg\" alt=\"\" style=\"width:100%\"><figcaption>Esta imagem mostra a localiza\u00e7\u00e3o da Zona Molecular Central (ZMC), uma regi\u00e3o no n\u00facleo da nossa gal\u00e1xia rica em nuvens de g\u00e1s densas e complexas. Esta zona foi mapeada com o Atacama Large Millimeter\/submillimeter Array (ALMA), como parte do ALMA CMZ Exploration Survey (ACES). A imagem inserida \u00e9 uma imagem do ACES onde diferentes mol\u00e9culas s\u00e3o exibidas em cores diferentes. A imagem completa &#8211; a maior j\u00e1 feita com o ALMA &#8211; tem o comprimento equivalente a tr\u00eas luas cheias lado a lado no c\u00e9u. Cr\u00e9dito: ALMA (ESO\/NAOJ\/NRAO)\/S. Longmore et al. Estrelas na imagem inserida: ESO\/D. Minniti et al. Via L\u00e1ctea: ESO\/S. Guisard<\/figcaption><\/figure><\/div><hr><\/p><p>\r\n\t<a href=\"https:\/\/doi.org\/10.48550\/arXiv.2602.20340\" target=\"_blank\">doi.org\/10.48550\/arXiv.2602.20340<\/a><br><a href=\"https:\/\/vendedoradesonhos.com.br\/credibilidade_estudo.php?c=41750\">Credibilidade<\/a>: <font color=\"#00FFFF\">8<\/font><font color=\"#00FF00\">8<\/font><font color=\"#FFFF00\">8<\/font><br><a href=''https:\/\/terrarara.com.br\"s=alma''>#ALMA<\/a>\u00a0<\/p><p><\/p><p>\r\n\t<!-- audio --><\/p><p>\r\n<button onclick=\"this.nextElementSibling.play()\" style=\"padding:12px 25px; font-size:18px; border:none; border-radius:8px; cursor:pointer;\">Ouvir<\/button><audio src=\"https:\/\/vendedoradesonhos.com.br\/audios\/41750.mp3\" preload=\"none\"><\/audio><\/p><p>\r\n\t<strong><\/p><p>\r\nAstr\u00f4nomos conseguiram capturar a maior imagem j\u00e1 produzida pelo radiotelesc\u00f3pio ALMA, revelando com detalhes impressionantes uma regi\u00e3o enorme no centro da nossa gal\u00e1xia, a Via L\u00e1ctea<\/strong><\/p><p> Essa \u00e1rea, conhecida como Zona Molecular Central, se estende por mais de 650 anos-luz e envolve o buraco negro supermassivo que fica bem no meio da gal\u00e1xia.\r\n<\/p><p>\r\nO que vemos nessa imagem \u00e9 um verdadeiro ber\u00e7\u00e1rio de estrelas cheio de filamentos, nuvens densas e aglomera\u00e7\u00f5es de g\u00e1s frio e poeira. Essas estruturas variam bastante: algumas s\u00e3o nuvens gigantescas com dezenas de anos-luz de extens\u00e3o, enquanto outras s\u00e3o menores e se agrupam ao redor de estrelas individuais. Tudo isso forma uma teia complexa onde o g\u00e1s se move, se comprime e d\u00e1 origem a novas estrelas.\r\n<\/p><p>\r\nO que mais surpreendeu os cientistas foi a riqueza qu\u00edmica desse lugar. Eles identificaram dezenas de mol\u00e9culas diferentes no g\u00e1s frio, desde compostos simples, como mon\u00f3xido de sil\u00edcio e monossulfeto de carbono, at\u00e9 subst\u00e2ncias org\u00e2nicas mais complexas, como metanol, acetona, etanol, \u00e1cido isoci\u00e2nico, mon\u00f3xido de enxofre e cianoacetileno. Essa diversidade mostra que o ambiente extremo perto do buraco negro supermassivo cria condi\u00e7\u00f5es especiais para a forma\u00e7\u00e3o de mol\u00e9culas variadas.\r\n<\/p><p>\r\nEssa regi\u00e3o \u00e9 bem diferente de outras partes da gal\u00e1xia. L\u00e1, nascem algumas das estrelas mais massivas que conhecemos &#8211; estrelas que vivem r\u00e1pido, queimam muito combust\u00edvel e terminam a vida em explos\u00f5es violentas, como supernovas ou at\u00e9 hipernovas. Estudar como as estrelas se formam nesse lugar ca\u00f3tico ajuda os pesquisadores a entender melhor os processos que aconteceram nas gal\u00e1xias antigas do universo primordial, quando tudo era mais turbulento e intenso.\r\n<\/p><p>\r\nO mosaico final dessa imagem \u00e9 t\u00e3o grande que equivale ao tamanho de tr\u00eas luas cheias colocadas lado a lado no c\u00e9u &#8211; um recorde para o ALMA. O trabalho faz parte do projeto ACES (ALMA CMZ Exploration Survey) e envolveu uma equipe internacional com mais de 160 cientistas. Os resultados detalhados aparecem em seis artigos cient\u00edficos publicados na revista Monthly Notices of the Royal Astronomical Society, e os dados est\u00e3o dispon\u00edveis publicamente para quem quiser explorar.\r\n<\/p><p>\r\nOs pesquisadores est\u00e3o animados com o futuro: com as pr\u00f3ximas atualiza\u00e7\u00f5es no ALMA e a entrada em opera\u00e7\u00e3o do Telesc\u00f3pio Extremamente Grande da ESO, ser\u00e1 poss\u00edvel enxergar estruturas ainda menores, detectar mol\u00e9culas mais complexas e compreender melhor como estrelas, g\u00e1s e o buraco negro interagem nessa regi\u00e3o fascinante e escondida do nosso pr\u00f3prio quintal c\u00f3smico.\r\n<\/p><p>\r\n<blockquote class=\"twitter-tweet\" data-media-max-width=\"560\"><p lang=\"pt\" dir=\"ltr\">A maior imagem j\u00e1 feita pelo alma revela uma qu\u00edmica escondida no cora\u00e7\u00e3o da via l\u00e1ctea<a href=\"https:\/\/twitter.com\/hashtag\/ALMA?src=hash&amp;ref_src=twsrc%5Etfw\">#ALMA<\/a><br><br>Astr\u00f4nomos conseguiram capturar a maior imagem j\u00e1 produzida pelo radiotelesc\u00f3pio ALMA, revelando com detalhes impressionantes uma regi\u00e3o enorme no centro da nossa gal\u00e1xia, a Via L\u00e1ctea: <a href=\"https:\/\/t.co\/Cv7qZ9HPpL\">pic.twitter.com\/Cv7qZ9HPpL<\/a><\/p>&mdash; Terra Rara??????&#x646; (@Terra_Rara) <a href=\"https:\/\/twitter.com\/Terra_Rara\/status\/2027532704959332368?ref_src=twsrc%5Etfw\">February 27, 2026<\/a><\/blockquote> <script async src=\"https:\/\/platform.twitter.com\/widgets.js\" charset=\"utf-8\"><\/script>\r\n<hr>\r\n\r\n<p style=\"text-align:right\"><em>Publicado em 27\/02\/2026 23h21<\/em><\/p>\r\n<hr>\r\n<p style=\"text-align:right\"><em><a href=\"https:\/\/terrarara.com.br\/en\/?page_id=3708\">English version<\/a><\/em><\/p>\r\n<hr>\r\n\r\n\t\t\t<hr>\r\n\t\r\n\t\t\t\r\n\r\n<p>Estudo original: <\/p>\r\n\r\n\r\n\r\n<ul><li><a href=\"https:\/\/doi.org\/10.48550\/arXiv.2602.20340\" target=\"_blank\">https:\/\/doi.org\/10.48550\/arXiv.2602.20340<\/a><\/li><\/ul>\r\n\r\n\r\n\r\n<hr class=\"wp-block-separator is-style-wide\"\/>\r\n\r\n<div style=\"position: buttonline;\"><iframe loading=\"lazy\" src=\"https:\/\/vendedoradesonhos.com.br\/rodape_sites.php?arg=41750\" frameborder=\"0\" height=\"420px\" width=\"100%\"><\/iframe><\/div>\r\n<div style=\"position: buttonline;\"><iframe loading=\"lazy\" src=\"https:\/\/vendedoradesonhos.com.br\/comentario_navegacao.php?arg=41750\" frameborder=\"0\" height=\"500px\" width=\"100%\"><\/iframe><\/div>\r\n<div style=\"position:absolute; width:40%; height:70px; top:-70px; left:0px;\"><iframe loading=\"lazy\" src=\"https:\/\/vendedoradesonhos.com.br\/oferta_site_esq.php?arg=41750\" frameborder=\"0\" height=\"100%\" width=\"100%\"><\/iframe><\/div>\r\n<div style=\"position:absolute; width:40%; height:70px; top:-70px; right:0px;\"><iframe loading=\"lazy\" src=\"https:\/\/vendedoradesonhos.com.br\/oferta_site_dir.php?arg=41750\" frameborder=\"0\" height=\"100%;\" width=\"100%\"><\/iframe><\/div>\r\n\r\n<div class=\"wp-block-image\"><figure><iframe loading=\"lazy\" src=\"https:\/\/vendedoradesonhos.com.br\/oferta_site_central.php\" width=\"100%\" height=\"330\" frameborder=\"0\"><\/iframe><figcaption>{teste}<\/figcaption><\/figure><\/div><hr>","protected":false},"excerpt":{"rendered":"","protected":false},"author":1,"featured_media":0,"parent":5,"menu_order":0,"comment_status":"closed","ping_status":"closed","template":"","meta":[],"_links":{"self":[{"href":"https:\/\/terrarara.com.br\/index.php?rest_route=\/wp\/v2\/pages\/26588"}],"collection":[{"href":"https:\/\/terrarara.com.br\/index.php?rest_route=\/wp\/v2\/pages"}],"about":[{"href":"https:\/\/terrarara.com.br\/index.php?rest_route=\/wp\/v2\/types\/page"}],"author":[{"embeddable":true,"href":"https:\/\/terrarara.com.br\/index.php?rest_route=\/wp\/v2\/users\/1"}],"replies":[{"embeddable":true,"href":"https:\/\/terrarara.com.br\/index.php?rest_route=%2Fwp%2Fv2%2Fcomments&post=26588"}],"version-history":[{"count":0,"href":"https:\/\/terrarara.com.br\/index.php?rest_route=\/wp\/v2\/pages\/26588\/revisions"}],"up":[{"embeddable":true,"href":"https:\/\/terrarara.com.br\/index.php?rest_route=\/wp\/v2\/pages\/5"}],"wp:attachment":[{"href":"https:\/\/terrarara.com.br\/index.php?rest_route=%2Fwp%2Fv2%2Fmedia&parent=26588"}],"curies":[{"name":"wp","href":"https:\/\/api.w.org\/{rel}","templated":true}]}}