{"id":26585,"date":"2026-02-25T02:53:20","date_gmt":"2026-02-25T02:53:20","guid":{"rendered":"https:\/\/terrarara.com.br\/?page_id=26585"},"modified":"2026-02-25T02:53:20","modified_gmt":"2026-02-25T02:53:20","slug":"o-dna-ja-esta-organizado-antes-mesmo-de-a-vida-iniciar","status":"publish","type":"page","link":"https:\/\/terrarara.com.br\/?page_id=26585","title":{"rendered":"O DNA j\u00e1 est\u00e1 organizado antes mesmo de a vida iniciar"},"content":{"rendered":"<div class=\"wp-block-image\"><figure><img src=\"https:\/\/vendedoradesonhos.com.br\/upload\/1\/sites\/26\/img_41736_1200.jpg\" alt=\"\" style=\"width:100%\"><figcaption>Um embri\u00e3o de Drosophila em est\u00e1gio inicial, capturado durante uma onda de divis\u00e3o nuclear. N\u00facleos em divis\u00e3o (azul) e n\u00facleos n\u00e3o divisores (rosa) ilustram a natureza r\u00e1pida e altamente organizada do desenvolvimento inicial e a substancial regula\u00e7\u00e3o da organiza\u00e7\u00e3o do genoma necess\u00e1ria para permitir a ativa\u00e7\u00e3o adequada dos genes, apesar das repetidas interrup\u00e7\u00f5es causadas pela divis\u00e3o nuclear. Cr\u00e9dito: Clemens Hug<\/figcaption><\/figure><\/div><hr><\/p><p>\r\n\t<a href=\"https:\/\/doi.org\/10.1038\/s41588-026-02503-3\" target=\"_blank\">doi.org\/10.1038\/s41588-026-02503-3<\/a><br><a href=\"https:\/\/vendedoradesonhos.com.br\/credibilidade_estudo.php?c=41736\">Credibilidade<\/a>: <font color=\"#00FFFF\">9<\/font><font color=\"#00FF00\">9<\/font><font color=\"#FFFF00\">9<\/font><br><a href=''https:\/\/terrarara.com.br\"s=dna''>#DNA<\/a>\u00a0<\/p><p><\/p><p>\r\n\t<!-- audio --><\/p><p>\r\n<button onclick=\"this.nextElementSibling.play()\" style=\"padding:12px 25px; font-size:18px; border:none; border-radius:8px; cursor:pointer;\">Ouvir<\/button><audio src=\"https:\/\/vendedoradesonhos.com.br\/audios\/41736.mp3\" preload=\"none\"><\/audio><\/p><p>\r\n\t<strong><\/p><p>\r\nPor muito tempo, os cientistas imaginavam que o DNA de um ovo rec\u00e9m-fertilizado come\u00e7ava como uma bagun\u00e7a completa &#8211; uma esp\u00e9cie de massa solta e desorganizada que s\u00f3 ganharia forma e estrutura depois que o embri\u00e3o come\u00e7asse a usar seus pr\u00f3prios genes, num momento conhecido como ativa\u00e7\u00e3o do genoma zig\u00f3tico<\/strong><\/p><p> A ideia era que a ordem surgia somente ap\u00f3s esse &#8220;despertar? gen\u00e9tico.\r\n<\/p><p>\r\nUma nova pesquisa, publicada na revista &#8220;Nature Genetics&#8221;, muda completamente essa vis\u00e3o. Uma equipe liderada pelo professor Juanma Vaquerizas descobriu que o genoma j\u00e1 chega extremamente organizado desde os primeiros instantes, bem antes de qualquer gene ser ativado pelo embri\u00e3o. Usando uma t\u00e9cnica inovadora chamada Pico-C, que permite mapear a estrutura tridimensional do DNA com detalhes impressionantes e usando bem menos material do que os m\u00e9todos tradicionais (cerca de dez vezes menos), os pesquisadores analisaram embri\u00f5es iniciais da mosca-das-frutas (&#8220;Drosophila&#8221;), um organismo modelo cl\u00e1ssico em gen\u00e9tica.\r\n<\/p><p>\r\nNesses primeiros momentos, quando os n\u00facleos se dividem rapidamente formando milhares de c\u00e9lulas, o DNA n\u00e3o est\u00e1 aleat\u00f3rio. Ele j\u00e1 forma la\u00e7os espec\u00edficos, andaimes modulares e uma arquitetura tridimensional precisa. Essa estrutura funciona como uma prepara\u00e7\u00e3o antecipada: posiciona os genes de forma que eles possam ser ativados no momento exato, de maneira controlada e segura, ajudando a evitar erros que poderiam causar problemas no desenvolvimento.\r\n<\/p><p>\r\nNoura Maziak, autora principal do estudo, descreve essa fase inicial como &#8220;um canteiro de obras altamente disciplinado&#8221;. &#8220;O andaime do genoma est\u00e1 sendo montado de forma precisa e modular, muito antes de o interruptor ser ligado de verdade&#8221;, explica ela. Ou seja, longe de ser caos, \u00e9 uma organiza\u00e7\u00e3o planejada que facilita tudo o que vem depois.\r\n<\/p><p>\r\nEmbora a descoberta tenha sido feita em moscas, ela tem implica\u00e7\u00f5es diretas para a biologia humana. Um estudo complementar, publicado na &#8220;Nature Cell Biology&#8221; por pesquisadores da ETH Z\u00fcrich, mostrou o que acontece quando essa estrutura 3D \u00e9 danificada em c\u00e9lulas humanas: o colapso desses &#8220;ancoradouros? moleculares faz com que as c\u00e9lulas interpretem a bagun\u00e7a como um ataque viral, ativando o sistema imune de forma errada e podendo gerar inflama\u00e7\u00e3o e doen\u00e7as.\r\n<\/p><p>\r\n&#8220;Esses dois estudos contam a hist\u00f3ria completa&#8221;, resume Juanma Vaquerizas. &#8220;Um mostra como a estrutura tridimensional do genoma \u00e9 cuidadosamente constru\u00edda no in\u00edcio da vida. O outro revela as consequ\u00eancias graves para a sa\u00fade humana se essa estrutura desabar.&#8221;\r\n<\/p><p>\r\nEssa descoberta revela que o in\u00edcio da vida n\u00e3o \u00e9 aleat\u00f3rio: o DNA chega ao embri\u00e3o j\u00e1 com um projeto arquitet\u00f4nico sofisticado, pronto para guiar o desenvolvimento de forma ordenada e confi\u00e1vel.\r\n<\/p><p>\r\n<blockquote class=\"twitter-tweet\" data-media-max-width=\"560\"><p lang=\"pt\" dir=\"ltr\">O DNA j\u00e1 est\u00e1 organizado antes mesmo da vida iniciar<a href=\"https:\/\/twitter.com\/hashtag\/DNA?src=hash&#038;ref_src=twsrc%5Etfw\">#DNA<\/a><br>Cientistas imaginavam que o DNA de um ovo rec\u00e9m-fertilizado come\u00e7ava como uma bagun\u00e7a completa &#8211; uma esp\u00e9cie de massa solta e desorganizada que s\u00f3 ganharia forma e estrutura depois que o embri\u00e3o come\u00e7asse a usar seus genes <a href=\"https:\/\/t.co\/PT2ByuDipl\">pic.twitter.com\/PT2ByuDipl<\/a><\/p>&#8211; Terra Rara&#x646; (@Terra_Rara) <a href=\"https:\/\/twitter.com\/Terra_Rara\/status\/2026615229275148684?ref_src=twsrc%5Etfw\">February 25, 2026<\/a><\/blockquote> <script async src=\"https:\/\/platform.twitter.com\/widgets.js\" charset=\"utf-8\"><\/script>\r\n<hr>\r\n\r\n<p style=\"text-align:right\"><em>Publicado em 25\/02\/2026 02h53<\/em><\/p>\r\n<hr>\r\n<p style=\"text-align:right\"><em><a href=\"https:\/\/terrarara.com.br\/en\/?page_id=3705\">English version<\/a><\/em><\/p>\r\n<hr>\r\n\r\n\t\t\t<hr>\r\n\t\r\n\t\t\t\r\n\r\n<p>Estudo original: <\/p>\r\n\r\n\r\n\r\n<ul><li><a href=\"https:\/\/doi.org\/10.1038\/s41588-026-02503-3\" target=\"_blank\">https:\/\/doi.org\/10.1038\/s41588-026-02503-3<\/a><\/li><\/ul>\r\n\r\n\r\n\r\n<hr class=\"wp-block-separator is-style-wide\"\/>\r\n\r\n<div style=\"position: buttonline;\"><iframe loading=\"lazy\" src=\"https:\/\/vendedoradesonhos.com.br\/rodape_sites.php?arg=41736\" frameborder=\"0\" height=\"420px\" width=\"100%\"><\/iframe><\/div>\r\n<div style=\"position: buttonline;\"><iframe loading=\"lazy\" src=\"https:\/\/vendedoradesonhos.com.br\/comentario_navegacao.php?arg=41736\" frameborder=\"0\" height=\"500px\" width=\"100%\"><\/iframe><\/div>\r\n<div style=\"position:absolute; width:40%; height:70px; top:-70px; left:0px;\"><iframe loading=\"lazy\" src=\"https:\/\/vendedoradesonhos.com.br\/oferta_site_esq.php?arg=41736\" frameborder=\"0\" height=\"100%\" width=\"100%\"><\/iframe><\/div>\r\n<div style=\"position:absolute; width:40%; height:70px; top:-70px; right:0px;\"><iframe loading=\"lazy\" src=\"https:\/\/vendedoradesonhos.com.br\/oferta_site_dir.php?arg=41736\" frameborder=\"0\" height=\"100%;\" width=\"100%\"><\/iframe><\/div>\r\n\r\n<div class=\"wp-block-image\"><figure><iframe loading=\"lazy\" src=\"https:\/\/vendedoradesonhos.com.br\/oferta_site_central.php\" width=\"100%\" height=\"330\" frameborder=\"0\"><\/iframe><figcaption>{teste}<\/figcaption><\/figure><\/div><hr>","protected":false},"excerpt":{"rendered":"","protected":false},"author":1,"featured_media":0,"parent":6142,"menu_order":0,"comment_status":"closed","ping_status":"closed","template":"","meta":[],"_links":{"self":[{"href":"https:\/\/terrarara.com.br\/index.php?rest_route=\/wp\/v2\/pages\/26585"}],"collection":[{"href":"https:\/\/terrarara.com.br\/index.php?rest_route=\/wp\/v2\/pages"}],"about":[{"href":"https:\/\/terrarara.com.br\/index.php?rest_route=\/wp\/v2\/types\/page"}],"author":[{"embeddable":true,"href":"https:\/\/terrarara.com.br\/index.php?rest_route=\/wp\/v2\/users\/1"}],"replies":[{"embeddable":true,"href":"https:\/\/terrarara.com.br\/index.php?rest_route=%2Fwp%2Fv2%2Fcomments&post=26585"}],"version-history":[{"count":0,"href":"https:\/\/terrarara.com.br\/index.php?rest_route=\/wp\/v2\/pages\/26585\/revisions"}],"up":[{"embeddable":true,"href":"https:\/\/terrarara.com.br\/index.php?rest_route=\/wp\/v2\/pages\/6142"}],"wp:attachment":[{"href":"https:\/\/terrarara.com.br\/index.php?rest_route=%2Fwp%2Fv2%2Fmedia&parent=26585"}],"curies":[{"name":"wp","href":"https:\/\/api.w.org\/{rel}","templated":true}]}}