{"id":26581,"date":"2026-02-23T18:57:59","date_gmt":"2026-02-23T18:57:59","guid":{"rendered":"https:\/\/terrarara.com.br\/?page_id=26581"},"modified":"2026-02-23T18:57:59","modified_gmt":"2026-02-23T18:57:59","slug":"o-misterio-da-agua-desaparecida-de-marte-ganha-um-rumo-inesperado","status":"publish","type":"page","link":"https:\/\/terrarara.com.br\/?page_id=26581","title":{"rendered":"O mist\u00e9rio da \u00e1gua desaparecida de marte ganha um rumo inesperado"},"content":{"rendered":"<div class=\"wp-block-image\"><figure><img src=\"https:\/\/vendedoradesonhos.com.br\/upload\/1\/sites\/26\/img_41732_1200.jpg\" alt=\"\" style=\"width:100%\"><figcaption>LEG_https:\/\/vendedoradesonhos.com.br\/upload\/1\/sites\/26\/img_41732_1200.jpg<\/figcaption><\/figure><\/div><hr><\/p><p>\r\n\t<a href=\"https:\/\/doi.org\/10.1038\/s43247-025-03157-5\" target=\"_blank\">doi.org\/10.1038\/s43247-025-03157-5<\/a><br><a href=\"https:\/\/vendedoradesonhos.com.br\/credibilidade_estudo.php?c=41732\">Credibilidade<\/a>: <font color=\"#00FFFF\">9<\/font><font color=\"#00FF00\">8<\/font><font color=\"#FFFF00\">9<\/font><br><a href=''https:\/\/terrarara.com.br\"s=marte''>#Marte<\/a>\u00a0<\/p><p><\/p><p>\r\n\t<!-- audio --><\/p><p>\r\n<button onclick=\"this.nextElementSibling.play()\" style=\"padding:12px 25px; font-size:18px; border:none; border-radius:8px; cursor:pointer;\">Ouvir<\/button><audio src=\"https:\/\/vendedoradesonhos.com.br\/audios\/41732.mp3\" preload=\"none\"><\/audio><\/p><p>\r\n\t<strong>Marte j\u00e1 teve muita \u00e1gua no passado distante &#8211; rios, lagos e talvez at\u00e9 oceanos cobriam boa parte de sua superf\u00edcie<\/strong><\/p><p><div class=\"wp-block-image\"><figure><img src=\"https:\/\/vendedoradesonhos.com.br\/upload\/1\/sites\/26\/img_41732b_1200.jpg\" alt=\"\" style=\"width:100%\"><figcaption>Imagens di\u00e1rias do mapa global MRO-MARCI mostrando o crescimento inicial de uma rara tempestade de poeira regional no noroeste de Syrtis Major, observada em 21 de agosto de 2023, em Ls = 107,6\u00b0 (esquerda) e em 22 de agosto de 2023, em Ls = 108,0\u00b0 (direita), atingindo uma extens\u00e3o de 1,2 \u00d7 10? km\u00b2. Cr\u00e9dito: Brines, Aoki et al., 2026, Communications: Earth &#038; Environment<\/figcaption><\/figure><\/div><hr><\/p><p> Hoje, o planeta \u00e9 um deserto frio e seco, e os cientistas sabem que boa parte dessa \u00e1gua foi perdida para o espa\u00e7o ao longo de bilh\u00f5es de anos. A forma mais comum de perda acontece quando o vapor d&#8221;\u00e1gua sobe at\u00e9 as camadas altas da atmosfera, onde a radia\u00e7\u00e3o solar quebra as mol\u00e9culas, liberando hidrog\u00eanio que escapa para o espa\u00e7o.\r\n<\/p><p>\r\nPor muito tempo, os pesquisadores acreditavam que esse processo acontecia principalmente durante o ver\u00e3o no hemisf\u00e9rio sul de Marte, quando grandes tempestades de poeira globais aqueciam a atmosfera e agitavam tudo, levando o vapor d&#8221;\u00e1gua para altitudes elevadas. O ver\u00e3o no hemisf\u00e9rio norte era visto como uma \u00e9poca bem menos importante para essa perda de \u00e1gua.\r\n<\/p><p>\r\nAgora, uma nova pesquisa muda bastante essa vis\u00e3o. Uma equipe internacional de cientistas descobriu que uma tempestade de poeira intensa, mas regional (e n\u00e3o global), ocorrida durante o ver\u00e3o no hemisf\u00e9rio norte, conseguiu transportar quantidades surpreendentemente grandes de vapor d&#8221;\u00e1gua para a parte alta da atmosfera. Isso provocou um aumento significativo na fuga de hidrog\u00eanio para o espa\u00e7o &#8211; algo que ningu\u00e9m esperava naquela esta\u00e7\u00e3o do ano.\r\n<\/p><p>\r\nOs pesquisadores observaram esse evento no ano marciano 37 (que corresponde a 2022-2023 na Terra). Uma tempestade localizada na regi\u00e3o noroeste de Syrtis Major cresceu rapidamente, alcan\u00e7ando uma \u00e1rea enorme, e levou o vapor d&#8221;\u00e1gua a alturas onde ele normalmente n\u00e3o chega em tanta quantidade. As medi\u00e7\u00f5es mostraram concentra\u00e7\u00f5es de \u00e1gua at\u00e9 dez vezes maiores do que o habitual na atmosfera m\u00e9dia, e os n\u00edveis de hidrog\u00eanio na parte mais alta da atmosfera chegaram sendo 2,5 vezes maiores do que nos anos anteriores na mesma \u00e9poca.\r\n<\/p><p>\r\n<div class=\"wp-block-image\"><figure><img src=\"https:\/\/vendedoradesonhos.com.br\/upload\/1\/sites\/26\/img_41732c_1200.jpg\" alt=\"\" style=\"width:100%\"><figcaption>Diagrama ilustrando a resposta atmosf\u00e9rica a uma tempestade de poeira localizada no Hemisf\u00e9rio Norte durante o ver\u00e3o local. Altas concentra\u00e7\u00f5es de poeira aumentam significativamente a absor\u00e7\u00e3o da radia\u00e7\u00e3o solar, levando a um maior aquecimento atmosf\u00e9rico, especialmente na atmosfera m\u00e9dia. Al\u00e9m disso, o aumento da circula\u00e7\u00e3o atmosf\u00e9rica associado \u00e0 tempestade de poeira intensifica o transporte vertical de vapor de \u00e1gua da baixa atmosfera, promovendo a inje\u00e7\u00e3o de \u00e1gua em altitudes mais elevadas e aumentando a libera\u00e7\u00e3o de hidrog\u00eanio da exobase. Cr\u00e9dito: Brines, Aoki et al., 2026, Communications: Earth &#038; Environment.<\/figcaption><\/figure><\/div><hr><\/p><p>Esse achado \u00e9 importante porque mostra que tempestades de poeira mais curtas e localizadas &#8211; e n\u00e3o s\u00f3 as gigantescas que cobrem o planeta inteiro &#8211; podem ter um papel relevante na perda gradual da \u00e1gua de Marte. Durante bilh\u00f5es de anos, esses epis\u00f3dios &#8220;fora da curva? ajudaram a secar o planeta de forma mais significativa do que os modelos clim\u00e1ticos anteriores previam.\r\n<\/p><p>\r\nComo destacou um dos autores principais, Adri\u00e1n Brines, essa descoberta revela o impacto desse tipo de tempestade na evolu\u00e7\u00e3o do clima marciano e abre um novo caminho para entender como Marte perdeu tanta \u00e1gua ao longo do tempo. Outro coautor, Shohei Aoki, refor\u00e7ou que esses eventos curtos, por\u00e9m intensos, s\u00e3o uma pe\u00e7a essencial no quebra-cabe\u00e7a incompleto da hist\u00f3ria h\u00eddrica do planeta vermelho.\r\n<\/p><p>\r\nCom essa nova evid\u00eancia, os cientistas agora percebem que a perda de \u00e1gua em Marte n\u00e3o se limitava a uma \u00fanica esta\u00e7\u00e3o ou a tempestades globais. Pequenos (ou nem t\u00e3o pequenos) eventos regionais tamb\u00e9m fizeram diferen\u00e7a, ajudando a explicar por que o planeta que um dia teve \u00e1gua l\u00edquida em abund\u00e2ncia se transformou no deserto \u00e1rido que conhecemos hoje.\r\n<\/p><p>\r\n<hr>\r\n\r\n<p style=\"text-align:right\"><em>Publicado em 23\/02\/2026 18h57<\/em><\/p>\r\n<hr>\r\n<p style=\"text-align:right\"><em><a href=\"https:\/\/terrarara.com.br\/en\/?page_id=3701\">English version<\/a><\/em><\/p>\r\n<hr>\r\n\r\n\t\t\t<hr>\r\n\t\r\n\t\t\t\r\n\r\n<p>Estudo original: <\/p>\r\n\r\n\r\n\r\n<ul><li><a href=\"https:\/\/doi.org\/10.1038\/s43247-025-03157-5\" target=\"_blank\">https:\/\/doi.org\/10.1038\/s43247-025-03157-5<\/a><\/li><\/ul>\r\n\r\n\r\n\r\n<hr class=\"wp-block-separator is-style-wide\"\/>\r\n\r\n<div style=\"position: buttonline;\"><iframe loading=\"lazy\" src=\"https:\/\/vendedoradesonhos.com.br\/rodape_sites.php?arg=41732\" frameborder=\"0\" height=\"420px\" width=\"100%\"><\/iframe><\/div>\r\n<div style=\"position: buttonline;\"><iframe loading=\"lazy\" src=\"https:\/\/vendedoradesonhos.com.br\/comentario_navegacao.php?arg=41732\" frameborder=\"0\" height=\"500px\" width=\"100%\"><\/iframe><\/div>\r\n<div style=\"position:absolute; width:40%; height:70px; top:-70px; left:0px;\"><iframe loading=\"lazy\" src=\"https:\/\/vendedoradesonhos.com.br\/oferta_site_esq.php?arg=41732\" frameborder=\"0\" height=\"100%\" width=\"100%\"><\/iframe><\/div>\r\n<div style=\"position:absolute; width:40%; height:70px; top:-70px; right:0px;\"><iframe loading=\"lazy\" src=\"https:\/\/vendedoradesonhos.com.br\/oferta_site_dir.php?arg=41732\" frameborder=\"0\" height=\"100%;\" width=\"100%\"><\/iframe><\/div>\r\n\r\n<div class=\"wp-block-image\"><figure><iframe loading=\"lazy\" src=\"https:\/\/vendedoradesonhos.com.br\/oferta_site_central.php\" width=\"100%\" height=\"330\" frameborder=\"0\"><\/iframe><figcaption>{teste}<\/figcaption><\/figure><\/div><hr>","protected":false},"excerpt":{"rendered":"","protected":false},"author":1,"featured_media":0,"parent":17,"menu_order":0,"comment_status":"closed","ping_status":"closed","template":"","meta":[],"_links":{"self":[{"href":"https:\/\/terrarara.com.br\/index.php?rest_route=\/wp\/v2\/pages\/26581"}],"collection":[{"href":"https:\/\/terrarara.com.br\/index.php?rest_route=\/wp\/v2\/pages"}],"about":[{"href":"https:\/\/terrarara.com.br\/index.php?rest_route=\/wp\/v2\/types\/page"}],"author":[{"embeddable":true,"href":"https:\/\/terrarara.com.br\/index.php?rest_route=\/wp\/v2\/users\/1"}],"replies":[{"embeddable":true,"href":"https:\/\/terrarara.com.br\/index.php?rest_route=%2Fwp%2Fv2%2Fcomments&post=26581"}],"version-history":[{"count":0,"href":"https:\/\/terrarara.com.br\/index.php?rest_route=\/wp\/v2\/pages\/26581\/revisions"}],"up":[{"embeddable":true,"href":"https:\/\/terrarara.com.br\/index.php?rest_route=\/wp\/v2\/pages\/17"}],"wp:attachment":[{"href":"https:\/\/terrarara.com.br\/index.php?rest_route=%2Fwp%2Fv2%2Fmedia&parent=26581"}],"curies":[{"name":"wp","href":"https:\/\/api.w.org\/{rel}","templated":true}]}}