{"id":26580,"date":"2026-02-23T08:22:11","date_gmt":"2026-02-23T08:22:11","guid":{"rendered":"https:\/\/terrarara.com.br\/?page_id=26580"},"modified":"2026-02-23T08:22:11","modified_gmt":"2026-02-23T08:22:11","slug":"a-lua-continua-encolhendo-e-cientistas-descobrem-novas-zonas-de-tremores-lunares","status":"publish","type":"page","link":"https:\/\/terrarara.com.br\/?page_id=26580","title":{"rendered":"A Lua continua encolhendo e cientistas descobrem novas zonas de tremores lunares"},"content":{"rendered":"<div class=\"wp-block-image\"><figure><img src=\"https:\/\/vendedoradesonhos.com.br\/upload\/1\/sites\/26\/img_41731_1200.jpg\" alt=\"\" style=\"width:100%\"><figcaption>Uma pequena crista de mar no nordeste do Mare Imbrium tirada pela Lunar Reconnaissance Orbiter Camera. Cr\u00e9dito: NASA\/GSFC\/Universidade Estadual do Arizona<\/figcaption><\/figure><\/div><hr><\/p><p>\r\n\t<a href=\"https:\/\/doi.org\/10.3847\/PSJ\/ae226a\" target=\"_blank\">doi.org\/10.3847\/PSJ\/ae226a<\/a><br><a href=\"https:\/\/vendedoradesonhos.com.br\/credibilidade_estudo.php?c=41731\">Credibilidade<\/a>: <font color=\"#00FFFF\">9<\/font><font color=\"#00FF00\">8<\/font><font color=\"#FFFF00\">9<\/font><br><a href=''https:\/\/terrarara.com.br\"s=lua''>#Lua<\/a>\u00a0<\/p><p><\/p><p>\r\n\t<!-- audio --><\/p><p>\r\n<button onclick=\"this.nextElementSibling.play()\" style=\"padding:12px 25px; font-size:18px; border:none; border-radius:8px; cursor:pointer;\">Ouvir<\/button><audio src=\"https:\/\/vendedoradesonhos.com.br\/audios\/41731.mp3\" preload=\"none\"><\/audio><\/p><p>\r\n\t<strong><\/p><p>\r\nA Lua n\u00e3o est\u00e1 parada no tempo. Ela ainda est\u00e1 encolhendo lentamente, um processo que acontece porque seu interior continua a esfriar depois de bilh\u00f5es de anos de exist\u00eancia.<\/strong><\/p><p> \u00c0 medida que o n\u00facleo e o manto perdem calor, a superf\u00edcie se contrai, gerando for\u00e7as de compress\u00e3o que deformam a crosta e criam rachaduras e eleva\u00e7\u00f5es caracter\u00edsticas.\r\n<\/p><p>\r\nCientistas j\u00e1 sabiam disso h\u00e1 algum tempo, especialmente por causa das encostas lobadas &#8211; grandes falhas onde blocos de rocha s\u00e3o empurrados uns sobre os outros, formando degraus vis\u00edveis nas regi\u00f5es mais altas da Lua. Agora, uma nova pesquisa revelou algo importante: milhares de estruturas semelhantes, mas menores, espalhadas pelas vastas plan\u00edcies escuras chamadas mares lunares. Essas pequenas cristas, conhecidas como SMRs (small mare ridges), s\u00e3o evid\u00eancias recentes dessa contra\u00e7\u00e3o e podem ser fontes de tremores lunares, os famosos moonquakes.\r\n<\/p><p>\r\nUsando imagens detalhadas capturadas pela c\u00e2mera do Lunar Reconnaissance Orbiter da NASA, os pesquisadores mapearam sistematicamente essas cristas em todo o lado vis\u00edvel da Lua. Eles identificaram mais de mil segmentos novos, elevando o total conhecido para mais de 2.600. O mais impressionante \u00e9 que essas estruturas s\u00e3o geologicamente jovens: em m\u00e9dia, t\u00eam cerca de 124 milh\u00f5es de anos, uma idade parecida com a das encostas lobadas nas terras altas, que giram em torno de 105 milh\u00f5es de anos. Isso significa que boa parte dessa atividade tect\u00f4nica aconteceu nos \u00faltimos 20% da hist\u00f3ria da Lua, ou seja, no \u00faltimo bilh\u00e3o de anos aproximadamente.<\/p><p>\r\n<div class=\"wp-block-image\"><figure><img src=\"https:\/\/vendedoradesonhos.com.br\/upload\/1\/sites\/26\/img_41731b_1200.jpg\" alt=\"\" style=\"width:100%\"><figcaption>Uma pequena crista de mar localizada no centro da Bacia Aitken do P\u00f3lo Sul, no outro lado da Lua. Cr\u00e9dito: NASA\/LROC\/GSFC\/Arizona State University<\/figcaption><\/figure><\/div><hr><\/p><p><\/p><p>\r\nDiferente da Terra, onde a crosta \u00e9 dividida em placas que se movem, colidem e criam montanhas ou oceanos, a Lua tem uma crosta \u00fanica e r\u00edgida. Quando ela encolhe, o estresse se acumula e se libera formando essas falhas compressivas. As encostas lobadas aparecem principalmente nas terras altas, enquanto as pequenas cristas surgem nos mares lunares &#8211; as \u00e1reas planas e escuras formadas por antigas lavas bas\u00e1lticas. Em muitos lugares, as duas estruturas se conectam, compartilhando as mesmas falhas, o que refor\u00e7a que todas v\u00eam da mesma causa: a contra\u00e7\u00e3o global do astro.\r\n<\/p><p>\r\nEssas descobertas v\u00e3o al\u00e9m da curiosidade cient\u00edfica. Elas ajudam a entender melhor como a Lua evoluiu internamente e como ainda pode ser geologicamente ativa. Pesquisas anteriores j\u00e1 ligaram as encostas lobadas a tremores lunares detectados por instrumentos deixados pelas miss\u00f5es Apollo. Agora, com as pequenas cristas nos mares, surge um novo mapa de zonas potencialmente s\u00edsmicas. Isso \u00e9 especialmente relevante para as miss\u00f5es futuras, como o programa Artemis da NASA, que planeja levar astronautas de volta \u00e0 superf\u00edcie lunar e estabelecer bases permanentes.<\/p><p>\r\n<div class=\"wp-block-image\"><figure><img src=\"https:\/\/vendedoradesonhos.com.br\/upload\/1\/sites\/26\/img_41731c_1200.jpg\" alt=\"\" style=\"width:100%\"><figcaption>Uma pequena crista de mar localizada no Mare Procellarum, no lado pr\u00f3ximo da Lua. Cr\u00e9dito: NASA\/LROC\/GSFC\/Arizona State University<\/figcaption><\/figure><\/div><hr><\/p><p><\/p><p>\r\nSaber onde ocorrem essas falhas ativas permite escolher locais de pouso mais seguros, evitar \u00e1reas de risco maior de abalos e planejar constru\u00e7\u00f5es que resistam melhor a eventuais tremores. Ao mesmo tempo, estudar esses fen\u00f4menos oferece pistas valiosas sobre o interior da Lua, sua hist\u00f3ria t\u00e9rmica e o quanto ela ainda est\u00e1 &#8220;viva? geologicamente.\r\n<\/p><p>\r\nPortanto, a Lua que vemos no c\u00e9u todas as noites n\u00e3o \u00e9 um corpo morto e im\u00f3vel. Ela continua mudando, encolhendo e, de vez em quando, tremendo. Essa nova vis\u00e3o, revelada por um trabalho minucioso de mapeamento, mostra que nosso sat\u00e9lite natural guarda surpresas e desafios para as pr\u00f3ximas gera\u00e7\u00f5es de exploradores.\r\n<\/p><p>\r\n<hr>\r\n\r\n<p style=\"text-align:right\"><em>Publicado em 23\/02\/2026 08h22<\/em><\/p>\r\n<hr>\r\n<p style=\"text-align:right\"><em><a href=\"https:\/\/terrarara.com.br\/en\/?page_id=3700\">English version<\/a><\/em><\/p>\r\n<hr>\r\n\r\n\t\t\t<hr>\r\n\t\r\n\t\t\t\r\n\r\n<p>Estudo original: <\/p>\r\n\r\n\r\n\r\n<ul><li><a href=\"https:\/\/doi.org\/10.3847\/PSJ\/ae226a\" target=\"_blank\">https:\/\/doi.org\/10.3847\/PSJ\/ae226a<\/a><\/li><\/ul>\r\n\r\n\r\n\r\n<hr class=\"wp-block-separator is-style-wide\"\/>\r\n\r\n<div style=\"position: buttonline;\"><iframe loading=\"lazy\" src=\"https:\/\/vendedoradesonhos.com.br\/rodape_sites.php?arg=41731\" frameborder=\"0\" height=\"420px\" width=\"100%\"><\/iframe><\/div>\r\n<div style=\"position: buttonline;\"><iframe loading=\"lazy\" src=\"https:\/\/vendedoradesonhos.com.br\/comentario_navegacao.php?arg=41731\" frameborder=\"0\" height=\"500px\" width=\"100%\"><\/iframe><\/div>\r\n<div style=\"position:absolute; width:40%; height:70px; top:-70px; left:0px;\"><iframe loading=\"lazy\" src=\"https:\/\/vendedoradesonhos.com.br\/oferta_site_esq.php?arg=41731\" frameborder=\"0\" height=\"100%\" width=\"100%\"><\/iframe><\/div>\r\n<div style=\"position:absolute; width:40%; height:70px; top:-70px; right:0px;\"><iframe loading=\"lazy\" src=\"https:\/\/vendedoradesonhos.com.br\/oferta_site_dir.php?arg=41731\" frameborder=\"0\" height=\"100%;\" width=\"100%\"><\/iframe><\/div>\r\n\r\n<div class=\"wp-block-image\"><figure><iframe loading=\"lazy\" src=\"https:\/\/vendedoradesonhos.com.br\/oferta_site_central.php\" width=\"100%\" height=\"330\" frameborder=\"0\"><\/iframe><figcaption>{teste}<\/figcaption><\/figure><\/div><hr>","protected":false},"excerpt":{"rendered":"","protected":false},"author":1,"featured_media":0,"parent":38,"menu_order":0,"comment_status":"closed","ping_status":"closed","template":"","meta":[],"_links":{"self":[{"href":"https:\/\/terrarara.com.br\/index.php?rest_route=\/wp\/v2\/pages\/26580"}],"collection":[{"href":"https:\/\/terrarara.com.br\/index.php?rest_route=\/wp\/v2\/pages"}],"about":[{"href":"https:\/\/terrarara.com.br\/index.php?rest_route=\/wp\/v2\/types\/page"}],"author":[{"embeddable":true,"href":"https:\/\/terrarara.com.br\/index.php?rest_route=\/wp\/v2\/users\/1"}],"replies":[{"embeddable":true,"href":"https:\/\/terrarara.com.br\/index.php?rest_route=%2Fwp%2Fv2%2Fcomments&post=26580"}],"version-history":[{"count":0,"href":"https:\/\/terrarara.com.br\/index.php?rest_route=\/wp\/v2\/pages\/26580\/revisions"}],"up":[{"embeddable":true,"href":"https:\/\/terrarara.com.br\/index.php?rest_route=\/wp\/v2\/pages\/38"}],"wp:attachment":[{"href":"https:\/\/terrarara.com.br\/index.php?rest_route=%2Fwp%2Fv2%2Fmedia&parent=26580"}],"curies":[{"name":"wp","href":"https:\/\/api.w.org\/{rel}","templated":true}]}}