{"id":26579,"date":"2026-02-23T00:59:51","date_gmt":"2026-02-23T00:59:51","guid":{"rendered":"https:\/\/terrarara.com.br\/?page_id=26579"},"modified":"2026-02-23T00:59:51","modified_gmt":"2026-02-23T00:59:51","slug":"algo-esta-ticando-perto-do-buraco-negro-supermassivo-da-via-lactea","status":"publish","type":"page","link":"https:\/\/terrarara.com.br\/?page_id=26579","title":{"rendered":"Algo est\u00e1 &#8216;ticando&#8217; perto do buraco negro supermassivo da via l\u00e1ctea"},"content":{"rendered":"<div class=\"wp-block-image\"><figure><img src=\"https:\/\/vendedoradesonhos.com.br\/upload\/1\/sites\/26\/img_41729_1200.gif\" alt=\"\" style=\"width:100%\"><figcaption>Pulsar Vela &#8211; Imagem via <a href=\"https:\/\/svs.gsfc.nasa.gov\/14434\/\" target=\"_blank\">NASA<\/a><\/figcaption><\/figure><\/div><hr><\/p><p>\r\n\t<a href=\"https:\/\/doi.org\/10.3847\/1538-4357\/ae336c\" target=\"_blank\">doi.org\/10.3847\/1538-4357\/ae336c<\/a><br><a href=\"https:\/\/vendedoradesonhos.com.br\/credibilidade_estudo.php?c=41729\">Credibilidade<\/a>: <font color=\"#00FFFF\">9<\/font><font color=\"#00FF00\">8<\/font><font color=\"#FFFF00\">9<\/font><br><a href=''https:\/\/terrarara.com.br\"s=pulsar''>#Pulsar<\/a>\u00a0<\/p><p><\/p><p>\r\n\t<!-- audio --><\/p><p>\r\n<button onclick=\"this.nextElementSibling.play()\" style=\"padding:12px 25px; font-size:18px; border:none; border-radius:8px; cursor:pointer;\">Ouvir<\/button><audio src=\"https:\/\/vendedoradesonhos.com.br\/audios\/41729.mp3\" preload=\"none\"><\/audio><\/p><p>\r\n\t<strong>No cora\u00e7\u00e3o da nossa gal\u00e1xia, a Via L\u00e1ctea, existe um buraco negro supermassivo chamado Sagit\u00e1rio A * , com uma massa equivalente a cerca de quatro milh\u00f5es de vezes a do Sol<\/strong><\/p><p> Essa regi\u00e3o central \u00e9 extremamente ca\u00f3tica e cheia de estrelas, gases e for\u00e7as gravitacionais intensas. Agora, astr\u00f4nomos anunciaram uma descoberta intrigante: eles detectaram um sinal que parece vir de um objeto girando a uma velocidade impressionante, bem pr\u00f3ximo desse buraco negro.\r\n<\/p><p>\r\nTrata-se de um candidato a pulsar de milissegundos, uma esp\u00e9cie de estrela de n\u00eautrons superdensa que sobrou depois da explos\u00e3o de uma estrela muito grande. Esses pulsares giram t\u00e3o r\u00e1pido que emitem feixes de ondas de r\u00e1dio como se fossem far\u00f3is c\u00f3smicos. No caso desse objeto, ele completa uma volta a cada 8,19 milissegundos &#8211; ou seja, &#8220;toca&#8221; como um rel\u00f3gio extremamente preciso mais de 120 vezes por segundo.\r\n<\/p><p>\r\nOs pesquisadores da Universidade Columbia, em parceria com o projeto Breakthrough Listen, fizeram essa detec\u00e7\u00e3o durante uma das buscas mais sens\u00edveis j\u00e1 realizadas por sinais de r\u00e1dio no centro gal\u00e1ctico. A regi\u00e3o \u00e9 dif\u00edcil de observar porque h\u00e1 muita interfer\u00eancia e poeira, mas o sinal apareceu como algo promissor e regular.\r\n<\/p><p>\r\nO que torna essa descoberta t\u00e3o especial \u00e9 a localiza\u00e7\u00e3o: o pulsar (se confirmado) est\u00e1 muito perto do buraco negro supermassivo. Pulsares normais j\u00e1 funcionam como rel\u00f3gios c\u00f3smicos incrivelmente precisos, mas um deles orbitando ou muito pr\u00f3ximo de um buraco negro gigante poderia revelar coisas novas sobre a gravidade e o pr\u00f3prio tecido do espa\u00e7o-tempo.\r\n<\/p><p>\r\nDe acordo com a teoria da Relatividade Geral de Einstein, a gravidade forte perto de um buraco negro curva o espa\u00e7o e altera o tempo. Isso faria com que os &#8220;tic-tacs&#8221; do pulsar chegassem at\u00e9 n\u00f3s com pequenas varia\u00e7\u00f5es ou atrasos previs\u00edveis. Medindo essas mudan\u00e7as com muita precis\u00e3o, os cientistas poderiam testar a teoria de Einstein em um ambiente de gravidade extrema, algo que ainda n\u00e3o foi feito de forma t\u00e3o direta perto de um buraco negro supermassivo.\r\n<\/p><p>\r\nPor enquanto, o objeto \u00e9 apenas um &#8220;candidato&#8221; &#8211; os astr\u00f4nomos precisam de mais observa\u00e7\u00f5es para confirmar se o sinal vem mesmo de um pulsar e n\u00e3o de outra fonte. Enquanto isso, todos os dados coletados est\u00e3o sendo disponibilizados publicamente para que outros cientistas do mundo todo possam analis\u00e1-los e ajudar na investiga\u00e7\u00e3o.\r\n<\/p><p>\r\nSe for confirmado, esse &#8220;rel\u00f3gio c\u00f3smico&#8221; perto de Sagit\u00e1rio A&#8221; pode abrir uma janela nova para entender melhor como a gravidade funciona nas condi\u00e7\u00f5es mais extremas do universo &#8211; e, de quebra, nos contar mais segredos sobre o centro da nossa pr\u00f3pria gal\u00e1xia.\r\n<\/p><p>\r\n<blockquote class=\"twitter-tweet\" data-media-max-width=\"560\"><p lang=\"pt\" dir=\"ltr\">Algo est\u00e1 &#8220;ticando&#8221; perto do buraco negro supermassivo da via l\u00e1ctea<a href=\"https:\/\/twitter.com\/hashtag\/Pulsar?src=hash&#038;ref_src=twsrc%5Etfw\">#Pulsar<\/a><br><br>No cora\u00e7\u00e3o da nossa gal\u00e1xia, a Via L\u00e1ctea, existe um buraco negro supermassivo chamado Sagit\u00e1rio A &#8220;, com uma massa equivalente a cerca de quatro milh\u00f5es de vezes a do Sol <a href=\"https:\/\/t.co\/9vGR7hAHUw\">pic.twitter.com\/9vGR7hAHUw<\/a><\/p>&#8211; Terra Rara&#x646; (@Terra_Rara) <a href=\"https:\/\/twitter.com\/Terra_Rara\/status\/2025744553144148303?ref_src=twsrc%5Etfw\">February 23, 2026<\/a><\/blockquote> <script async src=\"https:\/\/platform.twitter.com\/widgets.js\" charset=\"utf-8\"><\/script>\r\n<hr>\r\n\r\n<p style=\"text-align:right\"><em>Publicado em 23\/02\/2026 00h59<\/em><\/p>\r\n<hr>\r\n<p style=\"text-align:right\"><em><a href=\"https:\/\/terrarara.com.br\/en\/?page_id=3699\">English version<\/a><\/em><\/p>\r\n<hr>\r\n\r\n\t\t\t<hr>\r\n\t\r\n\t\t\t\r\n\r\n<p>Estudo original: <\/p>\r\n\r\n\r\n\r\n<ul><li><a href=\"https:\/\/doi.org\/10.3847\/1538-4357\/ae336c\" target=\"_blank\">https:\/\/doi.org\/10.3847\/1538-4357\/ae336c<\/a><\/li><\/ul>\r\n\r\n\r\n\r\n<hr class=\"wp-block-separator is-style-wide\"\/>\r\n\r\n<div style=\"position: buttonline;\"><iframe loading=\"lazy\" src=\"https:\/\/vendedoradesonhos.com.br\/rodape_sites.php?arg=41729\" frameborder=\"0\" height=\"420px\" width=\"100%\"><\/iframe><\/div>\r\n<div style=\"position: buttonline;\"><iframe loading=\"lazy\" src=\"https:\/\/vendedoradesonhos.com.br\/comentario_navegacao.php?arg=41729\" frameborder=\"0\" height=\"500px\" width=\"100%\"><\/iframe><\/div>\r\n<div style=\"position:absolute; width:40%; height:70px; top:-70px; left:0px;\"><iframe loading=\"lazy\" src=\"https:\/\/vendedoradesonhos.com.br\/oferta_site_esq.php?arg=41729\" frameborder=\"0\" height=\"100%\" width=\"100%\"><\/iframe><\/div>\r\n<div style=\"position:absolute; width:40%; height:70px; top:-70px; right:0px;\"><iframe loading=\"lazy\" src=\"https:\/\/vendedoradesonhos.com.br\/oferta_site_dir.php?arg=41729\" frameborder=\"0\" height=\"100%;\" width=\"100%\"><\/iframe><\/div>\r\n\r\n<div class=\"wp-block-image\"><figure><iframe loading=\"lazy\" src=\"https:\/\/vendedoradesonhos.com.br\/oferta_site_central.php\" width=\"100%\" height=\"330\" frameborder=\"0\"><\/iframe><figcaption>{teste}<\/figcaption><\/figure><\/div><hr>","protected":false},"excerpt":{"rendered":"","protected":false},"author":1,"featured_media":0,"parent":674,"menu_order":0,"comment_status":"closed","ping_status":"closed","template":"","meta":[],"_links":{"self":[{"href":"https:\/\/terrarara.com.br\/index.php?rest_route=\/wp\/v2\/pages\/26579"}],"collection":[{"href":"https:\/\/terrarara.com.br\/index.php?rest_route=\/wp\/v2\/pages"}],"about":[{"href":"https:\/\/terrarara.com.br\/index.php?rest_route=\/wp\/v2\/types\/page"}],"author":[{"embeddable":true,"href":"https:\/\/terrarara.com.br\/index.php?rest_route=\/wp\/v2\/users\/1"}],"replies":[{"embeddable":true,"href":"https:\/\/terrarara.com.br\/index.php?rest_route=%2Fwp%2Fv2%2Fcomments&post=26579"}],"version-history":[{"count":0,"href":"https:\/\/terrarara.com.br\/index.php?rest_route=\/wp\/v2\/pages\/26579\/revisions"}],"up":[{"embeddable":true,"href":"https:\/\/terrarara.com.br\/index.php?rest_route=\/wp\/v2\/pages\/674"}],"wp:attachment":[{"href":"https:\/\/terrarara.com.br\/index.php?rest_route=%2Fwp%2Fv2%2Fmedia&parent=26579"}],"curies":[{"name":"wp","href":"https:\/\/api.w.org\/{rel}","templated":true}]}}