{"id":26578,"date":"2026-02-20T08:47:57","date_gmt":"2026-02-20T08:47:57","guid":{"rendered":"https:\/\/terrarara.com.br\/?page_id=26578"},"modified":"2026-02-20T08:47:57","modified_gmt":"2026-02-20T08:47:57","slug":"algo-surpreendente-foi-descoberto-no-lado-oculto-da-lua","status":"publish","type":"page","link":"https:\/\/terrarara.com.br\/?page_id=26578","title":{"rendered":"Algo surpreendente foi descoberto no lado oculto da Lua"},"content":{"rendered":"<div class=\"wp-block-image\"><figure><img src=\"https:\/\/vendedoradesonhos.com.br\/img\/sites\/img_lua11.jpg\" alt=\"\" style=\"width:100%\"><figcaption>Imagem via <a href=\"https:\/\/unsplash.com\/pt-br\/fotografias\/foto-da-lua-pd4lo70LdbI\" target=\"_blank\">Unsplash<\/a><\/figcaption><\/figure><\/div><hr><\/p><p>\r\n\t<a href=''https:\/\/terrarara.com.br\"s=lua''>#Lua<\/a>\u00a0<\/p><p><\/p><p>\r\n\t<!-- audio --><\/p><p>\r\n<button onclick=\"this.nextElementSibling.play()\" style=\"padding:12px 25px; font-size:18px; border:none; border-radius:8px; cursor:pointer;\">Ouvir<\/button><audio src=\"https:\/\/vendedoradesonhos.com.br\/audios\/41720.mp3\" preload=\"none\"><\/audio><\/p><p>\r\n\t<strong>Por muito tempo, a Lua foi vista como um mundo parado e sem vida, um corpo celeste seco, frio e geologicamente morto h\u00e1 bilh\u00f5es de anos<\/strong><\/p><p> As amostras trazidas pelas miss\u00f5es Apollo e sovi\u00e9ticas refor\u00e7avam essa ideia: pouca ou nenhuma \u00e1gua, atividade vulc\u00e2nica encerrada h\u00e1 mais de 3 bilh\u00f5es de anos e uma superf\u00edcie praticamente inerte. Mas as recentes miss\u00f5es chinesas do programa Chang&#8221;e mudaram completamente essa vis\u00e3o, revelando que a Lua \u00e9, na verdade, um lugar din\u00e2mico, com ciclos de \u00e1gua ativos, recursos valiosos e at\u00e9 uma hist\u00f3ria vulc\u00e2nica mais recente do que se imaginava.\r\n<\/p><p>\r\nO programa Chang&#8221;e foi planejado em etapas claras e bem-sucedidas. Primeiro vieram as sondas orbitais Chang&#8221;e 1 e 2, que mapearam a superf\u00edcie em detalhes e escolheram os melhores locais para pousos. Depois, as miss\u00f5es Chang&#8221;e 3 e 4 levaram rovers \u00e0 superf\u00edcie &#8211; o coelhinho de jade testou como sobreviver \u00e0 longa noite lunar e a Chang&#8221;e 4 fez hist\u00f3ria ao pousar no lado oculto da Lua em 2019, onde conseguiu cultivar plantas e se comunicar com a Terra por meio de um sat\u00e9lite-rel\u00ea. Por fim, as miss\u00f5es Chang&#8221;e 5 e 6 trouxeram amostras de volta \u00e0 Terra, algo que nenhum pa\u00eds realizava desde 1976.\r\n<\/p><p>\r\nUma das grandes surpresas veio das amostras da Chang&#8221;e 5: min\u00fasculas esferas de vidro formadas por impactos de micrometeoritos funcionam como verdadeiras &#8220;baterias? para o vento solar. Pr\u00f3tons vindos do Sol se instalam nesses vidros e se combinam com o oxig\u00eanio, criando mol\u00e9culas de \u00e1gua ou hidroxila. Com as varia\u00e7\u00f5es de temperatura ao longo do dia lunar, essa \u00e1gua \u00e9 liberada como vapor e depois recapturada, formando um ciclo constante. Os c\u00e1lculos indicam que pode haver at\u00e9 270 bilh\u00f5es de toneladas de \u00e1gua na camada superficial da Lua &#8211; o suficiente para ser extra\u00edda simplesmente aquecendo o solo, sem depender apenas das crateras escuras nos polos.\r\n<\/p><p>\r\nOutro achado impressionante foi o mineral hidratado batizado de ULM-1, descoberto em 2024 nas amostras da Chang&#8221;e 5. Trata-se de um cristal que cont\u00e9m at\u00e9 41% de \u00e1gua presa em sua estrutura, est\u00e1vel mesmo em \u00e1reas iluminadas pelo Sol intenso, longe das regi\u00f5es sombreadas. Al\u00e9m da \u00e1gua, esse mineral fornece nitrog\u00eanio, que pode ser usado para fertilizantes ou combust\u00edvel de foguetes. Isso mostra que a Lua guarda \u00e1gua em lugares inesperados, abrindo portas para sustentar bases futuras.\r\n<\/p><p>\r\nAinda mais intrigante foi a descoberta de grafeno e grafite natural no solo lunar. Esses materiais de carbono, que normalmente exigem processos industriais complexos na Terra, surgiram de forma natural na Lua por meio de rea\u00e7\u00f5es catalisadas pelo ferro durante erup\u00e7\u00f5es vulc\u00e2nicas antigas, com ajuda do vento solar. Essa presen\u00e7a de carbono ex\u00f3tico desafia a teoria de que a Lua seria pobre em elementos vol\u00e1teis e sugere que podemos usar esses materiais para construir estruturas ou produzir qu\u00edmicos diretamente l\u00e1.\r\n<\/p><p>\r\nA miss\u00e3o Chang&#8221;e 6, que coletou amostras no lado oculto, na imensa Bacia do Polo Sul-Aitken, trouxe ainda mais evid\u00eancias: rochas datadas mostram que o vulcanismo lunar continuou ativo at\u00e9 cerca de 2,8 bilh\u00f5es de anos atr\u00e1s &#8211; bem mais tarde do que os modelos anteriores previam. Mesmo com uma crosta mais espessa no lado distante, o interior da Lua manteve calor suficiente para erup\u00e7\u00f5es prolongadas.\r\n<\/p><p>\r\nTodas essas descobertas fortalecem o projeto da Esta\u00e7\u00e3o Lunar Internacional (ILRS), uma base permanente planejada pela China em parceria com outros pa\u00edses, incluindo a R\u00fassia. A ideia \u00e9 usar os recursos locais &#8211; \u00e1gua dos minerais e esferas de vidro, h\u00e9lio-3 para futura fus\u00e3o nuclear, grafeno para materiais de constru\u00e7\u00e3o &#8211; para criar uma presen\u00e7a sustent\u00e1vel na Lua, sem depender tanto de suprimentos trazidos da Terra.\r\n<\/p><p>\r\nAs pr\u00f3ximas etapas j\u00e1 est\u00e3o definidas: a Chang&#8221;e 7 vai mapear os polos em busca de gelo em crateras permanentemente sombreadas, e a Chang&#8221;e 8 testar\u00e1 a impress\u00e3o 3D de estruturas usando o pr\u00f3prio solo lunar. Aos poucos, a Lua deixa de ser apenas um objeto distante para se tornar um mundo ativo e cheio de potencial, onde a explora\u00e7\u00e3o espacial pode se tornar algo pr\u00e1tico e duradouro. O que antes era considerado um deserto in\u00f3spito agora revela recursos que podem mudar o futuro da humanidade no espa\u00e7o.\r\n<\/p><p>\r\n<blockquote class=\"twitter-tweet\" data-media-max-width=\"560\"><p lang=\"pt\" dir=\"ltr\">Algo surpreendente foi descoberto no lado oculto da Lua<a href=\"https:\/\/twitter.com\/hashtag\/Lua?src=hash&amp;ref_src=twsrc%5Etfw\">#Lua<\/a><br><br>Por muito tempo, a Lua foi vista como um mundo parado e sem vida, um corpo celeste seco, frio e geologicamente morto h\u00e1 bilh\u00f5es de anos <a href=\"https:\/\/t.co\/p0YhhRJcfc\">pic.twitter.com\/p0YhhRJcfc<\/a><\/p>&mdash; Terra Rara??????&#x646; (@Terra_Rara) <a href=\"https:\/\/twitter.com\/Terra_Rara\/status\/2024989636175577438?ref_src=twsrc%5Etfw\">February 20, 2026<\/a><\/blockquote> <script async src=\"https:\/\/platform.twitter.com\/widgets.js\" charset=\"utf-8\"><\/script>\r\n<hr>\r\n\r\n<p style=\"text-align:right\"><em>Publicado em 20\/02\/2026 08h47<\/em><\/p>\r\n<hr>\r\n<p style=\"text-align:right\"><em><a href=\"https:\/\/terrarara.com.br\/en\/?page_id=3698\">English version<\/a><\/em><\/p>\r\n<hr>\r\n\r\n\t\t\t<hr>\r\n\t\t\t<p>Artigo referencia:<\/p>\r\n\t\t\r\n\t\t\t\r\n\r\n<ul><li><a href=\"https:\/\/www.youtube.com\/watch\" target=\"_blank\">https:\/\/www.youtube.com\/watch<\/a><\/li><\/ul>\r\n\r\n\r\n\r\n\r\n<hr class=\"wp-block-separator is-style-wide\"\/>\r\n\r\n<div style=\"position: buttonline;\"><iframe loading=\"lazy\" src=\"https:\/\/vendedoradesonhos.com.br\/rodape_sites.php?arg=41720\" frameborder=\"0\" height=\"420px\" width=\"100%\"><\/iframe><\/div>\r\n<div style=\"position: buttonline;\"><iframe loading=\"lazy\" src=\"https:\/\/vendedoradesonhos.com.br\/comentario_navegacao.php?arg=41720\" frameborder=\"0\" height=\"500px\" width=\"100%\"><\/iframe><\/div>\r\n<div style=\"position:absolute; width:40%; height:70px; top:-70px; left:0px;\"><iframe loading=\"lazy\" src=\"https:\/\/vendedoradesonhos.com.br\/oferta_site_esq.php?arg=41720\" frameborder=\"0\" height=\"100%\" width=\"100%\"><\/iframe><\/div>\r\n<div style=\"position:absolute; width:40%; height:70px; top:-70px; right:0px;\"><iframe loading=\"lazy\" src=\"https:\/\/vendedoradesonhos.com.br\/oferta_site_dir.php?arg=41720\" frameborder=\"0\" height=\"100%;\" width=\"100%\"><\/iframe><\/div>\r\n\r\n\r\n<div class=\"wp-block-image\"><figure><iframe loading=\"lazy\" src=\"https:\/\/vendedoradesonhos.com.br\/oferta_site_central.php\" width=\"100%\" height=\"330\" frameborder=\"0\"><\/iframe><figcaption>{teste}<\/figcaption><\/figure><\/div><hr>","protected":false},"excerpt":{"rendered":"","protected":false},"author":1,"featured_media":0,"parent":38,"menu_order":0,"comment_status":"closed","ping_status":"closed","template":"","meta":[],"_links":{"self":[{"href":"https:\/\/terrarara.com.br\/index.php?rest_route=\/wp\/v2\/pages\/26578"}],"collection":[{"href":"https:\/\/terrarara.com.br\/index.php?rest_route=\/wp\/v2\/pages"}],"about":[{"href":"https:\/\/terrarara.com.br\/index.php?rest_route=\/wp\/v2\/types\/page"}],"author":[{"embeddable":true,"href":"https:\/\/terrarara.com.br\/index.php?rest_route=\/wp\/v2\/users\/1"}],"replies":[{"embeddable":true,"href":"https:\/\/terrarara.com.br\/index.php?rest_route=%2Fwp%2Fv2%2Fcomments&post=26578"}],"version-history":[{"count":0,"href":"https:\/\/terrarara.com.br\/index.php?rest_route=\/wp\/v2\/pages\/26578\/revisions"}],"up":[{"embeddable":true,"href":"https:\/\/terrarara.com.br\/index.php?rest_route=\/wp\/v2\/pages\/38"}],"wp:attachment":[{"href":"https:\/\/terrarara.com.br\/index.php?rest_route=%2Fwp%2Fv2%2Fmedia&parent=26578"}],"curies":[{"name":"wp","href":"https:\/\/api.w.org\/{rel}","templated":true}]}}