{"id":26577,"date":"2026-02-20T02:08:52","date_gmt":"2026-02-20T02:08:52","guid":{"rendered":"https:\/\/terrarara.com.br\/?page_id=26577"},"modified":"2026-02-20T02:08:52","modified_gmt":"2026-02-20T02:08:52","slug":"uma-lua-perdida-pode-ter-criado-tanto-tita-quanto-os-aneis-de-saturno","status":"publish","type":"page","link":"https:\/\/terrarara.com.br\/?page_id=26577","title":{"rendered":"Uma lua perdida pode ter criado tanto tit\u00e3 quanto os an\u00e9is de saturno"},"content":{"rendered":"<div class=\"wp-block-image\"><figure><img src=\"https:\/\/vendedoradesonhos.com.br\/upload\/1\/sites\/26\/img_41719_1200.jpeg\" alt=\"\" style=\"width:100%\"><figcaption>Imagem via <a href=\"https:\/\/science.nasa.gov\/saturn\/\" target=\"_blank\">NASA<\/a><\/figcaption><\/figure><\/div><hr><\/p><p>\r\n\t<a href=\"https:\/\/doi.org\/10.48550\/arXiv.2602.09281\" target=\"_blank\">doi.org\/10.48550\/arXiv.2602.09281<\/a><br><a href=\"https:\/\/vendedoradesonhos.com.br\/credibilidade_estudo.php?c=41719\">Credibilidade<\/a>: <font color=\"#00FFFF\">8<\/font><font color=\"#00FF00\">8<\/font><font color=\"#FFFF00\">8<\/font><br><a href=''https:\/\/terrarara.com.br\"s=saturno''>#Saturno<\/a>\u00a0<\/p><p><\/p><p>\r\n\t<!-- audio --><\/p><p>\r\n<button onclick=\"this.nextElementSibling.play()\" style=\"padding:12px 25px; font-size:18px; border:none; border-radius:8px; cursor:pointer;\">Ouvir<\/button><audio src=\"https:\/\/vendedoradesonhos.com.br\/audios\/41719.mp3\" preload=\"none\"><\/audio><\/p><p>\r\n\t<strong><\/p><p>\r\nCientistas prop\u00f5em uma explica\u00e7\u00e3o fascinante para dois grandes mist\u00e9rios do sistema de Saturno: a origem da enorme lua Tit\u00e3, que possui uma densa atmosfera, e a forma\u00e7\u00e3o dos famosos an\u00e9is do planeta, que parecem surpreendentemente jovens<\/strong><\/p><p><\/p><p>\r\nDe acordo com um novo estudo conduzido por pesquisadores do Instituto SETI e colaboradores, Saturno j\u00e1 teve uma lua extra, que n\u00e3o existe mais hoje. Essa lua desaparecida teria interagido gravitacionalmente de forma dram\u00e1tica com Tit\u00e3, a maior lua do planeta.\r\n<\/p><p>\r\nNo cen\u00e1rio sugerido, essa lua adicional colidiu com um corpo protoplanet\u00e1rio (chamado de Proto-Tit\u00e3), resultando na fus\u00e3o que deu origem \u00e0 Tit\u00e3 moderna, com sua superf\u00edcie renovada e poucos crateras vis\u00edveis &#8211; algo que explica por que ela n\u00e3o se parece com luas muito craterizadas como Calisto, de J\u00fapiter. Essa colis\u00e3o tamb\u00e9m pode ter ajudado criando a espessa atmosfera que Tit\u00e3 tem hoje.\r\n<\/p><p>\r\nAp\u00f3s essa fus\u00e3o, a \u00f3rbita de Tit\u00e3 ficou ligeiramente desestabilizada. Isso desencadeou uma s\u00e9rie de perturba\u00e7\u00f5es gravitacionais em cascata pelo sistema de luas de Saturno. Tit\u00e3 come\u00e7ou a migrar para fora, entrando em resson\u00e2ncias orbitais com outras luas menores e m\u00e9dias mais pr\u00f3ximas do planeta. Essas intera\u00e7\u00f5es esticaram as \u00f3rbitas dessas luas internas, aumentando as chances de colis\u00f5es entre elas.\r\n<\/p><p>\r\nParte do material das colis\u00f5es formou novas luas pequenas, mas muito do detrito espiralou para dentro, caindo em dire\u00e7\u00e3o a Saturno e dando origem aos an\u00e9is que vemos atualmente. Assim, uma \u00fanica colis\u00e3o inicial entre luas teria desencadeado todo o processo que moldou tanto Tit\u00e3 quanto os an\u00e9is.\r\n<\/p><p>\r\nDados da miss\u00e3o Cassini ajudaram a embasar essa ideia, revelando que Saturno tem uma estrutura interna mais concentrada no n\u00facleo do que se esperava, o que afeta sua precess\u00e3o (o balan\u00e7o lento de seu eixo). Al\u00e9m disso, a lua Hyperion &#8211; pequena, irregular e com movimento ca\u00f3tico &#8211; oferece uma pista importante: ela parece ter se formado a partir de destro\u00e7os dessa instabilidade e est\u00e1 em resson\u00e2ncia orbital com Tit\u00e3 h\u00e1 apenas algumas centenas de milh\u00f5es de anos, o que coincide com a \u00e9poca estimada para esses eventos.\r\n<\/p><p>\r\nOs an\u00e9is de Saturno teriam cerca de 100 milh\u00f5es de anos, enquanto Tit\u00e3 teria se formado por volta de 500 milh\u00f5es de anos atr\u00e1s. A miss\u00e3o Dragonfly da NASA, que chegar\u00e1 a Tit\u00e3 em 2034, poder\u00e1 buscar evid\u00eancias de impactos antigos nessa superf\u00edcie, ajudando a confirmar ou refutar partes dessa teoria.\r\n<\/p><p>\r\nEssa hip\u00f3tese conecta v\u00e1rios enigmas do sistema saturniano de forma elegante, mostrando como intera\u00e7\u00f5es gravitacionais e colis\u00f5es entre luas podem transformar completamente um ambiente planet\u00e1rio ao longo do tempo.\r\n<\/p><p>\r\n<hr>\r\n\r\n<p style=\"text-align:right\"><em>Publicado em 20\/02\/2026 02h08<\/em><\/p>\r\n<hr>\r\n<p style=\"text-align:right\"><em><a href=\"https:\/\/terrarara.com.br\/en\/?page_id=3697\">English version<\/a><\/em><\/p>\r\n<hr>\r\n\r\n\t\t\t<hr>\r\n\t\r\n\t\t\t\r\n\r\n<p>Estudo original: <\/p>\r\n\r\n\r\n\r\n<ul><li><a href=\"https:\/\/doi.org\/10.48550\/arXiv.2602.09281\" target=\"_blank\">https:\/\/doi.org\/10.48550\/arXiv.2602.09281<\/a><\/li><\/ul>\r\n\r\n\r\n\r\n<hr class=\"wp-block-separator is-style-wide\"\/>\r\n\r\n<div style=\"position: buttonline;\"><iframe loading=\"lazy\" src=\"https:\/\/vendedoradesonhos.com.br\/rodape_sites.php?arg=41719\" frameborder=\"0\" height=\"420px\" width=\"100%\"><\/iframe><\/div>\r\n<div style=\"position: buttonline;\"><iframe loading=\"lazy\" src=\"https:\/\/vendedoradesonhos.com.br\/comentario_navegacao.php?arg=41719\" frameborder=\"0\" height=\"500px\" width=\"100%\"><\/iframe><\/div>\r\n<div style=\"position:absolute; width:40%; height:70px; top:-70px; left:0px;\"><iframe loading=\"lazy\" src=\"https:\/\/vendedoradesonhos.com.br\/oferta_site_esq.php?arg=41719\" frameborder=\"0\" height=\"100%\" width=\"100%\"><\/iframe><\/div>\r\n<div style=\"position:absolute; width:40%; height:70px; top:-70px; right:0px;\"><iframe loading=\"lazy\" src=\"https:\/\/vendedoradesonhos.com.br\/oferta_site_dir.php?arg=41719\" frameborder=\"0\" height=\"100%;\" width=\"100%\"><\/iframe><\/div>\r\n\r\n<div class=\"wp-block-image\"><figure><iframe loading=\"lazy\" src=\"https:\/\/vendedoradesonhos.com.br\/oferta_site_central.php\" width=\"100%\" height=\"330\" frameborder=\"0\"><\/iframe><figcaption>{teste}<\/figcaption><\/figure><\/div><hr>","protected":false},"excerpt":{"rendered":"","protected":false},"author":1,"featured_media":0,"parent":21,"menu_order":0,"comment_status":"closed","ping_status":"closed","template":"","meta":[],"_links":{"self":[{"href":"https:\/\/terrarara.com.br\/index.php?rest_route=\/wp\/v2\/pages\/26577"}],"collection":[{"href":"https:\/\/terrarara.com.br\/index.php?rest_route=\/wp\/v2\/pages"}],"about":[{"href":"https:\/\/terrarara.com.br\/index.php?rest_route=\/wp\/v2\/types\/page"}],"author":[{"embeddable":true,"href":"https:\/\/terrarara.com.br\/index.php?rest_route=\/wp\/v2\/users\/1"}],"replies":[{"embeddable":true,"href":"https:\/\/terrarara.com.br\/index.php?rest_route=%2Fwp%2Fv2%2Fcomments&post=26577"}],"version-history":[{"count":0,"href":"https:\/\/terrarara.com.br\/index.php?rest_route=\/wp\/v2\/pages\/26577\/revisions"}],"up":[{"embeddable":true,"href":"https:\/\/terrarara.com.br\/index.php?rest_route=\/wp\/v2\/pages\/21"}],"wp:attachment":[{"href":"https:\/\/terrarara.com.br\/index.php?rest_route=%2Fwp%2Fv2%2Fmedia&parent=26577"}],"curies":[{"name":"wp","href":"https:\/\/api.w.org\/{rel}","templated":true}]}}