{"id":26576,"date":"2026-02-19T08:01:46","date_gmt":"2026-02-19T08:01:46","guid":{"rendered":"https:\/\/terrarara.com.br\/?page_id=26576"},"modified":"2026-02-19T08:01:46","modified_gmt":"2026-02-19T08:01:46","slug":"uma-descoberta-quantica-une-duas-realidades-opostas","status":"publish","type":"page","link":"https:\/\/terrarara.com.br\/?page_id=26576","title":{"rendered":"Uma descoberta qu\u00e2ntica une duas realidades opostas"},"content":{"rendered":"<div class=\"wp-block-image\"><figure><img src=\"https:\/\/vendedoradesonhos.com.br\/img\/sites\/img_realidadesOpostas.png\" alt=\"\" style=\"width:100%\"><figcaption>Imagem via <a href=\"https:\/\/unsplash.com\/pt-br\/fotografias\/linhas-roxas-de-incandescencia-abstratas-da-energia-no-fundo-escuro-NjNH2Nd7qaE\" target=\"_blank\">Unsplash<\/a><\/figcaption><\/figure><\/div><hr><\/p><p>\r\n\t<a href=\"https:\/\/doi.org\/10.1103\/h2f7-dhjh\" target=\"_blank\">doi.org\/10.1103\/h2f7-dhjh<\/a><br><a href=\"https:\/\/vendedoradesonhos.com.br\/credibilidade_estudo.php?c=41717\">Credibilidade<\/a>: <font color=\"#00FFFF\">9<\/font><font color=\"#00FF00\">7<\/font><font color=\"#FFFF00\">9<\/font><br><a href=''https:\/\/terrarara.com.br\"s=realidade qu\u00e2ntica''>#Realidade qu\u00e2ntica<\/a>\u00a0<\/p><p><\/p><p>\r\n\t<!-- audio --><\/p><p>\r\n<button onclick=\"this.nextElementSibling.play()\" style=\"padding:12px 25px; font-size:18px; border:none; border-radius:8px; cursor:pointer;\">Ouvir<\/button><audio src=\"https:\/\/vendedoradesonhos.com.br\/audios\/41717.mp3\" preload=\"none\"><\/audio><\/p><p>\r\n\t<strong>F\u00edsicos da Universidade de Heidelberg, na Alemanha, acabam de apresentar uma teoria inovadora que finalmente conecta duas vis\u00f5es aparentemente contradit\u00f3rias sobre o comportamento de part\u00edculas ex\u00f3ticas em sistemas qu\u00e2nticos complexos<\/strong><\/p><p> Essa unifica\u00e7\u00e3o resolve um enigma que intrigava os cientistas h\u00e1 d\u00e9cadas e abre novas portas para entender a mat\u00e9ria em condi\u00e7\u00f5es extremas.\r\n<\/p><p>\r\nNo mundo qu\u00e2ntico, quando colocamos uma \u00fanica part\u00edcula &#8220;diferente? &#8211; chamada de impureza &#8211; dentro de um mar de muitas outras part\u00edculas id\u00eanticas (chamadas fermions, como el\u00e9trons ou \u00e1tomos em certos experimentos), dois cen\u00e1rios opostos surgiam nas teorias anteriores.\r\n<\/p><p>\r\nEm um caso, a impureza se move livremente pelo sistema. Ela interage com as part\u00edculas ao redor, que se organizam em torno dela de forma coordenada. Isso cria uma entidade coletiva conhecida como quasipart\u00edcula &#8211; especificamente, um polaron de Fermi. \u00c9 como se a impureza arrastasse consigo uma &#8220;nuvem? de vizinhos, formando um pacote que se desloca junto, mantendo certa ordem e mobilidade.<\/p><p>\r\n<div class=\"wp-block-image\"><figure><img src=\"https:\/\/vendedoradesonhos.com.br\/upload\/1\/sites\/26\/img_41717b_1200.jpg\" alt=\"\" style=\"width:100%\"><figcaption>Ilustra\u00e7\u00e3o da transi\u00e7\u00e3o de uma impureza est\u00e1tica (\u00e0 esquerda), que perturba completamente o seu ambiente, para uma impureza m\u00f3vel (\u00e0 direita), cujo movimento restaura a ordem atrav\u00e9s do surgimento de uma quasipart\u00edcula. Cr\u00e9dito: \u00a9 Eugen Dizer (gerado com o aux\u00edlio de IA)<\/figcaption><\/figure><\/div><hr><\/p><p>No outro extremo, quando a impureza \u00e9 muito pesada e praticamente fica parada, acontece algo dram\u00e1tico: ela perturba profundamente as fun\u00e7\u00f5es de onda das part\u00edculas pr\u00f3ximas. Esse efeito, conhecido como cat\u00e1strofe de ortogonalidade de Anderson, &#8220;bagun\u00e7a? tanto o sistema que as quasipart\u00edculas deixam de existir. A impureza age como uma perturba\u00e7\u00e3o fixa e imut\u00e1vel, destruindo qualquer possibilidade de movimento coletivo organizado.\r\n<\/p><p>\r\nPor muito tempo, esses dois quadros foram tratados como realidades separadas, sem uma ponte clara entre eles. Cientistas n\u00e3o conseguiam explicar como transitar de um para o outro ou quando exatamente uma quasipart\u00edcula poderia surgir em situa\u00e7\u00f5es intermedi\u00e1rias.\r\n<\/p><p>\r\nAgora, a equipe liderada pelo professor Richard Schmidt, do Instituto de F\u00edsica Te\u00f3rica da Universidade de Heidelberg, com participa\u00e7\u00e3o de Eugen Dizer e outros colaboradores, desenvolveu um modelo te\u00f3rico unificado que resolve esse conflito. Usando t\u00e9cnicas anal\u00edticas avan\u00e7adas, eles mostraram que, na pr\u00e1tica, nenhuma impureza pesada \u00e9 completamente im\u00f3vel. Sempre existe um movimento sutil, mesmo que m\u00ednimo, causado pela adapta\u00e7\u00e3o do ambiente qu\u00e2ntico ao seu redor.\r\n<\/p><p>\r\nEsse leve deslocamento gera uma lacuna de energia &#8211; uma esp\u00e9cie de barreira ou diferen\u00e7a energ\u00e9tica &#8211; que impede a cat\u00e1strofe total e permite que quasipart\u00edculas emerjam mesmo em condi\u00e7\u00f5es antes consideradas proibitivas. Assim, o que parecia imposs\u00edvel se torna poss\u00edvel: ordem surge a partir do caos, e as duas &#8220;realidades opostas? se conectam em um \u00fanico quadro te\u00f3rico.\r\n<\/p><p>\r\nO trabalho se aplica a diferentes dimens\u00f5es espaciais e tipos de intera\u00e7\u00f5es, abrangendo desde gases at\u00f4micos ultra-frios (usados em laborat\u00f3rios para simular mat\u00e9ria qu\u00e2ntica) at\u00e9 materiais bidimensionais modernos e semicondutores avan\u00e7ados. Essa compreens\u00e3o mais profunda pode ajudar a interpretar e planejar experimentos reais, acelerando o desenvolvimento de tecnologias qu\u00e2nticas, como novos materiais com propriedades ex\u00f3ticas ou dispositivos baseados em efeitos coletivos qu\u00e2nticos.\r\n<\/p><p>\r\nPublicado na revista &#8220;Physical Review Letters&#8221; em novembro de 2025, esse avan\u00e7o demonstra como, mesmo em sistemas qu\u00e2nticos extremamente complicados e fortemente interagentes, pequenas nuances podem restaurar ordem e revelar comportamentos surpreendentes. \u00c9 mais um passo para decifrar os segredos da mat\u00e9ria em escalas microsc\u00f3picas, onde as regras da f\u00edsica cl\u00e1ssica d\u00e3o lugar a fen\u00f4menos coletivos e emergentes.\r\n<\/p><p>\r\n<blockquote class=\"twitter-tweet\" data-media-max-width=\"560\"><p lang=\"pt\" dir=\"ltr\">Uma descoberta qu\u00e2ntica une duas realidades opostas<a href=\"https:\/\/twitter.com\/hashtag\/Realidadequ%C3%A2ntica?src=hash&#038;ref_src=twsrc%5Etfw\">#Realidadequ\u00e2ntica<\/a><br><br>F\u00edsicos acabam de apresentar uma teoria inovadora que finalmente conecta duas vis\u00f5es aparentemente contradit\u00f3rias sobre o comportamento de part\u00edculas ex\u00f3ticas em sistemas qu\u00e2nticos complexos <a href=\"https:\/\/t.co\/VPwQ3jGp4c\">pic.twitter.com\/VPwQ3jGp4c<\/a><\/p>&#8211; Terra Rara&#x646; (@Terra_Rara) <a href=\"https:\/\/twitter.com\/Terra_Rara\/status\/2024438106921795887?ref_src=twsrc%5Etfw\">February 19, 2026<\/a><\/blockquote> <script async src=\"https:\/\/platform.twitter.com\/widgets.js\" charset=\"utf-8\"><\/script>\r\n<hr>\r\n\r\n<p style=\"text-align:right\"><em>Publicado em 19\/02\/2026 08h01<\/em><\/p>\r\n<hr>\r\n<p style=\"text-align:right\"><em><a href=\"https:\/\/terrarara.com.br\/en\/?page_id=3696\">English version<\/a><\/em><\/p>\r\n<hr>\r\n\r\n\t\t\t<hr>\r\n\t\r\n\t\t\t\r\n\r\n<p>Estudo original: <\/p>\r\n\r\n\r\n\r\n<ul><li><a href=\"https:\/\/doi.org\/10.1103\/h2f7-dhjh\" target=\"_blank\">https:\/\/doi.org\/10.1103\/h2f7-dhjh<\/a><\/li><\/ul>\r\n\r\n\r\n\r\n<hr class=\"wp-block-separator is-style-wide\"\/>\r\n\r\n<div style=\"position: buttonline;\"><iframe loading=\"lazy\" src=\"https:\/\/vendedoradesonhos.com.br\/rodape_sites.php?arg=41717\" frameborder=\"0\" height=\"420px\" width=\"100%\"><\/iframe><\/div>\r\n<div style=\"position: buttonline;\"><iframe loading=\"lazy\" src=\"https:\/\/vendedoradesonhos.com.br\/comentario_navegacao.php?arg=41717\" frameborder=\"0\" height=\"500px\" width=\"100%\"><\/iframe><\/div>\r\n<div style=\"position:absolute; width:40%; height:70px; top:-70px; left:0px;\"><iframe loading=\"lazy\" src=\"https:\/\/vendedoradesonhos.com.br\/oferta_site_esq.php?arg=41717\" frameborder=\"0\" height=\"100%\" width=\"100%\"><\/iframe><\/div>\r\n<div style=\"position:absolute; width:40%; height:70px; top:-70px; right:0px;\"><iframe loading=\"lazy\" src=\"https:\/\/vendedoradesonhos.com.br\/oferta_site_dir.php?arg=41717\" frameborder=\"0\" height=\"100%;\" width=\"100%\"><\/iframe><\/div>\r\n\r\n<div class=\"wp-block-image\"><figure><iframe loading=\"lazy\" src=\"https:\/\/vendedoradesonhos.com.br\/oferta_site_central.php\" width=\"100%\" height=\"330\" frameborder=\"0\"><\/iframe><figcaption>{teste}<\/figcaption><\/figure><\/div><hr>","protected":false},"excerpt":{"rendered":"","protected":false},"author":1,"featured_media":0,"parent":1411,"menu_order":0,"comment_status":"closed","ping_status":"closed","template":"","meta":[],"_links":{"self":[{"href":"https:\/\/terrarara.com.br\/index.php?rest_route=\/wp\/v2\/pages\/26576"}],"collection":[{"href":"https:\/\/terrarara.com.br\/index.php?rest_route=\/wp\/v2\/pages"}],"about":[{"href":"https:\/\/terrarara.com.br\/index.php?rest_route=\/wp\/v2\/types\/page"}],"author":[{"embeddable":true,"href":"https:\/\/terrarara.com.br\/index.php?rest_route=\/wp\/v2\/users\/1"}],"replies":[{"embeddable":true,"href":"https:\/\/terrarara.com.br\/index.php?rest_route=%2Fwp%2Fv2%2Fcomments&post=26576"}],"version-history":[{"count":0,"href":"https:\/\/terrarara.com.br\/index.php?rest_route=\/wp\/v2\/pages\/26576\/revisions"}],"up":[{"embeddable":true,"href":"https:\/\/terrarara.com.br\/index.php?rest_route=\/wp\/v2\/pages\/1411"}],"wp:attachment":[{"href":"https:\/\/terrarara.com.br\/index.php?rest_route=%2Fwp%2Fv2%2Fmedia&parent=26576"}],"curies":[{"name":"wp","href":"https:\/\/api.w.org\/{rel}","templated":true}]}}