{"id":26573,"date":"2026-02-18T02:57:50","date_gmt":"2026-02-18T02:57:50","guid":{"rendered":"https:\/\/terrarara.com.br\/?page_id=26573"},"modified":"2026-02-18T02:57:50","modified_gmt":"2026-02-18T02:57:50","slug":"descoberta-surpreendente-quitina-preservada-em-fosseis-de-trilobitas-de-mais-de-500-milhoes-de-anos","status":"publish","type":"page","link":"https:\/\/terrarara.com.br\/?page_id=26573","title":{"rendered":"Descoberta surpreendente: quitina preservada em f\u00f3sseis de trilobitas de mais de 500 milh\u00f5es de anos"},"content":{"rendered":"<div class=\"wp-block-image\"><figure><img src=\"https:\/\/vendedoradesonhos.com.br\/upload\/1\/sites\/26\/img_41711_1200.jpg\" alt=\"\" style=\"width:100%\"><figcaption>Imagem ampliada de um f\u00f3ssil de trilobita preservado. Cr\u00e9dito: Universidade do Texas em San Antonio.<\/figcaption><\/figure><\/div><hr><\/p><p>\r\n\t<a href=\"https:\/\/doi.org\/10.2110\/palo.2024.025\" target=\"_blank\">doi.org\/10.2110\/palo.2024.025<\/a><br><a href=\"https:\/\/vendedoradesonhos.com.br\/credibilidade_estudo.php?c=41711\">Credibilidade<\/a>: <font color=\"#00FFFF\">9<\/font><font color=\"#00FF00\">8<\/font><font color=\"#FFFF00\">9<\/font><br><a href=''https:\/\/terrarara.com.br\"s=trilobita''>#trilobita<\/a>\u00a0<\/p><p><\/p><p>\r\n\t<!-- audio --><\/p><p>\r\n<button onclick=\"this.nextElementSibling.play()\" style=\"padding:12px 25px; font-size:18px; border:none; border-radius:8px; cursor:pointer;\">Ouvir<\/button><audio src=\"https:\/\/vendedoradesonhos.com.br\/audios\/41711.mp3\" preload=\"none\"><\/audio><\/p><p>\r\n\t<strong>Cientistas acabam de fazer uma descoberta fascinante que muda o que pens\u00e1vamos sobre a preserva\u00e7\u00e3o de mol\u00e9culas biol\u00f3gicas ao longo do tempo geol\u00f3gico<\/strong><\/p><p> Em f\u00f3sseis de trilobitas &#8211; aqueles animais marinhos t\u00e3o famosos, com corpo segmentado e apar\u00eancia quase alien\u00edgena &#8211; que t\u00eam mais de 500 milh\u00f5es de anos, foi encontrada evid\u00eancia qu\u00edmica clara da presen\u00e7a de quitina.\r\n<\/p><p>\r\nA quitina \u00e9 um material org\u00e2nico resistente, o mesmo que forma as cascas duras dos caranguejos, camar\u00f5es e lagostas de atualmente, al\u00e9m do exoesqueleto dos insetos. Ela \u00e9 o segundo pol\u00edmero natural mais abundante no planeta, perdendo apenas para a celulose das plantas. At\u00e9 ent\u00e3o, ningu\u00e9m havia confirmado de forma definitiva a presen\u00e7a desse composto em trilobitas, apesar de serem parentes distantes dos artr\u00f3podes modernos.\r\n<\/p><p>\r\nA pesquisa, conduzida por uma equipe internacional liderada por Elizabeth Bailey, da Universidade do Texas em San Antonio, analisou f\u00f3sseis da Forma\u00e7\u00e3o Carrara, no oeste da Am\u00e9rica do Norte, datados do per\u00edodo Cambriano &#8211; uma \u00e9poca em que a vida explodia em diversidade nos oceanos, h\u00e1 cerca de 500 a 541 milh\u00f5es de anos. Usando t\u00e9cnicas qu\u00edmicas avan\u00e7adas e sens\u00edveis, os pesquisadores detectaram a quitina preservada dentro desses f\u00f3sseis, que normalmente s\u00e3o vistos apenas como estruturas minerais.\r\n<\/p><p>\r\nEssa preserva\u00e7\u00e3o \u00e9 surpreendente porque, por muito tempo, acreditava-se que mol\u00e9culas org\u00e2nicas complexas como a quitina se degradavam rapidamente ap\u00f3s a morte do organismo, devido \u00e0 a\u00e7\u00e3o de micr\u00f3bios e processos qu\u00edmicos. No entanto, em condi\u00e7\u00f5es especiais de soterramento, alguns compostos biol\u00f3gicos conseguem sobreviver por centenas de milh\u00f5es de anos.\r\n<\/p><p>\r\nA descoberta vai al\u00e9m da paleontologia. Ela mostra que mol\u00e9culas importantes para a vida podem durar muito mais do que imagin\u00e1vamos no registro geol\u00f3gico. Isso tem implica\u00e7\u00f5es interessantes para entender o ciclo do carbono na Terra ao longo do tempo profundo. Como a quitina est\u00e1 presente em calc\u00e1rios formados a partir de restos biol\u00f3gicos, ela contribui para o armazenamento de carbono por per\u00edodos geol\u00f3gicos muito longos &#8211; um processo natural de sequestro de carbono que ajuda a regular os n\u00edveis de CO<sub>2<\/sub> no planeta.\r\n<\/p><p>\r\nElizabeth Bailey destacou que, quando falamos em sequestro de carbono, as pessoas geralmente pensam em \u00e1rvores e florestas. Mas a quitina, sendo t\u00e3o abundante quanto \u00e9, tamb\u00e9m desempenha um papel importante. Provar que ela pode persistir por tanto tempo refor\u00e7a a ideia de que os calc\u00e1rios, ricos em material biol\u00f3gico, s\u00e3o pe\u00e7as-chave no equil\u00edbrio de longo prazo do carbono e do clima da Terra.\r\n<\/p><p>\r\nEsse achado, publicado na revista PALAIOS, abre novas portas para pesquisas futuras sobre como a mat\u00e9ria org\u00e2nica antiga se preserva e o que isso nos diz sobre a evolu\u00e7\u00e3o precoce da vida e sobre o funcionamento do nosso planeta ao longo de bilh\u00f5es de anos.\r\n<\/p><p>\r\n<hr>\r\n\r\n<p style=\"text-align:right\"><em>Publicado em 18\/02\/2026 02h57<\/em><\/p>\r\n<hr>\r\n<p style=\"text-align:right\"><em><a href=\"https:\/\/terrarara.com.br\/en\/?page_id=3693\">English version<\/a><\/em><\/p>\r\n<hr>\r\n\r\n\t\t\t<hr>\r\n\t\r\n\t\t\t\r\n\r\n<p>Estudo original: <\/p>\r\n\r\n\r\n\r\n<ul><li><a href=\"https:\/\/doi.org\/10.2110\/palo.2024.025\" target=\"_blank\">https:\/\/doi.org\/10.2110\/palo.2024.025<\/a><\/li><\/ul>\r\n\r\n\r\n\r\n<hr class=\"wp-block-separator is-style-wide\"\/>\r\n\r\n<div style=\"position: buttonline;\"><iframe loading=\"lazy\" src=\"https:\/\/vendedoradesonhos.com.br\/rodape_sites.php?arg=41711\" frameborder=\"0\" height=\"420px\" width=\"100%\"><\/iframe><\/div>\r\n<div style=\"position: buttonline;\"><iframe loading=\"lazy\" src=\"https:\/\/vendedoradesonhos.com.br\/comentario_navegacao.php?arg=41711\" frameborder=\"0\" height=\"500px\" width=\"100%\"><\/iframe><\/div>\r\n<div style=\"position:absolute; width:40%; height:70px; top:-70px; left:0px;\"><iframe loading=\"lazy\" src=\"https:\/\/vendedoradesonhos.com.br\/oferta_site_esq.php?arg=41711\" frameborder=\"0\" height=\"100%\" width=\"100%\"><\/iframe><\/div>\r\n<div style=\"position:absolute; width:40%; height:70px; top:-70px; right:0px;\"><iframe loading=\"lazy\" src=\"https:\/\/vendedoradesonhos.com.br\/oferta_site_dir.php?arg=41711\" frameborder=\"0\" height=\"100%;\" width=\"100%\"><\/iframe><\/div>\r\n\r\n<div class=\"wp-block-image\"><figure><iframe loading=\"lazy\" src=\"https:\/\/vendedoradesonhos.com.br\/oferta_site_central.php\" width=\"100%\" height=\"330\" frameborder=\"0\"><\/iframe><figcaption>{teste}<\/figcaption><\/figure><\/div><hr>","protected":false},"excerpt":{"rendered":"","protected":false},"author":1,"featured_media":0,"parent":62,"menu_order":0,"comment_status":"closed","ping_status":"closed","template":"","meta":[],"_links":{"self":[{"href":"https:\/\/terrarara.com.br\/index.php?rest_route=\/wp\/v2\/pages\/26573"}],"collection":[{"href":"https:\/\/terrarara.com.br\/index.php?rest_route=\/wp\/v2\/pages"}],"about":[{"href":"https:\/\/terrarara.com.br\/index.php?rest_route=\/wp\/v2\/types\/page"}],"author":[{"embeddable":true,"href":"https:\/\/terrarara.com.br\/index.php?rest_route=\/wp\/v2\/users\/1"}],"replies":[{"embeddable":true,"href":"https:\/\/terrarara.com.br\/index.php?rest_route=%2Fwp%2Fv2%2Fcomments&post=26573"}],"version-history":[{"count":0,"href":"https:\/\/terrarara.com.br\/index.php?rest_route=\/wp\/v2\/pages\/26573\/revisions"}],"up":[{"embeddable":true,"href":"https:\/\/terrarara.com.br\/index.php?rest_route=\/wp\/v2\/pages\/62"}],"wp:attachment":[{"href":"https:\/\/terrarara.com.br\/index.php?rest_route=%2Fwp%2Fv2%2Fmedia&parent=26573"}],"curies":[{"name":"wp","href":"https:\/\/api.w.org\/{rel}","templated":true}]}}