{"id":26571,"date":"2026-02-17T01:14:00","date_gmt":"2026-02-17T01:14:00","guid":{"rendered":"https:\/\/terrarara.com.br\/?page_id=26571"},"modified":"2026-02-17T01:14:00","modified_gmt":"2026-02-17T01:14:00","slug":"cientistas-mapeiam-a-falha-oculta-que-pode-desencadear-o-proximo-grande-terremoto-na-turquia","status":"publish","type":"page","link":"https:\/\/terrarara.com.br\/?page_id=26571","title":{"rendered":"Cientistas mapeiam a falha oculta que pode desencadear o pr\u00f3ximo grande terremoto na turquia"},"content":{"rendered":"<div class=\"wp-block-image\"><figure><img src=\"https:\/\/vendedoradesonhos.com.br\/upload\/1\/sites\/26\/img_41709_1200.jpg\" alt=\"\" style=\"width:100%\"><figcaption>Terremoto (ilustrativo)<\/figcaption><\/figure><\/div><hr><\/p><p>\r\n\t<a href=\"https:\/\/doi.org\/10.1130\/G52995.1\" target=\"_blank\">doi.org\/10.1130\/G52995.1<\/a><br><a href=\"https:\/\/vendedoradesonhos.com.br\/credibilidade_estudo.php?c=41709\">Credibilidade<\/a>: <font color=\"#00FFFF\">9<\/font><font color=\"#00FF00\">8<\/font><font color=\"#FFFF00\">9<\/font><br><a href=''https:\/\/terrarara.com.br\"s=terremoto''>#Terremoto<\/a>\u00a0<\/p><p><\/p><p>\r\n\t<!-- audio --><\/p><p>\r\n<button onclick=\"this.nextElementSibling.play()\" style=\"padding:12px 25px; font-size:18px; border:none; border-radius:8px; cursor:pointer;\">Ouvir<\/button><audio src=\"https:\/\/vendedoradesonhos.com.br\/audios\/41709.mp3\" preload=\"none\"><\/audio><\/p><p>\r\n\t<strong>A Turquia est\u00e1 situada em uma das regi\u00f5es mais ativas tectonicamente do planeta, onde placas como a Eurasiana, a Africana, a Ar\u00e1bica e a Anat\u00f3lia colidem constantemente, gerando uma longa hist\u00f3ria de terremotos devastadores<\/strong><\/p><p> Um dos mais tr\u00e1gicos foi o de Erzincan, em 1939, que causou a morte de mais de 30 mil pessoas. Desde ent\u00e3o, os grandes abalos s\u00edsmicos v\u00eam se deslocando progressivamente para o oeste ao longo da Falha do Norte da Anat\u00f3lia, uma das falhas transformantes mais perigosas do mundo.\r\n<\/p><p>\r\nMuitos especialistas acreditam que o pr\u00f3ximo grande terremoto deve ocorrer justamente sob o Mar de M\u00e1rmara, uma parte dessa falha que permanece em sil\u00eancio h\u00e1 mais de 250 anos. Esse longo per\u00edodo sem rupturas significativas permitiu que uma enorme quantidade de energia se acumulasse, aumentando o risco para uma das \u00e1reas mais populosas do pa\u00eds, incluindo a regi\u00e3o metropolitana de Istambul.\r\n<\/p><p>\r\nAt\u00e9 recentemente, a estrutura detalhada dessa falha sob o mar permanecia em grande parte um mist\u00e9rio, o que os cientistas chamam de &#8220;invis\u00edvel&#8221;, apesar de d\u00e9cadas de pesquisas. Sem um mapa claro do que acontece nas profundezas, era dif\u00edcil prever com precis\u00e3o onde e como um novo terremoto poderia come\u00e7ar.\r\n<\/p><p>\r\n<div class=\"wp-block-image\"><figure><img src=\"https:\/\/vendedoradesonhos.com.br\/upload\/1\/sites\/26\/img_41709b_1200.jpg\" alt=\"\" style=\"width:100%\"><figcaption>Este novo modelo tridimensional (3D) de resistividade sob a falha da Anat\u00f3lia do Norte ajudar\u00e1 os cientistas da Terra a identificar com mais precis\u00e3o as \u00e1reas em risco de grandes terremotos. Cr\u00e9dito: Instituto de Ci\u00eancia de T\u00f3quio<\/figcaption><\/figure><\/div><hr><\/p><p>Agora, uma equipe internacional liderada pelo Dr. Yasuo Ogawa, professor em\u00e9rito do Instituto de Ci\u00eancia de T\u00f3quio, no Jap\u00e3o, e com participa\u00e7\u00e3o da Dra. T\u00fclay Kaya-Eken, da Universidade Bo&#8221;azi\u00e7i, na Turquia, conseguiu criar o primeiro modelo tridimensional completo da regi\u00e3o subterr\u00e2nea abaixo do Mar de M\u00e1rmara. O trabalho foi publicado na revista &#8220;Geology&#8221; e representa um avan\u00e7o importante na compreens\u00e3o dessa amea\u00e7a.\r\n<\/p><p>\r\nPara realizar esse mapeamento, os pesquisadores analisaram um vasto conjunto de dados coletados por mais de 20 esta\u00e7\u00f5es magnetotel\u00faricas. Esses equipamentos registram varia\u00e7\u00f5es muito sutis nos campos el\u00e9tricos e magn\u00e9ticos naturais da Terra, que s\u00e3o influenciados pelas estruturas rochosas profundas. Com t\u00e9cnicas avan\u00e7adas de invers\u00e3o tridimensional, eles reconstru\u00edram uma imagem detalhada da resistividade el\u00e9trica da crosta em dezenas de quil\u00f4metros de profundidade sob o fundo do mar.\r\n<\/p><p>\r\nO modelo revelou um cen\u00e1rio complexo: existem zonas de baixa resistividade, que indicam a presen\u00e7a de fluidos como \u00e1gua e, por isso, s\u00e3o mecanicamente mais fracas, e \u00e1reas de alta resistividade, mais r\u00edgidas e travadas. Essas diferen\u00e7as na resist\u00eancia das rochas criam fronteiras cr\u00edticas onde o estresse tende a se concentrar. Segundo os autores, os terremotos de grande magnitude provavelmente come\u00e7ar\u00e3o nessas transi\u00e7\u00f5es entre se\u00e7\u00f5es mais fracas e mais fortes da falha, ou nas bordas de zonas altamente resistivas.\r\n<\/p><p>\r\nEssa descoberta ajuda a esclarecer a mec\u00e2nica da falha e oferece ferramentas mais precisas para estimar onde e com que for\u00e7a o pr\u00f3ximo grande evento pode ocorrer. Com informa\u00e7\u00f5es mais confi\u00e1veis sobre a localiza\u00e7\u00e3o e a magnitude potencial de futuros terremotos, as autoridades ter\u00e3o melhores condi\u00e7\u00f5es de planejar medidas de preven\u00e7\u00e3o, prepara\u00e7\u00e3o e mitiga\u00e7\u00e3o de desastres, podendo salvar vidas e reduzir danos na regi\u00e3o de Istambul e arredores quando o inevit\u00e1vel acontecer.\r\n<\/p><p>\r\n<blockquote class=\"twitter-tweet\" data-media-max-width=\"560\"><p lang=\"pt\" dir=\"ltr\">Cientistas mapeiam a falha oculta que pode desencadear o pr\u00f3ximo grande terremoto na turquia<a href=\"https:\/\/twitter.com\/hashtag\/Terremoto?src=hash&amp;ref_src=twsrc%5Etfw\">#Terremoto<\/a><br><br>A Turquia est\u00e1 situada em uma das regi\u00f5es mais ativas tectonicamente do planeta, onde placas como a Eurasiana, a Africana, a Ar\u00e1bica e a Anat\u00f3lia colidem constantemente: <a href=\"https:\/\/t.co\/RBINhB40bz\">pic.twitter.com\/RBINhB40bz<\/a><\/p>&mdash; Terra Rara??????&#x646; (@Terra_Rara) <a href=\"https:\/\/twitter.com\/Terra_Rara\/status\/2023575005695483953?ref_src=twsrc%5Etfw\">February 17, 2026<\/a><\/blockquote> <script async src=\"https:\/\/platform.twitter.com\/widgets.js\" charset=\"utf-8\"><\/script>\r\n<hr>\r\n\r\n<p style=\"text-align:right\"><em>Publicado em 17\/02\/2026 01h14<\/em><\/p>\r\n<hr>\r\n<p style=\"text-align:right\"><em><a href=\"https:\/\/terrarara.com.br\/en\/?page_id=3691\">English version<\/a><\/em><\/p>\r\n<hr>\r\n\r\n\t\t\t<hr>\r\n\t\r\n\t\t\t\r\n\r\n<p>Estudo original: <\/p>\r\n\r\n\r\n\r\n<ul><li><a href=\"https:\/\/doi.org\/10.1130\/G52995.1\" target=\"_blank\">https:\/\/doi.org\/10.1130\/G52995.1<\/a><\/li><\/ul>\r\n\r\n\r\n\r\n<hr class=\"wp-block-separator is-style-wide\"\/>\r\n\r\n<div style=\"position: buttonline;\"><iframe loading=\"lazy\" src=\"https:\/\/vendedoradesonhos.com.br\/rodape_sites.php?arg=41709\" frameborder=\"0\" height=\"420px\" width=\"100%\"><\/iframe><\/div>\r\n<div style=\"position: buttonline;\"><iframe loading=\"lazy\" src=\"https:\/\/vendedoradesonhos.com.br\/comentario_navegacao.php?arg=41709\" frameborder=\"0\" height=\"500px\" width=\"100%\"><\/iframe><\/div>\r\n<div style=\"position:absolute; width:40%; height:70px; top:-70px; left:0px;\"><iframe loading=\"lazy\" src=\"https:\/\/vendedoradesonhos.com.br\/oferta_site_esq.php?arg=41709\" frameborder=\"0\" height=\"100%\" width=\"100%\"><\/iframe><\/div>\r\n<div style=\"position:absolute; width:40%; height:70px; top:-70px; right:0px;\"><iframe loading=\"lazy\" src=\"https:\/\/vendedoradesonhos.com.br\/oferta_site_dir.php?arg=41709\" frameborder=\"0\" height=\"100%;\" width=\"100%\"><\/iframe><\/div>\r\n\r\n<div class=\"wp-block-image\"><figure><iframe loading=\"lazy\" src=\"https:\/\/vendedoradesonhos.com.br\/oferta_site_central.php\" width=\"100%\" height=\"330\" frameborder=\"0\"><\/iframe><figcaption>{teste}<\/figcaption><\/figure><\/div><hr>","protected":false},"excerpt":{"rendered":"","protected":false},"author":1,"featured_media":0,"parent":6890,"menu_order":0,"comment_status":"closed","ping_status":"closed","template":"","meta":[],"_links":{"self":[{"href":"https:\/\/terrarara.com.br\/index.php?rest_route=\/wp\/v2\/pages\/26571"}],"collection":[{"href":"https:\/\/terrarara.com.br\/index.php?rest_route=\/wp\/v2\/pages"}],"about":[{"href":"https:\/\/terrarara.com.br\/index.php?rest_route=\/wp\/v2\/types\/page"}],"author":[{"embeddable":true,"href":"https:\/\/terrarara.com.br\/index.php?rest_route=\/wp\/v2\/users\/1"}],"replies":[{"embeddable":true,"href":"https:\/\/terrarara.com.br\/index.php?rest_route=%2Fwp%2Fv2%2Fcomments&post=26571"}],"version-history":[{"count":0,"href":"https:\/\/terrarara.com.br\/index.php?rest_route=\/wp\/v2\/pages\/26571\/revisions"}],"up":[{"embeddable":true,"href":"https:\/\/terrarara.com.br\/index.php?rest_route=\/wp\/v2\/pages\/6890"}],"wp:attachment":[{"href":"https:\/\/terrarara.com.br\/index.php?rest_route=%2Fwp%2Fv2%2Fmedia&parent=26571"}],"curies":[{"name":"wp","href":"https:\/\/api.w.org\/{rel}","templated":true}]}}